{"id":53031,"date":"2025-03-11T20:12:49","date_gmt":"2025-03-11T19:12:49","guid":{"rendered":"https:\/\/todotrial.com\/tienda\/sin%20categor\u00eda\/pastilla-freno-tras-rear-brake-pad-trial-racing-2\/"},"modified":"2025-03-18T10:58:59","modified_gmt":"2025-03-18T09:58:59","slug":"pastilla-freno-tras-rear-brake-pad-trial-racing-2","status":"publish","type":"product","link":"https:\/\/todotrial.com\/tienda\/pastilla-freno-tras-rear-brake-pad-trial-racing-2\/","title":{"rendered":"PASTILLA FRENO TRAS\/REAR BRAKE PAD TRIAL RACING"},"content":{"rendered":"<p>La pastilla de freno trasero Trial Racing es un componente espec\u00edfico para motos de Trial Racing. La pastilla de freno es un componente que se coloca en la parte interior de la llanta de la moto, y su funci\u00f3n es frenar la moto al activar el freno. Esta hecha de un material compuesto de alta fricci\u00f3n y resistencia a altas temperaturas, dise\u00f1ado espec\u00edficamente para proporcionar un mayor rendimiento y resistencia en las condiciones extremas de uso del Trial Racing. Pastillas de freno trasero Trial para BETA (Evo 80 Junior, Rev 3, Rev 4T ). Realizadas con materiales de excelente calidad y homologadas.<\/p>\n","protected":false},"excerpt":{"rendered":"<p>Pastillas de freno trasero de Trial para Beta (EVO 80 Junior, REV 3, REV 4T).<\/p>\n","protected":false},"featured_media":53032,"comment_status":"open","ping_status":"closed","template":"","meta":[],"product_brand":[],"product_cat":[11691],"product_tag":[],"class_list":{"0":"post-53031","1":"product","2":"type-product","3":"status-publish","4":"has-post-thumbnail","6":"product_cat-general","8":"first","9":"instock","10":"taxable","11":"shipping-taxable","12":"purchasable","13":"product-type-simple"},"yoast_head":"<!-- This site is optimized with the Yoast SEO Premium plugin v21.2 (Yoast SEO v27.4) - https:\/\/yoast.com\/product\/yoast-seo-premium-wordpress\/ -->\n<title>PASTILLA FRENO TRAS\/REAR BRAKE PAD TRIAL RACING - Tienda de todotrial<\/title>\n<meta name=\"robots\" content=\"index, follow, max-snippet:-1, max-image-preview:large, max-video-preview:-1\" \/>\n<link rel=\"canonical\" href=\"https:\/\/todotrial.com\/tienda\/pastilla-freno-tras-rear-brake-pad-trial-racing-2\/\" \/>\n<meta property=\"og:locale\" content=\"es_ES\" \/>\n<meta property=\"og:type\" content=\"article\" \/>\n<meta property=\"og:title\" content=\"PASTILLA FRENO TRAS\/REAR BRAKE PAD TRIAL RACING\" \/>\n<meta property=\"og:description\" content=\"Pastillas de freno trasero de Trial para Beta (EVO 80 Junior, REV 3, REV 4T).\" \/>\n<meta property=\"og:url\" content=\"https:\/\/todotrial.com\/tienda\/pastilla-freno-tras-rear-brake-pad-trial-racing-2\/\" \/>\n<meta property=\"og:site_name\" content=\"Tienda de todotrial\" \/>\n<meta property=\"article:modified_time\" content=\"2025-03-18T09:58:59+00:00\" \/>\n<meta property=\"og:image\" content=\"https:\/\/todotrial.com\/tienda\/wp-content\/uploads\/2025\/03\/HR8500335R-1_HEBO_Freno.jpg\" \/>\n\t<meta property=\"og:image:width\" content=\"1000\" \/>\n\t<meta property=\"og:image:height\" content=\"1000\" \/>\n\t<meta property=\"og:image:type\" content=\"image\/jpeg\" \/>\n<meta name=\"twitter:card\" content=\"summary_large_image\" \/>\n<meta name=\"twitter:label1\" content=\"Tiempo de lectura\" \/>\n\t<meta name=\"twitter:data1\" content=\"1 minuto\" \/>\n<script type=\"application\/ld+json\" class=\"yoast-schema-graph\">{\"@context\":\"https:\\\/\\\/schema.org\",\"@graph\":[{\"@type\":\"WebPage\",\"@id\":\"https:\\\/\\\/todotrial.com\\\/tienda\\\/pastilla-freno-tras-rear-brake-pad-trial-racing-2\\\/\",\"url\":\"https:\\\/\\\/todotrial.com\\\/tienda\\\/pastilla-freno-tras-rear-brake-pad-trial-racing-2\\\/\",\"name\":\"PASTILLA FRENO TRAS\\\/REAR BRAKE PAD TRIAL RACING - Tienda de todotrial\",\"isPartOf\":{\"@id\":\"https:\\\/\\\/todotrial.com\\\/tienda\\\/#website\"},\"primaryImageOfPage\":{\"@id\":\"https:\\\/\\\/todotrial.com\\\/tienda\\\/pastilla-freno-tras-rear-brake-pad-trial-racing-2\\\/#primaryimage\"},\"image\":{\"@id\":\"https:\\\/\\\/todotrial.com\\\/tienda\\\/pastilla-freno-tras-rear-brake-pad-trial-racing-2\\\/#primaryimage\"},\"thumbnailUrl\":\"https:\\\/\\\/todotrial.com\\\/tienda\\\/wp-content\\\/uploads\\\/2025\\\/03\\\/HR8500335R-1_HEBO_Freno.jpg\",\"datePublished\":\"2025-03-11T19:12:49+00:00\",\"dateModified\":\"2025-03-18T09:58:59+00:00\",\"breadcrumb\":{\"@id\":\"https:\\\/\\\/todotrial.com\\\/tienda\\\/pastilla-freno-tras-rear-brake-pad-trial-racing-2\\\/#breadcrumb\"},\"inLanguage\":\"es\",\"potentialAction\":[{\"@type\":\"ReadAction\",\"target\":[\"https:\\\/\\\/todotrial.com\\\/tienda\\\/pastilla-freno-tras-rear-brake-pad-trial-racing-2\\\/\"]}]},{\"@type\":\"ImageObject\",\"inLanguage\":\"es\",\"@id\":\"https:\\\/\\\/todotrial.com\\\/tienda\\\/pastilla-freno-tras-rear-brake-pad-trial-racing-2\\\/#primaryimage\",\"url\":\"https:\\\/\\\/todotrial.com\\\/tienda\\\/wp-content\\\/uploads\\\/2025\\\/03\\\/HR8500335R-1_HEBO_Freno.jpg\",\"contentUrl\":\"https:\\\/\\\/todotrial.com\\\/tienda\\\/wp-content\\\/uploads\\\/2025\\\/03\\\/HR8500335R-1_HEBO_Freno.jpg\",\"width\":1000,\"height\":1000,\"caption\":\"PASTILLA FRENO TRAS\\\/REAR BRAKE PAD TRIAL RACING\"},{\"@type\":\"BreadcrumbList\",\"@id\":\"https:\\\/\\\/todotrial.com\\\/tienda\\\/pastilla-freno-tras-rear-brake-pad-trial-racing-2\\\/#breadcrumb\",\"itemListElement\":[{\"@type\":\"ListItem\",\"position\":1,\"name\":\"Portada\",\"item\":\"https:\\\/\\\/todotrial.com\\\/tienda\\\/\"},{\"@type\":\"ListItem\",\"position\":2,\"name\":\"Shop\",\"item\":\"https:\\\/\\\/todotrial.com\\\/tienda\\\/shop\\\/\"},{\"@type\":\"ListItem\",\"position\":3,\"name\":\"PASTILLA FRENO TRAS\\\/REAR BRAKE PAD TRIAL RACING\"}]},{\"@type\":\"WebSite\",\"@id\":\"https:\\\/\\\/todotrial.com\\\/tienda\\\/#website\",\"url\":\"https:\\\/\\\/todotrial.com\\\/tienda\\\/\",\"name\":\"Tienda de todotrial\",\"description\":\"\",\"potentialAction\":[{\"@type\":\"SearchAction\",\"target\":{\"@type\":\"EntryPoint\",\"urlTemplate\":\"https:\\\/\\\/todotrial.com\\\/tienda\\\/?s={search_term_string}\"},\"query-input\":{\"@type\":\"PropertyValueSpecification\",\"valueRequired\":true,\"valueName\":\"search_term_string\"}}],\"inLanguage\":\"es\"}]}<\/script>\n<!-- \/ Yoast SEO Premium plugin. -->","yoast_head_json":{"title":"PASTILLA FRENO TRAS\/REAR BRAKE PAD TRIAL RACING - Tienda de todotrial","robots":{"index":"index","follow":"follow","max-snippet":"max-snippet:-1","max-image-preview":"max-image-preview:large","max-video-preview":"max-video-preview:-1"},"canonical":"https:\/\/todotrial.com\/tienda\/pastilla-freno-tras-rear-brake-pad-trial-racing-2\/","og_locale":"es_ES","og_type":"article","og_title":"PASTILLA FRENO TRAS\/REAR BRAKE PAD TRIAL RACING","og_description":"Pastillas de freno trasero de Trial para Beta (EVO 80 Junior, REV 3, REV 4T).","og_url":"https:\/\/todotrial.com\/tienda\/pastilla-freno-tras-rear-brake-pad-trial-racing-2\/","og_site_name":"Tienda de todotrial","article_modified_time":"2025-03-18T09:58:59+00:00","og_image":[{"width":1000,"height":1000,"url":"https:\/\/todotrial.com\/tienda\/wp-content\/uploads\/2025\/03\/HR8500335R-1_HEBO_Freno.jpg","type":"image\/jpeg"}],"twitter_card":"summary_large_image","twitter_misc":{"Tiempo de lectura":"1 minuto"},"schema":{"@context":"https:\/\/schema.org","@graph":[{"@type":"WebPage","@id":"https:\/\/todotrial.com\/tienda\/pastilla-freno-tras-rear-brake-pad-trial-racing-2\/","url":"https:\/\/todotrial.com\/tienda\/pastilla-freno-tras-rear-brake-pad-trial-racing-2\/","name":"PASTILLA FRENO TRAS\/REAR BRAKE PAD TRIAL RACING - Tienda de todotrial","isPartOf":{"@id":"https:\/\/todotrial.com\/tienda\/#website"},"primaryImageOfPage":{"@id":"https:\/\/todotrial.com\/tienda\/pastilla-freno-tras-rear-brake-pad-trial-racing-2\/#primaryimage"},"image":{"@id":"https:\/\/todotrial.com\/tienda\/pastilla-freno-tras-rear-brake-pad-trial-racing-2\/#primaryimage"},"thumbnailUrl":"https:\/\/todotrial.com\/tienda\/wp-content\/uploads\/2025\/03\/HR8500335R-1_HEBO_Freno.jpg","datePublished":"2025-03-11T19:12:49+00:00","dateModified":"2025-03-18T09:58:59+00:00","breadcrumb":{"@id":"https:\/\/todotrial.com\/tienda\/pastilla-freno-tras-rear-brake-pad-trial-racing-2\/#breadcrumb"},"inLanguage":"es","potentialAction":[{"@type":"ReadAction","target":["https:\/\/todotrial.com\/tienda\/pastilla-freno-tras-rear-brake-pad-trial-racing-2\/"]}]},{"@type":"ImageObject","inLanguage":"es","@id":"https:\/\/todotrial.com\/tienda\/pastilla-freno-tras-rear-brake-pad-trial-racing-2\/#primaryimage","url":"https:\/\/todotrial.com\/tienda\/wp-content\/uploads\/2025\/03\/HR8500335R-1_HEBO_Freno.jpg","contentUrl":"https:\/\/todotrial.com\/tienda\/wp-content\/uploads\/2025\/03\/HR8500335R-1_HEBO_Freno.jpg","width":1000,"height":1000,"caption":"PASTILLA FRENO TRAS\/REAR BRAKE PAD TRIAL RACING"},{"@type":"BreadcrumbList","@id":"https:\/\/todotrial.com\/tienda\/pastilla-freno-tras-rear-brake-pad-trial-racing-2\/#breadcrumb","itemListElement":[{"@type":"ListItem","position":1,"name":"Portada","item":"https:\/\/todotrial.com\/tienda\/"},{"@type":"ListItem","position":2,"name":"Shop","item":"https:\/\/todotrial.com\/tienda\/shop\/"},{"@type":"ListItem","position":3,"name":"PASTILLA FRENO TRAS\/REAR BRAKE PAD TRIAL RACING"}]},{"@type":"WebSite","@id":"https:\/\/todotrial.com\/tienda\/#website","url":"https:\/\/todotrial.com\/tienda\/","name":"Tienda de todotrial","description":"","potentialAction":[{"@type":"SearchAction","target":{"@type":"EntryPoint","urlTemplate":"https:\/\/todotrial.com\/tienda\/?s={search_term_string}"},"query-input":{"@type":"PropertyValueSpecification","valueRequired":true,"valueName":"search_term_string"}}],"inLanguage":"es"}]}},"_links":{"self":[{"href":"https:\/\/todotrial.com\/tienda\/wp-json\/wp\/v2\/product\/53031","targetHints":{"allow":["GET"]}}],"collection":[{"href":"https:\/\/todotrial.com\/tienda\/wp-json\/wp\/v2\/product"}],"about":[{"href":"https:\/\/todotrial.com\/tienda\/wp-json\/wp\/v2\/types\/product"}],"replies":[{"embeddable":true,"href":"https:\/\/todotrial.com\/tienda\/wp-json\/wp\/v2\/comments?post=53031"}],"version-history":[{"count":1,"href":"https:\/\/todotrial.com\/tienda\/wp-json\/wp\/v2\/product\/53031\/revisions"}],"predecessor-version":[{"id":53206,"href":"https:\/\/todotrial.com\/tienda\/wp-json\/wp\/v2\/product\/53031\/revisions\/53206"}],"wp:featuredmedia":[{"embeddable":true,"href":"https:\/\/todotrial.com\/tienda\/wp-json\/wp\/v2\/media\/53032"}],"wp:attachment":[{"href":"https:\/\/todotrial.com\/tienda\/wp-json\/wp\/v2\/media?parent=53031"}],"wp:term":[{"taxonomy":"product_brand","embeddable":true,"href":"https:\/\/todotrial.com\/tienda\/wp-json\/wp\/v2\/product_brand?post=53031"},{"taxonomy":"product_cat","embeddable":true,"href":"https:\/\/todotrial.com\/tienda\/wp-json\/wp\/v2\/product_cat?post=53031"},{"taxonomy":"product_tag","embeddable":true,"href":"https:\/\/todotrial.com\/tienda\/wp-json\/wp\/v2\/product_tag?post=53031"}],"curies":[{"name":"wp","href":"https:\/\/api.w.org\/{rel}","templated":true}]}}