{"id":52977,"date":"2025-03-11T20:09:59","date_gmt":"2025-03-11T19:09:59","guid":{"rendered":"https:\/\/todotrial.com\/tienda\/sin%20categor\u00eda\/punos-zero-2\/"},"modified":"2025-04-01T20:23:15","modified_gmt":"2025-04-01T19:23:15","slug":"punos-zero-2","status":"publish","type":"product","link":"https:\/\/todotrial.com\/tienda\/punos-zero-2\/","title":{"rendered":"Pu\u00f1os Trial Hebo Zero"},"content":{"rendered":"<p>Los pu\u00f1os Hebo Zero son un accesorio para moto que se colocan en los manillares de la moto. Estos pu\u00f1os son una opci\u00f3n para reemplazar los pu\u00f1os originales de la moto o para mejorar la ergonom\u00eda y el agarre del conductor. Los pu\u00f1os Zero estan fabricados con materiales de alta calidad como el aluminio y la goma, y est\u00e1n dise\u00f1ados para proporcionar un agarre seguro y c\u00f3modo al conductor.<\/p>\n","protected":false},"excerpt":{"rendered":"<p>Pu\u00f1os de Trial \u00a0Zero, realizados con una densidad especial para mejorar el confort \u00a0y el agarre, utilizado por algunos de los mejores pilotos del Campeonato del Mundo.<\/p>\n","protected":false},"featured_media":52978,"comment_status":"open","ping_status":"closed","template":"","meta":[],"product_brand":[],"product_cat":[11691,11434],"product_tag":[],"class_list":{"0":"post-52977","1":"product","2":"type-product","3":"status-publish","4":"has-post-thumbnail","6":"product_cat-general","7":"product_cat-punos-controles","9":"first","10":"instock","11":"taxable","12":"shipping-taxable","13":"purchasable","14":"product-type-simple"},"yoast_head":"<!-- This site is optimized with the Yoast SEO Premium plugin v21.2 (Yoast SEO v27.3) - https:\/\/yoast.com\/product\/yoast-seo-premium-wordpress\/ -->\n<title>Pu\u00f1os Trial Hebo Zero - Tienda de todotrial<\/title>\n<meta name=\"robots\" content=\"index, follow, max-snippet:-1, max-image-preview:large, max-video-preview:-1\" \/>\n<link rel=\"canonical\" href=\"https:\/\/todotrial.com\/tienda\/punos-zero-2\/\" \/>\n<meta property=\"og:locale\" content=\"es_ES\" \/>\n<meta property=\"og:type\" content=\"article\" \/>\n<meta property=\"og:title\" content=\"Pu\u00f1os Trial Hebo Zero\" \/>\n<meta property=\"og:description\" content=\"Pu\u00f1os de Trial \u00a0Zero, realizados con una densidad especial para mejorar el confort \u00a0y el agarre, utilizado por algunos de los mejores pilotos del Campeonato del Mundo.\" \/>\n<meta property=\"og:url\" content=\"https:\/\/todotrial.com\/tienda\/punos-zero-2\/\" \/>\n<meta property=\"og:site_name\" content=\"Tienda de todotrial\" \/>\n<meta property=\"article:modified_time\" content=\"2025-04-01T19:23:15+00:00\" \/>\n<meta property=\"og:image\" content=\"https:\/\/todotrial.com\/tienda\/wp-content\/uploads\/2025\/03\/HP2150211-N-1_HEBO_Pu_o.jpg\" \/>\n\t<meta property=\"og:image:width\" content=\"1000\" \/>\n\t<meta property=\"og:image:height\" content=\"1000\" \/>\n\t<meta property=\"og:image:type\" content=\"image\/jpeg\" \/>\n<meta name=\"twitter:card\" content=\"summary_large_image\" \/>\n<meta name=\"twitter:label1\" content=\"Tiempo de lectura\" \/>\n\t<meta name=\"twitter:data1\" content=\"1 minuto\" \/>\n<script type=\"application\/ld+json\" class=\"yoast-schema-graph\">{\"@context\":\"https:\\\/\\\/schema.org\",\"@graph\":[{\"@type\":\"WebPage\",\"@id\":\"https:\\\/\\\/todotrial.com\\\/tienda\\\/punos-zero-2\\\/\",\"url\":\"https:\\\/\\\/todotrial.com\\\/tienda\\\/punos-zero-2\\\/\",\"name\":\"Pu\u00f1os Trial Hebo Zero - Tienda de todotrial\",\"isPartOf\":{\"@id\":\"https:\\\/\\\/todotrial.com\\\/tienda\\\/#website\"},\"primaryImageOfPage\":{\"@id\":\"https:\\\/\\\/todotrial.com\\\/tienda\\\/punos-zero-2\\\/#primaryimage\"},\"image\":{\"@id\":\"https:\\\/\\\/todotrial.com\\\/tienda\\\/punos-zero-2\\\/#primaryimage\"},\"thumbnailUrl\":\"https:\\\/\\\/todotrial.com\\\/tienda\\\/wp-content\\\/uploads\\\/2025\\\/03\\\/HP2150211-N-1_HEBO_Pu_o.jpg\",\"datePublished\":\"2025-03-11T19:09:59+00:00\",\"dateModified\":\"2025-04-01T19:23:15+00:00\",\"breadcrumb\":{\"@id\":\"https:\\\/\\\/todotrial.com\\\/tienda\\\/punos-zero-2\\\/#breadcrumb\"},\"inLanguage\":\"es\",\"potentialAction\":[{\"@type\":\"ReadAction\",\"target\":[\"https:\\\/\\\/todotrial.com\\\/tienda\\\/punos-zero-2\\\/\"]}]},{\"@type\":\"ImageObject\",\"inLanguage\":\"es\",\"@id\":\"https:\\\/\\\/todotrial.com\\\/tienda\\\/punos-zero-2\\\/#primaryimage\",\"url\":\"https:\\\/\\\/todotrial.com\\\/tienda\\\/wp-content\\\/uploads\\\/2025\\\/03\\\/HP2150211-N-1_HEBO_Pu_o.jpg\",\"contentUrl\":\"https:\\\/\\\/todotrial.com\\\/tienda\\\/wp-content\\\/uploads\\\/2025\\\/03\\\/HP2150211-N-1_HEBO_Pu_o.jpg\",\"width\":1000,\"height\":1000,\"caption\":\"PU\u00d1OS ZERO\"},{\"@type\":\"BreadcrumbList\",\"@id\":\"https:\\\/\\\/todotrial.com\\\/tienda\\\/punos-zero-2\\\/#breadcrumb\",\"itemListElement\":[{\"@type\":\"ListItem\",\"position\":1,\"name\":\"Portada\",\"item\":\"https:\\\/\\\/todotrial.com\\\/tienda\\\/\"},{\"@type\":\"ListItem\",\"position\":2,\"name\":\"Shop\",\"item\":\"https:\\\/\\\/todotrial.com\\\/tienda\\\/shop\\\/\"},{\"@type\":\"ListItem\",\"position\":3,\"name\":\"Pu\u00f1os Trial Hebo Zero\"}]},{\"@type\":\"WebSite\",\"@id\":\"https:\\\/\\\/todotrial.com\\\/tienda\\\/#website\",\"url\":\"https:\\\/\\\/todotrial.com\\\/tienda\\\/\",\"name\":\"Tienda de todotrial\",\"description\":\"\",\"potentialAction\":[{\"@type\":\"SearchAction\",\"target\":{\"@type\":\"EntryPoint\",\"urlTemplate\":\"https:\\\/\\\/todotrial.com\\\/tienda\\\/?s={search_term_string}\"},\"query-input\":{\"@type\":\"PropertyValueSpecification\",\"valueRequired\":true,\"valueName\":\"search_term_string\"}}],\"inLanguage\":\"es\"}]}<\/script>\n<!-- \/ Yoast SEO Premium plugin. -->","yoast_head_json":{"title":"Pu\u00f1os Trial Hebo Zero - Tienda de todotrial","robots":{"index":"index","follow":"follow","max-snippet":"max-snippet:-1","max-image-preview":"max-image-preview:large","max-video-preview":"max-video-preview:-1"},"canonical":"https:\/\/todotrial.com\/tienda\/punos-zero-2\/","og_locale":"es_ES","og_type":"article","og_title":"Pu\u00f1os Trial Hebo Zero","og_description":"Pu\u00f1os de Trial \u00a0Zero, realizados con una densidad especial para mejorar el confort \u00a0y el agarre, utilizado por algunos de los mejores pilotos del Campeonato del Mundo.","og_url":"https:\/\/todotrial.com\/tienda\/punos-zero-2\/","og_site_name":"Tienda de todotrial","article_modified_time":"2025-04-01T19:23:15+00:00","og_image":[{"width":1000,"height":1000,"url":"https:\/\/todotrial.com\/tienda\/wp-content\/uploads\/2025\/03\/HP2150211-N-1_HEBO_Pu_o.jpg","type":"image\/jpeg"}],"twitter_card":"summary_large_image","twitter_misc":{"Tiempo de lectura":"1 minuto"},"schema":{"@context":"https:\/\/schema.org","@graph":[{"@type":"WebPage","@id":"https:\/\/todotrial.com\/tienda\/punos-zero-2\/","url":"https:\/\/todotrial.com\/tienda\/punos-zero-2\/","name":"Pu\u00f1os Trial Hebo Zero - Tienda de todotrial","isPartOf":{"@id":"https:\/\/todotrial.com\/tienda\/#website"},"primaryImageOfPage":{"@id":"https:\/\/todotrial.com\/tienda\/punos-zero-2\/#primaryimage"},"image":{"@id":"https:\/\/todotrial.com\/tienda\/punos-zero-2\/#primaryimage"},"thumbnailUrl":"https:\/\/todotrial.com\/tienda\/wp-content\/uploads\/2025\/03\/HP2150211-N-1_HEBO_Pu_o.jpg","datePublished":"2025-03-11T19:09:59+00:00","dateModified":"2025-04-01T19:23:15+00:00","breadcrumb":{"@id":"https:\/\/todotrial.com\/tienda\/punos-zero-2\/#breadcrumb"},"inLanguage":"es","potentialAction":[{"@type":"ReadAction","target":["https:\/\/todotrial.com\/tienda\/punos-zero-2\/"]}]},{"@type":"ImageObject","inLanguage":"es","@id":"https:\/\/todotrial.com\/tienda\/punos-zero-2\/#primaryimage","url":"https:\/\/todotrial.com\/tienda\/wp-content\/uploads\/2025\/03\/HP2150211-N-1_HEBO_Pu_o.jpg","contentUrl":"https:\/\/todotrial.com\/tienda\/wp-content\/uploads\/2025\/03\/HP2150211-N-1_HEBO_Pu_o.jpg","width":1000,"height":1000,"caption":"PU\u00d1OS ZERO"},{"@type":"BreadcrumbList","@id":"https:\/\/todotrial.com\/tienda\/punos-zero-2\/#breadcrumb","itemListElement":[{"@type":"ListItem","position":1,"name":"Portada","item":"https:\/\/todotrial.com\/tienda\/"},{"@type":"ListItem","position":2,"name":"Shop","item":"https:\/\/todotrial.com\/tienda\/shop\/"},{"@type":"ListItem","position":3,"name":"Pu\u00f1os Trial Hebo Zero"}]},{"@type":"WebSite","@id":"https:\/\/todotrial.com\/tienda\/#website","url":"https:\/\/todotrial.com\/tienda\/","name":"Tienda de todotrial","description":"","potentialAction":[{"@type":"SearchAction","target":{"@type":"EntryPoint","urlTemplate":"https:\/\/todotrial.com\/tienda\/?s={search_term_string}"},"query-input":{"@type":"PropertyValueSpecification","valueRequired":true,"valueName":"search_term_string"}}],"inLanguage":"es"}]}},"_links":{"self":[{"href":"https:\/\/todotrial.com\/tienda\/wp-json\/wp\/v2\/product\/52977","targetHints":{"allow":["GET"]}}],"collection":[{"href":"https:\/\/todotrial.com\/tienda\/wp-json\/wp\/v2\/product"}],"about":[{"href":"https:\/\/todotrial.com\/tienda\/wp-json\/wp\/v2\/types\/product"}],"replies":[{"embeddable":true,"href":"https:\/\/todotrial.com\/tienda\/wp-json\/wp\/v2\/comments?post=52977"}],"version-history":[{"count":3,"href":"https:\/\/todotrial.com\/tienda\/wp-json\/wp\/v2\/product\/52977\/revisions"}],"predecessor-version":[{"id":54223,"href":"https:\/\/todotrial.com\/tienda\/wp-json\/wp\/v2\/product\/52977\/revisions\/54223"}],"wp:featuredmedia":[{"embeddable":true,"href":"https:\/\/todotrial.com\/tienda\/wp-json\/wp\/v2\/media\/52978"}],"wp:attachment":[{"href":"https:\/\/todotrial.com\/tienda\/wp-json\/wp\/v2\/media?parent=52977"}],"wp:term":[{"taxonomy":"product_brand","embeddable":true,"href":"https:\/\/todotrial.com\/tienda\/wp-json\/wp\/v2\/product_brand?post=52977"},{"taxonomy":"product_cat","embeddable":true,"href":"https:\/\/todotrial.com\/tienda\/wp-json\/wp\/v2\/product_cat?post=52977"},{"taxonomy":"product_tag","embeddable":true,"href":"https:\/\/todotrial.com\/tienda\/wp-json\/wp\/v2\/product_tag?post=52977"}],"curies":[{"name":"wp","href":"https:\/\/api.w.org\/{rel}","templated":true}]}}