{"id":52956,"date":"2025-03-11T20:07:41","date_gmt":"2025-03-11T19:07:41","guid":{"rendered":"https:\/\/todotrial.com\/tienda\/sin%20categor\u00eda\/protector-escape-trial-2\/"},"modified":"2025-03-25T22:10:25","modified_gmt":"2025-03-25T21:10:25","slug":"protector-escape-trial-2","status":"publish","type":"product","link":"https:\/\/todotrial.com\/tienda\/protector-escape-trial-2\/","title":{"rendered":"PROTECTOR ESCAPE TRIAL"},"content":{"rendered":"<p>Un protector de escape Trial es una cubierta protectora dise\u00f1ada para encajar sobre el tubo de escape de una motocicleta Trial. Este tipo de cubierta se utiliza para proteger el tubo de escape de da\u00f1os y escombros mientras se conduce fuera de carretera. Tambi\u00e9n se utiliza para proteger al conductor de quemaduras causadas por el tubo de escape caliente. La cubierta est\u00e1 hecha de materiales duraderos como aluminio y fibra de carbono y est\u00e1 dise\u00f1ada para soportar las condiciones duras de la conducci\u00f3n fuera de carretera. Es f\u00e1cil de instalar y de quitar, y es compatible con la mayor\u00eda de los modelos de Moto Trial. Es importante verificar la compatibilidad con el modelo y a\u00f1o espec\u00edficos de su motocicleta antes de comprarlo.<\/p>\n","protected":false},"excerpt":{"rendered":"<p>Protector de escape de Trial<\/p>\n","protected":false},"featured_media":52957,"comment_status":"open","ping_status":"closed","template":"","meta":[],"product_brand":[],"product_cat":[11691],"product_tag":[],"class_list":{"0":"post-52956","1":"product","2":"type-product","3":"status-publish","4":"has-post-thumbnail","6":"product_cat-general","8":"first","9":"instock","10":"taxable","11":"shipping-taxable","12":"purchasable","13":"product-type-simple"},"yoast_head":"<!-- This site is optimized with the Yoast SEO Premium plugin v21.2 (Yoast SEO v27.3) - https:\/\/yoast.com\/product\/yoast-seo-premium-wordpress\/ -->\n<title>PROTECTOR ESCAPE TRIAL - Tienda de todotrial<\/title>\n<meta name=\"robots\" content=\"index, follow, max-snippet:-1, max-image-preview:large, max-video-preview:-1\" \/>\n<link rel=\"canonical\" href=\"https:\/\/todotrial.com\/tienda\/protector-escape-trial-2\/\" \/>\n<meta property=\"og:locale\" content=\"es_ES\" \/>\n<meta property=\"og:type\" content=\"article\" \/>\n<meta property=\"og:title\" content=\"PROTECTOR ESCAPE TRIAL\" \/>\n<meta property=\"og:description\" content=\"Protector de escape de Trial\" \/>\n<meta property=\"og:url\" content=\"https:\/\/todotrial.com\/tienda\/protector-escape-trial-2\/\" \/>\n<meta property=\"og:site_name\" content=\"Tienda de todotrial\" \/>\n<meta property=\"article:modified_time\" content=\"2025-03-25T21:10:25+00:00\" \/>\n<meta property=\"og:image\" content=\"https:\/\/todotrial.com\/tienda\/wp-content\/uploads\/2025\/03\/HI9100-1_HEBO_Protector.jpg\" \/>\n\t<meta property=\"og:image:width\" content=\"1000\" \/>\n\t<meta property=\"og:image:height\" content=\"1000\" \/>\n\t<meta property=\"og:image:type\" content=\"image\/jpeg\" \/>\n<meta name=\"twitter:card\" content=\"summary_large_image\" \/>\n<meta name=\"twitter:label1\" content=\"Tiempo de lectura\" \/>\n\t<meta name=\"twitter:data1\" content=\"1 minuto\" \/>\n<script type=\"application\/ld+json\" class=\"yoast-schema-graph\">{\"@context\":\"https:\\\/\\\/schema.org\",\"@graph\":[{\"@type\":\"WebPage\",\"@id\":\"https:\\\/\\\/todotrial.com\\\/tienda\\\/protector-escape-trial-2\\\/\",\"url\":\"https:\\\/\\\/todotrial.com\\\/tienda\\\/protector-escape-trial-2\\\/\",\"name\":\"PROTECTOR ESCAPE TRIAL - Tienda de todotrial\",\"isPartOf\":{\"@id\":\"https:\\\/\\\/todotrial.com\\\/tienda\\\/#website\"},\"primaryImageOfPage\":{\"@id\":\"https:\\\/\\\/todotrial.com\\\/tienda\\\/protector-escape-trial-2\\\/#primaryimage\"},\"image\":{\"@id\":\"https:\\\/\\\/todotrial.com\\\/tienda\\\/protector-escape-trial-2\\\/#primaryimage\"},\"thumbnailUrl\":\"https:\\\/\\\/todotrial.com\\\/tienda\\\/wp-content\\\/uploads\\\/2025\\\/03\\\/HI9100-1_HEBO_Protector.jpg\",\"datePublished\":\"2025-03-11T19:07:41+00:00\",\"dateModified\":\"2025-03-25T21:10:25+00:00\",\"breadcrumb\":{\"@id\":\"https:\\\/\\\/todotrial.com\\\/tienda\\\/protector-escape-trial-2\\\/#breadcrumb\"},\"inLanguage\":\"es\",\"potentialAction\":[{\"@type\":\"ReadAction\",\"target\":[\"https:\\\/\\\/todotrial.com\\\/tienda\\\/protector-escape-trial-2\\\/\"]}]},{\"@type\":\"ImageObject\",\"inLanguage\":\"es\",\"@id\":\"https:\\\/\\\/todotrial.com\\\/tienda\\\/protector-escape-trial-2\\\/#primaryimage\",\"url\":\"https:\\\/\\\/todotrial.com\\\/tienda\\\/wp-content\\\/uploads\\\/2025\\\/03\\\/HI9100-1_HEBO_Protector.jpg\",\"contentUrl\":\"https:\\\/\\\/todotrial.com\\\/tienda\\\/wp-content\\\/uploads\\\/2025\\\/03\\\/HI9100-1_HEBO_Protector.jpg\",\"width\":1000,\"height\":1000,\"caption\":\"PROTECTOR ESCAPE TRIAL\"},{\"@type\":\"BreadcrumbList\",\"@id\":\"https:\\\/\\\/todotrial.com\\\/tienda\\\/protector-escape-trial-2\\\/#breadcrumb\",\"itemListElement\":[{\"@type\":\"ListItem\",\"position\":1,\"name\":\"Portada\",\"item\":\"https:\\\/\\\/todotrial.com\\\/tienda\\\/\"},{\"@type\":\"ListItem\",\"position\":2,\"name\":\"Shop\",\"item\":\"https:\\\/\\\/todotrial.com\\\/tienda\\\/shop\\\/\"},{\"@type\":\"ListItem\",\"position\":3,\"name\":\"PROTECTOR ESCAPE TRIAL\"}]},{\"@type\":\"WebSite\",\"@id\":\"https:\\\/\\\/todotrial.com\\\/tienda\\\/#website\",\"url\":\"https:\\\/\\\/todotrial.com\\\/tienda\\\/\",\"name\":\"Tienda de todotrial\",\"description\":\"\",\"potentialAction\":[{\"@type\":\"SearchAction\",\"target\":{\"@type\":\"EntryPoint\",\"urlTemplate\":\"https:\\\/\\\/todotrial.com\\\/tienda\\\/?s={search_term_string}\"},\"query-input\":{\"@type\":\"PropertyValueSpecification\",\"valueRequired\":true,\"valueName\":\"search_term_string\"}}],\"inLanguage\":\"es\"}]}<\/script>\n<!-- \/ Yoast SEO Premium plugin. -->","yoast_head_json":{"title":"PROTECTOR ESCAPE TRIAL - Tienda de todotrial","robots":{"index":"index","follow":"follow","max-snippet":"max-snippet:-1","max-image-preview":"max-image-preview:large","max-video-preview":"max-video-preview:-1"},"canonical":"https:\/\/todotrial.com\/tienda\/protector-escape-trial-2\/","og_locale":"es_ES","og_type":"article","og_title":"PROTECTOR ESCAPE TRIAL","og_description":"Protector de escape de Trial","og_url":"https:\/\/todotrial.com\/tienda\/protector-escape-trial-2\/","og_site_name":"Tienda de todotrial","article_modified_time":"2025-03-25T21:10:25+00:00","og_image":[{"width":1000,"height":1000,"url":"https:\/\/todotrial.com\/tienda\/wp-content\/uploads\/2025\/03\/HI9100-1_HEBO_Protector.jpg","type":"image\/jpeg"}],"twitter_card":"summary_large_image","twitter_misc":{"Tiempo de lectura":"1 minuto"},"schema":{"@context":"https:\/\/schema.org","@graph":[{"@type":"WebPage","@id":"https:\/\/todotrial.com\/tienda\/protector-escape-trial-2\/","url":"https:\/\/todotrial.com\/tienda\/protector-escape-trial-2\/","name":"PROTECTOR ESCAPE TRIAL - Tienda de todotrial","isPartOf":{"@id":"https:\/\/todotrial.com\/tienda\/#website"},"primaryImageOfPage":{"@id":"https:\/\/todotrial.com\/tienda\/protector-escape-trial-2\/#primaryimage"},"image":{"@id":"https:\/\/todotrial.com\/tienda\/protector-escape-trial-2\/#primaryimage"},"thumbnailUrl":"https:\/\/todotrial.com\/tienda\/wp-content\/uploads\/2025\/03\/HI9100-1_HEBO_Protector.jpg","datePublished":"2025-03-11T19:07:41+00:00","dateModified":"2025-03-25T21:10:25+00:00","breadcrumb":{"@id":"https:\/\/todotrial.com\/tienda\/protector-escape-trial-2\/#breadcrumb"},"inLanguage":"es","potentialAction":[{"@type":"ReadAction","target":["https:\/\/todotrial.com\/tienda\/protector-escape-trial-2\/"]}]},{"@type":"ImageObject","inLanguage":"es","@id":"https:\/\/todotrial.com\/tienda\/protector-escape-trial-2\/#primaryimage","url":"https:\/\/todotrial.com\/tienda\/wp-content\/uploads\/2025\/03\/HI9100-1_HEBO_Protector.jpg","contentUrl":"https:\/\/todotrial.com\/tienda\/wp-content\/uploads\/2025\/03\/HI9100-1_HEBO_Protector.jpg","width":1000,"height":1000,"caption":"PROTECTOR ESCAPE TRIAL"},{"@type":"BreadcrumbList","@id":"https:\/\/todotrial.com\/tienda\/protector-escape-trial-2\/#breadcrumb","itemListElement":[{"@type":"ListItem","position":1,"name":"Portada","item":"https:\/\/todotrial.com\/tienda\/"},{"@type":"ListItem","position":2,"name":"Shop","item":"https:\/\/todotrial.com\/tienda\/shop\/"},{"@type":"ListItem","position":3,"name":"PROTECTOR ESCAPE TRIAL"}]},{"@type":"WebSite","@id":"https:\/\/todotrial.com\/tienda\/#website","url":"https:\/\/todotrial.com\/tienda\/","name":"Tienda de todotrial","description":"","potentialAction":[{"@type":"SearchAction","target":{"@type":"EntryPoint","urlTemplate":"https:\/\/todotrial.com\/tienda\/?s={search_term_string}"},"query-input":{"@type":"PropertyValueSpecification","valueRequired":true,"valueName":"search_term_string"}}],"inLanguage":"es"}]}},"_links":{"self":[{"href":"https:\/\/todotrial.com\/tienda\/wp-json\/wp\/v2\/product\/52956","targetHints":{"allow":["GET"]}}],"collection":[{"href":"https:\/\/todotrial.com\/tienda\/wp-json\/wp\/v2\/product"}],"about":[{"href":"https:\/\/todotrial.com\/tienda\/wp-json\/wp\/v2\/types\/product"}],"replies":[{"embeddable":true,"href":"https:\/\/todotrial.com\/tienda\/wp-json\/wp\/v2\/comments?post=52956"}],"version-history":[{"count":1,"href":"https:\/\/todotrial.com\/tienda\/wp-json\/wp\/v2\/product\/52956\/revisions"}],"predecessor-version":[{"id":53160,"href":"https:\/\/todotrial.com\/tienda\/wp-json\/wp\/v2\/product\/52956\/revisions\/53160"}],"wp:featuredmedia":[{"embeddable":true,"href":"https:\/\/todotrial.com\/tienda\/wp-json\/wp\/v2\/media\/52957"}],"wp:attachment":[{"href":"https:\/\/todotrial.com\/tienda\/wp-json\/wp\/v2\/media?parent=52956"}],"wp:term":[{"taxonomy":"product_brand","embeddable":true,"href":"https:\/\/todotrial.com\/tienda\/wp-json\/wp\/v2\/product_brand?post=52956"},{"taxonomy":"product_cat","embeddable":true,"href":"https:\/\/todotrial.com\/tienda\/wp-json\/wp\/v2\/product_cat?post=52956"},{"taxonomy":"product_tag","embeddable":true,"href":"https:\/\/todotrial.com\/tienda\/wp-json\/wp\/v2\/product_tag?post=52956"}],"curies":[{"name":"wp","href":"https:\/\/api.w.org\/{rel}","templated":true}]}}