{"id":52944,"date":"2025-03-11T20:07:11","date_gmt":"2025-03-11T19:07:11","guid":{"rendered":"https:\/\/todotrial.com\/tienda\/sin%20categor\u00eda\/kit-reparacion-repair-kit-tubeless-y-tube-type-2\/"},"modified":"2025-03-18T10:56:33","modified_gmt":"2025-03-18T09:56:33","slug":"kit-reparacion-repair-kit-tubeless-y-tube-type-2","status":"publish","type":"product","link":"https:\/\/todotrial.com\/tienda\/kit-reparacion-repair-kit-tubeless-y-tube-type-2\/","title":{"rendered":"KIT REPARACION\/REPAIR KIT TUBELESS Y TUBE TYPE"},"content":{"rendered":"<p>A kit de reparaci\u00f3n Tubeless y Tube Type es un conjunto de herramientas y materiales dise\u00f1ados para reparar neum\u00e1ticos sin c\u00e1mara (tubeless) o con c\u00e1mara (Tube Type) en caso de pinchazos o cortes. Los kits de reparaci\u00f3n tubeless suelen incluir una herramienta para limpiar y preparar el \u00e1rea da\u00f1ada, un parche de reparaci\u00f3n, y una herramienta para aplicar el parche, y los de Tube Type suelen incluir una herramienta para sacar la c\u00e1mara del neum\u00e1tico, un parche de reparaci\u00f3n, y una herramienta para aplicar el parche.<\/p>\n","protected":false},"excerpt":{"rendered":"<p>KIT de herramientas para la reparaci\u00f3n tubeless y tubetype.<\/p>\n","protected":false},"featured_media":52945,"comment_status":"open","ping_status":"closed","template":"","meta":[],"product_brand":[],"product_cat":[11691],"product_tag":[],"class_list":{"0":"post-52944","1":"product","2":"type-product","3":"status-publish","4":"has-post-thumbnail","6":"product_cat-general","8":"first","9":"instock","10":"taxable","11":"shipping-taxable","12":"purchasable","13":"product-type-simple"},"yoast_head":"<!-- This site is optimized with the Yoast SEO Premium plugin v21.2 (Yoast SEO v27.4) - https:\/\/yoast.com\/product\/yoast-seo-premium-wordpress\/ -->\n<title>KIT REPARACION\/REPAIR KIT TUBELESS Y TUBE TYPE - Tienda de todotrial<\/title>\n<meta name=\"robots\" content=\"index, follow, max-snippet:-1, max-image-preview:large, max-video-preview:-1\" \/>\n<link rel=\"canonical\" href=\"https:\/\/todotrial.com\/tienda\/kit-reparacion-repair-kit-tubeless-y-tube-type-2\/\" \/>\n<meta property=\"og:locale\" content=\"es_ES\" \/>\n<meta property=\"og:type\" content=\"article\" \/>\n<meta property=\"og:title\" content=\"KIT REPARACION\/REPAIR KIT TUBELESS Y TUBE TYPE\" \/>\n<meta property=\"og:description\" content=\"KIT de herramientas para la reparaci\u00f3n tubeless y tubetype.\" \/>\n<meta property=\"og:url\" content=\"https:\/\/todotrial.com\/tienda\/kit-reparacion-repair-kit-tubeless-y-tube-type-2\/\" \/>\n<meta property=\"og:site_name\" content=\"Tienda de todotrial\" \/>\n<meta property=\"article:modified_time\" content=\"2025-03-18T09:56:33+00:00\" \/>\n<meta property=\"og:image\" content=\"https:\/\/todotrial.com\/tienda\/wp-content\/uploads\/2025\/03\/HH8220-1_HEBO_Kit.jpg\" \/>\n\t<meta property=\"og:image:width\" content=\"1000\" \/>\n\t<meta property=\"og:image:height\" content=\"1000\" \/>\n\t<meta property=\"og:image:type\" content=\"image\/jpeg\" \/>\n<meta name=\"twitter:card\" content=\"summary_large_image\" \/>\n<script type=\"application\/ld+json\" class=\"yoast-schema-graph\">{\"@context\":\"https:\\\/\\\/schema.org\",\"@graph\":[{\"@type\":\"WebPage\",\"@id\":\"https:\\\/\\\/todotrial.com\\\/tienda\\\/kit-reparacion-repair-kit-tubeless-y-tube-type-2\\\/\",\"url\":\"https:\\\/\\\/todotrial.com\\\/tienda\\\/kit-reparacion-repair-kit-tubeless-y-tube-type-2\\\/\",\"name\":\"KIT REPARACION\\\/REPAIR KIT TUBELESS Y TUBE TYPE - Tienda de todotrial\",\"isPartOf\":{\"@id\":\"https:\\\/\\\/todotrial.com\\\/tienda\\\/#website\"},\"primaryImageOfPage\":{\"@id\":\"https:\\\/\\\/todotrial.com\\\/tienda\\\/kit-reparacion-repair-kit-tubeless-y-tube-type-2\\\/#primaryimage\"},\"image\":{\"@id\":\"https:\\\/\\\/todotrial.com\\\/tienda\\\/kit-reparacion-repair-kit-tubeless-y-tube-type-2\\\/#primaryimage\"},\"thumbnailUrl\":\"https:\\\/\\\/todotrial.com\\\/tienda\\\/wp-content\\\/uploads\\\/2025\\\/03\\\/HH8220-1_HEBO_Kit.jpg\",\"datePublished\":\"2025-03-11T19:07:11+00:00\",\"dateModified\":\"2025-03-18T09:56:33+00:00\",\"breadcrumb\":{\"@id\":\"https:\\\/\\\/todotrial.com\\\/tienda\\\/kit-reparacion-repair-kit-tubeless-y-tube-type-2\\\/#breadcrumb\"},\"inLanguage\":\"es\",\"potentialAction\":[{\"@type\":\"ReadAction\",\"target\":[\"https:\\\/\\\/todotrial.com\\\/tienda\\\/kit-reparacion-repair-kit-tubeless-y-tube-type-2\\\/\"]}]},{\"@type\":\"ImageObject\",\"inLanguage\":\"es\",\"@id\":\"https:\\\/\\\/todotrial.com\\\/tienda\\\/kit-reparacion-repair-kit-tubeless-y-tube-type-2\\\/#primaryimage\",\"url\":\"https:\\\/\\\/todotrial.com\\\/tienda\\\/wp-content\\\/uploads\\\/2025\\\/03\\\/HH8220-1_HEBO_Kit.jpg\",\"contentUrl\":\"https:\\\/\\\/todotrial.com\\\/tienda\\\/wp-content\\\/uploads\\\/2025\\\/03\\\/HH8220-1_HEBO_Kit.jpg\",\"width\":1000,\"height\":1000,\"caption\":\"KIT REPARACION\\\/REPAIR KIT TUBELESS Y TUBE TYPE\"},{\"@type\":\"BreadcrumbList\",\"@id\":\"https:\\\/\\\/todotrial.com\\\/tienda\\\/kit-reparacion-repair-kit-tubeless-y-tube-type-2\\\/#breadcrumb\",\"itemListElement\":[{\"@type\":\"ListItem\",\"position\":1,\"name\":\"Portada\",\"item\":\"https:\\\/\\\/todotrial.com\\\/tienda\\\/\"},{\"@type\":\"ListItem\",\"position\":2,\"name\":\"Shop\",\"item\":\"https:\\\/\\\/todotrial.com\\\/tienda\\\/shop\\\/\"},{\"@type\":\"ListItem\",\"position\":3,\"name\":\"KIT REPARACION\\\/REPAIR KIT TUBELESS Y TUBE TYPE\"}]},{\"@type\":\"WebSite\",\"@id\":\"https:\\\/\\\/todotrial.com\\\/tienda\\\/#website\",\"url\":\"https:\\\/\\\/todotrial.com\\\/tienda\\\/\",\"name\":\"Tienda de todotrial\",\"description\":\"\",\"potentialAction\":[{\"@type\":\"SearchAction\",\"target\":{\"@type\":\"EntryPoint\",\"urlTemplate\":\"https:\\\/\\\/todotrial.com\\\/tienda\\\/?s={search_term_string}\"},\"query-input\":{\"@type\":\"PropertyValueSpecification\",\"valueRequired\":true,\"valueName\":\"search_term_string\"}}],\"inLanguage\":\"es\"}]}<\/script>\n<!-- \/ Yoast SEO Premium plugin. -->","yoast_head_json":{"title":"KIT REPARACION\/REPAIR KIT TUBELESS Y TUBE TYPE - Tienda de todotrial","robots":{"index":"index","follow":"follow","max-snippet":"max-snippet:-1","max-image-preview":"max-image-preview:large","max-video-preview":"max-video-preview:-1"},"canonical":"https:\/\/todotrial.com\/tienda\/kit-reparacion-repair-kit-tubeless-y-tube-type-2\/","og_locale":"es_ES","og_type":"article","og_title":"KIT REPARACION\/REPAIR KIT TUBELESS Y TUBE TYPE","og_description":"KIT de herramientas para la reparaci\u00f3n tubeless y tubetype.","og_url":"https:\/\/todotrial.com\/tienda\/kit-reparacion-repair-kit-tubeless-y-tube-type-2\/","og_site_name":"Tienda de todotrial","article_modified_time":"2025-03-18T09:56:33+00:00","og_image":[{"width":1000,"height":1000,"url":"https:\/\/todotrial.com\/tienda\/wp-content\/uploads\/2025\/03\/HH8220-1_HEBO_Kit.jpg","type":"image\/jpeg"}],"twitter_card":"summary_large_image","schema":{"@context":"https:\/\/schema.org","@graph":[{"@type":"WebPage","@id":"https:\/\/todotrial.com\/tienda\/kit-reparacion-repair-kit-tubeless-y-tube-type-2\/","url":"https:\/\/todotrial.com\/tienda\/kit-reparacion-repair-kit-tubeless-y-tube-type-2\/","name":"KIT REPARACION\/REPAIR KIT TUBELESS Y TUBE TYPE - Tienda de todotrial","isPartOf":{"@id":"https:\/\/todotrial.com\/tienda\/#website"},"primaryImageOfPage":{"@id":"https:\/\/todotrial.com\/tienda\/kit-reparacion-repair-kit-tubeless-y-tube-type-2\/#primaryimage"},"image":{"@id":"https:\/\/todotrial.com\/tienda\/kit-reparacion-repair-kit-tubeless-y-tube-type-2\/#primaryimage"},"thumbnailUrl":"https:\/\/todotrial.com\/tienda\/wp-content\/uploads\/2025\/03\/HH8220-1_HEBO_Kit.jpg","datePublished":"2025-03-11T19:07:11+00:00","dateModified":"2025-03-18T09:56:33+00:00","breadcrumb":{"@id":"https:\/\/todotrial.com\/tienda\/kit-reparacion-repair-kit-tubeless-y-tube-type-2\/#breadcrumb"},"inLanguage":"es","potentialAction":[{"@type":"ReadAction","target":["https:\/\/todotrial.com\/tienda\/kit-reparacion-repair-kit-tubeless-y-tube-type-2\/"]}]},{"@type":"ImageObject","inLanguage":"es","@id":"https:\/\/todotrial.com\/tienda\/kit-reparacion-repair-kit-tubeless-y-tube-type-2\/#primaryimage","url":"https:\/\/todotrial.com\/tienda\/wp-content\/uploads\/2025\/03\/HH8220-1_HEBO_Kit.jpg","contentUrl":"https:\/\/todotrial.com\/tienda\/wp-content\/uploads\/2025\/03\/HH8220-1_HEBO_Kit.jpg","width":1000,"height":1000,"caption":"KIT REPARACION\/REPAIR KIT TUBELESS Y TUBE TYPE"},{"@type":"BreadcrumbList","@id":"https:\/\/todotrial.com\/tienda\/kit-reparacion-repair-kit-tubeless-y-tube-type-2\/#breadcrumb","itemListElement":[{"@type":"ListItem","position":1,"name":"Portada","item":"https:\/\/todotrial.com\/tienda\/"},{"@type":"ListItem","position":2,"name":"Shop","item":"https:\/\/todotrial.com\/tienda\/shop\/"},{"@type":"ListItem","position":3,"name":"KIT REPARACION\/REPAIR KIT TUBELESS Y TUBE TYPE"}]},{"@type":"WebSite","@id":"https:\/\/todotrial.com\/tienda\/#website","url":"https:\/\/todotrial.com\/tienda\/","name":"Tienda de todotrial","description":"","potentialAction":[{"@type":"SearchAction","target":{"@type":"EntryPoint","urlTemplate":"https:\/\/todotrial.com\/tienda\/?s={search_term_string}"},"query-input":{"@type":"PropertyValueSpecification","valueRequired":true,"valueName":"search_term_string"}}],"inLanguage":"es"}]}},"_links":{"self":[{"href":"https:\/\/todotrial.com\/tienda\/wp-json\/wp\/v2\/product\/52944","targetHints":{"allow":["GET"]}}],"collection":[{"href":"https:\/\/todotrial.com\/tienda\/wp-json\/wp\/v2\/product"}],"about":[{"href":"https:\/\/todotrial.com\/tienda\/wp-json\/wp\/v2\/types\/product"}],"replies":[{"embeddable":true,"href":"https:\/\/todotrial.com\/tienda\/wp-json\/wp\/v2\/comments?post=52944"}],"version-history":[{"count":1,"href":"https:\/\/todotrial.com\/tienda\/wp-json\/wp\/v2\/product\/52944\/revisions"}],"predecessor-version":[{"id":53155,"href":"https:\/\/todotrial.com\/tienda\/wp-json\/wp\/v2\/product\/52944\/revisions\/53155"}],"wp:featuredmedia":[{"embeddable":true,"href":"https:\/\/todotrial.com\/tienda\/wp-json\/wp\/v2\/media\/52945"}],"wp:attachment":[{"href":"https:\/\/todotrial.com\/tienda\/wp-json\/wp\/v2\/media?parent=52944"}],"wp:term":[{"taxonomy":"product_brand","embeddable":true,"href":"https:\/\/todotrial.com\/tienda\/wp-json\/wp\/v2\/product_brand?post=52944"},{"taxonomy":"product_cat","embeddable":true,"href":"https:\/\/todotrial.com\/tienda\/wp-json\/wp\/v2\/product_cat?post=52944"},{"taxonomy":"product_tag","embeddable":true,"href":"https:\/\/todotrial.com\/tienda\/wp-json\/wp\/v2\/product_tag?post=52944"}],"curies":[{"name":"wp","href":"https:\/\/api.w.org\/{rel}","templated":true}]}}