{"id":52934,"date":"2025-03-11T20:06:47","date_gmt":"2025-03-11T19:06:47","guid":{"rendered":"https:\/\/todotrial.com\/tienda\/sin%20categor\u00eda\/cristal-doble-transp-quantum-ii-2\/"},"modified":"2025-03-18T10:56:23","modified_gmt":"2025-03-18T09:56:23","slug":"cristal-doble-transp-quantum-ii-2","status":"publish","type":"product","link":"https:\/\/todotrial.com\/tienda\/cristal-doble-transp-quantum-ii-2\/","title":{"rendered":"CRISTAL DOBLE TRANSP. QUANTUM II"},"content":{"rendered":"<p>El cristal doble transparente Quantum II es un tipo de lente de protecci\u00f3n para gafas. Es una lente doble, compuesta por dos capas de cristal, que proporciona una excelente protecci\u00f3n contra los rayos UV del sol y una excelente visibilidad en condiciones de poca luz. Esta lente es ideal para actividades al aire libre como el senderismo, el esqu\u00ed y el ciclismo, ya que ofrece una excelente visibilidad en todas las condiciones clim\u00e1ticas. Adem\u00e1s, la capa exterior de la lente est\u00e1 revestida con un tratamiento anti-rayaduras y anti-empa\u00f1amiento, para garantizar una visi\u00f3n clara en todo momento.<\/p>\n","protected":false},"excerpt":{"rendered":"<p>Recambio de cristal de gafas doble Transparente quantum II<\/p>\n","protected":false},"featured_media":52935,"comment_status":"open","ping_status":"closed","template":"","meta":[],"product_brand":[],"product_cat":[11691],"product_tag":[],"class_list":{"0":"post-52934","1":"product","2":"type-product","3":"status-publish","4":"has-post-thumbnail","6":"product_cat-general","8":"first","9":"instock","10":"taxable","11":"shipping-taxable","12":"purchasable","13":"product-type-simple"},"yoast_head":"<!-- This site is optimized with the Yoast SEO Premium plugin v21.2 (Yoast SEO v27.3) - https:\/\/yoast.com\/product\/yoast-seo-premium-wordpress\/ -->\n<title>CRISTAL DOBLE TRANSP. QUANTUM II - Tienda de todotrial<\/title>\n<meta name=\"robots\" content=\"index, follow, max-snippet:-1, max-image-preview:large, max-video-preview:-1\" \/>\n<link rel=\"canonical\" href=\"https:\/\/todotrial.com\/tienda\/cristal-doble-transp-quantum-ii-2\/\" \/>\n<meta property=\"og:locale\" content=\"es_ES\" \/>\n<meta property=\"og:type\" content=\"article\" \/>\n<meta property=\"og:title\" content=\"CRISTAL DOBLE TRANSP. QUANTUM II\" \/>\n<meta property=\"og:description\" content=\"Recambio de cristal de gafas doble Transparente quantum II\" \/>\n<meta property=\"og:url\" content=\"https:\/\/todotrial.com\/tienda\/cristal-doble-transp-quantum-ii-2\/\" \/>\n<meta property=\"og:site_name\" content=\"Tienda de todotrial\" \/>\n<meta property=\"article:modified_time\" content=\"2025-03-18T09:56:23+00:00\" \/>\n<meta property=\"og:image\" content=\"https:\/\/todotrial.com\/tienda\/wp-content\/uploads\/2025\/03\/HGR1037-1_HEBO_Recambio.jpg\" \/>\n\t<meta property=\"og:image:width\" content=\"1000\" \/>\n\t<meta property=\"og:image:height\" content=\"1000\" \/>\n\t<meta property=\"og:image:type\" content=\"image\/jpeg\" \/>\n<meta name=\"twitter:card\" content=\"summary_large_image\" \/>\n<meta name=\"twitter:label1\" content=\"Tiempo de lectura\" \/>\n\t<meta name=\"twitter:data1\" content=\"1 minuto\" \/>\n<script type=\"application\/ld+json\" class=\"yoast-schema-graph\">{\"@context\":\"https:\\\/\\\/schema.org\",\"@graph\":[{\"@type\":\"WebPage\",\"@id\":\"https:\\\/\\\/todotrial.com\\\/tienda\\\/cristal-doble-transp-quantum-ii-2\\\/\",\"url\":\"https:\\\/\\\/todotrial.com\\\/tienda\\\/cristal-doble-transp-quantum-ii-2\\\/\",\"name\":\"CRISTAL DOBLE TRANSP. QUANTUM II - Tienda de todotrial\",\"isPartOf\":{\"@id\":\"https:\\\/\\\/todotrial.com\\\/tienda\\\/#website\"},\"primaryImageOfPage\":{\"@id\":\"https:\\\/\\\/todotrial.com\\\/tienda\\\/cristal-doble-transp-quantum-ii-2\\\/#primaryimage\"},\"image\":{\"@id\":\"https:\\\/\\\/todotrial.com\\\/tienda\\\/cristal-doble-transp-quantum-ii-2\\\/#primaryimage\"},\"thumbnailUrl\":\"https:\\\/\\\/todotrial.com\\\/tienda\\\/wp-content\\\/uploads\\\/2025\\\/03\\\/HGR1037-1_HEBO_Recambio.jpg\",\"datePublished\":\"2025-03-11T19:06:47+00:00\",\"dateModified\":\"2025-03-18T09:56:23+00:00\",\"breadcrumb\":{\"@id\":\"https:\\\/\\\/todotrial.com\\\/tienda\\\/cristal-doble-transp-quantum-ii-2\\\/#breadcrumb\"},\"inLanguage\":\"es\",\"potentialAction\":[{\"@type\":\"ReadAction\",\"target\":[\"https:\\\/\\\/todotrial.com\\\/tienda\\\/cristal-doble-transp-quantum-ii-2\\\/\"]}]},{\"@type\":\"ImageObject\",\"inLanguage\":\"es\",\"@id\":\"https:\\\/\\\/todotrial.com\\\/tienda\\\/cristal-doble-transp-quantum-ii-2\\\/#primaryimage\",\"url\":\"https:\\\/\\\/todotrial.com\\\/tienda\\\/wp-content\\\/uploads\\\/2025\\\/03\\\/HGR1037-1_HEBO_Recambio.jpg\",\"contentUrl\":\"https:\\\/\\\/todotrial.com\\\/tienda\\\/wp-content\\\/uploads\\\/2025\\\/03\\\/HGR1037-1_HEBO_Recambio.jpg\",\"width\":1000,\"height\":1000,\"caption\":\"CRISTAL DOBLE TRANSP. QUANTUM II\"},{\"@type\":\"BreadcrumbList\",\"@id\":\"https:\\\/\\\/todotrial.com\\\/tienda\\\/cristal-doble-transp-quantum-ii-2\\\/#breadcrumb\",\"itemListElement\":[{\"@type\":\"ListItem\",\"position\":1,\"name\":\"Portada\",\"item\":\"https:\\\/\\\/todotrial.com\\\/tienda\\\/\"},{\"@type\":\"ListItem\",\"position\":2,\"name\":\"Shop\",\"item\":\"https:\\\/\\\/todotrial.com\\\/tienda\\\/shop\\\/\"},{\"@type\":\"ListItem\",\"position\":3,\"name\":\"CRISTAL DOBLE TRANSP. QUANTUM II\"}]},{\"@type\":\"WebSite\",\"@id\":\"https:\\\/\\\/todotrial.com\\\/tienda\\\/#website\",\"url\":\"https:\\\/\\\/todotrial.com\\\/tienda\\\/\",\"name\":\"Tienda de todotrial\",\"description\":\"\",\"potentialAction\":[{\"@type\":\"SearchAction\",\"target\":{\"@type\":\"EntryPoint\",\"urlTemplate\":\"https:\\\/\\\/todotrial.com\\\/tienda\\\/?s={search_term_string}\"},\"query-input\":{\"@type\":\"PropertyValueSpecification\",\"valueRequired\":true,\"valueName\":\"search_term_string\"}}],\"inLanguage\":\"es\"}]}<\/script>\n<!-- \/ Yoast SEO Premium plugin. -->","yoast_head_json":{"title":"CRISTAL DOBLE TRANSP. QUANTUM II - Tienda de todotrial","robots":{"index":"index","follow":"follow","max-snippet":"max-snippet:-1","max-image-preview":"max-image-preview:large","max-video-preview":"max-video-preview:-1"},"canonical":"https:\/\/todotrial.com\/tienda\/cristal-doble-transp-quantum-ii-2\/","og_locale":"es_ES","og_type":"article","og_title":"CRISTAL DOBLE TRANSP. QUANTUM II","og_description":"Recambio de cristal de gafas doble Transparente quantum II","og_url":"https:\/\/todotrial.com\/tienda\/cristal-doble-transp-quantum-ii-2\/","og_site_name":"Tienda de todotrial","article_modified_time":"2025-03-18T09:56:23+00:00","og_image":[{"width":1000,"height":1000,"url":"https:\/\/todotrial.com\/tienda\/wp-content\/uploads\/2025\/03\/HGR1037-1_HEBO_Recambio.jpg","type":"image\/jpeg"}],"twitter_card":"summary_large_image","twitter_misc":{"Tiempo de lectura":"1 minuto"},"schema":{"@context":"https:\/\/schema.org","@graph":[{"@type":"WebPage","@id":"https:\/\/todotrial.com\/tienda\/cristal-doble-transp-quantum-ii-2\/","url":"https:\/\/todotrial.com\/tienda\/cristal-doble-transp-quantum-ii-2\/","name":"CRISTAL DOBLE TRANSP. QUANTUM II - Tienda de todotrial","isPartOf":{"@id":"https:\/\/todotrial.com\/tienda\/#website"},"primaryImageOfPage":{"@id":"https:\/\/todotrial.com\/tienda\/cristal-doble-transp-quantum-ii-2\/#primaryimage"},"image":{"@id":"https:\/\/todotrial.com\/tienda\/cristal-doble-transp-quantum-ii-2\/#primaryimage"},"thumbnailUrl":"https:\/\/todotrial.com\/tienda\/wp-content\/uploads\/2025\/03\/HGR1037-1_HEBO_Recambio.jpg","datePublished":"2025-03-11T19:06:47+00:00","dateModified":"2025-03-18T09:56:23+00:00","breadcrumb":{"@id":"https:\/\/todotrial.com\/tienda\/cristal-doble-transp-quantum-ii-2\/#breadcrumb"},"inLanguage":"es","potentialAction":[{"@type":"ReadAction","target":["https:\/\/todotrial.com\/tienda\/cristal-doble-transp-quantum-ii-2\/"]}]},{"@type":"ImageObject","inLanguage":"es","@id":"https:\/\/todotrial.com\/tienda\/cristal-doble-transp-quantum-ii-2\/#primaryimage","url":"https:\/\/todotrial.com\/tienda\/wp-content\/uploads\/2025\/03\/HGR1037-1_HEBO_Recambio.jpg","contentUrl":"https:\/\/todotrial.com\/tienda\/wp-content\/uploads\/2025\/03\/HGR1037-1_HEBO_Recambio.jpg","width":1000,"height":1000,"caption":"CRISTAL DOBLE TRANSP. QUANTUM II"},{"@type":"BreadcrumbList","@id":"https:\/\/todotrial.com\/tienda\/cristal-doble-transp-quantum-ii-2\/#breadcrumb","itemListElement":[{"@type":"ListItem","position":1,"name":"Portada","item":"https:\/\/todotrial.com\/tienda\/"},{"@type":"ListItem","position":2,"name":"Shop","item":"https:\/\/todotrial.com\/tienda\/shop\/"},{"@type":"ListItem","position":3,"name":"CRISTAL DOBLE TRANSP. QUANTUM II"}]},{"@type":"WebSite","@id":"https:\/\/todotrial.com\/tienda\/#website","url":"https:\/\/todotrial.com\/tienda\/","name":"Tienda de todotrial","description":"","potentialAction":[{"@type":"SearchAction","target":{"@type":"EntryPoint","urlTemplate":"https:\/\/todotrial.com\/tienda\/?s={search_term_string}"},"query-input":{"@type":"PropertyValueSpecification","valueRequired":true,"valueName":"search_term_string"}}],"inLanguage":"es"}]}},"_links":{"self":[{"href":"https:\/\/todotrial.com\/tienda\/wp-json\/wp\/v2\/product\/52934","targetHints":{"allow":["GET"]}}],"collection":[{"href":"https:\/\/todotrial.com\/tienda\/wp-json\/wp\/v2\/product"}],"about":[{"href":"https:\/\/todotrial.com\/tienda\/wp-json\/wp\/v2\/types\/product"}],"replies":[{"embeddable":true,"href":"https:\/\/todotrial.com\/tienda\/wp-json\/wp\/v2\/comments?post=52934"}],"version-history":[{"count":1,"href":"https:\/\/todotrial.com\/tienda\/wp-json\/wp\/v2\/product\/52934\/revisions"}],"predecessor-version":[{"id":53150,"href":"https:\/\/todotrial.com\/tienda\/wp-json\/wp\/v2\/product\/52934\/revisions\/53150"}],"wp:featuredmedia":[{"embeddable":true,"href":"https:\/\/todotrial.com\/tienda\/wp-json\/wp\/v2\/media\/52935"}],"wp:attachment":[{"href":"https:\/\/todotrial.com\/tienda\/wp-json\/wp\/v2\/media?parent=52934"}],"wp:term":[{"taxonomy":"product_brand","embeddable":true,"href":"https:\/\/todotrial.com\/tienda\/wp-json\/wp\/v2\/product_brand?post=52934"},{"taxonomy":"product_cat","embeddable":true,"href":"https:\/\/todotrial.com\/tienda\/wp-json\/wp\/v2\/product_cat?post=52934"},{"taxonomy":"product_tag","embeddable":true,"href":"https:\/\/todotrial.com\/tienda\/wp-json\/wp\/v2\/product_tag?post=52934"}],"curies":[{"name":"wp","href":"https:\/\/api.w.org\/{rel}","templated":true}]}}