{"id":52916,"date":"2025-03-11T20:05:49","date_gmt":"2025-03-11T19:05:49","guid":{"rendered":"https:\/\/todotrial.com\/tienda\/sin%20categor\u00eda\/bolsa-hebo-tools-rc02\/"},"modified":"2025-04-14T17:30:50","modified_gmt":"2025-04-14T16:30:50","slug":"bolsa-hebo-tools-rc02","status":"publish","type":"product","link":"https:\/\/todotrial.com\/tienda\/bolsa-hebo-tools-rc02\/","title":{"rendered":"BOLSA HEBO TOOLS RC02"},"content":{"rendered":"<p>La Bolsa Hebo Tools Rc02 es un elemento que todos los amantes de las motos quieren tener. Se trata de una bolsa perfectamente equipada para llevar lo imprescindible en cada viaje. Este accesorio de motorista ha sido fabricado en poli\u00e9ster de alta calidad y es un elemento pensado para el g\u00e9nero masculino. Adem\u00e1s, de su composici\u00f3n destaca su fina l\u00ednea, lo cual hace que pueda ser llevada con todo tipo de prendas. Es una bolsa que tambi\u00e9n resalta por su comodidad y por su amplio interior. Podr\u00e1s llevar algunos accesorios de la moto a tu espalda sin que resulte molesto para el viaje.<\/p>\n","protected":false},"excerpt":{"rendered":"<p>Bolsa HEBO Tools fabricada en polyester de alta calidad. Medidas 22cm x 15cm x 08cm<\/p>\n","protected":false},"featured_media":55725,"comment_status":"open","ping_status":"closed","template":"","meta":[],"product_brand":[],"product_cat":[11691],"product_tag":[],"class_list":{"0":"post-52916","1":"product","2":"type-product","3":"status-publish","4":"has-post-thumbnail","6":"product_cat-general","8":"first","9":"instock","10":"taxable","11":"shipping-taxable","12":"purchasable","13":"product-type-simple"},"yoast_head":"<!-- This site is optimized with the Yoast SEO Premium plugin v21.2 (Yoast SEO v27.3) - https:\/\/yoast.com\/product\/yoast-seo-premium-wordpress\/ -->\n<title>BOLSA HEBO TOOLS RC02 - Tienda de todotrial<\/title>\n<meta name=\"robots\" content=\"index, follow, max-snippet:-1, max-image-preview:large, max-video-preview:-1\" \/>\n<link rel=\"canonical\" href=\"https:\/\/todotrial.com\/tienda\/bolsa-hebo-tools-rc02\/\" \/>\n<meta property=\"og:locale\" content=\"es_ES\" \/>\n<meta property=\"og:type\" content=\"article\" \/>\n<meta property=\"og:title\" content=\"BOLSA HEBO TOOLS RC02\" \/>\n<meta property=\"og:description\" content=\"Bolsa HEBO Tools fabricada en polyester de alta calidad. Medidas 22cm x 15cm x 08cm\" \/>\n<meta property=\"og:url\" content=\"https:\/\/todotrial.com\/tienda\/bolsa-hebo-tools-rc02\/\" \/>\n<meta property=\"og:site_name\" content=\"Tienda de todotrial\" \/>\n<meta property=\"article:modified_time\" content=\"2025-04-14T16:30:50+00:00\" \/>\n<meta property=\"og:image\" content=\"https:\/\/todotrial.com\/tienda\/wp-content\/uploads\/2025\/03\/HE8122-N-1_HEBO_Bolsa.jpg\" \/>\n\t<meta property=\"og:image:width\" content=\"1000\" \/>\n\t<meta property=\"og:image:height\" content=\"1000\" \/>\n\t<meta property=\"og:image:type\" content=\"image\/jpeg\" \/>\n<meta name=\"twitter:card\" content=\"summary_large_image\" \/>\n<script type=\"application\/ld+json\" class=\"yoast-schema-graph\">{\"@context\":\"https:\\\/\\\/schema.org\",\"@graph\":[{\"@type\":\"WebPage\",\"@id\":\"https:\\\/\\\/todotrial.com\\\/tienda\\\/bolsa-hebo-tools-rc02\\\/\",\"url\":\"https:\\\/\\\/todotrial.com\\\/tienda\\\/bolsa-hebo-tools-rc02\\\/\",\"name\":\"BOLSA HEBO TOOLS RC02 - Tienda de todotrial\",\"isPartOf\":{\"@id\":\"https:\\\/\\\/todotrial.com\\\/tienda\\\/#website\"},\"primaryImageOfPage\":{\"@id\":\"https:\\\/\\\/todotrial.com\\\/tienda\\\/bolsa-hebo-tools-rc02\\\/#primaryimage\"},\"image\":{\"@id\":\"https:\\\/\\\/todotrial.com\\\/tienda\\\/bolsa-hebo-tools-rc02\\\/#primaryimage\"},\"thumbnailUrl\":\"https:\\\/\\\/todotrial.com\\\/tienda\\\/wp-content\\\/uploads\\\/2025\\\/04\\\/HE8122-N-1_HEBO_Bolsa.jpg\",\"datePublished\":\"2025-03-11T19:05:49+00:00\",\"dateModified\":\"2025-04-14T16:30:50+00:00\",\"breadcrumb\":{\"@id\":\"https:\\\/\\\/todotrial.com\\\/tienda\\\/bolsa-hebo-tools-rc02\\\/#breadcrumb\"},\"inLanguage\":\"es\",\"potentialAction\":[{\"@type\":\"ReadAction\",\"target\":[\"https:\\\/\\\/todotrial.com\\\/tienda\\\/bolsa-hebo-tools-rc02\\\/\"]}]},{\"@type\":\"ImageObject\",\"inLanguage\":\"es\",\"@id\":\"https:\\\/\\\/todotrial.com\\\/tienda\\\/bolsa-hebo-tools-rc02\\\/#primaryimage\",\"url\":\"https:\\\/\\\/todotrial.com\\\/tienda\\\/wp-content\\\/uploads\\\/2025\\\/04\\\/HE8122-N-1_HEBO_Bolsa.jpg\",\"contentUrl\":\"https:\\\/\\\/todotrial.com\\\/tienda\\\/wp-content\\\/uploads\\\/2025\\\/04\\\/HE8122-N-1_HEBO_Bolsa.jpg\",\"width\":1000,\"height\":1000},{\"@type\":\"BreadcrumbList\",\"@id\":\"https:\\\/\\\/todotrial.com\\\/tienda\\\/bolsa-hebo-tools-rc02\\\/#breadcrumb\",\"itemListElement\":[{\"@type\":\"ListItem\",\"position\":1,\"name\":\"Portada\",\"item\":\"https:\\\/\\\/todotrial.com\\\/tienda\\\/\"},{\"@type\":\"ListItem\",\"position\":2,\"name\":\"Shop\",\"item\":\"https:\\\/\\\/todotrial.com\\\/tienda\\\/shop\\\/\"},{\"@type\":\"ListItem\",\"position\":3,\"name\":\"BOLSA HEBO TOOLS RC02\"}]},{\"@type\":\"WebSite\",\"@id\":\"https:\\\/\\\/todotrial.com\\\/tienda\\\/#website\",\"url\":\"https:\\\/\\\/todotrial.com\\\/tienda\\\/\",\"name\":\"Tienda de todotrial\",\"description\":\"\",\"potentialAction\":[{\"@type\":\"SearchAction\",\"target\":{\"@type\":\"EntryPoint\",\"urlTemplate\":\"https:\\\/\\\/todotrial.com\\\/tienda\\\/?s={search_term_string}\"},\"query-input\":{\"@type\":\"PropertyValueSpecification\",\"valueRequired\":true,\"valueName\":\"search_term_string\"}}],\"inLanguage\":\"es\"}]}<\/script>\n<!-- \/ Yoast SEO Premium plugin. -->","yoast_head_json":{"title":"BOLSA HEBO TOOLS RC02 - Tienda de todotrial","robots":{"index":"index","follow":"follow","max-snippet":"max-snippet:-1","max-image-preview":"max-image-preview:large","max-video-preview":"max-video-preview:-1"},"canonical":"https:\/\/todotrial.com\/tienda\/bolsa-hebo-tools-rc02\/","og_locale":"es_ES","og_type":"article","og_title":"BOLSA HEBO TOOLS RC02","og_description":"Bolsa HEBO Tools fabricada en polyester de alta calidad. Medidas 22cm x 15cm x 08cm","og_url":"https:\/\/todotrial.com\/tienda\/bolsa-hebo-tools-rc02\/","og_site_name":"Tienda de todotrial","article_modified_time":"2025-04-14T16:30:50+00:00","og_image":[{"width":1000,"height":1000,"url":"https:\/\/todotrial.com\/tienda\/wp-content\/uploads\/2025\/03\/HE8122-N-1_HEBO_Bolsa.jpg","type":"image\/jpeg"}],"twitter_card":"summary_large_image","schema":{"@context":"https:\/\/schema.org","@graph":[{"@type":"WebPage","@id":"https:\/\/todotrial.com\/tienda\/bolsa-hebo-tools-rc02\/","url":"https:\/\/todotrial.com\/tienda\/bolsa-hebo-tools-rc02\/","name":"BOLSA HEBO TOOLS RC02 - Tienda de todotrial","isPartOf":{"@id":"https:\/\/todotrial.com\/tienda\/#website"},"primaryImageOfPage":{"@id":"https:\/\/todotrial.com\/tienda\/bolsa-hebo-tools-rc02\/#primaryimage"},"image":{"@id":"https:\/\/todotrial.com\/tienda\/bolsa-hebo-tools-rc02\/#primaryimage"},"thumbnailUrl":"https:\/\/todotrial.com\/tienda\/wp-content\/uploads\/2025\/04\/HE8122-N-1_HEBO_Bolsa.jpg","datePublished":"2025-03-11T19:05:49+00:00","dateModified":"2025-04-14T16:30:50+00:00","breadcrumb":{"@id":"https:\/\/todotrial.com\/tienda\/bolsa-hebo-tools-rc02\/#breadcrumb"},"inLanguage":"es","potentialAction":[{"@type":"ReadAction","target":["https:\/\/todotrial.com\/tienda\/bolsa-hebo-tools-rc02\/"]}]},{"@type":"ImageObject","inLanguage":"es","@id":"https:\/\/todotrial.com\/tienda\/bolsa-hebo-tools-rc02\/#primaryimage","url":"https:\/\/todotrial.com\/tienda\/wp-content\/uploads\/2025\/04\/HE8122-N-1_HEBO_Bolsa.jpg","contentUrl":"https:\/\/todotrial.com\/tienda\/wp-content\/uploads\/2025\/04\/HE8122-N-1_HEBO_Bolsa.jpg","width":1000,"height":1000},{"@type":"BreadcrumbList","@id":"https:\/\/todotrial.com\/tienda\/bolsa-hebo-tools-rc02\/#breadcrumb","itemListElement":[{"@type":"ListItem","position":1,"name":"Portada","item":"https:\/\/todotrial.com\/tienda\/"},{"@type":"ListItem","position":2,"name":"Shop","item":"https:\/\/todotrial.com\/tienda\/shop\/"},{"@type":"ListItem","position":3,"name":"BOLSA HEBO TOOLS RC02"}]},{"@type":"WebSite","@id":"https:\/\/todotrial.com\/tienda\/#website","url":"https:\/\/todotrial.com\/tienda\/","name":"Tienda de todotrial","description":"","potentialAction":[{"@type":"SearchAction","target":{"@type":"EntryPoint","urlTemplate":"https:\/\/todotrial.com\/tienda\/?s={search_term_string}"},"query-input":{"@type":"PropertyValueSpecification","valueRequired":true,"valueName":"search_term_string"}}],"inLanguage":"es"}]}},"_links":{"self":[{"href":"https:\/\/todotrial.com\/tienda\/wp-json\/wp\/v2\/product\/52916","targetHints":{"allow":["GET"]}}],"collection":[{"href":"https:\/\/todotrial.com\/tienda\/wp-json\/wp\/v2\/product"}],"about":[{"href":"https:\/\/todotrial.com\/tienda\/wp-json\/wp\/v2\/types\/product"}],"replies":[{"embeddable":true,"href":"https:\/\/todotrial.com\/tienda\/wp-json\/wp\/v2\/comments?post=52916"}],"version-history":[{"count":2,"href":"https:\/\/todotrial.com\/tienda\/wp-json\/wp\/v2\/product\/52916\/revisions"}],"predecessor-version":[{"id":55726,"href":"https:\/\/todotrial.com\/tienda\/wp-json\/wp\/v2\/product\/52916\/revisions\/55726"}],"wp:featuredmedia":[{"embeddable":true,"href":"https:\/\/todotrial.com\/tienda\/wp-json\/wp\/v2\/media\/55725"}],"wp:attachment":[{"href":"https:\/\/todotrial.com\/tienda\/wp-json\/wp\/v2\/media?parent=52916"}],"wp:term":[{"taxonomy":"product_brand","embeddable":true,"href":"https:\/\/todotrial.com\/tienda\/wp-json\/wp\/v2\/product_brand?post=52916"},{"taxonomy":"product_cat","embeddable":true,"href":"https:\/\/todotrial.com\/tienda\/wp-json\/wp\/v2\/product_cat?post=52916"},{"taxonomy":"product_tag","embeddable":true,"href":"https:\/\/todotrial.com\/tienda\/wp-json\/wp\/v2\/product_tag?post=52916"}],"curies":[{"name":"wp","href":"https:\/\/api.w.org\/{rel}","templated":true}]}}