{"id":52257,"date":"2025-02-27T10:19:49","date_gmt":"2025-02-27T09:19:49","guid":{"rendered":"https:\/\/todotrial.com\/tienda\/sin%20categor\u00eda\/camiseta-pro-retro-4\/"},"modified":"2025-05-15T12:26:25","modified_gmt":"2025-05-15T11:26:25","slug":"camiseta-pro-retro-4","status":"publish","type":"product","link":"https:\/\/todotrial.com\/tienda\/camiseta-pro-retro-4\/","title":{"rendered":"CAMISETA PRO RETRO"},"content":{"rendered":"<p>Dise\u00f1o con est\u00e9tica retro. Con dos colores a elegir: naranja o azul.<br \/>\nConfeccionado en material reciclado.<br \/>\nAcabado Dry Clim para garantizar una r\u00e1pida evaporaci\u00f3n de la humedad y mantener el cuerpo fresco y seco.<br \/>\nTejido con resistencia al peeling para proporcionar mayor durabilidad.<br \/>\nTejido biel\u00e1stico para ofrecer flexibilidad, comodidad y libertad de movimiento.<br \/>\nCombinaci\u00f3n de tejidos de punto liso y microperforado en el interior de las mangas y espalda para asegurar una \u00f3ptima ventilaci\u00f3n.<br \/>\nPu\u00f1os y cuello en tejido el\u00e1stico.<br \/>\nAcabado Essense.<br \/>\nProtecci\u00f3n UPF+50.<\/p>\n","protected":false},"excerpt":{"rendered":"<p>Camiseta t\u00e9cnica, muy ligera y transpirable, ofrece una combinaci\u00f3n perfecta de resistencia y confort.<\/p>\n","protected":false},"featured_media":53465,"comment_status":"open","ping_status":"closed","template":"","meta":[],"product_brand":[],"product_cat":[11394,11738],"product_tag":[],"class_list":{"0":"post-52257","1":"product","2":"type-product","3":"status-publish","4":"has-post-thumbnail","6":"product_cat-camisetas-equipacion","7":"product_cat-trial","9":"first","10":"instock","11":"taxable","12":"shipping-taxable","13":"purchasable","14":"product-type-simple"},"yoast_head":"<!-- This site is optimized with the Yoast SEO Premium plugin v21.2 (Yoast SEO v27.3) - https:\/\/yoast.com\/product\/yoast-seo-premium-wordpress\/ -->\n<title>CAMISETA PRO RETRO - Tienda de todotrial<\/title>\n<meta name=\"robots\" content=\"index, follow, max-snippet:-1, max-image-preview:large, max-video-preview:-1\" \/>\n<link rel=\"canonical\" href=\"https:\/\/todotrial.com\/tienda\/camiseta-pro-retro-4\/\" \/>\n<meta property=\"og:locale\" content=\"es_ES\" \/>\n<meta property=\"og:type\" content=\"article\" \/>\n<meta property=\"og:title\" content=\"CAMISETA PRO RETRO\" \/>\n<meta property=\"og:description\" content=\"Camiseta t\u00e9cnica, muy ligera y transpirable, ofrece una combinaci\u00f3n perfecta de resistencia y confort.\" \/>\n<meta property=\"og:url\" content=\"https:\/\/todotrial.com\/tienda\/camiseta-pro-retro-4\/\" \/>\n<meta property=\"og:site_name\" content=\"Tienda de todotrial\" \/>\n<meta property=\"article:modified_time\" content=\"2025-05-15T11:26:25+00:00\" \/>\n<meta property=\"og:image\" content=\"https:\/\/todotrial.com\/tienda\/wp-content\/uploads\/2025\/02\/HE2221V_1.jpg\" \/>\n\t<meta property=\"og:image:width\" content=\"2500\" \/>\n\t<meta property=\"og:image:height\" content=\"2500\" \/>\n\t<meta property=\"og:image:type\" content=\"image\/jpeg\" \/>\n<meta name=\"twitter:card\" content=\"summary_large_image\" \/>\n<meta name=\"twitter:label1\" content=\"Tiempo de lectura\" \/>\n\t<meta name=\"twitter:data1\" content=\"1 minuto\" \/>\n<script type=\"application\/ld+json\" class=\"yoast-schema-graph\">{\"@context\":\"https:\\\/\\\/schema.org\",\"@graph\":[{\"@type\":\"WebPage\",\"@id\":\"https:\\\/\\\/todotrial.com\\\/tienda\\\/camiseta-pro-retro-4\\\/\",\"url\":\"https:\\\/\\\/todotrial.com\\\/tienda\\\/camiseta-pro-retro-4\\\/\",\"name\":\"CAMISETA PRO RETRO - Tienda de todotrial\",\"isPartOf\":{\"@id\":\"https:\\\/\\\/todotrial.com\\\/tienda\\\/#website\"},\"primaryImageOfPage\":{\"@id\":\"https:\\\/\\\/todotrial.com\\\/tienda\\\/camiseta-pro-retro-4\\\/#primaryimage\"},\"image\":{\"@id\":\"https:\\\/\\\/todotrial.com\\\/tienda\\\/camiseta-pro-retro-4\\\/#primaryimage\"},\"thumbnailUrl\":\"https:\\\/\\\/todotrial.com\\\/tienda\\\/wp-content\\\/uploads\\\/2025\\\/02\\\/HE2221V_1.jpg\",\"datePublished\":\"2025-02-27T09:19:49+00:00\",\"dateModified\":\"2025-05-15T11:26:25+00:00\",\"breadcrumb\":{\"@id\":\"https:\\\/\\\/todotrial.com\\\/tienda\\\/camiseta-pro-retro-4\\\/#breadcrumb\"},\"inLanguage\":\"es\",\"potentialAction\":[{\"@type\":\"ReadAction\",\"target\":[\"https:\\\/\\\/todotrial.com\\\/tienda\\\/camiseta-pro-retro-4\\\/\"]}]},{\"@type\":\"ImageObject\",\"inLanguage\":\"es\",\"@id\":\"https:\\\/\\\/todotrial.com\\\/tienda\\\/camiseta-pro-retro-4\\\/#primaryimage\",\"url\":\"https:\\\/\\\/todotrial.com\\\/tienda\\\/wp-content\\\/uploads\\\/2025\\\/02\\\/HE2221V_1.jpg\",\"contentUrl\":\"https:\\\/\\\/todotrial.com\\\/tienda\\\/wp-content\\\/uploads\\\/2025\\\/02\\\/HE2221V_1.jpg\",\"width\":2500,\"height\":2500},{\"@type\":\"BreadcrumbList\",\"@id\":\"https:\\\/\\\/todotrial.com\\\/tienda\\\/camiseta-pro-retro-4\\\/#breadcrumb\",\"itemListElement\":[{\"@type\":\"ListItem\",\"position\":1,\"name\":\"Portada\",\"item\":\"https:\\\/\\\/todotrial.com\\\/tienda\\\/\"},{\"@type\":\"ListItem\",\"position\":2,\"name\":\"Shop\",\"item\":\"https:\\\/\\\/todotrial.com\\\/tienda\\\/shop\\\/\"},{\"@type\":\"ListItem\",\"position\":3,\"name\":\"CAMISETA PRO RETRO\"}]},{\"@type\":\"WebSite\",\"@id\":\"https:\\\/\\\/todotrial.com\\\/tienda\\\/#website\",\"url\":\"https:\\\/\\\/todotrial.com\\\/tienda\\\/\",\"name\":\"Tienda de todotrial\",\"description\":\"\",\"potentialAction\":[{\"@type\":\"SearchAction\",\"target\":{\"@type\":\"EntryPoint\",\"urlTemplate\":\"https:\\\/\\\/todotrial.com\\\/tienda\\\/?s={search_term_string}\"},\"query-input\":{\"@type\":\"PropertyValueSpecification\",\"valueRequired\":true,\"valueName\":\"search_term_string\"}}],\"inLanguage\":\"es\"}]}<\/script>\n<!-- \/ Yoast SEO Premium plugin. -->","yoast_head_json":{"title":"CAMISETA PRO RETRO - Tienda de todotrial","robots":{"index":"index","follow":"follow","max-snippet":"max-snippet:-1","max-image-preview":"max-image-preview:large","max-video-preview":"max-video-preview:-1"},"canonical":"https:\/\/todotrial.com\/tienda\/camiseta-pro-retro-4\/","og_locale":"es_ES","og_type":"article","og_title":"CAMISETA PRO RETRO","og_description":"Camiseta t\u00e9cnica, muy ligera y transpirable, ofrece una combinaci\u00f3n perfecta de resistencia y confort.","og_url":"https:\/\/todotrial.com\/tienda\/camiseta-pro-retro-4\/","og_site_name":"Tienda de todotrial","article_modified_time":"2025-05-15T11:26:25+00:00","og_image":[{"width":2500,"height":2500,"url":"https:\/\/todotrial.com\/tienda\/wp-content\/uploads\/2025\/02\/HE2221V_1.jpg","type":"image\/jpeg"}],"twitter_card":"summary_large_image","twitter_misc":{"Tiempo de lectura":"1 minuto"},"schema":{"@context":"https:\/\/schema.org","@graph":[{"@type":"WebPage","@id":"https:\/\/todotrial.com\/tienda\/camiseta-pro-retro-4\/","url":"https:\/\/todotrial.com\/tienda\/camiseta-pro-retro-4\/","name":"CAMISETA PRO RETRO - Tienda de todotrial","isPartOf":{"@id":"https:\/\/todotrial.com\/tienda\/#website"},"primaryImageOfPage":{"@id":"https:\/\/todotrial.com\/tienda\/camiseta-pro-retro-4\/#primaryimage"},"image":{"@id":"https:\/\/todotrial.com\/tienda\/camiseta-pro-retro-4\/#primaryimage"},"thumbnailUrl":"https:\/\/todotrial.com\/tienda\/wp-content\/uploads\/2025\/02\/HE2221V_1.jpg","datePublished":"2025-02-27T09:19:49+00:00","dateModified":"2025-05-15T11:26:25+00:00","breadcrumb":{"@id":"https:\/\/todotrial.com\/tienda\/camiseta-pro-retro-4\/#breadcrumb"},"inLanguage":"es","potentialAction":[{"@type":"ReadAction","target":["https:\/\/todotrial.com\/tienda\/camiseta-pro-retro-4\/"]}]},{"@type":"ImageObject","inLanguage":"es","@id":"https:\/\/todotrial.com\/tienda\/camiseta-pro-retro-4\/#primaryimage","url":"https:\/\/todotrial.com\/tienda\/wp-content\/uploads\/2025\/02\/HE2221V_1.jpg","contentUrl":"https:\/\/todotrial.com\/tienda\/wp-content\/uploads\/2025\/02\/HE2221V_1.jpg","width":2500,"height":2500},{"@type":"BreadcrumbList","@id":"https:\/\/todotrial.com\/tienda\/camiseta-pro-retro-4\/#breadcrumb","itemListElement":[{"@type":"ListItem","position":1,"name":"Portada","item":"https:\/\/todotrial.com\/tienda\/"},{"@type":"ListItem","position":2,"name":"Shop","item":"https:\/\/todotrial.com\/tienda\/shop\/"},{"@type":"ListItem","position":3,"name":"CAMISETA PRO RETRO"}]},{"@type":"WebSite","@id":"https:\/\/todotrial.com\/tienda\/#website","url":"https:\/\/todotrial.com\/tienda\/","name":"Tienda de todotrial","description":"","potentialAction":[{"@type":"SearchAction","target":{"@type":"EntryPoint","urlTemplate":"https:\/\/todotrial.com\/tienda\/?s={search_term_string}"},"query-input":{"@type":"PropertyValueSpecification","valueRequired":true,"valueName":"search_term_string"}}],"inLanguage":"es"}]}},"_links":{"self":[{"href":"https:\/\/todotrial.com\/tienda\/wp-json\/wp\/v2\/product\/52257","targetHints":{"allow":["GET"]}}],"collection":[{"href":"https:\/\/todotrial.com\/tienda\/wp-json\/wp\/v2\/product"}],"about":[{"href":"https:\/\/todotrial.com\/tienda\/wp-json\/wp\/v2\/types\/product"}],"replies":[{"embeddable":true,"href":"https:\/\/todotrial.com\/tienda\/wp-json\/wp\/v2\/comments?post=52257"}],"version-history":[{"count":1,"href":"https:\/\/todotrial.com\/tienda\/wp-json\/wp\/v2\/product\/52257\/revisions"}],"predecessor-version":[{"id":52835,"href":"https:\/\/todotrial.com\/tienda\/wp-json\/wp\/v2\/product\/52257\/revisions\/52835"}],"wp:featuredmedia":[{"embeddable":true,"href":"https:\/\/todotrial.com\/tienda\/wp-json\/wp\/v2\/media\/53465"}],"wp:attachment":[{"href":"https:\/\/todotrial.com\/tienda\/wp-json\/wp\/v2\/media?parent=52257"}],"wp:term":[{"taxonomy":"product_brand","embeddable":true,"href":"https:\/\/todotrial.com\/tienda\/wp-json\/wp\/v2\/product_brand?post=52257"},{"taxonomy":"product_cat","embeddable":true,"href":"https:\/\/todotrial.com\/tienda\/wp-json\/wp\/v2\/product_cat?post=52257"},{"taxonomy":"product_tag","embeddable":true,"href":"https:\/\/todotrial.com\/tienda\/wp-json\/wp\/v2\/product_tag?post=52257"}],"curies":[{"name":"wp","href":"https:\/\/api.w.org\/{rel}","templated":true}]}}