{"id":52212,"date":"2025-02-27T10:14:34","date_gmt":"2025-02-27T09:14:34","guid":{"rendered":"https:\/\/todotrial.com\/tienda\/sin%20categor\u00eda\/guantes-montesa-classic-2\/"},"modified":"2025-05-14T09:30:47","modified_gmt":"2025-05-14T08:30:47","slug":"guantes-montesa-classic-2","status":"publish","type":"product","link":"https:\/\/todotrial.com\/tienda\/guantes-montesa-classic-2\/","title":{"rendered":"GUANTES MONTESA CLASSIC"},"content":{"rendered":"<p>Fabricados en nailon (63%), poli\u00e9ster (30%) y poliuretano (7%).<br \/>\nTejido del dorso el\u00e1stico de 4 direcciones para proporcionar flexibilidad.<br \/>\nPalma de microfibra.<br \/>\nLogotipo de Montesa estampado.<\/p>\n","protected":false},"excerpt":{"rendered":"<p>Guantes Trial Montesa Classic, fabricados en tejido el\u00e1stico de nylon de alta resistencia en su dorso logotipo caracter\u00edstico HEBO en el dedo \u00edndice. Modelo usado por los mejores pilotos del momento.<\/p>\n","protected":false},"featured_media":53495,"comment_status":"open","ping_status":"closed","template":"","meta":[],"product_brand":[],"product_cat":[11450,11738],"product_tag":[],"class_list":{"0":"post-52212","1":"product","2":"type-product","3":"status-publish","4":"has-post-thumbnail","6":"product_cat-guantes-equipacion-bici-trial","7":"product_cat-trial","9":"first","10":"instock","11":"taxable","12":"shipping-taxable","13":"purchasable","14":"product-type-simple"},"yoast_head":"<!-- This site is optimized with the Yoast SEO Premium plugin v21.2 (Yoast SEO v27.3) - https:\/\/yoast.com\/product\/yoast-seo-premium-wordpress\/ -->\n<title>GUANTES MONTESA CLASSIC - Tienda de todotrial<\/title>\n<meta name=\"robots\" content=\"index, follow, max-snippet:-1, max-image-preview:large, max-video-preview:-1\" \/>\n<link rel=\"canonical\" href=\"https:\/\/todotrial.com\/tienda\/guantes-montesa-classic-2\/\" \/>\n<meta property=\"og:locale\" content=\"es_ES\" \/>\n<meta property=\"og:type\" content=\"article\" \/>\n<meta property=\"og:title\" content=\"GUANTES MONTESA CLASSIC\" \/>\n<meta property=\"og:description\" content=\"Guantes Trial Montesa Classic, fabricados en tejido el\u00e1stico de nylon de alta resistencia en su dorso logotipo caracter\u00edstico HEBO en el dedo \u00edndice. Modelo usado por los mejores pilotos del momento.\" \/>\n<meta property=\"og:url\" content=\"https:\/\/todotrial.com\/tienda\/guantes-montesa-classic-2\/\" \/>\n<meta property=\"og:site_name\" content=\"Tienda de todotrial\" \/>\n<meta property=\"article:modified_time\" content=\"2025-05-14T08:30:47+00:00\" \/>\n<meta property=\"og:image\" content=\"https:\/\/todotrial.com\/tienda\/wp-content\/uploads\/2025\/02\/HE1161-R-1_HEBO_Guante.jpg\" \/>\n\t<meta property=\"og:image:width\" content=\"1000\" \/>\n\t<meta property=\"og:image:height\" content=\"1000\" \/>\n\t<meta property=\"og:image:type\" content=\"image\/jpeg\" \/>\n<meta name=\"twitter:card\" content=\"summary_large_image\" \/>\n<meta name=\"twitter:label1\" content=\"Tiempo de lectura\" \/>\n\t<meta name=\"twitter:data1\" content=\"1 minuto\" \/>\n<script type=\"application\/ld+json\" class=\"yoast-schema-graph\">{\"@context\":\"https:\\\/\\\/schema.org\",\"@graph\":[{\"@type\":\"WebPage\",\"@id\":\"https:\\\/\\\/todotrial.com\\\/tienda\\\/guantes-montesa-classic-2\\\/\",\"url\":\"https:\\\/\\\/todotrial.com\\\/tienda\\\/guantes-montesa-classic-2\\\/\",\"name\":\"GUANTES MONTESA CLASSIC - Tienda de todotrial\",\"isPartOf\":{\"@id\":\"https:\\\/\\\/todotrial.com\\\/tienda\\\/#website\"},\"primaryImageOfPage\":{\"@id\":\"https:\\\/\\\/todotrial.com\\\/tienda\\\/guantes-montesa-classic-2\\\/#primaryimage\"},\"image\":{\"@id\":\"https:\\\/\\\/todotrial.com\\\/tienda\\\/guantes-montesa-classic-2\\\/#primaryimage\"},\"thumbnailUrl\":\"https:\\\/\\\/todotrial.com\\\/tienda\\\/wp-content\\\/uploads\\\/2025\\\/02\\\/HE1161-R-1_HEBO_Guante.jpg\",\"datePublished\":\"2025-02-27T09:14:34+00:00\",\"dateModified\":\"2025-05-14T08:30:47+00:00\",\"breadcrumb\":{\"@id\":\"https:\\\/\\\/todotrial.com\\\/tienda\\\/guantes-montesa-classic-2\\\/#breadcrumb\"},\"inLanguage\":\"es\",\"potentialAction\":[{\"@type\":\"ReadAction\",\"target\":[\"https:\\\/\\\/todotrial.com\\\/tienda\\\/guantes-montesa-classic-2\\\/\"]}]},{\"@type\":\"ImageObject\",\"inLanguage\":\"es\",\"@id\":\"https:\\\/\\\/todotrial.com\\\/tienda\\\/guantes-montesa-classic-2\\\/#primaryimage\",\"url\":\"https:\\\/\\\/todotrial.com\\\/tienda\\\/wp-content\\\/uploads\\\/2025\\\/02\\\/HE1161-R-1_HEBO_Guante.jpg\",\"contentUrl\":\"https:\\\/\\\/todotrial.com\\\/tienda\\\/wp-content\\\/uploads\\\/2025\\\/02\\\/HE1161-R-1_HEBO_Guante.jpg\",\"width\":1000,\"height\":1000},{\"@type\":\"BreadcrumbList\",\"@id\":\"https:\\\/\\\/todotrial.com\\\/tienda\\\/guantes-montesa-classic-2\\\/#breadcrumb\",\"itemListElement\":[{\"@type\":\"ListItem\",\"position\":1,\"name\":\"Portada\",\"item\":\"https:\\\/\\\/todotrial.com\\\/tienda\\\/\"},{\"@type\":\"ListItem\",\"position\":2,\"name\":\"Shop\",\"item\":\"https:\\\/\\\/todotrial.com\\\/tienda\\\/shop\\\/\"},{\"@type\":\"ListItem\",\"position\":3,\"name\":\"GUANTES MONTESA CLASSIC\"}]},{\"@type\":\"WebSite\",\"@id\":\"https:\\\/\\\/todotrial.com\\\/tienda\\\/#website\",\"url\":\"https:\\\/\\\/todotrial.com\\\/tienda\\\/\",\"name\":\"Tienda de todotrial\",\"description\":\"\",\"potentialAction\":[{\"@type\":\"SearchAction\",\"target\":{\"@type\":\"EntryPoint\",\"urlTemplate\":\"https:\\\/\\\/todotrial.com\\\/tienda\\\/?s={search_term_string}\"},\"query-input\":{\"@type\":\"PropertyValueSpecification\",\"valueRequired\":true,\"valueName\":\"search_term_string\"}}],\"inLanguage\":\"es\"}]}<\/script>\n<!-- \/ Yoast SEO Premium plugin. -->","yoast_head_json":{"title":"GUANTES MONTESA CLASSIC - Tienda de todotrial","robots":{"index":"index","follow":"follow","max-snippet":"max-snippet:-1","max-image-preview":"max-image-preview:large","max-video-preview":"max-video-preview:-1"},"canonical":"https:\/\/todotrial.com\/tienda\/guantes-montesa-classic-2\/","og_locale":"es_ES","og_type":"article","og_title":"GUANTES MONTESA CLASSIC","og_description":"Guantes Trial Montesa Classic, fabricados en tejido el\u00e1stico de nylon de alta resistencia en su dorso logotipo caracter\u00edstico HEBO en el dedo \u00edndice. Modelo usado por los mejores pilotos del momento.","og_url":"https:\/\/todotrial.com\/tienda\/guantes-montesa-classic-2\/","og_site_name":"Tienda de todotrial","article_modified_time":"2025-05-14T08:30:47+00:00","og_image":[{"width":1000,"height":1000,"url":"https:\/\/todotrial.com\/tienda\/wp-content\/uploads\/2025\/02\/HE1161-R-1_HEBO_Guante.jpg","type":"image\/jpeg"}],"twitter_card":"summary_large_image","twitter_misc":{"Tiempo de lectura":"1 minuto"},"schema":{"@context":"https:\/\/schema.org","@graph":[{"@type":"WebPage","@id":"https:\/\/todotrial.com\/tienda\/guantes-montesa-classic-2\/","url":"https:\/\/todotrial.com\/tienda\/guantes-montesa-classic-2\/","name":"GUANTES MONTESA CLASSIC - Tienda de todotrial","isPartOf":{"@id":"https:\/\/todotrial.com\/tienda\/#website"},"primaryImageOfPage":{"@id":"https:\/\/todotrial.com\/tienda\/guantes-montesa-classic-2\/#primaryimage"},"image":{"@id":"https:\/\/todotrial.com\/tienda\/guantes-montesa-classic-2\/#primaryimage"},"thumbnailUrl":"https:\/\/todotrial.com\/tienda\/wp-content\/uploads\/2025\/02\/HE1161-R-1_HEBO_Guante.jpg","datePublished":"2025-02-27T09:14:34+00:00","dateModified":"2025-05-14T08:30:47+00:00","breadcrumb":{"@id":"https:\/\/todotrial.com\/tienda\/guantes-montesa-classic-2\/#breadcrumb"},"inLanguage":"es","potentialAction":[{"@type":"ReadAction","target":["https:\/\/todotrial.com\/tienda\/guantes-montesa-classic-2\/"]}]},{"@type":"ImageObject","inLanguage":"es","@id":"https:\/\/todotrial.com\/tienda\/guantes-montesa-classic-2\/#primaryimage","url":"https:\/\/todotrial.com\/tienda\/wp-content\/uploads\/2025\/02\/HE1161-R-1_HEBO_Guante.jpg","contentUrl":"https:\/\/todotrial.com\/tienda\/wp-content\/uploads\/2025\/02\/HE1161-R-1_HEBO_Guante.jpg","width":1000,"height":1000},{"@type":"BreadcrumbList","@id":"https:\/\/todotrial.com\/tienda\/guantes-montesa-classic-2\/#breadcrumb","itemListElement":[{"@type":"ListItem","position":1,"name":"Portada","item":"https:\/\/todotrial.com\/tienda\/"},{"@type":"ListItem","position":2,"name":"Shop","item":"https:\/\/todotrial.com\/tienda\/shop\/"},{"@type":"ListItem","position":3,"name":"GUANTES MONTESA CLASSIC"}]},{"@type":"WebSite","@id":"https:\/\/todotrial.com\/tienda\/#website","url":"https:\/\/todotrial.com\/tienda\/","name":"Tienda de todotrial","description":"","potentialAction":[{"@type":"SearchAction","target":{"@type":"EntryPoint","urlTemplate":"https:\/\/todotrial.com\/tienda\/?s={search_term_string}"},"query-input":{"@type":"PropertyValueSpecification","valueRequired":true,"valueName":"search_term_string"}}],"inLanguage":"es"}]}},"_links":{"self":[{"href":"https:\/\/todotrial.com\/tienda\/wp-json\/wp\/v2\/product\/52212","targetHints":{"allow":["GET"]}}],"collection":[{"href":"https:\/\/todotrial.com\/tienda\/wp-json\/wp\/v2\/product"}],"about":[{"href":"https:\/\/todotrial.com\/tienda\/wp-json\/wp\/v2\/types\/product"}],"replies":[{"embeddable":true,"href":"https:\/\/todotrial.com\/tienda\/wp-json\/wp\/v2\/comments?post=52212"}],"version-history":[{"count":1,"href":"https:\/\/todotrial.com\/tienda\/wp-json\/wp\/v2\/product\/52212\/revisions"}],"predecessor-version":[{"id":52808,"href":"https:\/\/todotrial.com\/tienda\/wp-json\/wp\/v2\/product\/52212\/revisions\/52808"}],"wp:featuredmedia":[{"embeddable":true,"href":"https:\/\/todotrial.com\/tienda\/wp-json\/wp\/v2\/media\/53495"}],"wp:attachment":[{"href":"https:\/\/todotrial.com\/tienda\/wp-json\/wp\/v2\/media?parent=52212"}],"wp:term":[{"taxonomy":"product_brand","embeddable":true,"href":"https:\/\/todotrial.com\/tienda\/wp-json\/wp\/v2\/product_brand?post=52212"},{"taxonomy":"product_cat","embeddable":true,"href":"https:\/\/todotrial.com\/tienda\/wp-json\/wp\/v2\/product_cat?post=52212"},{"taxonomy":"product_tag","embeddable":true,"href":"https:\/\/todotrial.com\/tienda\/wp-json\/wp\/v2\/product_tag?post=52212"}],"curies":[{"name":"wp","href":"https:\/\/api.w.org\/{rel}","templated":true}]}}