{"id":517,"date":"2020-07-02T14:57:11","date_gmt":"2020-07-02T14:57:11","guid":{"rendered":"https:\/\/todotrial.com\/tienda\/product\/yorkshire-trials-history\/"},"modified":"2025-02-20T17:35:10","modified_gmt":"2025-02-20T16:35:10","slug":"yorkshire-trials-history","status":"publish","type":"product","link":"https:\/\/todotrial.com\/tienda\/yorkshire-trials-history\/","title":{"rendered":"So This is Yorkshire &#8211; Trials History DVD"},"content":{"rendered":"<p>So This is Yorkshire &#8211; Trials History DVD<\/p>\n<p>Esto es Yorkshire &#8211; DVD Historia del Trial.<br \/>In 1920, El piloto Harold Wood comenz\u00f3 su propia compa\u00f1\u00eda de producci\u00f3n cinematogr\u00e1fica. \u00c9l ten\u00eda un objetivo en mente: la captura de el arte de motociclismo en la pel\u00edcula. A principios de la d\u00e9cada de 1990 su compa\u00f1\u00eda, CH Woods, se hab\u00eda convertido en el m\u00e1s conocido productor mundial de t\u00edtulos de la bici con m\u00e1s de 400 pel\u00edculas en su haber, incluyendo comisiones de Norton, BSA, Triumph, Honda y Yamaha.<\/p>\n<p>Esta maravillosa colecci\u00f3n, nost\u00e1lgico utiliza material de archivo definitivo de Wood para llevarte de nuevo al coraz\u00f3n de los &#8217;50s y&#8217; 60s y la escena brit\u00e1nica del Motocross. Recuerda un momento en que las motos (y las c\u00e1maras!)eran pesadas; cuando el \u00e9xito dependia de la aplicaci\u00f3n de la determinaci\u00f3n de acero. Esto es Yorkshire tiene arena en abundancia. El contenido incluye:<\/p>\n<p>ROCA MOOR Y R\u00cdO 1950 (Commentray por Allan Jefferies)<\/p>\n<p>El Ilkley Grand National<br \/>El Sporting de Trial Darlington<br \/>Esholt Parque Bradford Road Races<br \/>El Sporting de Jefferies Trial Allan<br \/>El Yorkshire Centro Scramble en Halifax<br \/>Trial Reunion Las Ilkley Veteranos<br \/>El Trial de Scott<\/p>\n<p>ZONA OBSERVADO 1951 (Comentario por Allan Jefferies)<\/p>\n<p>El equipo de jueces Yorkshire Centro<br \/>La prueba del Trofeo Allan Jefferies<br \/>Capacit\u00e1ndolos joven (Tony Jefferies y Dave Wood)<br \/>El Trial Ilkley Sports Car<br \/>Racing Car Model en Yeadon<br \/>El Trial de Scott<\/p>\n<p>1955 EVENTOS (Comentario por Geoff Duke)<\/p>\n<p>El Ilkley Grand National<br \/>La prueba del Trofeo Allan Jefferies<\/p>\n<p>1962 EVENTO (Commentray por Stuart Hall)<\/p>\n<p>El Ilkley Grand National<\/p>\n<p>&nbsp;<\/p>\n<p>Una joya de Collecci\u00f3n<\/p>\n","protected":false},"excerpt":{"rendered":"<p>So This is Yorkshire &#8211; Trials History DVD<\/p>\n","protected":false},"featured_media":516,"comment_status":"open","ping_status":"closed","template":"","meta":[],"product_brand":[],"product_cat":[15],"product_tag":[],"class_list":{"0":"post-517","1":"product","2":"type-product","3":"status-publish","4":"has-post-thumbnail","6":"product_cat-uncategorized","8":"first","9":"instock","10":"taxable","11":"shipping-taxable","12":"purchasable","13":"product-type-simple"},"yoast_head":"<!-- This site is optimized with the Yoast SEO Premium plugin v21.2 (Yoast SEO v27.3) - https:\/\/yoast.com\/product\/yoast-seo-premium-wordpress\/ -->\n<title>So This is Yorkshire - Trials History DVD - Tienda de todotrial<\/title>\n<meta name=\"robots\" content=\"index, follow, max-snippet:-1, max-image-preview:large, max-video-preview:-1\" \/>\n<link rel=\"canonical\" href=\"https:\/\/todotrial.com\/tienda\/yorkshire-trials-history\/\" \/>\n<meta property=\"og:locale\" content=\"es_ES\" \/>\n<meta property=\"og:type\" content=\"article\" \/>\n<meta property=\"og:title\" content=\"So This is Yorkshire - Trials History DVD\" \/>\n<meta property=\"og:description\" content=\"So This is Yorkshire - Trials History DVD\" \/>\n<meta property=\"og:url\" content=\"https:\/\/todotrial.com\/tienda\/yorkshire-trials-history\/\" \/>\n<meta property=\"og:site_name\" content=\"Tienda de todotrial\" \/>\n<meta property=\"article:modified_time\" content=\"2025-02-20T16:35:10+00:00\" \/>\n<meta property=\"og:image\" content=\"https:\/\/todotrial.com\/tienda\/wp-content\/uploads\/2020\/07\/2124.jpg\" \/>\n\t<meta property=\"og:image:width\" content=\"360\" \/>\n\t<meta property=\"og:image:height\" content=\"513\" \/>\n\t<meta property=\"og:image:type\" content=\"image\/jpeg\" \/>\n<meta name=\"twitter:card\" content=\"summary_large_image\" \/>\n<meta name=\"twitter:label1\" content=\"Tiempo de lectura\" \/>\n\t<meta name=\"twitter:data1\" content=\"1 minuto\" \/>\n<script type=\"application\/ld+json\" class=\"yoast-schema-graph\">{\"@context\":\"https:\\\/\\\/schema.org\",\"@graph\":[{\"@type\":\"WebPage\",\"@id\":\"https:\\\/\\\/todotrial.com\\\/tienda\\\/yorkshire-trials-history\\\/\",\"url\":\"https:\\\/\\\/todotrial.com\\\/tienda\\\/yorkshire-trials-history\\\/\",\"name\":\"So This is Yorkshire - Trials History DVD - Tienda de todotrial\",\"isPartOf\":{\"@id\":\"https:\\\/\\\/todotrial.com\\\/tienda\\\/#website\"},\"primaryImageOfPage\":{\"@id\":\"https:\\\/\\\/todotrial.com\\\/tienda\\\/yorkshire-trials-history\\\/#primaryimage\"},\"image\":{\"@id\":\"https:\\\/\\\/todotrial.com\\\/tienda\\\/yorkshire-trials-history\\\/#primaryimage\"},\"thumbnailUrl\":\"https:\\\/\\\/todotrial.com\\\/tienda\\\/wp-content\\\/uploads\\\/2020\\\/07\\\/2124.jpg\",\"datePublished\":\"2020-07-02T14:57:11+00:00\",\"dateModified\":\"2025-02-20T16:35:10+00:00\",\"breadcrumb\":{\"@id\":\"https:\\\/\\\/todotrial.com\\\/tienda\\\/yorkshire-trials-history\\\/#breadcrumb\"},\"inLanguage\":\"es\",\"potentialAction\":[{\"@type\":\"ReadAction\",\"target\":[\"https:\\\/\\\/todotrial.com\\\/tienda\\\/yorkshire-trials-history\\\/\"]}]},{\"@type\":\"ImageObject\",\"inLanguage\":\"es\",\"@id\":\"https:\\\/\\\/todotrial.com\\\/tienda\\\/yorkshire-trials-history\\\/#primaryimage\",\"url\":\"https:\\\/\\\/todotrial.com\\\/tienda\\\/wp-content\\\/uploads\\\/2020\\\/07\\\/2124.jpg\",\"contentUrl\":\"https:\\\/\\\/todotrial.com\\\/tienda\\\/wp-content\\\/uploads\\\/2020\\\/07\\\/2124.jpg\",\"width\":360,\"height\":513},{\"@type\":\"BreadcrumbList\",\"@id\":\"https:\\\/\\\/todotrial.com\\\/tienda\\\/yorkshire-trials-history\\\/#breadcrumb\",\"itemListElement\":[{\"@type\":\"ListItem\",\"position\":1,\"name\":\"Portada\",\"item\":\"https:\\\/\\\/todotrial.com\\\/tienda\\\/\"},{\"@type\":\"ListItem\",\"position\":2,\"name\":\"Shop\",\"item\":\"https:\\\/\\\/todotrial.com\\\/tienda\\\/shop\\\/\"},{\"@type\":\"ListItem\",\"position\":3,\"name\":\"So This is Yorkshire &#8211; Trials History DVD\"}]},{\"@type\":\"WebSite\",\"@id\":\"https:\\\/\\\/todotrial.com\\\/tienda\\\/#website\",\"url\":\"https:\\\/\\\/todotrial.com\\\/tienda\\\/\",\"name\":\"Tienda de todotrial\",\"description\":\"\",\"potentialAction\":[{\"@type\":\"SearchAction\",\"target\":{\"@type\":\"EntryPoint\",\"urlTemplate\":\"https:\\\/\\\/todotrial.com\\\/tienda\\\/?s={search_term_string}\"},\"query-input\":{\"@type\":\"PropertyValueSpecification\",\"valueRequired\":true,\"valueName\":\"search_term_string\"}}],\"inLanguage\":\"es\"}]}<\/script>\n<!-- \/ Yoast SEO Premium plugin. -->","yoast_head_json":{"title":"So This is Yorkshire - Trials History DVD - Tienda de todotrial","robots":{"index":"index","follow":"follow","max-snippet":"max-snippet:-1","max-image-preview":"max-image-preview:large","max-video-preview":"max-video-preview:-1"},"canonical":"https:\/\/todotrial.com\/tienda\/yorkshire-trials-history\/","og_locale":"es_ES","og_type":"article","og_title":"So This is Yorkshire - Trials History DVD","og_description":"So This is Yorkshire - Trials History DVD","og_url":"https:\/\/todotrial.com\/tienda\/yorkshire-trials-history\/","og_site_name":"Tienda de todotrial","article_modified_time":"2025-02-20T16:35:10+00:00","og_image":[{"width":360,"height":513,"url":"https:\/\/todotrial.com\/tienda\/wp-content\/uploads\/2020\/07\/2124.jpg","type":"image\/jpeg"}],"twitter_card":"summary_large_image","twitter_misc":{"Tiempo de lectura":"1 minuto"},"schema":{"@context":"https:\/\/schema.org","@graph":[{"@type":"WebPage","@id":"https:\/\/todotrial.com\/tienda\/yorkshire-trials-history\/","url":"https:\/\/todotrial.com\/tienda\/yorkshire-trials-history\/","name":"So This is Yorkshire - Trials History DVD - Tienda de todotrial","isPartOf":{"@id":"https:\/\/todotrial.com\/tienda\/#website"},"primaryImageOfPage":{"@id":"https:\/\/todotrial.com\/tienda\/yorkshire-trials-history\/#primaryimage"},"image":{"@id":"https:\/\/todotrial.com\/tienda\/yorkshire-trials-history\/#primaryimage"},"thumbnailUrl":"https:\/\/todotrial.com\/tienda\/wp-content\/uploads\/2020\/07\/2124.jpg","datePublished":"2020-07-02T14:57:11+00:00","dateModified":"2025-02-20T16:35:10+00:00","breadcrumb":{"@id":"https:\/\/todotrial.com\/tienda\/yorkshire-trials-history\/#breadcrumb"},"inLanguage":"es","potentialAction":[{"@type":"ReadAction","target":["https:\/\/todotrial.com\/tienda\/yorkshire-trials-history\/"]}]},{"@type":"ImageObject","inLanguage":"es","@id":"https:\/\/todotrial.com\/tienda\/yorkshire-trials-history\/#primaryimage","url":"https:\/\/todotrial.com\/tienda\/wp-content\/uploads\/2020\/07\/2124.jpg","contentUrl":"https:\/\/todotrial.com\/tienda\/wp-content\/uploads\/2020\/07\/2124.jpg","width":360,"height":513},{"@type":"BreadcrumbList","@id":"https:\/\/todotrial.com\/tienda\/yorkshire-trials-history\/#breadcrumb","itemListElement":[{"@type":"ListItem","position":1,"name":"Portada","item":"https:\/\/todotrial.com\/tienda\/"},{"@type":"ListItem","position":2,"name":"Shop","item":"https:\/\/todotrial.com\/tienda\/shop\/"},{"@type":"ListItem","position":3,"name":"So This is Yorkshire &#8211; Trials History DVD"}]},{"@type":"WebSite","@id":"https:\/\/todotrial.com\/tienda\/#website","url":"https:\/\/todotrial.com\/tienda\/","name":"Tienda de todotrial","description":"","potentialAction":[{"@type":"SearchAction","target":{"@type":"EntryPoint","urlTemplate":"https:\/\/todotrial.com\/tienda\/?s={search_term_string}"},"query-input":{"@type":"PropertyValueSpecification","valueRequired":true,"valueName":"search_term_string"}}],"inLanguage":"es"}]}},"_links":{"self":[{"href":"https:\/\/todotrial.com\/tienda\/wp-json\/wp\/v2\/product\/517","targetHints":{"allow":["GET"]}}],"collection":[{"href":"https:\/\/todotrial.com\/tienda\/wp-json\/wp\/v2\/product"}],"about":[{"href":"https:\/\/todotrial.com\/tienda\/wp-json\/wp\/v2\/types\/product"}],"replies":[{"embeddable":true,"href":"https:\/\/todotrial.com\/tienda\/wp-json\/wp\/v2\/comments?post=517"}],"version-history":[{"count":0,"href":"https:\/\/todotrial.com\/tienda\/wp-json\/wp\/v2\/product\/517\/revisions"}],"wp:featuredmedia":[{"embeddable":true,"href":"https:\/\/todotrial.com\/tienda\/wp-json\/wp\/v2\/media\/516"}],"wp:attachment":[{"href":"https:\/\/todotrial.com\/tienda\/wp-json\/wp\/v2\/media?parent=517"}],"wp:term":[{"taxonomy":"product_brand","embeddable":true,"href":"https:\/\/todotrial.com\/tienda\/wp-json\/wp\/v2\/product_brand?post=517"},{"taxonomy":"product_cat","embeddable":true,"href":"https:\/\/todotrial.com\/tienda\/wp-json\/wp\/v2\/product_cat?post=517"},{"taxonomy":"product_tag","embeddable":true,"href":"https:\/\/todotrial.com\/tienda\/wp-json\/wp\/v2\/product_tag?post=517"}],"curies":[{"name":"wp","href":"https:\/\/api.w.org\/{rel}","templated":true}]}}