{"id":507,"date":"2020-07-02T14:56:31","date_gmt":"2020-07-02T14:56:31","guid":{"rendered":"https:\/\/todotrial.com\/tienda\/product\/dvd-the-ssdt-2009\/"},"modified":"2025-02-20T17:35:13","modified_gmt":"2025-02-20T16:35:13","slug":"dvd-the-ssdt-2009","status":"publish","type":"product","link":"https:\/\/todotrial.com\/tienda\/dvd-the-ssdt-2009\/","title":{"rendered":"The SSDT 2009"},"content":{"rendered":"<p>&nbsp;<span color=\"#000000\" face=\"Arial, Helvetica, sans-serif\" size=\"2\">Un completo reportaje de 3 horas en 2 DVDs, incluyendo 35 minutos de extras divertidos como las im\u00e1genes desde la c\u00e1mara del casco o la cavalgata del domingo.<\/span><\/p>\n<p>&nbsp;<span face=\"Arial, Helvetica, sans-serif\" size=\"2\">De nuevo 280 pilotos tomaron la salida en los m\u00edticos Seis D\u00edas de Escocia, pero ninguno dio la bienvenida al tiempo, en una semana dur\u00edsima de lluvias ininterrumpidas. Fue tanta la lluvia en esta edici\u00f3n, que la organizaci\u00f3n tuvo que cancelar el recorrido del jueves e improvisar sobre la marcha una nueva ruta, ya que la inicial era totalmente impracticable. <\/span><span face=\"Arial, Helvetica, sans-serif\" size=\"2\">edici\u00f3n, especialmente a los pilotos y controles, que sufrieron largos d\u00edas de lluvia y fr\u00edo y pese a ello manten\u00edan la sonrisa en su cara y segu\u00edan d\u00eda tras d\u00eda. <\/span><span face=\"Arial, Helvetica, sans-serif\" size=\"2\">Esta fue una de las ediciones m\u00e1s duras de los \u00faltimos a\u00f1os junto con la de 2007. <\/span><\/p>\n<p>&nbsp;<span face=\"Arial, Helvetica, sans-serif\" size=\"2\">Dougie Lampkin se puso l\u00edder el primer d\u00eda y se mantuvo hasta el final, pero en la pen\u00faltima zona del \u00faltimo d\u00eda un fiasco estuvo a punto de costarle la victoria. La edici\u00f3n de 2009 ser\u00e1 recordada durante mucho tiempo.<\/span><\/p>\n<p><span style=\"color: #000000; font-family: Arial,Helvetica,sans-serif; font-size: x-small;\" color=\"#000000\" face=\"Arial, Helvetica, sans-serif\" size=\"2\"><b>&nbsp;Idioma Ingl\u00e9s ( Aunque lo verdaderamente importante son las im\u00e1genes y el ruido ambiente)<\/b><\/span><\/p>\n","protected":false},"excerpt":{"rendered":"<p>DVD The SSDT 2009<\/p>\n","protected":false},"featured_media":506,"comment_status":"open","ping_status":"closed","template":"","meta":[],"product_brand":[],"product_cat":[15],"product_tag":[],"class_list":{"0":"post-507","1":"product","2":"type-product","3":"status-publish","4":"has-post-thumbnail","6":"product_cat-uncategorized","8":"first","9":"instock","10":"taxable","11":"shipping-taxable","12":"purchasable","13":"product-type-simple"},"yoast_head":"<!-- This site is optimized with the Yoast SEO Premium plugin v21.2 (Yoast SEO v27.3) - https:\/\/yoast.com\/product\/yoast-seo-premium-wordpress\/ -->\n<title>The SSDT 2009 - Tienda de todotrial<\/title>\n<meta name=\"robots\" content=\"index, follow, max-snippet:-1, max-image-preview:large, max-video-preview:-1\" \/>\n<link rel=\"canonical\" href=\"https:\/\/todotrial.com\/tienda\/dvd-the-ssdt-2009\/\" \/>\n<meta property=\"og:locale\" content=\"es_ES\" \/>\n<meta property=\"og:type\" content=\"article\" \/>\n<meta property=\"og:title\" content=\"The SSDT 2009\" \/>\n<meta property=\"og:description\" content=\"DVD The SSDT 2009\" \/>\n<meta property=\"og:url\" content=\"https:\/\/todotrial.com\/tienda\/dvd-the-ssdt-2009\/\" \/>\n<meta property=\"og:site_name\" content=\"Tienda de todotrial\" \/>\n<meta property=\"article:modified_time\" content=\"2025-02-20T16:35:13+00:00\" \/>\n<meta property=\"og:image\" content=\"https:\/\/todotrial.com\/tienda\/wp-content\/uploads\/2020\/07\/dvd-ssdt-2009-200.jpg\" \/>\n\t<meta property=\"og:image:width\" content=\"200\" \/>\n\t<meta property=\"og:image:height\" content=\"266\" \/>\n\t<meta property=\"og:image:type\" content=\"image\/jpeg\" \/>\n<meta name=\"twitter:card\" content=\"summary_large_image\" \/>\n<meta name=\"twitter:label1\" content=\"Tiempo de lectura\" \/>\n\t<meta name=\"twitter:data1\" content=\"1 minuto\" \/>\n<script type=\"application\/ld+json\" class=\"yoast-schema-graph\">{\"@context\":\"https:\\\/\\\/schema.org\",\"@graph\":[{\"@type\":\"WebPage\",\"@id\":\"https:\\\/\\\/todotrial.com\\\/tienda\\\/dvd-the-ssdt-2009\\\/\",\"url\":\"https:\\\/\\\/todotrial.com\\\/tienda\\\/dvd-the-ssdt-2009\\\/\",\"name\":\"The SSDT 2009 - Tienda de todotrial\",\"isPartOf\":{\"@id\":\"https:\\\/\\\/todotrial.com\\\/tienda\\\/#website\"},\"primaryImageOfPage\":{\"@id\":\"https:\\\/\\\/todotrial.com\\\/tienda\\\/dvd-the-ssdt-2009\\\/#primaryimage\"},\"image\":{\"@id\":\"https:\\\/\\\/todotrial.com\\\/tienda\\\/dvd-the-ssdt-2009\\\/#primaryimage\"},\"thumbnailUrl\":\"https:\\\/\\\/todotrial.com\\\/tienda\\\/wp-content\\\/uploads\\\/2020\\\/07\\\/dvd-ssdt-2009-200.jpg\",\"datePublished\":\"2020-07-02T14:56:31+00:00\",\"dateModified\":\"2025-02-20T16:35:13+00:00\",\"breadcrumb\":{\"@id\":\"https:\\\/\\\/todotrial.com\\\/tienda\\\/dvd-the-ssdt-2009\\\/#breadcrumb\"},\"inLanguage\":\"es\",\"potentialAction\":[{\"@type\":\"ReadAction\",\"target\":[\"https:\\\/\\\/todotrial.com\\\/tienda\\\/dvd-the-ssdt-2009\\\/\"]}]},{\"@type\":\"ImageObject\",\"inLanguage\":\"es\",\"@id\":\"https:\\\/\\\/todotrial.com\\\/tienda\\\/dvd-the-ssdt-2009\\\/#primaryimage\",\"url\":\"https:\\\/\\\/todotrial.com\\\/tienda\\\/wp-content\\\/uploads\\\/2020\\\/07\\\/dvd-ssdt-2009-200.jpg\",\"contentUrl\":\"https:\\\/\\\/todotrial.com\\\/tienda\\\/wp-content\\\/uploads\\\/2020\\\/07\\\/dvd-ssdt-2009-200.jpg\",\"width\":200,\"height\":266},{\"@type\":\"BreadcrumbList\",\"@id\":\"https:\\\/\\\/todotrial.com\\\/tienda\\\/dvd-the-ssdt-2009\\\/#breadcrumb\",\"itemListElement\":[{\"@type\":\"ListItem\",\"position\":1,\"name\":\"Portada\",\"item\":\"https:\\\/\\\/todotrial.com\\\/tienda\\\/\"},{\"@type\":\"ListItem\",\"position\":2,\"name\":\"Shop\",\"item\":\"https:\\\/\\\/todotrial.com\\\/tienda\\\/shop\\\/\"},{\"@type\":\"ListItem\",\"position\":3,\"name\":\"The SSDT 2009\"}]},{\"@type\":\"WebSite\",\"@id\":\"https:\\\/\\\/todotrial.com\\\/tienda\\\/#website\",\"url\":\"https:\\\/\\\/todotrial.com\\\/tienda\\\/\",\"name\":\"Tienda de todotrial\",\"description\":\"\",\"potentialAction\":[{\"@type\":\"SearchAction\",\"target\":{\"@type\":\"EntryPoint\",\"urlTemplate\":\"https:\\\/\\\/todotrial.com\\\/tienda\\\/?s={search_term_string}\"},\"query-input\":{\"@type\":\"PropertyValueSpecification\",\"valueRequired\":true,\"valueName\":\"search_term_string\"}}],\"inLanguage\":\"es\"}]}<\/script>\n<!-- \/ Yoast SEO Premium plugin. -->","yoast_head_json":{"title":"The SSDT 2009 - Tienda de todotrial","robots":{"index":"index","follow":"follow","max-snippet":"max-snippet:-1","max-image-preview":"max-image-preview:large","max-video-preview":"max-video-preview:-1"},"canonical":"https:\/\/todotrial.com\/tienda\/dvd-the-ssdt-2009\/","og_locale":"es_ES","og_type":"article","og_title":"The SSDT 2009","og_description":"DVD The SSDT 2009","og_url":"https:\/\/todotrial.com\/tienda\/dvd-the-ssdt-2009\/","og_site_name":"Tienda de todotrial","article_modified_time":"2025-02-20T16:35:13+00:00","og_image":[{"width":200,"height":266,"url":"https:\/\/todotrial.com\/tienda\/wp-content\/uploads\/2020\/07\/dvd-ssdt-2009-200.jpg","type":"image\/jpeg"}],"twitter_card":"summary_large_image","twitter_misc":{"Tiempo de lectura":"1 minuto"},"schema":{"@context":"https:\/\/schema.org","@graph":[{"@type":"WebPage","@id":"https:\/\/todotrial.com\/tienda\/dvd-the-ssdt-2009\/","url":"https:\/\/todotrial.com\/tienda\/dvd-the-ssdt-2009\/","name":"The SSDT 2009 - Tienda de todotrial","isPartOf":{"@id":"https:\/\/todotrial.com\/tienda\/#website"},"primaryImageOfPage":{"@id":"https:\/\/todotrial.com\/tienda\/dvd-the-ssdt-2009\/#primaryimage"},"image":{"@id":"https:\/\/todotrial.com\/tienda\/dvd-the-ssdt-2009\/#primaryimage"},"thumbnailUrl":"https:\/\/todotrial.com\/tienda\/wp-content\/uploads\/2020\/07\/dvd-ssdt-2009-200.jpg","datePublished":"2020-07-02T14:56:31+00:00","dateModified":"2025-02-20T16:35:13+00:00","breadcrumb":{"@id":"https:\/\/todotrial.com\/tienda\/dvd-the-ssdt-2009\/#breadcrumb"},"inLanguage":"es","potentialAction":[{"@type":"ReadAction","target":["https:\/\/todotrial.com\/tienda\/dvd-the-ssdt-2009\/"]}]},{"@type":"ImageObject","inLanguage":"es","@id":"https:\/\/todotrial.com\/tienda\/dvd-the-ssdt-2009\/#primaryimage","url":"https:\/\/todotrial.com\/tienda\/wp-content\/uploads\/2020\/07\/dvd-ssdt-2009-200.jpg","contentUrl":"https:\/\/todotrial.com\/tienda\/wp-content\/uploads\/2020\/07\/dvd-ssdt-2009-200.jpg","width":200,"height":266},{"@type":"BreadcrumbList","@id":"https:\/\/todotrial.com\/tienda\/dvd-the-ssdt-2009\/#breadcrumb","itemListElement":[{"@type":"ListItem","position":1,"name":"Portada","item":"https:\/\/todotrial.com\/tienda\/"},{"@type":"ListItem","position":2,"name":"Shop","item":"https:\/\/todotrial.com\/tienda\/shop\/"},{"@type":"ListItem","position":3,"name":"The SSDT 2009"}]},{"@type":"WebSite","@id":"https:\/\/todotrial.com\/tienda\/#website","url":"https:\/\/todotrial.com\/tienda\/","name":"Tienda de todotrial","description":"","potentialAction":[{"@type":"SearchAction","target":{"@type":"EntryPoint","urlTemplate":"https:\/\/todotrial.com\/tienda\/?s={search_term_string}"},"query-input":{"@type":"PropertyValueSpecification","valueRequired":true,"valueName":"search_term_string"}}],"inLanguage":"es"}]}},"_links":{"self":[{"href":"https:\/\/todotrial.com\/tienda\/wp-json\/wp\/v2\/product\/507","targetHints":{"allow":["GET"]}}],"collection":[{"href":"https:\/\/todotrial.com\/tienda\/wp-json\/wp\/v2\/product"}],"about":[{"href":"https:\/\/todotrial.com\/tienda\/wp-json\/wp\/v2\/types\/product"}],"replies":[{"embeddable":true,"href":"https:\/\/todotrial.com\/tienda\/wp-json\/wp\/v2\/comments?post=507"}],"version-history":[{"count":0,"href":"https:\/\/todotrial.com\/tienda\/wp-json\/wp\/v2\/product\/507\/revisions"}],"wp:featuredmedia":[{"embeddable":true,"href":"https:\/\/todotrial.com\/tienda\/wp-json\/wp\/v2\/media\/506"}],"wp:attachment":[{"href":"https:\/\/todotrial.com\/tienda\/wp-json\/wp\/v2\/media?parent=507"}],"wp:term":[{"taxonomy":"product_brand","embeddable":true,"href":"https:\/\/todotrial.com\/tienda\/wp-json\/wp\/v2\/product_brand?post=507"},{"taxonomy":"product_cat","embeddable":true,"href":"https:\/\/todotrial.com\/tienda\/wp-json\/wp\/v2\/product_cat?post=507"},{"taxonomy":"product_tag","embeddable":true,"href":"https:\/\/todotrial.com\/tienda\/wp-json\/wp\/v2\/product_tag?post=507"}],"curies":[{"name":"wp","href":"https:\/\/api.w.org\/{rel}","templated":true}]}}