{"id":503,"date":"2020-07-02T14:56:16","date_gmt":"2020-07-02T14:56:16","guid":{"rendered":"https:\/\/todotrial.com\/tienda\/product\/dvd-tria-naciones-2009\/"},"modified":"2025-02-20T17:35:15","modified_gmt":"2025-02-20T16:35:15","slug":"dvd-tria-naciones-2009","status":"publish","type":"product","link":"https:\/\/todotrial.com\/tienda\/dvd-tria-naciones-2009\/","title":{"rendered":"Trial de las Naciones 2009"},"content":{"rendered":"<p>DVD Trial de las Naciones 2009<\/p>\n<p>El Trial de las Naciones 2009 mostr\u00f3 a los mejores pilotos de 20 pa\u00edses de todo el mundo en Dar\u00edo Boario Terme, Italia.<\/p>\n<p>Este es el DVD oficial, que est\u00e1 lleno de acci\u00f3n de los hombres y mujeres que compitieron en el Trial de las Naciones, tanto en la categor\u00eda m\u00e1xima como en Trofeo Internacional para el Grupo 2, en la categor\u00eda de F\u00e9minas y tambi\u00e9n incluye la \u00faltima prueba del Campeonato Mundial del Trial Femenino. Las tres jornadas resumidas en este DVD.<\/p>\n<p>Las superestrellas del equipo espa\u00f1ol Toni Bou, Adam Raga, Jeroni Fajardo y Albert Cabestany no se vieron afectados por la lluvia y dominaron en todo momento. En el Trofeo Internacional, se vio como Alemania y la Rep\u00fablica Checa luchaban hasta el final.<\/p>\n<p>Laia Sanz portando el testigo de Espa\u00f1a se asegur\u00f3 el Campeonato Mundial de Trial Femenino para ver despu\u00e9s como Rebecca Cook como parte del equipo brit\u00e1nico femenino ayudaba a ganar a su equipo el Trial de las Naciones Femenino quedando Espa\u00f1a en un honroso 2\u00ba lugar.<\/p>\n<p>Duraci\u00f3n : 60 minutos. Lanzamiento: Diciembre 2009.<br \/>Idioma: Ingl\u00e9s ( Aunque lo verdaderamente importante son las im\u00e1genes y el ruido ambiente)<\/p>\n<p><span style=\"color: #000000; font-family: Arial,Helvetica,sans-serif; font-size: x-small;\" color=\"#000000\" face=\"Arial, Helvetica, sans-serif\" size=\"2\"><b>&nbsp;<\/b><\/span><\/p>\n","protected":false},"excerpt":{"rendered":"<p>DVD Trial de las Naciones 2009<\/p>\n","protected":false},"featured_media":502,"comment_status":"open","ping_status":"closed","template":"","meta":[],"product_brand":[],"product_cat":[15],"product_tag":[],"class_list":{"0":"post-503","1":"product","2":"type-product","3":"status-publish","4":"has-post-thumbnail","6":"product_cat-uncategorized","8":"first","9":"instock","10":"taxable","11":"shipping-taxable","12":"purchasable","13":"product-type-simple"},"yoast_head":"<!-- This site is optimized with the Yoast SEO Premium plugin v21.2 (Yoast SEO v27.3) - https:\/\/yoast.com\/product\/yoast-seo-premium-wordpress\/ -->\n<title>Trial de las Naciones 2009 - Tienda de todotrial<\/title>\n<meta name=\"robots\" content=\"index, follow, max-snippet:-1, max-image-preview:large, max-video-preview:-1\" \/>\n<link rel=\"canonical\" href=\"https:\/\/todotrial.com\/tienda\/dvd-tria-naciones-2009\/\" \/>\n<meta property=\"og:locale\" content=\"es_ES\" \/>\n<meta property=\"og:type\" content=\"article\" \/>\n<meta property=\"og:title\" content=\"Trial de las Naciones 2009\" \/>\n<meta property=\"og:description\" content=\"DVD Trial de las Naciones 2009\" \/>\n<meta property=\"og:url\" content=\"https:\/\/todotrial.com\/tienda\/dvd-tria-naciones-2009\/\" \/>\n<meta property=\"og:site_name\" content=\"Tienda de todotrial\" \/>\n<meta property=\"article:modified_time\" content=\"2025-02-20T16:35:15+00:00\" \/>\n<meta property=\"og:image\" content=\"https:\/\/todotrial.com\/tienda\/wp-content\/uploads\/2020\/07\/dvd-trial_des_nations_2009.jpg\" \/>\n\t<meta property=\"og:image:width\" content=\"200\" \/>\n\t<meta property=\"og:image:height\" content=\"285\" \/>\n\t<meta property=\"og:image:type\" content=\"image\/jpeg\" \/>\n<meta name=\"twitter:card\" content=\"summary_large_image\" \/>\n<meta name=\"twitter:label1\" content=\"Tiempo de lectura\" \/>\n\t<meta name=\"twitter:data1\" content=\"1 minuto\" \/>\n<script type=\"application\/ld+json\" class=\"yoast-schema-graph\">{\"@context\":\"https:\\\/\\\/schema.org\",\"@graph\":[{\"@type\":\"WebPage\",\"@id\":\"https:\\\/\\\/todotrial.com\\\/tienda\\\/dvd-tria-naciones-2009\\\/\",\"url\":\"https:\\\/\\\/todotrial.com\\\/tienda\\\/dvd-tria-naciones-2009\\\/\",\"name\":\"Trial de las Naciones 2009 - Tienda de todotrial\",\"isPartOf\":{\"@id\":\"https:\\\/\\\/todotrial.com\\\/tienda\\\/#website\"},\"primaryImageOfPage\":{\"@id\":\"https:\\\/\\\/todotrial.com\\\/tienda\\\/dvd-tria-naciones-2009\\\/#primaryimage\"},\"image\":{\"@id\":\"https:\\\/\\\/todotrial.com\\\/tienda\\\/dvd-tria-naciones-2009\\\/#primaryimage\"},\"thumbnailUrl\":\"https:\\\/\\\/todotrial.com\\\/tienda\\\/wp-content\\\/uploads\\\/2020\\\/07\\\/dvd-trial_des_nations_2009.jpg\",\"datePublished\":\"2020-07-02T14:56:16+00:00\",\"dateModified\":\"2025-02-20T16:35:15+00:00\",\"breadcrumb\":{\"@id\":\"https:\\\/\\\/todotrial.com\\\/tienda\\\/dvd-tria-naciones-2009\\\/#breadcrumb\"},\"inLanguage\":\"es\",\"potentialAction\":[{\"@type\":\"ReadAction\",\"target\":[\"https:\\\/\\\/todotrial.com\\\/tienda\\\/dvd-tria-naciones-2009\\\/\"]}]},{\"@type\":\"ImageObject\",\"inLanguage\":\"es\",\"@id\":\"https:\\\/\\\/todotrial.com\\\/tienda\\\/dvd-tria-naciones-2009\\\/#primaryimage\",\"url\":\"https:\\\/\\\/todotrial.com\\\/tienda\\\/wp-content\\\/uploads\\\/2020\\\/07\\\/dvd-trial_des_nations_2009.jpg\",\"contentUrl\":\"https:\\\/\\\/todotrial.com\\\/tienda\\\/wp-content\\\/uploads\\\/2020\\\/07\\\/dvd-trial_des_nations_2009.jpg\",\"width\":200,\"height\":285},{\"@type\":\"BreadcrumbList\",\"@id\":\"https:\\\/\\\/todotrial.com\\\/tienda\\\/dvd-tria-naciones-2009\\\/#breadcrumb\",\"itemListElement\":[{\"@type\":\"ListItem\",\"position\":1,\"name\":\"Portada\",\"item\":\"https:\\\/\\\/todotrial.com\\\/tienda\\\/\"},{\"@type\":\"ListItem\",\"position\":2,\"name\":\"Shop\",\"item\":\"https:\\\/\\\/todotrial.com\\\/tienda\\\/shop\\\/\"},{\"@type\":\"ListItem\",\"position\":3,\"name\":\"Trial de las Naciones 2009\"}]},{\"@type\":\"WebSite\",\"@id\":\"https:\\\/\\\/todotrial.com\\\/tienda\\\/#website\",\"url\":\"https:\\\/\\\/todotrial.com\\\/tienda\\\/\",\"name\":\"Tienda de todotrial\",\"description\":\"\",\"potentialAction\":[{\"@type\":\"SearchAction\",\"target\":{\"@type\":\"EntryPoint\",\"urlTemplate\":\"https:\\\/\\\/todotrial.com\\\/tienda\\\/?s={search_term_string}\"},\"query-input\":{\"@type\":\"PropertyValueSpecification\",\"valueRequired\":true,\"valueName\":\"search_term_string\"}}],\"inLanguage\":\"es\"}]}<\/script>\n<!-- \/ Yoast SEO Premium plugin. -->","yoast_head_json":{"title":"Trial de las Naciones 2009 - Tienda de todotrial","robots":{"index":"index","follow":"follow","max-snippet":"max-snippet:-1","max-image-preview":"max-image-preview:large","max-video-preview":"max-video-preview:-1"},"canonical":"https:\/\/todotrial.com\/tienda\/dvd-tria-naciones-2009\/","og_locale":"es_ES","og_type":"article","og_title":"Trial de las Naciones 2009","og_description":"DVD Trial de las Naciones 2009","og_url":"https:\/\/todotrial.com\/tienda\/dvd-tria-naciones-2009\/","og_site_name":"Tienda de todotrial","article_modified_time":"2025-02-20T16:35:15+00:00","og_image":[{"width":200,"height":285,"url":"https:\/\/todotrial.com\/tienda\/wp-content\/uploads\/2020\/07\/dvd-trial_des_nations_2009.jpg","type":"image\/jpeg"}],"twitter_card":"summary_large_image","twitter_misc":{"Tiempo de lectura":"1 minuto"},"schema":{"@context":"https:\/\/schema.org","@graph":[{"@type":"WebPage","@id":"https:\/\/todotrial.com\/tienda\/dvd-tria-naciones-2009\/","url":"https:\/\/todotrial.com\/tienda\/dvd-tria-naciones-2009\/","name":"Trial de las Naciones 2009 - Tienda de todotrial","isPartOf":{"@id":"https:\/\/todotrial.com\/tienda\/#website"},"primaryImageOfPage":{"@id":"https:\/\/todotrial.com\/tienda\/dvd-tria-naciones-2009\/#primaryimage"},"image":{"@id":"https:\/\/todotrial.com\/tienda\/dvd-tria-naciones-2009\/#primaryimage"},"thumbnailUrl":"https:\/\/todotrial.com\/tienda\/wp-content\/uploads\/2020\/07\/dvd-trial_des_nations_2009.jpg","datePublished":"2020-07-02T14:56:16+00:00","dateModified":"2025-02-20T16:35:15+00:00","breadcrumb":{"@id":"https:\/\/todotrial.com\/tienda\/dvd-tria-naciones-2009\/#breadcrumb"},"inLanguage":"es","potentialAction":[{"@type":"ReadAction","target":["https:\/\/todotrial.com\/tienda\/dvd-tria-naciones-2009\/"]}]},{"@type":"ImageObject","inLanguage":"es","@id":"https:\/\/todotrial.com\/tienda\/dvd-tria-naciones-2009\/#primaryimage","url":"https:\/\/todotrial.com\/tienda\/wp-content\/uploads\/2020\/07\/dvd-trial_des_nations_2009.jpg","contentUrl":"https:\/\/todotrial.com\/tienda\/wp-content\/uploads\/2020\/07\/dvd-trial_des_nations_2009.jpg","width":200,"height":285},{"@type":"BreadcrumbList","@id":"https:\/\/todotrial.com\/tienda\/dvd-tria-naciones-2009\/#breadcrumb","itemListElement":[{"@type":"ListItem","position":1,"name":"Portada","item":"https:\/\/todotrial.com\/tienda\/"},{"@type":"ListItem","position":2,"name":"Shop","item":"https:\/\/todotrial.com\/tienda\/shop\/"},{"@type":"ListItem","position":3,"name":"Trial de las Naciones 2009"}]},{"@type":"WebSite","@id":"https:\/\/todotrial.com\/tienda\/#website","url":"https:\/\/todotrial.com\/tienda\/","name":"Tienda de todotrial","description":"","potentialAction":[{"@type":"SearchAction","target":{"@type":"EntryPoint","urlTemplate":"https:\/\/todotrial.com\/tienda\/?s={search_term_string}"},"query-input":{"@type":"PropertyValueSpecification","valueRequired":true,"valueName":"search_term_string"}}],"inLanguage":"es"}]}},"_links":{"self":[{"href":"https:\/\/todotrial.com\/tienda\/wp-json\/wp\/v2\/product\/503","targetHints":{"allow":["GET"]}}],"collection":[{"href":"https:\/\/todotrial.com\/tienda\/wp-json\/wp\/v2\/product"}],"about":[{"href":"https:\/\/todotrial.com\/tienda\/wp-json\/wp\/v2\/types\/product"}],"replies":[{"embeddable":true,"href":"https:\/\/todotrial.com\/tienda\/wp-json\/wp\/v2\/comments?post=503"}],"version-history":[{"count":0,"href":"https:\/\/todotrial.com\/tienda\/wp-json\/wp\/v2\/product\/503\/revisions"}],"wp:featuredmedia":[{"embeddable":true,"href":"https:\/\/todotrial.com\/tienda\/wp-json\/wp\/v2\/media\/502"}],"wp:attachment":[{"href":"https:\/\/todotrial.com\/tienda\/wp-json\/wp\/v2\/media?parent=503"}],"wp:term":[{"taxonomy":"product_brand","embeddable":true,"href":"https:\/\/todotrial.com\/tienda\/wp-json\/wp\/v2\/product_brand?post=503"},{"taxonomy":"product_cat","embeddable":true,"href":"https:\/\/todotrial.com\/tienda\/wp-json\/wp\/v2\/product_cat?post=503"},{"taxonomy":"product_tag","embeddable":true,"href":"https:\/\/todotrial.com\/tienda\/wp-json\/wp\/v2\/product_tag?post=503"}],"curies":[{"name":"wp","href":"https:\/\/api.w.org\/{rel}","templated":true}]}}