{"id":499,"date":"2020-07-02T14:55:58","date_gmt":"2020-07-02T14:55:58","guid":{"rendered":"https:\/\/todotrial.com\/tienda\/product\/dvd-scottish-pre-65-2010\/"},"modified":"2025-02-20T17:35:17","modified_gmt":"2025-02-20T16:35:17","slug":"dvd-scottish-pre-65-2010","status":"publish","type":"product","link":"https:\/\/todotrial.com\/tienda\/dvd-scottish-pre-65-2010\/","title":{"rendered":"Scottish Trial Pre 65 2010"},"content":{"rendered":"<p>DVD The Scottish Pre 65 2010<\/p>\n<p>Una vez m\u00e1s, el Scottish Pre 65 tuvo sobreinscripci\u00f3n y muchos pilotos se tuvieron que quedar fuera. Esta prueba anual de dos d\u00edas volvi\u00f3 a ser el trial de cl\u00e1sicas referencia, en el que todos quer\u00edan estar.<\/p>\n<p>Si ves las clasificaciones podr\u00edas pensar que es f\u00e1cil, pero nada de eso. Como los mejores consiguen finalizar con tan pocos puntos es increible. Hay historias dignas de ser contadas, podr\u00eda Paul Heys ganar otra vez contra otros 179 pilotos entre los que se inclu\u00edan Calvert, Morewood, Gaunt, Grant, Thorpe, Steve Saunders y muchos m\u00e1s?<\/p>\n<p>El tiempo fue agradable, los espectadores acudieron como siempre. Kinlochleven durante el viernes 30 de abril y el s\u00e1bado 1 de mayo fue simplemente fant\u00e1stico. Gracias al Edinburg &amp; District Club por permitir realizar este video de los Scottish Pre 65 2010, de 120 minutos de duraci\u00f3n.<\/p>\n<p>Idioma: Ingl\u00e9s ( Aunque lo verdaderamente importante son las im\u00e1genes y el ruido ambiente)<\/p>\n","protected":false},"excerpt":{"rendered":"<p>DVD The Scottish Pre 65 2010<\/p>\n","protected":false},"featured_media":498,"comment_status":"open","ping_status":"closed","template":"","meta":[],"product_brand":[],"product_cat":[15],"product_tag":[],"class_list":{"0":"post-499","1":"product","2":"type-product","3":"status-publish","4":"has-post-thumbnail","6":"product_cat-uncategorized","8":"first","9":"outofstock","10":"taxable","11":"shipping-taxable","12":"purchasable","13":"product-type-simple"},"yoast_head":"<!-- This site is optimized with the Yoast SEO Premium plugin v21.2 (Yoast SEO v27.3) - https:\/\/yoast.com\/product\/yoast-seo-premium-wordpress\/ -->\n<title>Scottish Trial Pre 65 2010 - Tienda de todotrial<\/title>\n<meta name=\"robots\" content=\"index, follow, max-snippet:-1, max-image-preview:large, max-video-preview:-1\" \/>\n<link rel=\"canonical\" href=\"https:\/\/todotrial.com\/tienda\/dvd-scottish-pre-65-2010\/\" \/>\n<meta property=\"og:locale\" content=\"es_ES\" \/>\n<meta property=\"og:type\" content=\"article\" \/>\n<meta property=\"og:title\" content=\"Scottish Trial Pre 65 2010\" \/>\n<meta property=\"og:description\" content=\"DVD The Scottish Pre 65 2010\" \/>\n<meta property=\"og:url\" content=\"https:\/\/todotrial.com\/tienda\/dvd-scottish-pre-65-2010\/\" \/>\n<meta property=\"og:site_name\" content=\"Tienda de todotrial\" \/>\n<meta property=\"article:modified_time\" content=\"2025-02-20T16:35:17+00:00\" \/>\n<meta property=\"og:image\" content=\"https:\/\/todotrial.com\/tienda\/wp-content\/uploads\/2020\/07\/dvd-scottishpre65-2010.jpg\" \/>\n\t<meta property=\"og:image:width\" content=\"200\" \/>\n\t<meta property=\"og:image:height\" content=\"282\" \/>\n\t<meta property=\"og:image:type\" content=\"image\/jpeg\" \/>\n<meta name=\"twitter:card\" content=\"summary_large_image\" \/>\n<meta name=\"twitter:label1\" content=\"Tiempo de lectura\" \/>\n\t<meta name=\"twitter:data1\" content=\"1 minuto\" \/>\n<script type=\"application\/ld+json\" class=\"yoast-schema-graph\">{\"@context\":\"https:\\\/\\\/schema.org\",\"@graph\":[{\"@type\":\"WebPage\",\"@id\":\"https:\\\/\\\/todotrial.com\\\/tienda\\\/dvd-scottish-pre-65-2010\\\/\",\"url\":\"https:\\\/\\\/todotrial.com\\\/tienda\\\/dvd-scottish-pre-65-2010\\\/\",\"name\":\"Scottish Trial Pre 65 2010 - Tienda de todotrial\",\"isPartOf\":{\"@id\":\"https:\\\/\\\/todotrial.com\\\/tienda\\\/#website\"},\"primaryImageOfPage\":{\"@id\":\"https:\\\/\\\/todotrial.com\\\/tienda\\\/dvd-scottish-pre-65-2010\\\/#primaryimage\"},\"image\":{\"@id\":\"https:\\\/\\\/todotrial.com\\\/tienda\\\/dvd-scottish-pre-65-2010\\\/#primaryimage\"},\"thumbnailUrl\":\"https:\\\/\\\/todotrial.com\\\/tienda\\\/wp-content\\\/uploads\\\/2020\\\/07\\\/dvd-scottishpre65-2010.jpg\",\"datePublished\":\"2020-07-02T14:55:58+00:00\",\"dateModified\":\"2025-02-20T16:35:17+00:00\",\"breadcrumb\":{\"@id\":\"https:\\\/\\\/todotrial.com\\\/tienda\\\/dvd-scottish-pre-65-2010\\\/#breadcrumb\"},\"inLanguage\":\"es\",\"potentialAction\":[{\"@type\":\"ReadAction\",\"target\":[\"https:\\\/\\\/todotrial.com\\\/tienda\\\/dvd-scottish-pre-65-2010\\\/\"]}]},{\"@type\":\"ImageObject\",\"inLanguage\":\"es\",\"@id\":\"https:\\\/\\\/todotrial.com\\\/tienda\\\/dvd-scottish-pre-65-2010\\\/#primaryimage\",\"url\":\"https:\\\/\\\/todotrial.com\\\/tienda\\\/wp-content\\\/uploads\\\/2020\\\/07\\\/dvd-scottishpre65-2010.jpg\",\"contentUrl\":\"https:\\\/\\\/todotrial.com\\\/tienda\\\/wp-content\\\/uploads\\\/2020\\\/07\\\/dvd-scottishpre65-2010.jpg\",\"width\":200,\"height\":282},{\"@type\":\"BreadcrumbList\",\"@id\":\"https:\\\/\\\/todotrial.com\\\/tienda\\\/dvd-scottish-pre-65-2010\\\/#breadcrumb\",\"itemListElement\":[{\"@type\":\"ListItem\",\"position\":1,\"name\":\"Portada\",\"item\":\"https:\\\/\\\/todotrial.com\\\/tienda\\\/\"},{\"@type\":\"ListItem\",\"position\":2,\"name\":\"Shop\",\"item\":\"https:\\\/\\\/todotrial.com\\\/tienda\\\/shop\\\/\"},{\"@type\":\"ListItem\",\"position\":3,\"name\":\"Scottish Trial Pre 65 2010\"}]},{\"@type\":\"WebSite\",\"@id\":\"https:\\\/\\\/todotrial.com\\\/tienda\\\/#website\",\"url\":\"https:\\\/\\\/todotrial.com\\\/tienda\\\/\",\"name\":\"Tienda de todotrial\",\"description\":\"\",\"potentialAction\":[{\"@type\":\"SearchAction\",\"target\":{\"@type\":\"EntryPoint\",\"urlTemplate\":\"https:\\\/\\\/todotrial.com\\\/tienda\\\/?s={search_term_string}\"},\"query-input\":{\"@type\":\"PropertyValueSpecification\",\"valueRequired\":true,\"valueName\":\"search_term_string\"}}],\"inLanguage\":\"es\"}]}<\/script>\n<!-- \/ Yoast SEO Premium plugin. -->","yoast_head_json":{"title":"Scottish Trial Pre 65 2010 - Tienda de todotrial","robots":{"index":"index","follow":"follow","max-snippet":"max-snippet:-1","max-image-preview":"max-image-preview:large","max-video-preview":"max-video-preview:-1"},"canonical":"https:\/\/todotrial.com\/tienda\/dvd-scottish-pre-65-2010\/","og_locale":"es_ES","og_type":"article","og_title":"Scottish Trial Pre 65 2010","og_description":"DVD The Scottish Pre 65 2010","og_url":"https:\/\/todotrial.com\/tienda\/dvd-scottish-pre-65-2010\/","og_site_name":"Tienda de todotrial","article_modified_time":"2025-02-20T16:35:17+00:00","og_image":[{"width":200,"height":282,"url":"https:\/\/todotrial.com\/tienda\/wp-content\/uploads\/2020\/07\/dvd-scottishpre65-2010.jpg","type":"image\/jpeg"}],"twitter_card":"summary_large_image","twitter_misc":{"Tiempo de lectura":"1 minuto"},"schema":{"@context":"https:\/\/schema.org","@graph":[{"@type":"WebPage","@id":"https:\/\/todotrial.com\/tienda\/dvd-scottish-pre-65-2010\/","url":"https:\/\/todotrial.com\/tienda\/dvd-scottish-pre-65-2010\/","name":"Scottish Trial Pre 65 2010 - Tienda de todotrial","isPartOf":{"@id":"https:\/\/todotrial.com\/tienda\/#website"},"primaryImageOfPage":{"@id":"https:\/\/todotrial.com\/tienda\/dvd-scottish-pre-65-2010\/#primaryimage"},"image":{"@id":"https:\/\/todotrial.com\/tienda\/dvd-scottish-pre-65-2010\/#primaryimage"},"thumbnailUrl":"https:\/\/todotrial.com\/tienda\/wp-content\/uploads\/2020\/07\/dvd-scottishpre65-2010.jpg","datePublished":"2020-07-02T14:55:58+00:00","dateModified":"2025-02-20T16:35:17+00:00","breadcrumb":{"@id":"https:\/\/todotrial.com\/tienda\/dvd-scottish-pre-65-2010\/#breadcrumb"},"inLanguage":"es","potentialAction":[{"@type":"ReadAction","target":["https:\/\/todotrial.com\/tienda\/dvd-scottish-pre-65-2010\/"]}]},{"@type":"ImageObject","inLanguage":"es","@id":"https:\/\/todotrial.com\/tienda\/dvd-scottish-pre-65-2010\/#primaryimage","url":"https:\/\/todotrial.com\/tienda\/wp-content\/uploads\/2020\/07\/dvd-scottishpre65-2010.jpg","contentUrl":"https:\/\/todotrial.com\/tienda\/wp-content\/uploads\/2020\/07\/dvd-scottishpre65-2010.jpg","width":200,"height":282},{"@type":"BreadcrumbList","@id":"https:\/\/todotrial.com\/tienda\/dvd-scottish-pre-65-2010\/#breadcrumb","itemListElement":[{"@type":"ListItem","position":1,"name":"Portada","item":"https:\/\/todotrial.com\/tienda\/"},{"@type":"ListItem","position":2,"name":"Shop","item":"https:\/\/todotrial.com\/tienda\/shop\/"},{"@type":"ListItem","position":3,"name":"Scottish Trial Pre 65 2010"}]},{"@type":"WebSite","@id":"https:\/\/todotrial.com\/tienda\/#website","url":"https:\/\/todotrial.com\/tienda\/","name":"Tienda de todotrial","description":"","potentialAction":[{"@type":"SearchAction","target":{"@type":"EntryPoint","urlTemplate":"https:\/\/todotrial.com\/tienda\/?s={search_term_string}"},"query-input":{"@type":"PropertyValueSpecification","valueRequired":true,"valueName":"search_term_string"}}],"inLanguage":"es"}]}},"_links":{"self":[{"href":"https:\/\/todotrial.com\/tienda\/wp-json\/wp\/v2\/product\/499","targetHints":{"allow":["GET"]}}],"collection":[{"href":"https:\/\/todotrial.com\/tienda\/wp-json\/wp\/v2\/product"}],"about":[{"href":"https:\/\/todotrial.com\/tienda\/wp-json\/wp\/v2\/types\/product"}],"replies":[{"embeddable":true,"href":"https:\/\/todotrial.com\/tienda\/wp-json\/wp\/v2\/comments?post=499"}],"version-history":[{"count":0,"href":"https:\/\/todotrial.com\/tienda\/wp-json\/wp\/v2\/product\/499\/revisions"}],"wp:featuredmedia":[{"embeddable":true,"href":"https:\/\/todotrial.com\/tienda\/wp-json\/wp\/v2\/media\/498"}],"wp:attachment":[{"href":"https:\/\/todotrial.com\/tienda\/wp-json\/wp\/v2\/media?parent=499"}],"wp:term":[{"taxonomy":"product_brand","embeddable":true,"href":"https:\/\/todotrial.com\/tienda\/wp-json\/wp\/v2\/product_brand?post=499"},{"taxonomy":"product_cat","embeddable":true,"href":"https:\/\/todotrial.com\/tienda\/wp-json\/wp\/v2\/product_cat?post=499"},{"taxonomy":"product_tag","embeddable":true,"href":"https:\/\/todotrial.com\/tienda\/wp-json\/wp\/v2\/product_tag?post=499"}],"curies":[{"name":"wp","href":"https:\/\/api.w.org\/{rel}","templated":true}]}}