{"id":497,"date":"2020-07-02T14:55:54","date_gmt":"2020-07-02T14:55:54","guid":{"rendered":"https:\/\/todotrial.com\/tienda\/product\/dvd-ssdt-2010\/"},"modified":"2025-02-20T17:35:18","modified_gmt":"2025-02-20T16:35:18","slug":"dvd-ssdt-2010","status":"publish","type":"product","link":"https:\/\/todotrial.com\/tienda\/dvd-ssdt-2010\/","title":{"rendered":"The SSDT 2010"},"content":{"rendered":"<p>DVD The SSDT 2010<\/p>\n<p>Un completo reportaje de 3 horas en 2 DVDs con las mejores im\u00e1genes de los SSDT 2010. Los Scottish 2010 fueron esta vez un poco m\u00e1s favorables gracias al tiempo. La lluvia no se dej\u00f3 ver demasiado durante la semana, haciendo de este un a\u00f1o para recordar.<\/p>\n<p>Con los ganadores de las ediciones previas, Dougie Lampkin, Sam Connor y James Dabill luchando con las promesas Michael Brown, Alexz Wigg, los Hemingway, el debutante Cabestany y muchos m\u00e1s, el desaf\u00edo fue intenso. As\u00ed la edici\u00f3n 2010 se convirti\u00f3 en una de las m\u00e1s emocionantes, llegando al sexto d\u00eda con varios pilotos con muchas posibilidades de ganar. Sin embargo todo apuntaba a que habr\u00eda un nuevo nombre a inscribir en el trofeo de los vencedores, y as\u00ed fue.<\/p>\n<p>Este es el DVD oficial de los SSDT 2010, incluye 2 DVDs en los que aparece la mayor\u00eda de los 280 participantes que tomaron parte en la prueba.<\/p>\n<p>Idioma: Ingl\u00e9s ( Aunque lo verdaderamente importante son las im\u00e1genes y el ruido ambiente)<\/p>\n","protected":false},"excerpt":{"rendered":"<p>DVD The SSDT 2010<\/p>\n","protected":false},"featured_media":496,"comment_status":"open","ping_status":"closed","template":"","meta":[],"product_brand":[],"product_cat":[15],"product_tag":[],"class_list":{"0":"post-497","1":"product","2":"type-product","3":"status-publish","4":"has-post-thumbnail","6":"product_cat-uncategorized","8":"first","9":"instock","10":"taxable","11":"shipping-taxable","12":"purchasable","13":"product-type-simple"},"yoast_head":"<!-- This site is optimized with the Yoast SEO Premium plugin v21.2 (Yoast SEO v27.3) - https:\/\/yoast.com\/product\/yoast-seo-premium-wordpress\/ -->\n<title>The SSDT 2010 - Tienda de todotrial<\/title>\n<meta name=\"robots\" content=\"index, follow, max-snippet:-1, max-image-preview:large, max-video-preview:-1\" \/>\n<link rel=\"canonical\" href=\"https:\/\/todotrial.com\/tienda\/dvd-ssdt-2010\/\" \/>\n<meta property=\"og:locale\" content=\"es_ES\" \/>\n<meta property=\"og:type\" content=\"article\" \/>\n<meta property=\"og:title\" content=\"The SSDT 2010\" \/>\n<meta property=\"og:description\" content=\"DVD The SSDT 2010\" \/>\n<meta property=\"og:url\" content=\"https:\/\/todotrial.com\/tienda\/dvd-ssdt-2010\/\" \/>\n<meta property=\"og:site_name\" content=\"Tienda de todotrial\" \/>\n<meta property=\"article:modified_time\" content=\"2025-02-20T16:35:18+00:00\" \/>\n<meta property=\"og:image\" content=\"https:\/\/todotrial.com\/tienda\/wp-content\/uploads\/2020\/07\/dvd-ssdt-2010.jpg\" \/>\n\t<meta property=\"og:image:width\" content=\"200\" \/>\n\t<meta property=\"og:image:height\" content=\"280\" \/>\n\t<meta property=\"og:image:type\" content=\"image\/jpeg\" \/>\n<meta name=\"twitter:card\" content=\"summary_large_image\" \/>\n<meta name=\"twitter:label1\" content=\"Tiempo de lectura\" \/>\n\t<meta name=\"twitter:data1\" content=\"1 minuto\" \/>\n<script type=\"application\/ld+json\" class=\"yoast-schema-graph\">{\"@context\":\"https:\\\/\\\/schema.org\",\"@graph\":[{\"@type\":\"WebPage\",\"@id\":\"https:\\\/\\\/todotrial.com\\\/tienda\\\/dvd-ssdt-2010\\\/\",\"url\":\"https:\\\/\\\/todotrial.com\\\/tienda\\\/dvd-ssdt-2010\\\/\",\"name\":\"The SSDT 2010 - Tienda de todotrial\",\"isPartOf\":{\"@id\":\"https:\\\/\\\/todotrial.com\\\/tienda\\\/#website\"},\"primaryImageOfPage\":{\"@id\":\"https:\\\/\\\/todotrial.com\\\/tienda\\\/dvd-ssdt-2010\\\/#primaryimage\"},\"image\":{\"@id\":\"https:\\\/\\\/todotrial.com\\\/tienda\\\/dvd-ssdt-2010\\\/#primaryimage\"},\"thumbnailUrl\":\"https:\\\/\\\/todotrial.com\\\/tienda\\\/wp-content\\\/uploads\\\/2020\\\/07\\\/dvd-ssdt-2010.jpg\",\"datePublished\":\"2020-07-02T14:55:54+00:00\",\"dateModified\":\"2025-02-20T16:35:18+00:00\",\"breadcrumb\":{\"@id\":\"https:\\\/\\\/todotrial.com\\\/tienda\\\/dvd-ssdt-2010\\\/#breadcrumb\"},\"inLanguage\":\"es\",\"potentialAction\":[{\"@type\":\"ReadAction\",\"target\":[\"https:\\\/\\\/todotrial.com\\\/tienda\\\/dvd-ssdt-2010\\\/\"]}]},{\"@type\":\"ImageObject\",\"inLanguage\":\"es\",\"@id\":\"https:\\\/\\\/todotrial.com\\\/tienda\\\/dvd-ssdt-2010\\\/#primaryimage\",\"url\":\"https:\\\/\\\/todotrial.com\\\/tienda\\\/wp-content\\\/uploads\\\/2020\\\/07\\\/dvd-ssdt-2010.jpg\",\"contentUrl\":\"https:\\\/\\\/todotrial.com\\\/tienda\\\/wp-content\\\/uploads\\\/2020\\\/07\\\/dvd-ssdt-2010.jpg\",\"width\":200,\"height\":280},{\"@type\":\"BreadcrumbList\",\"@id\":\"https:\\\/\\\/todotrial.com\\\/tienda\\\/dvd-ssdt-2010\\\/#breadcrumb\",\"itemListElement\":[{\"@type\":\"ListItem\",\"position\":1,\"name\":\"Portada\",\"item\":\"https:\\\/\\\/todotrial.com\\\/tienda\\\/\"},{\"@type\":\"ListItem\",\"position\":2,\"name\":\"Shop\",\"item\":\"https:\\\/\\\/todotrial.com\\\/tienda\\\/shop\\\/\"},{\"@type\":\"ListItem\",\"position\":3,\"name\":\"The SSDT 2010\"}]},{\"@type\":\"WebSite\",\"@id\":\"https:\\\/\\\/todotrial.com\\\/tienda\\\/#website\",\"url\":\"https:\\\/\\\/todotrial.com\\\/tienda\\\/\",\"name\":\"Tienda de todotrial\",\"description\":\"\",\"potentialAction\":[{\"@type\":\"SearchAction\",\"target\":{\"@type\":\"EntryPoint\",\"urlTemplate\":\"https:\\\/\\\/todotrial.com\\\/tienda\\\/?s={search_term_string}\"},\"query-input\":{\"@type\":\"PropertyValueSpecification\",\"valueRequired\":true,\"valueName\":\"search_term_string\"}}],\"inLanguage\":\"es\"}]}<\/script>\n<!-- \/ Yoast SEO Premium plugin. -->","yoast_head_json":{"title":"The SSDT 2010 - Tienda de todotrial","robots":{"index":"index","follow":"follow","max-snippet":"max-snippet:-1","max-image-preview":"max-image-preview:large","max-video-preview":"max-video-preview:-1"},"canonical":"https:\/\/todotrial.com\/tienda\/dvd-ssdt-2010\/","og_locale":"es_ES","og_type":"article","og_title":"The SSDT 2010","og_description":"DVD The SSDT 2010","og_url":"https:\/\/todotrial.com\/tienda\/dvd-ssdt-2010\/","og_site_name":"Tienda de todotrial","article_modified_time":"2025-02-20T16:35:18+00:00","og_image":[{"width":200,"height":280,"url":"https:\/\/todotrial.com\/tienda\/wp-content\/uploads\/2020\/07\/dvd-ssdt-2010.jpg","type":"image\/jpeg"}],"twitter_card":"summary_large_image","twitter_misc":{"Tiempo de lectura":"1 minuto"},"schema":{"@context":"https:\/\/schema.org","@graph":[{"@type":"WebPage","@id":"https:\/\/todotrial.com\/tienda\/dvd-ssdt-2010\/","url":"https:\/\/todotrial.com\/tienda\/dvd-ssdt-2010\/","name":"The SSDT 2010 - Tienda de todotrial","isPartOf":{"@id":"https:\/\/todotrial.com\/tienda\/#website"},"primaryImageOfPage":{"@id":"https:\/\/todotrial.com\/tienda\/dvd-ssdt-2010\/#primaryimage"},"image":{"@id":"https:\/\/todotrial.com\/tienda\/dvd-ssdt-2010\/#primaryimage"},"thumbnailUrl":"https:\/\/todotrial.com\/tienda\/wp-content\/uploads\/2020\/07\/dvd-ssdt-2010.jpg","datePublished":"2020-07-02T14:55:54+00:00","dateModified":"2025-02-20T16:35:18+00:00","breadcrumb":{"@id":"https:\/\/todotrial.com\/tienda\/dvd-ssdt-2010\/#breadcrumb"},"inLanguage":"es","potentialAction":[{"@type":"ReadAction","target":["https:\/\/todotrial.com\/tienda\/dvd-ssdt-2010\/"]}]},{"@type":"ImageObject","inLanguage":"es","@id":"https:\/\/todotrial.com\/tienda\/dvd-ssdt-2010\/#primaryimage","url":"https:\/\/todotrial.com\/tienda\/wp-content\/uploads\/2020\/07\/dvd-ssdt-2010.jpg","contentUrl":"https:\/\/todotrial.com\/tienda\/wp-content\/uploads\/2020\/07\/dvd-ssdt-2010.jpg","width":200,"height":280},{"@type":"BreadcrumbList","@id":"https:\/\/todotrial.com\/tienda\/dvd-ssdt-2010\/#breadcrumb","itemListElement":[{"@type":"ListItem","position":1,"name":"Portada","item":"https:\/\/todotrial.com\/tienda\/"},{"@type":"ListItem","position":2,"name":"Shop","item":"https:\/\/todotrial.com\/tienda\/shop\/"},{"@type":"ListItem","position":3,"name":"The SSDT 2010"}]},{"@type":"WebSite","@id":"https:\/\/todotrial.com\/tienda\/#website","url":"https:\/\/todotrial.com\/tienda\/","name":"Tienda de todotrial","description":"","potentialAction":[{"@type":"SearchAction","target":{"@type":"EntryPoint","urlTemplate":"https:\/\/todotrial.com\/tienda\/?s={search_term_string}"},"query-input":{"@type":"PropertyValueSpecification","valueRequired":true,"valueName":"search_term_string"}}],"inLanguage":"es"}]}},"_links":{"self":[{"href":"https:\/\/todotrial.com\/tienda\/wp-json\/wp\/v2\/product\/497","targetHints":{"allow":["GET"]}}],"collection":[{"href":"https:\/\/todotrial.com\/tienda\/wp-json\/wp\/v2\/product"}],"about":[{"href":"https:\/\/todotrial.com\/tienda\/wp-json\/wp\/v2\/types\/product"}],"replies":[{"embeddable":true,"href":"https:\/\/todotrial.com\/tienda\/wp-json\/wp\/v2\/comments?post=497"}],"version-history":[{"count":0,"href":"https:\/\/todotrial.com\/tienda\/wp-json\/wp\/v2\/product\/497\/revisions"}],"wp:featuredmedia":[{"embeddable":true,"href":"https:\/\/todotrial.com\/tienda\/wp-json\/wp\/v2\/media\/496"}],"wp:attachment":[{"href":"https:\/\/todotrial.com\/tienda\/wp-json\/wp\/v2\/media?parent=497"}],"wp:term":[{"taxonomy":"product_brand","embeddable":true,"href":"https:\/\/todotrial.com\/tienda\/wp-json\/wp\/v2\/product_brand?post=497"},{"taxonomy":"product_cat","embeddable":true,"href":"https:\/\/todotrial.com\/tienda\/wp-json\/wp\/v2\/product_cat?post=497"},{"taxonomy":"product_tag","embeddable":true,"href":"https:\/\/todotrial.com\/tienda\/wp-json\/wp\/v2\/product_tag?post=497"}],"curies":[{"name":"wp","href":"https:\/\/api.w.org\/{rel}","templated":true}]}}