{"id":489,"date":"2020-07-02T14:55:23","date_gmt":"2020-07-02T14:55:23","guid":{"rendered":"https:\/\/todotrial.com\/tienda\/product\/scottish-pre-65-2011\/"},"modified":"2025-02-20T17:35:20","modified_gmt":"2025-02-20T16:35:20","slug":"scottish-pre-65-2011","status":"publish","type":"product","link":"https:\/\/todotrial.com\/tienda\/scottish-pre-65-2011\/","title":{"rendered":"Scottish Trial Pre 65 2011 (2 DVDs)"},"content":{"rendered":"<p>DVD The Scottish Pre 65 2011 (2 DVDs)<\/p>\n<p>El trial Pre 65 m\u00e1s popular en el calendario es indudablemente el Scottish Pre 65. Cada a\u00f1o mucha gente se queda fuera en el sorteo que da derecho a una plaza para participar. El recorrido de los dos d\u00edas por zonas espectaculares en los alrededores de Kinlochleven es de por s\u00ed un premio que ofrece este evento y sus preciados momentos.<\/p>\n<p>Los numerosos espectadores llegan de lejos para ver a los pilotos, saliendo el primer d\u00eda desde la f\u00e1brica de hielo \u00abIce Works\u00bb y el segundo d\u00eda desde la escuela \u00abSchoolhouse\u00bb. \u00bfPodr\u00eda Paul Heys hacerse con su tercera victoria consecutiva o ver\u00edamos un nuevo nombre en el trofeo 2011? La respuesta la ver\u00e1s en este DVD en el que aparecen los 180 participantes, entre los que se incluyen muchos ganadores pasados en una nueva batalla por convertirse en el Rey de Kinlochleven Pre 65.<\/p>\n<p>2 DVDs con 150 minutos de acci\u00f3n de ambos d\u00edas.<\/p>\n<p>Idioma Ingl\u00e9s ( Aunque lo verdaderamente importante son las im\u00e1genes y el ruido ambiente)<\/p>\n","protected":false},"excerpt":{"rendered":"<p>DVD The Scottish Pre 65 2011 (2 DVDs)<\/p>\n","protected":false},"featured_media":488,"comment_status":"open","ping_status":"closed","template":"","meta":[],"product_brand":[],"product_cat":[15],"product_tag":[],"class_list":{"0":"post-489","1":"product","2":"type-product","3":"status-publish","4":"has-post-thumbnail","6":"product_cat-uncategorized","8":"first","9":"outofstock","10":"taxable","11":"shipping-taxable","12":"purchasable","13":"product-type-simple"},"yoast_head":"<!-- This site is optimized with the Yoast SEO Premium plugin v21.2 (Yoast SEO v27.3) - https:\/\/yoast.com\/product\/yoast-seo-premium-wordpress\/ -->\n<title>Scottish Trial Pre 65 2011 (2 DVDs) - Tienda de todotrial<\/title>\n<meta name=\"robots\" content=\"index, follow, max-snippet:-1, max-image-preview:large, max-video-preview:-1\" \/>\n<link rel=\"canonical\" href=\"https:\/\/todotrial.com\/tienda\/scottish-pre-65-2011\/\" \/>\n<meta property=\"og:locale\" content=\"es_ES\" \/>\n<meta property=\"og:type\" content=\"article\" \/>\n<meta property=\"og:title\" content=\"Scottish Trial Pre 65 2011 (2 DVDs)\" \/>\n<meta property=\"og:description\" content=\"DVD The Scottish Pre 65 2011 (2 DVDs)\" \/>\n<meta property=\"og:url\" content=\"https:\/\/todotrial.com\/tienda\/scottish-pre-65-2011\/\" \/>\n<meta property=\"og:site_name\" content=\"Tienda de todotrial\" \/>\n<meta property=\"article:modified_time\" content=\"2025-02-20T16:35:20+00:00\" \/>\n<meta property=\"og:image\" content=\"https:\/\/todotrial.com\/tienda\/wp-content\/uploads\/2020\/07\/dvd-pre-65-2011.jpg\" \/>\n\t<meta property=\"og:image:width\" content=\"200\" \/>\n\t<meta property=\"og:image:height\" content=\"290\" \/>\n\t<meta property=\"og:image:type\" content=\"image\/jpeg\" \/>\n<meta name=\"twitter:card\" content=\"summary_large_image\" \/>\n<meta name=\"twitter:label1\" content=\"Tiempo de lectura\" \/>\n\t<meta name=\"twitter:data1\" content=\"1 minuto\" \/>\n<script type=\"application\/ld+json\" class=\"yoast-schema-graph\">{\"@context\":\"https:\\\/\\\/schema.org\",\"@graph\":[{\"@type\":\"WebPage\",\"@id\":\"https:\\\/\\\/todotrial.com\\\/tienda\\\/scottish-pre-65-2011\\\/\",\"url\":\"https:\\\/\\\/todotrial.com\\\/tienda\\\/scottish-pre-65-2011\\\/\",\"name\":\"Scottish Trial Pre 65 2011 (2 DVDs) - Tienda de todotrial\",\"isPartOf\":{\"@id\":\"https:\\\/\\\/todotrial.com\\\/tienda\\\/#website\"},\"primaryImageOfPage\":{\"@id\":\"https:\\\/\\\/todotrial.com\\\/tienda\\\/scottish-pre-65-2011\\\/#primaryimage\"},\"image\":{\"@id\":\"https:\\\/\\\/todotrial.com\\\/tienda\\\/scottish-pre-65-2011\\\/#primaryimage\"},\"thumbnailUrl\":\"https:\\\/\\\/todotrial.com\\\/tienda\\\/wp-content\\\/uploads\\\/2020\\\/07\\\/dvd-pre-65-2011.jpg\",\"datePublished\":\"2020-07-02T14:55:23+00:00\",\"dateModified\":\"2025-02-20T16:35:20+00:00\",\"breadcrumb\":{\"@id\":\"https:\\\/\\\/todotrial.com\\\/tienda\\\/scottish-pre-65-2011\\\/#breadcrumb\"},\"inLanguage\":\"es\",\"potentialAction\":[{\"@type\":\"ReadAction\",\"target\":[\"https:\\\/\\\/todotrial.com\\\/tienda\\\/scottish-pre-65-2011\\\/\"]}]},{\"@type\":\"ImageObject\",\"inLanguage\":\"es\",\"@id\":\"https:\\\/\\\/todotrial.com\\\/tienda\\\/scottish-pre-65-2011\\\/#primaryimage\",\"url\":\"https:\\\/\\\/todotrial.com\\\/tienda\\\/wp-content\\\/uploads\\\/2020\\\/07\\\/dvd-pre-65-2011.jpg\",\"contentUrl\":\"https:\\\/\\\/todotrial.com\\\/tienda\\\/wp-content\\\/uploads\\\/2020\\\/07\\\/dvd-pre-65-2011.jpg\",\"width\":200,\"height\":290},{\"@type\":\"BreadcrumbList\",\"@id\":\"https:\\\/\\\/todotrial.com\\\/tienda\\\/scottish-pre-65-2011\\\/#breadcrumb\",\"itemListElement\":[{\"@type\":\"ListItem\",\"position\":1,\"name\":\"Portada\",\"item\":\"https:\\\/\\\/todotrial.com\\\/tienda\\\/\"},{\"@type\":\"ListItem\",\"position\":2,\"name\":\"Shop\",\"item\":\"https:\\\/\\\/todotrial.com\\\/tienda\\\/shop\\\/\"},{\"@type\":\"ListItem\",\"position\":3,\"name\":\"Scottish Trial Pre 65 2011 (2 DVDs)\"}]},{\"@type\":\"WebSite\",\"@id\":\"https:\\\/\\\/todotrial.com\\\/tienda\\\/#website\",\"url\":\"https:\\\/\\\/todotrial.com\\\/tienda\\\/\",\"name\":\"Tienda de todotrial\",\"description\":\"\",\"potentialAction\":[{\"@type\":\"SearchAction\",\"target\":{\"@type\":\"EntryPoint\",\"urlTemplate\":\"https:\\\/\\\/todotrial.com\\\/tienda\\\/?s={search_term_string}\"},\"query-input\":{\"@type\":\"PropertyValueSpecification\",\"valueRequired\":true,\"valueName\":\"search_term_string\"}}],\"inLanguage\":\"es\"}]}<\/script>\n<!-- \/ Yoast SEO Premium plugin. -->","yoast_head_json":{"title":"Scottish Trial Pre 65 2011 (2 DVDs) - Tienda de todotrial","robots":{"index":"index","follow":"follow","max-snippet":"max-snippet:-1","max-image-preview":"max-image-preview:large","max-video-preview":"max-video-preview:-1"},"canonical":"https:\/\/todotrial.com\/tienda\/scottish-pre-65-2011\/","og_locale":"es_ES","og_type":"article","og_title":"Scottish Trial Pre 65 2011 (2 DVDs)","og_description":"DVD The Scottish Pre 65 2011 (2 DVDs)","og_url":"https:\/\/todotrial.com\/tienda\/scottish-pre-65-2011\/","og_site_name":"Tienda de todotrial","article_modified_time":"2025-02-20T16:35:20+00:00","og_image":[{"width":200,"height":290,"url":"https:\/\/todotrial.com\/tienda\/wp-content\/uploads\/2020\/07\/dvd-pre-65-2011.jpg","type":"image\/jpeg"}],"twitter_card":"summary_large_image","twitter_misc":{"Tiempo de lectura":"1 minuto"},"schema":{"@context":"https:\/\/schema.org","@graph":[{"@type":"WebPage","@id":"https:\/\/todotrial.com\/tienda\/scottish-pre-65-2011\/","url":"https:\/\/todotrial.com\/tienda\/scottish-pre-65-2011\/","name":"Scottish Trial Pre 65 2011 (2 DVDs) - Tienda de todotrial","isPartOf":{"@id":"https:\/\/todotrial.com\/tienda\/#website"},"primaryImageOfPage":{"@id":"https:\/\/todotrial.com\/tienda\/scottish-pre-65-2011\/#primaryimage"},"image":{"@id":"https:\/\/todotrial.com\/tienda\/scottish-pre-65-2011\/#primaryimage"},"thumbnailUrl":"https:\/\/todotrial.com\/tienda\/wp-content\/uploads\/2020\/07\/dvd-pre-65-2011.jpg","datePublished":"2020-07-02T14:55:23+00:00","dateModified":"2025-02-20T16:35:20+00:00","breadcrumb":{"@id":"https:\/\/todotrial.com\/tienda\/scottish-pre-65-2011\/#breadcrumb"},"inLanguage":"es","potentialAction":[{"@type":"ReadAction","target":["https:\/\/todotrial.com\/tienda\/scottish-pre-65-2011\/"]}]},{"@type":"ImageObject","inLanguage":"es","@id":"https:\/\/todotrial.com\/tienda\/scottish-pre-65-2011\/#primaryimage","url":"https:\/\/todotrial.com\/tienda\/wp-content\/uploads\/2020\/07\/dvd-pre-65-2011.jpg","contentUrl":"https:\/\/todotrial.com\/tienda\/wp-content\/uploads\/2020\/07\/dvd-pre-65-2011.jpg","width":200,"height":290},{"@type":"BreadcrumbList","@id":"https:\/\/todotrial.com\/tienda\/scottish-pre-65-2011\/#breadcrumb","itemListElement":[{"@type":"ListItem","position":1,"name":"Portada","item":"https:\/\/todotrial.com\/tienda\/"},{"@type":"ListItem","position":2,"name":"Shop","item":"https:\/\/todotrial.com\/tienda\/shop\/"},{"@type":"ListItem","position":3,"name":"Scottish Trial Pre 65 2011 (2 DVDs)"}]},{"@type":"WebSite","@id":"https:\/\/todotrial.com\/tienda\/#website","url":"https:\/\/todotrial.com\/tienda\/","name":"Tienda de todotrial","description":"","potentialAction":[{"@type":"SearchAction","target":{"@type":"EntryPoint","urlTemplate":"https:\/\/todotrial.com\/tienda\/?s={search_term_string}"},"query-input":{"@type":"PropertyValueSpecification","valueRequired":true,"valueName":"search_term_string"}}],"inLanguage":"es"}]}},"_links":{"self":[{"href":"https:\/\/todotrial.com\/tienda\/wp-json\/wp\/v2\/product\/489","targetHints":{"allow":["GET"]}}],"collection":[{"href":"https:\/\/todotrial.com\/tienda\/wp-json\/wp\/v2\/product"}],"about":[{"href":"https:\/\/todotrial.com\/tienda\/wp-json\/wp\/v2\/types\/product"}],"replies":[{"embeddable":true,"href":"https:\/\/todotrial.com\/tienda\/wp-json\/wp\/v2\/comments?post=489"}],"version-history":[{"count":0,"href":"https:\/\/todotrial.com\/tienda\/wp-json\/wp\/v2\/product\/489\/revisions"}],"wp:featuredmedia":[{"embeddable":true,"href":"https:\/\/todotrial.com\/tienda\/wp-json\/wp\/v2\/media\/488"}],"wp:attachment":[{"href":"https:\/\/todotrial.com\/tienda\/wp-json\/wp\/v2\/media?parent=489"}],"wp:term":[{"taxonomy":"product_brand","embeddable":true,"href":"https:\/\/todotrial.com\/tienda\/wp-json\/wp\/v2\/product_brand?post=489"},{"taxonomy":"product_cat","embeddable":true,"href":"https:\/\/todotrial.com\/tienda\/wp-json\/wp\/v2\/product_cat?post=489"},{"taxonomy":"product_tag","embeddable":true,"href":"https:\/\/todotrial.com\/tienda\/wp-json\/wp\/v2\/product_tag?post=489"}],"curies":[{"name":"wp","href":"https:\/\/api.w.org\/{rel}","templated":true}]}}