{"id":474,"date":"2020-07-02T14:54:38","date_gmt":"2020-07-02T14:54:38","guid":{"rendered":"https:\/\/todotrial.com\/tienda\/product\/scottish-pre-65-2012\/"},"modified":"2025-02-20T17:35:25","modified_gmt":"2025-02-20T16:35:25","slug":"scottish-pre-65-2012","status":"publish","type":"product","link":"https:\/\/todotrial.com\/tienda\/scottish-pre-65-2012\/","title":{"rendered":"Scottish Pre 65 2012 (2 discos)"},"content":{"rendered":"<p>DVD The Scottish Pre 65 2012 (2 DVDs)<\/p>\n<p>Los Scottish Pre 65 2012 de nuevo tuvieron m\u00e1s solicitudes de participaci\u00f3n de las que pudieron ser aceptadas. Los afortunados 180 que consiguieron estar en este trial cl\u00e1sico ten\u00edan por delante 2 d\u00edas de emoci\u00f3n por los alrrededores de Kinlochleven, en los Highlands escoceses, a las afieras de Glencoe.<\/p>\n<p>Muchos de los pilotos punteros habituales all\u00ed estaban otra vez, entre ellos algunos ganadores anteriores como Dommet, Wright, Thorpe, Calvert&#8230; Y muchos m\u00e1s que estar\u00edan a punto de obtener su primer premio.<\/p>\n<p>\u00bfPodr\u00eda alguno de ellos ser el n\u00famero uno de esta edici\u00f3n 2012? En este resumen de 2 DVDs lo ver\u00e1s.<\/p>\n<p>2 DVDs con 150 minutos de acci\u00f3n de ambos d\u00edas.<\/p>\n<p>Idioma Ingl\u00e9s ( Aunque lo verdaderamente importante son las im\u00e1genes y el ruido ambiente)<\/p>\n","protected":false},"excerpt":{"rendered":"<p>DVD The Scottish Pre 65 2012 (2 DVDs)<\/p>\n","protected":false},"featured_media":473,"comment_status":"open","ping_status":"closed","template":"","meta":[],"product_brand":[],"product_cat":[15],"product_tag":[],"class_list":{"0":"post-474","1":"product","2":"type-product","3":"status-publish","4":"has-post-thumbnail","6":"product_cat-uncategorized","8":"first","9":"outofstock","10":"taxable","11":"shipping-taxable","12":"purchasable","13":"product-type-simple"},"yoast_head":"<!-- This site is optimized with the Yoast SEO Premium plugin v21.2 (Yoast SEO v27.3) - https:\/\/yoast.com\/product\/yoast-seo-premium-wordpress\/ -->\n<title>Scottish Pre 65 2012 (2 discos) - Tienda de todotrial<\/title>\n<meta name=\"robots\" content=\"index, follow, max-snippet:-1, max-image-preview:large, max-video-preview:-1\" \/>\n<link rel=\"canonical\" href=\"https:\/\/todotrial.com\/tienda\/scottish-pre-65-2012\/\" \/>\n<meta property=\"og:locale\" content=\"es_ES\" \/>\n<meta property=\"og:type\" content=\"article\" \/>\n<meta property=\"og:title\" content=\"Scottish Pre 65 2012 (2 discos)\" \/>\n<meta property=\"og:description\" content=\"DVD The Scottish Pre 65 2012 (2 DVDs)\" \/>\n<meta property=\"og:url\" content=\"https:\/\/todotrial.com\/tienda\/scottish-pre-65-2012\/\" \/>\n<meta property=\"og:site_name\" content=\"Tienda de todotrial\" \/>\n<meta property=\"article:modified_time\" content=\"2025-02-20T16:35:25+00:00\" \/>\n<meta property=\"og:image\" content=\"https:\/\/todotrial.com\/tienda\/wp-content\/uploads\/2020\/07\/dvd-scottishpre-65-2012p.jpg\" \/>\n\t<meta property=\"og:image:width\" content=\"200\" \/>\n\t<meta property=\"og:image:height\" content=\"266\" \/>\n\t<meta property=\"og:image:type\" content=\"image\/jpeg\" \/>\n<meta name=\"twitter:card\" content=\"summary_large_image\" \/>\n<meta name=\"twitter:label1\" content=\"Tiempo de lectura\" \/>\n\t<meta name=\"twitter:data1\" content=\"1 minuto\" \/>\n<script type=\"application\/ld+json\" class=\"yoast-schema-graph\">{\"@context\":\"https:\\\/\\\/schema.org\",\"@graph\":[{\"@type\":\"WebPage\",\"@id\":\"https:\\\/\\\/todotrial.com\\\/tienda\\\/scottish-pre-65-2012\\\/\",\"url\":\"https:\\\/\\\/todotrial.com\\\/tienda\\\/scottish-pre-65-2012\\\/\",\"name\":\"Scottish Pre 65 2012 (2 discos) - Tienda de todotrial\",\"isPartOf\":{\"@id\":\"https:\\\/\\\/todotrial.com\\\/tienda\\\/#website\"},\"primaryImageOfPage\":{\"@id\":\"https:\\\/\\\/todotrial.com\\\/tienda\\\/scottish-pre-65-2012\\\/#primaryimage\"},\"image\":{\"@id\":\"https:\\\/\\\/todotrial.com\\\/tienda\\\/scottish-pre-65-2012\\\/#primaryimage\"},\"thumbnailUrl\":\"https:\\\/\\\/todotrial.com\\\/tienda\\\/wp-content\\\/uploads\\\/2020\\\/07\\\/dvd-scottishpre-65-2012p.jpg\",\"datePublished\":\"2020-07-02T14:54:38+00:00\",\"dateModified\":\"2025-02-20T16:35:25+00:00\",\"breadcrumb\":{\"@id\":\"https:\\\/\\\/todotrial.com\\\/tienda\\\/scottish-pre-65-2012\\\/#breadcrumb\"},\"inLanguage\":\"es\",\"potentialAction\":[{\"@type\":\"ReadAction\",\"target\":[\"https:\\\/\\\/todotrial.com\\\/tienda\\\/scottish-pre-65-2012\\\/\"]}]},{\"@type\":\"ImageObject\",\"inLanguage\":\"es\",\"@id\":\"https:\\\/\\\/todotrial.com\\\/tienda\\\/scottish-pre-65-2012\\\/#primaryimage\",\"url\":\"https:\\\/\\\/todotrial.com\\\/tienda\\\/wp-content\\\/uploads\\\/2020\\\/07\\\/dvd-scottishpre-65-2012p.jpg\",\"contentUrl\":\"https:\\\/\\\/todotrial.com\\\/tienda\\\/wp-content\\\/uploads\\\/2020\\\/07\\\/dvd-scottishpre-65-2012p.jpg\",\"width\":200,\"height\":266},{\"@type\":\"BreadcrumbList\",\"@id\":\"https:\\\/\\\/todotrial.com\\\/tienda\\\/scottish-pre-65-2012\\\/#breadcrumb\",\"itemListElement\":[{\"@type\":\"ListItem\",\"position\":1,\"name\":\"Portada\",\"item\":\"https:\\\/\\\/todotrial.com\\\/tienda\\\/\"},{\"@type\":\"ListItem\",\"position\":2,\"name\":\"Shop\",\"item\":\"https:\\\/\\\/todotrial.com\\\/tienda\\\/shop\\\/\"},{\"@type\":\"ListItem\",\"position\":3,\"name\":\"Scottish Pre 65 2012 (2 discos)\"}]},{\"@type\":\"WebSite\",\"@id\":\"https:\\\/\\\/todotrial.com\\\/tienda\\\/#website\",\"url\":\"https:\\\/\\\/todotrial.com\\\/tienda\\\/\",\"name\":\"Tienda de todotrial\",\"description\":\"\",\"potentialAction\":[{\"@type\":\"SearchAction\",\"target\":{\"@type\":\"EntryPoint\",\"urlTemplate\":\"https:\\\/\\\/todotrial.com\\\/tienda\\\/?s={search_term_string}\"},\"query-input\":{\"@type\":\"PropertyValueSpecification\",\"valueRequired\":true,\"valueName\":\"search_term_string\"}}],\"inLanguage\":\"es\"}]}<\/script>\n<!-- \/ Yoast SEO Premium plugin. -->","yoast_head_json":{"title":"Scottish Pre 65 2012 (2 discos) - Tienda de todotrial","robots":{"index":"index","follow":"follow","max-snippet":"max-snippet:-1","max-image-preview":"max-image-preview:large","max-video-preview":"max-video-preview:-1"},"canonical":"https:\/\/todotrial.com\/tienda\/scottish-pre-65-2012\/","og_locale":"es_ES","og_type":"article","og_title":"Scottish Pre 65 2012 (2 discos)","og_description":"DVD The Scottish Pre 65 2012 (2 DVDs)","og_url":"https:\/\/todotrial.com\/tienda\/scottish-pre-65-2012\/","og_site_name":"Tienda de todotrial","article_modified_time":"2025-02-20T16:35:25+00:00","og_image":[{"width":200,"height":266,"url":"https:\/\/todotrial.com\/tienda\/wp-content\/uploads\/2020\/07\/dvd-scottishpre-65-2012p.jpg","type":"image\/jpeg"}],"twitter_card":"summary_large_image","twitter_misc":{"Tiempo de lectura":"1 minuto"},"schema":{"@context":"https:\/\/schema.org","@graph":[{"@type":"WebPage","@id":"https:\/\/todotrial.com\/tienda\/scottish-pre-65-2012\/","url":"https:\/\/todotrial.com\/tienda\/scottish-pre-65-2012\/","name":"Scottish Pre 65 2012 (2 discos) - Tienda de todotrial","isPartOf":{"@id":"https:\/\/todotrial.com\/tienda\/#website"},"primaryImageOfPage":{"@id":"https:\/\/todotrial.com\/tienda\/scottish-pre-65-2012\/#primaryimage"},"image":{"@id":"https:\/\/todotrial.com\/tienda\/scottish-pre-65-2012\/#primaryimage"},"thumbnailUrl":"https:\/\/todotrial.com\/tienda\/wp-content\/uploads\/2020\/07\/dvd-scottishpre-65-2012p.jpg","datePublished":"2020-07-02T14:54:38+00:00","dateModified":"2025-02-20T16:35:25+00:00","breadcrumb":{"@id":"https:\/\/todotrial.com\/tienda\/scottish-pre-65-2012\/#breadcrumb"},"inLanguage":"es","potentialAction":[{"@type":"ReadAction","target":["https:\/\/todotrial.com\/tienda\/scottish-pre-65-2012\/"]}]},{"@type":"ImageObject","inLanguage":"es","@id":"https:\/\/todotrial.com\/tienda\/scottish-pre-65-2012\/#primaryimage","url":"https:\/\/todotrial.com\/tienda\/wp-content\/uploads\/2020\/07\/dvd-scottishpre-65-2012p.jpg","contentUrl":"https:\/\/todotrial.com\/tienda\/wp-content\/uploads\/2020\/07\/dvd-scottishpre-65-2012p.jpg","width":200,"height":266},{"@type":"BreadcrumbList","@id":"https:\/\/todotrial.com\/tienda\/scottish-pre-65-2012\/#breadcrumb","itemListElement":[{"@type":"ListItem","position":1,"name":"Portada","item":"https:\/\/todotrial.com\/tienda\/"},{"@type":"ListItem","position":2,"name":"Shop","item":"https:\/\/todotrial.com\/tienda\/shop\/"},{"@type":"ListItem","position":3,"name":"Scottish Pre 65 2012 (2 discos)"}]},{"@type":"WebSite","@id":"https:\/\/todotrial.com\/tienda\/#website","url":"https:\/\/todotrial.com\/tienda\/","name":"Tienda de todotrial","description":"","potentialAction":[{"@type":"SearchAction","target":{"@type":"EntryPoint","urlTemplate":"https:\/\/todotrial.com\/tienda\/?s={search_term_string}"},"query-input":{"@type":"PropertyValueSpecification","valueRequired":true,"valueName":"search_term_string"}}],"inLanguage":"es"}]}},"_links":{"self":[{"href":"https:\/\/todotrial.com\/tienda\/wp-json\/wp\/v2\/product\/474","targetHints":{"allow":["GET"]}}],"collection":[{"href":"https:\/\/todotrial.com\/tienda\/wp-json\/wp\/v2\/product"}],"about":[{"href":"https:\/\/todotrial.com\/tienda\/wp-json\/wp\/v2\/types\/product"}],"replies":[{"embeddable":true,"href":"https:\/\/todotrial.com\/tienda\/wp-json\/wp\/v2\/comments?post=474"}],"version-history":[{"count":0,"href":"https:\/\/todotrial.com\/tienda\/wp-json\/wp\/v2\/product\/474\/revisions"}],"wp:featuredmedia":[{"embeddable":true,"href":"https:\/\/todotrial.com\/tienda\/wp-json\/wp\/v2\/media\/473"}],"wp:attachment":[{"href":"https:\/\/todotrial.com\/tienda\/wp-json\/wp\/v2\/media?parent=474"}],"wp:term":[{"taxonomy":"product_brand","embeddable":true,"href":"https:\/\/todotrial.com\/tienda\/wp-json\/wp\/v2\/product_brand?post=474"},{"taxonomy":"product_cat","embeddable":true,"href":"https:\/\/todotrial.com\/tienda\/wp-json\/wp\/v2\/product_cat?post=474"},{"taxonomy":"product_tag","embeddable":true,"href":"https:\/\/todotrial.com\/tienda\/wp-json\/wp\/v2\/product_tag?post=474"}],"curies":[{"name":"wp","href":"https:\/\/api.w.org\/{rel}","templated":true}]}}