{"id":467,"date":"2020-07-02T14:54:10","date_gmt":"2020-07-02T14:54:10","guid":{"rendered":"https:\/\/todotrial.com\/tienda\/product\/trial-indoor-2012\/"},"modified":"2025-02-20T17:35:27","modified_gmt":"2025-02-20T16:35:27","slug":"trial-indoor-2012","status":"publish","type":"product","link":"https:\/\/todotrial.com\/tienda\/trial-indoor-2012\/","title":{"rendered":"Mundial Indoor 2012"},"content":{"rendered":"<p>DVD Mundial de X-Trial Indoor 2012<\/p>\n<p>El Campeonato del Mundo de Trial Indoor 2012 SPEA FIM X-Trial demostr\u00f3 ser a\u00fan m\u00e1s emocionante que el explosivo debut del nuevo formato en la temporada 2011. Reviva toda su espectacularidad con casi 4 horas llenas de acci\u00f3n y los mejores detalles en este resumen oficial.<\/p>\n<p>Toni Bou demuestra su autoridad en el escenario indoor una vez m\u00e1s. El imparable espa\u00f1ol domin\u00f3 la temporada 2012, pero fue empujado en cada paso del camino por los rivales Adam Raga, Albert Cabestany, Jeroni Fajardo y Takahisa Fujinami.<\/p>\n<p>El resumen del X-Trial 2012 le trae una amplia cobertura de las 7 pruebas del Campeonato del Mundo, con im\u00e1genes impresionantes de cada uno de los Grandes Premios, adem\u00e1s de entrevistas y maravillosas vistas desde las c\u00e1maras de los mochileros, esto es lo m\u00e1s cerca de la acci\u00f3n que se puede conseguir sin competir!<\/p>\n<p>Aunque Bou lidero el campeonato obteniendo el t\u00edtulo a falta de una prueba, la lucha fue r\u00e1pida y emocionante, con una tremenda batalla por el segundo puesto. Las habilidades que se exhiben son asombrosas, las estrellas superan los obst\u00e1culos m\u00e1s exigentes que los organizadores podr\u00edan idear, incluyendo muchos que parec\u00edan imposibles de realizar.<\/p>\n<p>Aunque los grandes del Trial lideraban el camino, tambi\u00e9n vemos el futuro de este deporte con las actuaciones destacadas de Loris Gubian, Alexandre Ferrer y otras estrellas del ma\u00f1ana.<\/p>\n<p>Idioma Ingl\u00e9s ( Aunque lo verdaderamente importante son las im\u00e1genes y el ruido ambiente)<\/p>\n","protected":false},"excerpt":{"rendered":"<p>DVD Mundial de X-Trial Indoor 2012<\/p>\n","protected":false},"featured_media":466,"comment_status":"open","ping_status":"closed","template":"","meta":[],"product_brand":[],"product_cat":[15],"product_tag":[],"class_list":{"0":"post-467","1":"product","2":"type-product","3":"status-publish","4":"has-post-thumbnail","6":"product_cat-uncategorized","8":"first","9":"instock","10":"taxable","11":"shipping-taxable","12":"purchasable","13":"product-type-simple"},"yoast_head":"<!-- This site is optimized with the Yoast SEO Premium plugin v21.2 (Yoast SEO v27.5) - https:\/\/yoast.com\/product\/yoast-seo-premium-wordpress\/ -->\n<title>Mundial Indoor 2012 - Tienda de todotrial<\/title>\n<meta name=\"robots\" content=\"index, follow, max-snippet:-1, max-image-preview:large, max-video-preview:-1\" \/>\n<link rel=\"canonical\" href=\"https:\/\/todotrial.com\/tienda\/trial-indoor-2012\/\" \/>\n<meta property=\"og:locale\" content=\"es_ES\" \/>\n<meta property=\"og:type\" content=\"article\" \/>\n<meta property=\"og:title\" content=\"Mundial Indoor 2012\" \/>\n<meta property=\"og:description\" content=\"DVD Mundial de X-Trial Indoor 2012\" \/>\n<meta property=\"og:url\" content=\"https:\/\/todotrial.com\/tienda\/trial-indoor-2012\/\" \/>\n<meta property=\"og:site_name\" content=\"Tienda de todotrial\" \/>\n<meta property=\"article:modified_time\" content=\"2025-02-20T16:35:27+00:00\" \/>\n<meta property=\"og:image\" content=\"https:\/\/todotrial.com\/tienda\/wp-content\/uploads\/2020\/07\/dvd-mundial-trial-indoor-2012.jpg\" \/>\n\t<meta property=\"og:image:width\" content=\"220\" \/>\n\t<meta property=\"og:image:height\" content=\"313\" \/>\n\t<meta property=\"og:image:type\" content=\"image\/jpeg\" \/>\n<meta name=\"twitter:card\" content=\"summary_large_image\" \/>\n<meta name=\"twitter:label1\" content=\"Tiempo de lectura\" \/>\n\t<meta name=\"twitter:data1\" content=\"1 minuto\" \/>\n<script type=\"application\/ld+json\" class=\"yoast-schema-graph\">{\"@context\":\"https:\\\/\\\/schema.org\",\"@graph\":[{\"@type\":\"WebPage\",\"@id\":\"https:\\\/\\\/todotrial.com\\\/tienda\\\/trial-indoor-2012\\\/\",\"url\":\"https:\\\/\\\/todotrial.com\\\/tienda\\\/trial-indoor-2012\\\/\",\"name\":\"Mundial Indoor 2012 - Tienda de todotrial\",\"isPartOf\":{\"@id\":\"https:\\\/\\\/todotrial.com\\\/tienda\\\/#website\"},\"primaryImageOfPage\":{\"@id\":\"https:\\\/\\\/todotrial.com\\\/tienda\\\/trial-indoor-2012\\\/#primaryimage\"},\"image\":{\"@id\":\"https:\\\/\\\/todotrial.com\\\/tienda\\\/trial-indoor-2012\\\/#primaryimage\"},\"thumbnailUrl\":\"https:\\\/\\\/todotrial.com\\\/tienda\\\/wp-content\\\/uploads\\\/2020\\\/07\\\/dvd-mundial-trial-indoor-2012.jpg\",\"datePublished\":\"2020-07-02T14:54:10+00:00\",\"dateModified\":\"2025-02-20T16:35:27+00:00\",\"breadcrumb\":{\"@id\":\"https:\\\/\\\/todotrial.com\\\/tienda\\\/trial-indoor-2012\\\/#breadcrumb\"},\"inLanguage\":\"es\",\"potentialAction\":[{\"@type\":\"ReadAction\",\"target\":[\"https:\\\/\\\/todotrial.com\\\/tienda\\\/trial-indoor-2012\\\/\"]}]},{\"@type\":\"ImageObject\",\"inLanguage\":\"es\",\"@id\":\"https:\\\/\\\/todotrial.com\\\/tienda\\\/trial-indoor-2012\\\/#primaryimage\",\"url\":\"https:\\\/\\\/todotrial.com\\\/tienda\\\/wp-content\\\/uploads\\\/2020\\\/07\\\/dvd-mundial-trial-indoor-2012.jpg\",\"contentUrl\":\"https:\\\/\\\/todotrial.com\\\/tienda\\\/wp-content\\\/uploads\\\/2020\\\/07\\\/dvd-mundial-trial-indoor-2012.jpg\",\"width\":220,\"height\":313},{\"@type\":\"BreadcrumbList\",\"@id\":\"https:\\\/\\\/todotrial.com\\\/tienda\\\/trial-indoor-2012\\\/#breadcrumb\",\"itemListElement\":[{\"@type\":\"ListItem\",\"position\":1,\"name\":\"Portada\",\"item\":\"https:\\\/\\\/todotrial.com\\\/tienda\\\/\"},{\"@type\":\"ListItem\",\"position\":2,\"name\":\"Shop\",\"item\":\"https:\\\/\\\/todotrial.com\\\/tienda\\\/shop\\\/\"},{\"@type\":\"ListItem\",\"position\":3,\"name\":\"Mundial Indoor 2012\"}]},{\"@type\":\"WebSite\",\"@id\":\"https:\\\/\\\/todotrial.com\\\/tienda\\\/#website\",\"url\":\"https:\\\/\\\/todotrial.com\\\/tienda\\\/\",\"name\":\"Tienda de todotrial\",\"description\":\"\",\"potentialAction\":[{\"@type\":\"SearchAction\",\"target\":{\"@type\":\"EntryPoint\",\"urlTemplate\":\"https:\\\/\\\/todotrial.com\\\/tienda\\\/?s={search_term_string}\"},\"query-input\":{\"@type\":\"PropertyValueSpecification\",\"valueRequired\":true,\"valueName\":\"search_term_string\"}}],\"inLanguage\":\"es\"}]}<\/script>\n<!-- \/ Yoast SEO Premium plugin. -->","yoast_head_json":{"title":"Mundial Indoor 2012 - Tienda de todotrial","robots":{"index":"index","follow":"follow","max-snippet":"max-snippet:-1","max-image-preview":"max-image-preview:large","max-video-preview":"max-video-preview:-1"},"canonical":"https:\/\/todotrial.com\/tienda\/trial-indoor-2012\/","og_locale":"es_ES","og_type":"article","og_title":"Mundial Indoor 2012","og_description":"DVD Mundial de X-Trial Indoor 2012","og_url":"https:\/\/todotrial.com\/tienda\/trial-indoor-2012\/","og_site_name":"Tienda de todotrial","article_modified_time":"2025-02-20T16:35:27+00:00","og_image":[{"width":220,"height":313,"url":"https:\/\/todotrial.com\/tienda\/wp-content\/uploads\/2020\/07\/dvd-mundial-trial-indoor-2012.jpg","type":"image\/jpeg"}],"twitter_card":"summary_large_image","twitter_misc":{"Tiempo de lectura":"1 minuto"},"schema":{"@context":"https:\/\/schema.org","@graph":[{"@type":"WebPage","@id":"https:\/\/todotrial.com\/tienda\/trial-indoor-2012\/","url":"https:\/\/todotrial.com\/tienda\/trial-indoor-2012\/","name":"Mundial Indoor 2012 - Tienda de todotrial","isPartOf":{"@id":"https:\/\/todotrial.com\/tienda\/#website"},"primaryImageOfPage":{"@id":"https:\/\/todotrial.com\/tienda\/trial-indoor-2012\/#primaryimage"},"image":{"@id":"https:\/\/todotrial.com\/tienda\/trial-indoor-2012\/#primaryimage"},"thumbnailUrl":"https:\/\/todotrial.com\/tienda\/wp-content\/uploads\/2020\/07\/dvd-mundial-trial-indoor-2012.jpg","datePublished":"2020-07-02T14:54:10+00:00","dateModified":"2025-02-20T16:35:27+00:00","breadcrumb":{"@id":"https:\/\/todotrial.com\/tienda\/trial-indoor-2012\/#breadcrumb"},"inLanguage":"es","potentialAction":[{"@type":"ReadAction","target":["https:\/\/todotrial.com\/tienda\/trial-indoor-2012\/"]}]},{"@type":"ImageObject","inLanguage":"es","@id":"https:\/\/todotrial.com\/tienda\/trial-indoor-2012\/#primaryimage","url":"https:\/\/todotrial.com\/tienda\/wp-content\/uploads\/2020\/07\/dvd-mundial-trial-indoor-2012.jpg","contentUrl":"https:\/\/todotrial.com\/tienda\/wp-content\/uploads\/2020\/07\/dvd-mundial-trial-indoor-2012.jpg","width":220,"height":313},{"@type":"BreadcrumbList","@id":"https:\/\/todotrial.com\/tienda\/trial-indoor-2012\/#breadcrumb","itemListElement":[{"@type":"ListItem","position":1,"name":"Portada","item":"https:\/\/todotrial.com\/tienda\/"},{"@type":"ListItem","position":2,"name":"Shop","item":"https:\/\/todotrial.com\/tienda\/shop\/"},{"@type":"ListItem","position":3,"name":"Mundial Indoor 2012"}]},{"@type":"WebSite","@id":"https:\/\/todotrial.com\/tienda\/#website","url":"https:\/\/todotrial.com\/tienda\/","name":"Tienda de todotrial","description":"","potentialAction":[{"@type":"SearchAction","target":{"@type":"EntryPoint","urlTemplate":"https:\/\/todotrial.com\/tienda\/?s={search_term_string}"},"query-input":{"@type":"PropertyValueSpecification","valueRequired":true,"valueName":"search_term_string"}}],"inLanguage":"es"}]}},"_links":{"self":[{"href":"https:\/\/todotrial.com\/tienda\/wp-json\/wp\/v2\/product\/467","targetHints":{"allow":["GET"]}}],"collection":[{"href":"https:\/\/todotrial.com\/tienda\/wp-json\/wp\/v2\/product"}],"about":[{"href":"https:\/\/todotrial.com\/tienda\/wp-json\/wp\/v2\/types\/product"}],"replies":[{"embeddable":true,"href":"https:\/\/todotrial.com\/tienda\/wp-json\/wp\/v2\/comments?post=467"}],"version-history":[{"count":0,"href":"https:\/\/todotrial.com\/tienda\/wp-json\/wp\/v2\/product\/467\/revisions"}],"wp:featuredmedia":[{"embeddable":true,"href":"https:\/\/todotrial.com\/tienda\/wp-json\/wp\/v2\/media\/466"}],"wp:attachment":[{"href":"https:\/\/todotrial.com\/tienda\/wp-json\/wp\/v2\/media?parent=467"}],"wp:term":[{"taxonomy":"product_brand","embeddable":true,"href":"https:\/\/todotrial.com\/tienda\/wp-json\/wp\/v2\/product_brand?post=467"},{"taxonomy":"product_cat","embeddable":true,"href":"https:\/\/todotrial.com\/tienda\/wp-json\/wp\/v2\/product_cat?post=467"},{"taxonomy":"product_tag","embeddable":true,"href":"https:\/\/todotrial.com\/tienda\/wp-json\/wp\/v2\/product_tag?post=467"}],"curies":[{"name":"wp","href":"https:\/\/api.w.org\/{rel}","templated":true}]}}