{"id":463,"date":"2020-07-02T14:53:59","date_gmt":"2020-07-02T14:53:59","guid":{"rendered":"https:\/\/todotrial.com\/tienda\/product\/trial-outdoor-2012\/"},"modified":"2025-02-20T17:35:28","modified_gmt":"2025-02-20T16:35:28","slug":"trial-outdoor-2012","status":"publish","type":"product","link":"https:\/\/todotrial.com\/tienda\/trial-outdoor-2012\/","title":{"rendered":"Mundial  Outdoor 2012"},"content":{"rendered":"<p>DVD Mundial de Trial Outdoor 2012<\/p>\n<p>No hab\u00eda duda, la leyenda espa\u00f1ola Toni Bou comenz\u00f3 el Campeonato de Trial Mundial 2012 como favorito, pero tendr\u00eda que soportar la presi\u00f3n desde el primer d\u00eda y superar posibles lesiones para conseguir su sexto t\u00edtulo mundial outdoor consecutivo.<\/p>\n<p>El resumen oficial del Campeonato del Mundo de Trial 2012 SPEA FIM muestra al completo la acci\u00f3n de las siete pruebas de la temporada, con las mejores imagenes, entrevistas y todo lo esencialmente rese\u00f1able.<\/p>\n<p>Parec\u00eda que Bou tendria una papeleta en sus manos despu\u00e9s de que su rival Adam Raga logr\u00f3 la primera victoria del a\u00f1o, y despu\u00e9s de una lesi\u00f3n en Espa\u00f1a y con Albert Cabestany, Jeroni Fajardo y Takahisa Fujinami, mostr\u00e1ndose en plena forma, Bou tuvo que recurrir a todo su talento y determinaci\u00f3n para liderar la lucha por el t\u00edtulo.<\/p>\n<p>A medida que el campeonato Mundial viaj\u00f3 por el mundo, incluyendo su primer viaje a Australia, Bou puso en evidencia unos triales asombrosos en sus esfuerzos para conseguir otra corona, ahora usted puede disfrutar de los mejores momentos de todo el a\u00f1o en este resumen oficial.<\/p>\n<p>El campeonato qued\u00f3 sentenciado a falta de una prueba, pero la incertidumbre perdur\u00f3 hasta el \u00faltimo d\u00eda en el Reino Unido, ya que cuatro pilotos, separados por apenas 9 puntos, luchar\u00f3n hasta el final por el segundo puesto.<\/p>\n<p>Idioma Ingl\u00e9s ( Aunque lo verdaderamente importante son las im\u00e1genes y el ruido ambiente)<\/p>\n","protected":false},"excerpt":{"rendered":"<p>DVD Mundial de Trial Outdoor 2012<\/p>\n","protected":false},"featured_media":462,"comment_status":"open","ping_status":"closed","template":"","meta":[],"product_brand":[],"product_cat":[15],"product_tag":[],"class_list":{"0":"post-463","1":"product","2":"type-product","3":"status-publish","4":"has-post-thumbnail","6":"product_cat-uncategorized","8":"first","9":"instock","10":"taxable","11":"shipping-taxable","12":"purchasable","13":"product-type-simple"},"yoast_head":"<!-- This site is optimized with the Yoast SEO Premium plugin v21.2 (Yoast SEO v27.5) - https:\/\/yoast.com\/product\/yoast-seo-premium-wordpress\/ -->\n<title>Mundial Outdoor 2012 - Tienda de todotrial<\/title>\n<meta name=\"robots\" content=\"index, follow, max-snippet:-1, max-image-preview:large, max-video-preview:-1\" \/>\n<link rel=\"canonical\" href=\"https:\/\/todotrial.com\/tienda\/trial-outdoor-2012\/\" \/>\n<meta property=\"og:locale\" content=\"es_ES\" \/>\n<meta property=\"og:type\" content=\"article\" \/>\n<meta property=\"og:title\" content=\"Mundial Outdoor 2012\" \/>\n<meta property=\"og:description\" content=\"DVD Mundial de Trial Outdoor 2012\" \/>\n<meta property=\"og:url\" content=\"https:\/\/todotrial.com\/tienda\/trial-outdoor-2012\/\" \/>\n<meta property=\"og:site_name\" content=\"Tienda de todotrial\" \/>\n<meta property=\"article:modified_time\" content=\"2025-02-20T16:35:28+00:00\" \/>\n<meta property=\"og:image\" content=\"https:\/\/todotrial.com\/tienda\/wp-content\/uploads\/2020\/07\/dvd-mundial-trial-outdoor-2012.jpg\" \/>\n\t<meta property=\"og:image:width\" content=\"220\" \/>\n\t<meta property=\"og:image:height\" content=\"311\" \/>\n\t<meta property=\"og:image:type\" content=\"image\/jpeg\" \/>\n<meta name=\"twitter:card\" content=\"summary_large_image\" \/>\n<meta name=\"twitter:label1\" content=\"Tiempo de lectura\" \/>\n\t<meta name=\"twitter:data1\" content=\"1 minuto\" \/>\n<script type=\"application\/ld+json\" class=\"yoast-schema-graph\">{\"@context\":\"https:\\\/\\\/schema.org\",\"@graph\":[{\"@type\":\"WebPage\",\"@id\":\"https:\\\/\\\/todotrial.com\\\/tienda\\\/trial-outdoor-2012\\\/\",\"url\":\"https:\\\/\\\/todotrial.com\\\/tienda\\\/trial-outdoor-2012\\\/\",\"name\":\"Mundial Outdoor 2012 - Tienda de todotrial\",\"isPartOf\":{\"@id\":\"https:\\\/\\\/todotrial.com\\\/tienda\\\/#website\"},\"primaryImageOfPage\":{\"@id\":\"https:\\\/\\\/todotrial.com\\\/tienda\\\/trial-outdoor-2012\\\/#primaryimage\"},\"image\":{\"@id\":\"https:\\\/\\\/todotrial.com\\\/tienda\\\/trial-outdoor-2012\\\/#primaryimage\"},\"thumbnailUrl\":\"https:\\\/\\\/todotrial.com\\\/tienda\\\/wp-content\\\/uploads\\\/2020\\\/07\\\/dvd-mundial-trial-outdoor-2012.jpg\",\"datePublished\":\"2020-07-02T14:53:59+00:00\",\"dateModified\":\"2025-02-20T16:35:28+00:00\",\"breadcrumb\":{\"@id\":\"https:\\\/\\\/todotrial.com\\\/tienda\\\/trial-outdoor-2012\\\/#breadcrumb\"},\"inLanguage\":\"es\",\"potentialAction\":[{\"@type\":\"ReadAction\",\"target\":[\"https:\\\/\\\/todotrial.com\\\/tienda\\\/trial-outdoor-2012\\\/\"]}]},{\"@type\":\"ImageObject\",\"inLanguage\":\"es\",\"@id\":\"https:\\\/\\\/todotrial.com\\\/tienda\\\/trial-outdoor-2012\\\/#primaryimage\",\"url\":\"https:\\\/\\\/todotrial.com\\\/tienda\\\/wp-content\\\/uploads\\\/2020\\\/07\\\/dvd-mundial-trial-outdoor-2012.jpg\",\"contentUrl\":\"https:\\\/\\\/todotrial.com\\\/tienda\\\/wp-content\\\/uploads\\\/2020\\\/07\\\/dvd-mundial-trial-outdoor-2012.jpg\",\"width\":220,\"height\":311},{\"@type\":\"BreadcrumbList\",\"@id\":\"https:\\\/\\\/todotrial.com\\\/tienda\\\/trial-outdoor-2012\\\/#breadcrumb\",\"itemListElement\":[{\"@type\":\"ListItem\",\"position\":1,\"name\":\"Portada\",\"item\":\"https:\\\/\\\/todotrial.com\\\/tienda\\\/\"},{\"@type\":\"ListItem\",\"position\":2,\"name\":\"Shop\",\"item\":\"https:\\\/\\\/todotrial.com\\\/tienda\\\/shop\\\/\"},{\"@type\":\"ListItem\",\"position\":3,\"name\":\"Mundial Outdoor 2012\"}]},{\"@type\":\"WebSite\",\"@id\":\"https:\\\/\\\/todotrial.com\\\/tienda\\\/#website\",\"url\":\"https:\\\/\\\/todotrial.com\\\/tienda\\\/\",\"name\":\"Tienda de todotrial\",\"description\":\"\",\"potentialAction\":[{\"@type\":\"SearchAction\",\"target\":{\"@type\":\"EntryPoint\",\"urlTemplate\":\"https:\\\/\\\/todotrial.com\\\/tienda\\\/?s={search_term_string}\"},\"query-input\":{\"@type\":\"PropertyValueSpecification\",\"valueRequired\":true,\"valueName\":\"search_term_string\"}}],\"inLanguage\":\"es\"}]}<\/script>\n<!-- \/ Yoast SEO Premium plugin. -->","yoast_head_json":{"title":"Mundial Outdoor 2012 - Tienda de todotrial","robots":{"index":"index","follow":"follow","max-snippet":"max-snippet:-1","max-image-preview":"max-image-preview:large","max-video-preview":"max-video-preview:-1"},"canonical":"https:\/\/todotrial.com\/tienda\/trial-outdoor-2012\/","og_locale":"es_ES","og_type":"article","og_title":"Mundial Outdoor 2012","og_description":"DVD Mundial de Trial Outdoor 2012","og_url":"https:\/\/todotrial.com\/tienda\/trial-outdoor-2012\/","og_site_name":"Tienda de todotrial","article_modified_time":"2025-02-20T16:35:28+00:00","og_image":[{"width":220,"height":311,"url":"https:\/\/todotrial.com\/tienda\/wp-content\/uploads\/2020\/07\/dvd-mundial-trial-outdoor-2012.jpg","type":"image\/jpeg"}],"twitter_card":"summary_large_image","twitter_misc":{"Tiempo de lectura":"1 minuto"},"schema":{"@context":"https:\/\/schema.org","@graph":[{"@type":"WebPage","@id":"https:\/\/todotrial.com\/tienda\/trial-outdoor-2012\/","url":"https:\/\/todotrial.com\/tienda\/trial-outdoor-2012\/","name":"Mundial Outdoor 2012 - Tienda de todotrial","isPartOf":{"@id":"https:\/\/todotrial.com\/tienda\/#website"},"primaryImageOfPage":{"@id":"https:\/\/todotrial.com\/tienda\/trial-outdoor-2012\/#primaryimage"},"image":{"@id":"https:\/\/todotrial.com\/tienda\/trial-outdoor-2012\/#primaryimage"},"thumbnailUrl":"https:\/\/todotrial.com\/tienda\/wp-content\/uploads\/2020\/07\/dvd-mundial-trial-outdoor-2012.jpg","datePublished":"2020-07-02T14:53:59+00:00","dateModified":"2025-02-20T16:35:28+00:00","breadcrumb":{"@id":"https:\/\/todotrial.com\/tienda\/trial-outdoor-2012\/#breadcrumb"},"inLanguage":"es","potentialAction":[{"@type":"ReadAction","target":["https:\/\/todotrial.com\/tienda\/trial-outdoor-2012\/"]}]},{"@type":"ImageObject","inLanguage":"es","@id":"https:\/\/todotrial.com\/tienda\/trial-outdoor-2012\/#primaryimage","url":"https:\/\/todotrial.com\/tienda\/wp-content\/uploads\/2020\/07\/dvd-mundial-trial-outdoor-2012.jpg","contentUrl":"https:\/\/todotrial.com\/tienda\/wp-content\/uploads\/2020\/07\/dvd-mundial-trial-outdoor-2012.jpg","width":220,"height":311},{"@type":"BreadcrumbList","@id":"https:\/\/todotrial.com\/tienda\/trial-outdoor-2012\/#breadcrumb","itemListElement":[{"@type":"ListItem","position":1,"name":"Portada","item":"https:\/\/todotrial.com\/tienda\/"},{"@type":"ListItem","position":2,"name":"Shop","item":"https:\/\/todotrial.com\/tienda\/shop\/"},{"@type":"ListItem","position":3,"name":"Mundial Outdoor 2012"}]},{"@type":"WebSite","@id":"https:\/\/todotrial.com\/tienda\/#website","url":"https:\/\/todotrial.com\/tienda\/","name":"Tienda de todotrial","description":"","potentialAction":[{"@type":"SearchAction","target":{"@type":"EntryPoint","urlTemplate":"https:\/\/todotrial.com\/tienda\/?s={search_term_string}"},"query-input":{"@type":"PropertyValueSpecification","valueRequired":true,"valueName":"search_term_string"}}],"inLanguage":"es"}]}},"_links":{"self":[{"href":"https:\/\/todotrial.com\/tienda\/wp-json\/wp\/v2\/product\/463","targetHints":{"allow":["GET"]}}],"collection":[{"href":"https:\/\/todotrial.com\/tienda\/wp-json\/wp\/v2\/product"}],"about":[{"href":"https:\/\/todotrial.com\/tienda\/wp-json\/wp\/v2\/types\/product"}],"replies":[{"embeddable":true,"href":"https:\/\/todotrial.com\/tienda\/wp-json\/wp\/v2\/comments?post=463"}],"version-history":[{"count":0,"href":"https:\/\/todotrial.com\/tienda\/wp-json\/wp\/v2\/product\/463\/revisions"}],"wp:featuredmedia":[{"embeddable":true,"href":"https:\/\/todotrial.com\/tienda\/wp-json\/wp\/v2\/media\/462"}],"wp:attachment":[{"href":"https:\/\/todotrial.com\/tienda\/wp-json\/wp\/v2\/media?parent=463"}],"wp:term":[{"taxonomy":"product_brand","embeddable":true,"href":"https:\/\/todotrial.com\/tienda\/wp-json\/wp\/v2\/product_brand?post=463"},{"taxonomy":"product_cat","embeddable":true,"href":"https:\/\/todotrial.com\/tienda\/wp-json\/wp\/v2\/product_cat?post=463"},{"taxonomy":"product_tag","embeddable":true,"href":"https:\/\/todotrial.com\/tienda\/wp-json\/wp\/v2\/product_tag?post=463"}],"curies":[{"name":"wp","href":"https:\/\/api.w.org\/{rel}","templated":true}]}}