{"id":45732,"date":"2025-02-20T10:46:00","date_gmt":"2025-02-20T09:46:00","guid":{"rendered":"https:\/\/todotrial.com\/tienda\/sin%20categor\u00eda\/silenblock-escape-ktm-gas-gas-beta-y-sherco\/"},"modified":"2025-02-20T17:09:55","modified_gmt":"2025-02-20T16:09:55","slug":"silenblock-escape-ktm-gas-gas-beta-y-sherco","status":"publish","type":"product","link":"https:\/\/todotrial.com\/tienda\/silenblock-escape-ktm-gas-gas-beta-y-sherco\/","title":{"rendered":"SILENBLOCK ESCAPE KTM, GAS-GAS, BETA Y SHERCO"},"content":{"rendered":"<p>Los Silentblock para escape son componentes que se utilizan en motos para sujetar el escape y aislarlo del chasis. Los silentblock KTM, Gas-Gas, Beta y Sherco son piezas espec\u00edficas para estas marcas de motos, y se adaptan a las caracter\u00edsticas y requerimientos de cada modelo. El objetivo es aislar las vibraciones del escape, que podr\u00eda causar da\u00f1os en el chasis, y tambi\u00e9n ayudar a reducir el nivel de ruido del escape. Estos silentblock est\u00e1n fabricados con materiales resistentes y duraderos como el poliuretano, para proporcionar una buena aislaci\u00f3n y durabilidad.<\/p>\n","protected":false},"excerpt":{"rendered":"<p>Recambio de Silenblock del escape para KTM, GAS-GAS, BETA y SHERCO.<\/p>\n","protected":false},"featured_media":45733,"comment_status":"open","ping_status":"closed","template":"","meta":[],"product_brand":[],"product_cat":[11691],"product_tag":[],"class_list":{"0":"post-45732","1":"product","2":"type-product","3":"status-publish","4":"has-post-thumbnail","6":"product_cat-general","8":"first","9":"instock","10":"taxable","11":"shipping-taxable","12":"purchasable","13":"product-type-simple"},"yoast_head":"<!-- This site is optimized with the Yoast SEO Premium plugin v21.2 (Yoast SEO v27.3) - https:\/\/yoast.com\/product\/yoast-seo-premium-wordpress\/ -->\n<title>SILENBLOCK ESCAPE KTM, GAS-GAS, BETA Y SHERCO - Tienda de todotrial<\/title>\n<meta name=\"robots\" content=\"index, follow, max-snippet:-1, max-image-preview:large, max-video-preview:-1\" \/>\n<link rel=\"canonical\" href=\"https:\/\/todotrial.com\/tienda\/silenblock-escape-ktm-gas-gas-beta-y-sherco\/\" \/>\n<meta property=\"og:locale\" content=\"es_ES\" \/>\n<meta property=\"og:type\" content=\"article\" \/>\n<meta property=\"og:title\" content=\"SILENBLOCK ESCAPE KTM, GAS-GAS, BETA Y SHERCO\" \/>\n<meta property=\"og:description\" content=\"Recambio de Silenblock del escape para KTM, GAS-GAS, BETA y SHERCO.\" \/>\n<meta property=\"og:url\" content=\"https:\/\/todotrial.com\/tienda\/silenblock-escape-ktm-gas-gas-beta-y-sherco\/\" \/>\n<meta property=\"og:site_name\" content=\"Tienda de todotrial\" \/>\n<meta property=\"article:modified_time\" content=\"2025-02-20T16:09:55+00:00\" \/>\n<meta property=\"og:image\" content=\"https:\/\/todotrial.com\/tienda\/wp-content\/uploads\/2025\/02\/HR9050-1_HEBO_Escape.jpg\" \/>\n\t<meta property=\"og:image:width\" content=\"1\" \/>\n\t<meta property=\"og:image:height\" content=\"1\" \/>\n\t<meta property=\"og:image:type\" content=\"image\/jpeg\" \/>\n<meta name=\"twitter:card\" content=\"summary_large_image\" \/>\n<script type=\"application\/ld+json\" class=\"yoast-schema-graph\">{\"@context\":\"https:\\\/\\\/schema.org\",\"@graph\":[{\"@type\":\"WebPage\",\"@id\":\"https:\\\/\\\/todotrial.com\\\/tienda\\\/silenblock-escape-ktm-gas-gas-beta-y-sherco\\\/\",\"url\":\"https:\\\/\\\/todotrial.com\\\/tienda\\\/silenblock-escape-ktm-gas-gas-beta-y-sherco\\\/\",\"name\":\"SILENBLOCK ESCAPE KTM, GAS-GAS, BETA Y SHERCO - Tienda de todotrial\",\"isPartOf\":{\"@id\":\"https:\\\/\\\/todotrial.com\\\/tienda\\\/#website\"},\"primaryImageOfPage\":{\"@id\":\"https:\\\/\\\/todotrial.com\\\/tienda\\\/silenblock-escape-ktm-gas-gas-beta-y-sherco\\\/#primaryimage\"},\"image\":{\"@id\":\"https:\\\/\\\/todotrial.com\\\/tienda\\\/silenblock-escape-ktm-gas-gas-beta-y-sherco\\\/#primaryimage\"},\"thumbnailUrl\":\"https:\\\/\\\/todotrial.com\\\/tienda\\\/wp-content\\\/uploads\\\/2025\\\/02\\\/HR9050-1_HEBO_Escape.jpg\",\"datePublished\":\"2025-02-20T09:46:00+00:00\",\"dateModified\":\"2025-02-20T16:09:55+00:00\",\"breadcrumb\":{\"@id\":\"https:\\\/\\\/todotrial.com\\\/tienda\\\/silenblock-escape-ktm-gas-gas-beta-y-sherco\\\/#breadcrumb\"},\"inLanguage\":\"es\",\"potentialAction\":[{\"@type\":\"ReadAction\",\"target\":[\"https:\\\/\\\/todotrial.com\\\/tienda\\\/silenblock-escape-ktm-gas-gas-beta-y-sherco\\\/\"]}]},{\"@type\":\"ImageObject\",\"inLanguage\":\"es\",\"@id\":\"https:\\\/\\\/todotrial.com\\\/tienda\\\/silenblock-escape-ktm-gas-gas-beta-y-sherco\\\/#primaryimage\",\"url\":\"https:\\\/\\\/todotrial.com\\\/tienda\\\/wp-content\\\/uploads\\\/2025\\\/02\\\/HR9050-1_HEBO_Escape.jpg\",\"contentUrl\":\"https:\\\/\\\/todotrial.com\\\/tienda\\\/wp-content\\\/uploads\\\/2025\\\/02\\\/HR9050-1_HEBO_Escape.jpg\",\"caption\":\"SILENBLOCK ESCAPE KTM, GAS-GAS, BETA Y SHERCO\"},{\"@type\":\"BreadcrumbList\",\"@id\":\"https:\\\/\\\/todotrial.com\\\/tienda\\\/silenblock-escape-ktm-gas-gas-beta-y-sherco\\\/#breadcrumb\",\"itemListElement\":[{\"@type\":\"ListItem\",\"position\":1,\"name\":\"Portada\",\"item\":\"https:\\\/\\\/todotrial.com\\\/tienda\\\/\"},{\"@type\":\"ListItem\",\"position\":2,\"name\":\"Shop\",\"item\":\"https:\\\/\\\/todotrial.com\\\/tienda\\\/shop\\\/\"},{\"@type\":\"ListItem\",\"position\":3,\"name\":\"SILENBLOCK ESCAPE KTM, GAS-GAS, BETA Y SHERCO\"}]},{\"@type\":\"WebSite\",\"@id\":\"https:\\\/\\\/todotrial.com\\\/tienda\\\/#website\",\"url\":\"https:\\\/\\\/todotrial.com\\\/tienda\\\/\",\"name\":\"Tienda de todotrial\",\"description\":\"\",\"potentialAction\":[{\"@type\":\"SearchAction\",\"target\":{\"@type\":\"EntryPoint\",\"urlTemplate\":\"https:\\\/\\\/todotrial.com\\\/tienda\\\/?s={search_term_string}\"},\"query-input\":{\"@type\":\"PropertyValueSpecification\",\"valueRequired\":true,\"valueName\":\"search_term_string\"}}],\"inLanguage\":\"es\"}]}<\/script>\n<!-- \/ Yoast SEO Premium plugin. -->","yoast_head_json":{"title":"SILENBLOCK ESCAPE KTM, GAS-GAS, BETA Y SHERCO - Tienda de todotrial","robots":{"index":"index","follow":"follow","max-snippet":"max-snippet:-1","max-image-preview":"max-image-preview:large","max-video-preview":"max-video-preview:-1"},"canonical":"https:\/\/todotrial.com\/tienda\/silenblock-escape-ktm-gas-gas-beta-y-sherco\/","og_locale":"es_ES","og_type":"article","og_title":"SILENBLOCK ESCAPE KTM, GAS-GAS, BETA Y SHERCO","og_description":"Recambio de Silenblock del escape para KTM, GAS-GAS, BETA y SHERCO.","og_url":"https:\/\/todotrial.com\/tienda\/silenblock-escape-ktm-gas-gas-beta-y-sherco\/","og_site_name":"Tienda de todotrial","article_modified_time":"2025-02-20T16:09:55+00:00","og_image":[{"url":"https:\/\/todotrial.com\/tienda\/wp-content\/uploads\/2025\/02\/HR9050-1_HEBO_Escape.jpg","width":1,"height":1,"type":"image\/jpeg"}],"twitter_card":"summary_large_image","schema":{"@context":"https:\/\/schema.org","@graph":[{"@type":"WebPage","@id":"https:\/\/todotrial.com\/tienda\/silenblock-escape-ktm-gas-gas-beta-y-sherco\/","url":"https:\/\/todotrial.com\/tienda\/silenblock-escape-ktm-gas-gas-beta-y-sherco\/","name":"SILENBLOCK ESCAPE KTM, GAS-GAS, BETA Y SHERCO - Tienda de todotrial","isPartOf":{"@id":"https:\/\/todotrial.com\/tienda\/#website"},"primaryImageOfPage":{"@id":"https:\/\/todotrial.com\/tienda\/silenblock-escape-ktm-gas-gas-beta-y-sherco\/#primaryimage"},"image":{"@id":"https:\/\/todotrial.com\/tienda\/silenblock-escape-ktm-gas-gas-beta-y-sherco\/#primaryimage"},"thumbnailUrl":"https:\/\/todotrial.com\/tienda\/wp-content\/uploads\/2025\/02\/HR9050-1_HEBO_Escape.jpg","datePublished":"2025-02-20T09:46:00+00:00","dateModified":"2025-02-20T16:09:55+00:00","breadcrumb":{"@id":"https:\/\/todotrial.com\/tienda\/silenblock-escape-ktm-gas-gas-beta-y-sherco\/#breadcrumb"},"inLanguage":"es","potentialAction":[{"@type":"ReadAction","target":["https:\/\/todotrial.com\/tienda\/silenblock-escape-ktm-gas-gas-beta-y-sherco\/"]}]},{"@type":"ImageObject","inLanguage":"es","@id":"https:\/\/todotrial.com\/tienda\/silenblock-escape-ktm-gas-gas-beta-y-sherco\/#primaryimage","url":"https:\/\/todotrial.com\/tienda\/wp-content\/uploads\/2025\/02\/HR9050-1_HEBO_Escape.jpg","contentUrl":"https:\/\/todotrial.com\/tienda\/wp-content\/uploads\/2025\/02\/HR9050-1_HEBO_Escape.jpg","caption":"SILENBLOCK ESCAPE KTM, GAS-GAS, BETA Y SHERCO"},{"@type":"BreadcrumbList","@id":"https:\/\/todotrial.com\/tienda\/silenblock-escape-ktm-gas-gas-beta-y-sherco\/#breadcrumb","itemListElement":[{"@type":"ListItem","position":1,"name":"Portada","item":"https:\/\/todotrial.com\/tienda\/"},{"@type":"ListItem","position":2,"name":"Shop","item":"https:\/\/todotrial.com\/tienda\/shop\/"},{"@type":"ListItem","position":3,"name":"SILENBLOCK ESCAPE KTM, GAS-GAS, BETA Y SHERCO"}]},{"@type":"WebSite","@id":"https:\/\/todotrial.com\/tienda\/#website","url":"https:\/\/todotrial.com\/tienda\/","name":"Tienda de todotrial","description":"","potentialAction":[{"@type":"SearchAction","target":{"@type":"EntryPoint","urlTemplate":"https:\/\/todotrial.com\/tienda\/?s={search_term_string}"},"query-input":{"@type":"PropertyValueSpecification","valueRequired":true,"valueName":"search_term_string"}}],"inLanguage":"es"}]}},"_links":{"self":[{"href":"https:\/\/todotrial.com\/tienda\/wp-json\/wp\/v2\/product\/45732","targetHints":{"allow":["GET"]}}],"collection":[{"href":"https:\/\/todotrial.com\/tienda\/wp-json\/wp\/v2\/product"}],"about":[{"href":"https:\/\/todotrial.com\/tienda\/wp-json\/wp\/v2\/types\/product"}],"replies":[{"embeddable":true,"href":"https:\/\/todotrial.com\/tienda\/wp-json\/wp\/v2\/comments?post=45732"}],"version-history":[{"count":0,"href":"https:\/\/todotrial.com\/tienda\/wp-json\/wp\/v2\/product\/45732\/revisions"}],"wp:featuredmedia":[{"embeddable":true,"href":"https:\/\/todotrial.com\/tienda\/wp-json\/wp\/v2\/media\/45733"}],"wp:attachment":[{"href":"https:\/\/todotrial.com\/tienda\/wp-json\/wp\/v2\/media?parent=45732"}],"wp:term":[{"taxonomy":"product_brand","embeddable":true,"href":"https:\/\/todotrial.com\/tienda\/wp-json\/wp\/v2\/product_brand?post=45732"},{"taxonomy":"product_cat","embeddable":true,"href":"https:\/\/todotrial.com\/tienda\/wp-json\/wp\/v2\/product_cat?post=45732"},{"taxonomy":"product_tag","embeddable":true,"href":"https:\/\/todotrial.com\/tienda\/wp-json\/wp\/v2\/product_tag?post=45732"}],"curies":[{"name":"wp","href":"https:\/\/api.w.org\/{rel}","templated":true}]}}