{"id":45711,"date":"2025-02-20T10:45:08","date_gmt":"2025-02-20T09:45:08","guid":{"rendered":"https:\/\/todotrial.com\/tienda\/sin%20categor\u00eda\/leva-larga-freno-ajp\/"},"modified":"2025-02-20T17:10:01","modified_gmt":"2025-02-20T16:10:01","slug":"leva-larga-freno-ajp","status":"publish","type":"product","link":"https:\/\/todotrial.com\/tienda\/leva-larga-freno-ajp\/","title":{"rendered":"LEVA LARGA FRENO AJP"},"content":{"rendered":"<p>Una maneta de freno es una palanca que se utiliza para accionar el freno de la moto. En el caso de bombas de embrague AJP, se utiliza para accionar el freno de la bomba, deteniendo la rotaci\u00f3n del eje de la bomba e impidiendo su marcha. Una palanca de freno puede ser una palanca corta o una palanca larga, y la palanca larga est\u00e1 dise\u00f1ada para proporcionar m\u00e1s palanca y facilitar la aplicaci\u00f3n del freno con mayor fuerza. El freno de palanca larga permite que el operador aplique el freno de manera precisa y eficiente, y es una caracter\u00edstica de seguridad importante que evita que la bomba funcione cuando no est\u00e1 en uso.<\/p>\n","protected":false},"excerpt":{"rendered":"<p>Maneta de freno para bombas de embrague AJP, fabricada en aluminio de alta calidad.<\/p>\n","protected":false},"featured_media":45712,"comment_status":"open","ping_status":"closed","template":"","meta":[],"product_brand":[],"product_cat":[11691],"product_tag":[],"class_list":{"0":"post-45711","1":"product","2":"type-product","3":"status-publish","4":"has-post-thumbnail","6":"product_cat-general","8":"first","9":"instock","10":"taxable","11":"shipping-taxable","12":"purchasable","13":"product-type-simple"},"yoast_head":"<!-- This site is optimized with the Yoast SEO Premium plugin v21.2 (Yoast SEO v27.4) - https:\/\/yoast.com\/product\/yoast-seo-premium-wordpress\/ -->\n<title>LEVA LARGA FRENO AJP - Tienda de todotrial<\/title>\n<meta name=\"robots\" content=\"index, follow, max-snippet:-1, max-image-preview:large, max-video-preview:-1\" \/>\n<link rel=\"canonical\" href=\"https:\/\/todotrial.com\/tienda\/leva-larga-freno-ajp\/\" \/>\n<meta property=\"og:locale\" content=\"es_ES\" \/>\n<meta property=\"og:type\" content=\"article\" \/>\n<meta property=\"og:title\" content=\"LEVA LARGA FRENO AJP\" \/>\n<meta property=\"og:description\" content=\"Maneta de freno para bombas de embrague AJP, fabricada en aluminio de alta calidad.\" \/>\n<meta property=\"og:url\" content=\"https:\/\/todotrial.com\/tienda\/leva-larga-freno-ajp\/\" \/>\n<meta property=\"og:site_name\" content=\"Tienda de todotrial\" \/>\n<meta property=\"article:modified_time\" content=\"2025-02-20T16:10:01+00:00\" \/>\n<meta property=\"og:image\" content=\"https:\/\/todotrial.com\/tienda\/wp-content\/uploads\/2025\/02\/HR8920-N-1_HEBO_Maneta.jpg\" \/>\n\t<meta property=\"og:image:width\" content=\"1\" \/>\n\t<meta property=\"og:image:height\" content=\"1\" \/>\n\t<meta property=\"og:image:type\" content=\"image\/jpeg\" \/>\n<meta name=\"twitter:card\" content=\"summary_large_image\" \/>\n<meta name=\"twitter:label1\" content=\"Tiempo de lectura\" \/>\n\t<meta name=\"twitter:data1\" content=\"1 minuto\" \/>\n<script type=\"application\/ld+json\" class=\"yoast-schema-graph\">{\"@context\":\"https:\\\/\\\/schema.org\",\"@graph\":[{\"@type\":\"WebPage\",\"@id\":\"https:\\\/\\\/todotrial.com\\\/tienda\\\/leva-larga-freno-ajp\\\/\",\"url\":\"https:\\\/\\\/todotrial.com\\\/tienda\\\/leva-larga-freno-ajp\\\/\",\"name\":\"LEVA LARGA FRENO AJP - Tienda de todotrial\",\"isPartOf\":{\"@id\":\"https:\\\/\\\/todotrial.com\\\/tienda\\\/#website\"},\"primaryImageOfPage\":{\"@id\":\"https:\\\/\\\/todotrial.com\\\/tienda\\\/leva-larga-freno-ajp\\\/#primaryimage\"},\"image\":{\"@id\":\"https:\\\/\\\/todotrial.com\\\/tienda\\\/leva-larga-freno-ajp\\\/#primaryimage\"},\"thumbnailUrl\":\"https:\\\/\\\/todotrial.com\\\/tienda\\\/wp-content\\\/uploads\\\/2025\\\/02\\\/HR8920-N-1_HEBO_Maneta.jpg\",\"datePublished\":\"2025-02-20T09:45:08+00:00\",\"dateModified\":\"2025-02-20T16:10:01+00:00\",\"breadcrumb\":{\"@id\":\"https:\\\/\\\/todotrial.com\\\/tienda\\\/leva-larga-freno-ajp\\\/#breadcrumb\"},\"inLanguage\":\"es\",\"potentialAction\":[{\"@type\":\"ReadAction\",\"target\":[\"https:\\\/\\\/todotrial.com\\\/tienda\\\/leva-larga-freno-ajp\\\/\"]}]},{\"@type\":\"ImageObject\",\"inLanguage\":\"es\",\"@id\":\"https:\\\/\\\/todotrial.com\\\/tienda\\\/leva-larga-freno-ajp\\\/#primaryimage\",\"url\":\"https:\\\/\\\/todotrial.com\\\/tienda\\\/wp-content\\\/uploads\\\/2025\\\/02\\\/HR8920-N-1_HEBO_Maneta.jpg\",\"contentUrl\":\"https:\\\/\\\/todotrial.com\\\/tienda\\\/wp-content\\\/uploads\\\/2025\\\/02\\\/HR8920-N-1_HEBO_Maneta.jpg\",\"caption\":\"LEVA LARGA FRENO AJP\"},{\"@type\":\"BreadcrumbList\",\"@id\":\"https:\\\/\\\/todotrial.com\\\/tienda\\\/leva-larga-freno-ajp\\\/#breadcrumb\",\"itemListElement\":[{\"@type\":\"ListItem\",\"position\":1,\"name\":\"Portada\",\"item\":\"https:\\\/\\\/todotrial.com\\\/tienda\\\/\"},{\"@type\":\"ListItem\",\"position\":2,\"name\":\"Shop\",\"item\":\"https:\\\/\\\/todotrial.com\\\/tienda\\\/shop\\\/\"},{\"@type\":\"ListItem\",\"position\":3,\"name\":\"LEVA LARGA FRENO AJP\"}]},{\"@type\":\"WebSite\",\"@id\":\"https:\\\/\\\/todotrial.com\\\/tienda\\\/#website\",\"url\":\"https:\\\/\\\/todotrial.com\\\/tienda\\\/\",\"name\":\"Tienda de todotrial\",\"description\":\"\",\"potentialAction\":[{\"@type\":\"SearchAction\",\"target\":{\"@type\":\"EntryPoint\",\"urlTemplate\":\"https:\\\/\\\/todotrial.com\\\/tienda\\\/?s={search_term_string}\"},\"query-input\":{\"@type\":\"PropertyValueSpecification\",\"valueRequired\":true,\"valueName\":\"search_term_string\"}}],\"inLanguage\":\"es\"}]}<\/script>\n<!-- \/ Yoast SEO Premium plugin. -->","yoast_head_json":{"title":"LEVA LARGA FRENO AJP - Tienda de todotrial","robots":{"index":"index","follow":"follow","max-snippet":"max-snippet:-1","max-image-preview":"max-image-preview:large","max-video-preview":"max-video-preview:-1"},"canonical":"https:\/\/todotrial.com\/tienda\/leva-larga-freno-ajp\/","og_locale":"es_ES","og_type":"article","og_title":"LEVA LARGA FRENO AJP","og_description":"Maneta de freno para bombas de embrague AJP, fabricada en aluminio de alta calidad.","og_url":"https:\/\/todotrial.com\/tienda\/leva-larga-freno-ajp\/","og_site_name":"Tienda de todotrial","article_modified_time":"2025-02-20T16:10:01+00:00","og_image":[{"url":"https:\/\/todotrial.com\/tienda\/wp-content\/uploads\/2025\/02\/HR8920-N-1_HEBO_Maneta.jpg","width":1,"height":1,"type":"image\/jpeg"}],"twitter_card":"summary_large_image","twitter_misc":{"Tiempo de lectura":"1 minuto"},"schema":{"@context":"https:\/\/schema.org","@graph":[{"@type":"WebPage","@id":"https:\/\/todotrial.com\/tienda\/leva-larga-freno-ajp\/","url":"https:\/\/todotrial.com\/tienda\/leva-larga-freno-ajp\/","name":"LEVA LARGA FRENO AJP - Tienda de todotrial","isPartOf":{"@id":"https:\/\/todotrial.com\/tienda\/#website"},"primaryImageOfPage":{"@id":"https:\/\/todotrial.com\/tienda\/leva-larga-freno-ajp\/#primaryimage"},"image":{"@id":"https:\/\/todotrial.com\/tienda\/leva-larga-freno-ajp\/#primaryimage"},"thumbnailUrl":"https:\/\/todotrial.com\/tienda\/wp-content\/uploads\/2025\/02\/HR8920-N-1_HEBO_Maneta.jpg","datePublished":"2025-02-20T09:45:08+00:00","dateModified":"2025-02-20T16:10:01+00:00","breadcrumb":{"@id":"https:\/\/todotrial.com\/tienda\/leva-larga-freno-ajp\/#breadcrumb"},"inLanguage":"es","potentialAction":[{"@type":"ReadAction","target":["https:\/\/todotrial.com\/tienda\/leva-larga-freno-ajp\/"]}]},{"@type":"ImageObject","inLanguage":"es","@id":"https:\/\/todotrial.com\/tienda\/leva-larga-freno-ajp\/#primaryimage","url":"https:\/\/todotrial.com\/tienda\/wp-content\/uploads\/2025\/02\/HR8920-N-1_HEBO_Maneta.jpg","contentUrl":"https:\/\/todotrial.com\/tienda\/wp-content\/uploads\/2025\/02\/HR8920-N-1_HEBO_Maneta.jpg","caption":"LEVA LARGA FRENO AJP"},{"@type":"BreadcrumbList","@id":"https:\/\/todotrial.com\/tienda\/leva-larga-freno-ajp\/#breadcrumb","itemListElement":[{"@type":"ListItem","position":1,"name":"Portada","item":"https:\/\/todotrial.com\/tienda\/"},{"@type":"ListItem","position":2,"name":"Shop","item":"https:\/\/todotrial.com\/tienda\/shop\/"},{"@type":"ListItem","position":3,"name":"LEVA LARGA FRENO AJP"}]},{"@type":"WebSite","@id":"https:\/\/todotrial.com\/tienda\/#website","url":"https:\/\/todotrial.com\/tienda\/","name":"Tienda de todotrial","description":"","potentialAction":[{"@type":"SearchAction","target":{"@type":"EntryPoint","urlTemplate":"https:\/\/todotrial.com\/tienda\/?s={search_term_string}"},"query-input":{"@type":"PropertyValueSpecification","valueRequired":true,"valueName":"search_term_string"}}],"inLanguage":"es"}]}},"_links":{"self":[{"href":"https:\/\/todotrial.com\/tienda\/wp-json\/wp\/v2\/product\/45711","targetHints":{"allow":["GET"]}}],"collection":[{"href":"https:\/\/todotrial.com\/tienda\/wp-json\/wp\/v2\/product"}],"about":[{"href":"https:\/\/todotrial.com\/tienda\/wp-json\/wp\/v2\/types\/product"}],"replies":[{"embeddable":true,"href":"https:\/\/todotrial.com\/tienda\/wp-json\/wp\/v2\/comments?post=45711"}],"version-history":[{"count":0,"href":"https:\/\/todotrial.com\/tienda\/wp-json\/wp\/v2\/product\/45711\/revisions"}],"wp:featuredmedia":[{"embeddable":true,"href":"https:\/\/todotrial.com\/tienda\/wp-json\/wp\/v2\/media\/45712"}],"wp:attachment":[{"href":"https:\/\/todotrial.com\/tienda\/wp-json\/wp\/v2\/media?parent=45711"}],"wp:term":[{"taxonomy":"product_brand","embeddable":true,"href":"https:\/\/todotrial.com\/tienda\/wp-json\/wp\/v2\/product_brand?post=45711"},{"taxonomy":"product_cat","embeddable":true,"href":"https:\/\/todotrial.com\/tienda\/wp-json\/wp\/v2\/product_cat?post=45711"},{"taxonomy":"product_tag","embeddable":true,"href":"https:\/\/todotrial.com\/tienda\/wp-json\/wp\/v2\/product_tag?post=45711"}],"curies":[{"name":"wp","href":"https:\/\/api.w.org\/{rel}","templated":true}]}}