{"id":45649,"date":"2025-02-20T10:39:55","date_gmt":"2025-02-20T09:39:55","guid":{"rendered":"https:\/\/todotrial.com\/tienda\/sin%20categor\u00eda\/asiento-trial-2\/"},"modified":"2025-04-14T17:31:19","modified_gmt":"2025-04-14T16:31:19","slug":"asiento-trial-2","status":"publish","type":"product","link":"https:\/\/todotrial.com\/tienda\/asiento-trial-2\/","title":{"rendered":"ASIENTO TRIAL"},"content":{"rendered":"<p>El asiento All Trial es un asiento dise\u00f1ado espec\u00edficamente para adaptarse a las motos de trial de la marca HEBO y mejorar la ergonom\u00eda y comodidad del conductor. Es fabricado con materiales resistentes y duraderos, y su dise\u00f1o es espec\u00edfico para proporcionar un mayor agarre y control en las condiciones de este deporte extremo. Adem\u00e1s, tienen dise\u00f1o atractivo para complementar el aspecto de la moto. Es una excelente opci\u00f3n para competidores de Trial y para aquellos que practican este deporte de forma recreativa.<\/p>\n","protected":false},"excerpt":{"rendered":"<p>Asiento All Trial HEBO para moto.<\/p>\n","protected":false},"featured_media":55745,"comment_status":"open","ping_status":"closed","template":"","meta":[],"product_brand":[],"product_cat":[11691],"product_tag":[11732],"class_list":{"0":"post-45649","1":"product","2":"type-product","3":"status-publish","4":"has-post-thumbnail","6":"product_cat-general","7":"product_tag-asiento","9":"first","10":"instock","11":"taxable","12":"shipping-taxable","13":"purchasable","14":"product-type-simple"},"yoast_head":"<!-- This site is optimized with the Yoast SEO Premium plugin v21.2 (Yoast SEO v27.3) - https:\/\/yoast.com\/product\/yoast-seo-premium-wordpress\/ -->\n<title>ASIENTO TRIAL - Tienda de todotrial<\/title>\n<meta name=\"robots\" content=\"index, follow, max-snippet:-1, max-image-preview:large, max-video-preview:-1\" \/>\n<link rel=\"canonical\" href=\"https:\/\/todotrial.com\/tienda\/asiento-trial-2\/\" \/>\n<meta property=\"og:locale\" content=\"es_ES\" \/>\n<meta property=\"og:type\" content=\"article\" \/>\n<meta property=\"og:title\" content=\"ASIENTO TRIAL\" \/>\n<meta property=\"og:description\" content=\"Asiento All Trial HEBO para moto.\" \/>\n<meta property=\"og:url\" content=\"https:\/\/todotrial.com\/tienda\/asiento-trial-2\/\" \/>\n<meta property=\"og:site_name\" content=\"Tienda de todotrial\" \/>\n<meta property=\"article:modified_time\" content=\"2025-04-14T16:31:19+00:00\" \/>\n<meta property=\"og:image\" content=\"https:\/\/todotrial.com\/tienda\/wp-content\/uploads\/2025\/02\/HR8090-N-1_HEBO_Asiento.jpg\" \/>\n\t<meta property=\"og:image:width\" content=\"1\" \/>\n\t<meta property=\"og:image:height\" content=\"1\" \/>\n\t<meta property=\"og:image:type\" content=\"image\/jpeg\" \/>\n<meta name=\"twitter:card\" content=\"summary_large_image\" \/>\n<meta name=\"twitter:label1\" content=\"Tiempo de lectura\" \/>\n\t<meta name=\"twitter:data1\" content=\"1 minuto\" \/>\n<script type=\"application\/ld+json\" class=\"yoast-schema-graph\">{\"@context\":\"https:\\\/\\\/schema.org\",\"@graph\":[{\"@type\":\"WebPage\",\"@id\":\"https:\\\/\\\/todotrial.com\\\/tienda\\\/asiento-trial-2\\\/\",\"url\":\"https:\\\/\\\/todotrial.com\\\/tienda\\\/asiento-trial-2\\\/\",\"name\":\"ASIENTO TRIAL - Tienda de todotrial\",\"isPartOf\":{\"@id\":\"https:\\\/\\\/todotrial.com\\\/tienda\\\/#website\"},\"primaryImageOfPage\":{\"@id\":\"https:\\\/\\\/todotrial.com\\\/tienda\\\/asiento-trial-2\\\/#primaryimage\"},\"image\":{\"@id\":\"https:\\\/\\\/todotrial.com\\\/tienda\\\/asiento-trial-2\\\/#primaryimage\"},\"thumbnailUrl\":\"https:\\\/\\\/todotrial.com\\\/tienda\\\/wp-content\\\/uploads\\\/2025\\\/04\\\/HR8090-N-1_HEBO_Asiento.jpg\",\"datePublished\":\"2025-02-20T09:39:55+00:00\",\"dateModified\":\"2025-04-14T16:31:19+00:00\",\"breadcrumb\":{\"@id\":\"https:\\\/\\\/todotrial.com\\\/tienda\\\/asiento-trial-2\\\/#breadcrumb\"},\"inLanguage\":\"es\",\"potentialAction\":[{\"@type\":\"ReadAction\",\"target\":[\"https:\\\/\\\/todotrial.com\\\/tienda\\\/asiento-trial-2\\\/\"]}]},{\"@type\":\"ImageObject\",\"inLanguage\":\"es\",\"@id\":\"https:\\\/\\\/todotrial.com\\\/tienda\\\/asiento-trial-2\\\/#primaryimage\",\"url\":\"https:\\\/\\\/todotrial.com\\\/tienda\\\/wp-content\\\/uploads\\\/2025\\\/04\\\/HR8090-N-1_HEBO_Asiento.jpg\",\"contentUrl\":\"https:\\\/\\\/todotrial.com\\\/tienda\\\/wp-content\\\/uploads\\\/2025\\\/04\\\/HR8090-N-1_HEBO_Asiento.jpg\",\"width\":1000,\"height\":1000},{\"@type\":\"BreadcrumbList\",\"@id\":\"https:\\\/\\\/todotrial.com\\\/tienda\\\/asiento-trial-2\\\/#breadcrumb\",\"itemListElement\":[{\"@type\":\"ListItem\",\"position\":1,\"name\":\"Portada\",\"item\":\"https:\\\/\\\/todotrial.com\\\/tienda\\\/\"},{\"@type\":\"ListItem\",\"position\":2,\"name\":\"Shop\",\"item\":\"https:\\\/\\\/todotrial.com\\\/tienda\\\/shop\\\/\"},{\"@type\":\"ListItem\",\"position\":3,\"name\":\"ASIENTO TRIAL\"}]},{\"@type\":\"WebSite\",\"@id\":\"https:\\\/\\\/todotrial.com\\\/tienda\\\/#website\",\"url\":\"https:\\\/\\\/todotrial.com\\\/tienda\\\/\",\"name\":\"Tienda de todotrial\",\"description\":\"\",\"potentialAction\":[{\"@type\":\"SearchAction\",\"target\":{\"@type\":\"EntryPoint\",\"urlTemplate\":\"https:\\\/\\\/todotrial.com\\\/tienda\\\/?s={search_term_string}\"},\"query-input\":{\"@type\":\"PropertyValueSpecification\",\"valueRequired\":true,\"valueName\":\"search_term_string\"}}],\"inLanguage\":\"es\"}]}<\/script>\n<!-- \/ Yoast SEO Premium plugin. -->","yoast_head_json":{"title":"ASIENTO TRIAL - Tienda de todotrial","robots":{"index":"index","follow":"follow","max-snippet":"max-snippet:-1","max-image-preview":"max-image-preview:large","max-video-preview":"max-video-preview:-1"},"canonical":"https:\/\/todotrial.com\/tienda\/asiento-trial-2\/","og_locale":"es_ES","og_type":"article","og_title":"ASIENTO TRIAL","og_description":"Asiento All Trial HEBO para moto.","og_url":"https:\/\/todotrial.com\/tienda\/asiento-trial-2\/","og_site_name":"Tienda de todotrial","article_modified_time":"2025-04-14T16:31:19+00:00","og_image":[{"url":"https:\/\/todotrial.com\/tienda\/wp-content\/uploads\/2025\/02\/HR8090-N-1_HEBO_Asiento.jpg","width":1,"height":1,"type":"image\/jpeg"}],"twitter_card":"summary_large_image","twitter_misc":{"Tiempo de lectura":"1 minuto"},"schema":{"@context":"https:\/\/schema.org","@graph":[{"@type":"WebPage","@id":"https:\/\/todotrial.com\/tienda\/asiento-trial-2\/","url":"https:\/\/todotrial.com\/tienda\/asiento-trial-2\/","name":"ASIENTO TRIAL - Tienda de todotrial","isPartOf":{"@id":"https:\/\/todotrial.com\/tienda\/#website"},"primaryImageOfPage":{"@id":"https:\/\/todotrial.com\/tienda\/asiento-trial-2\/#primaryimage"},"image":{"@id":"https:\/\/todotrial.com\/tienda\/asiento-trial-2\/#primaryimage"},"thumbnailUrl":"https:\/\/todotrial.com\/tienda\/wp-content\/uploads\/2025\/04\/HR8090-N-1_HEBO_Asiento.jpg","datePublished":"2025-02-20T09:39:55+00:00","dateModified":"2025-04-14T16:31:19+00:00","breadcrumb":{"@id":"https:\/\/todotrial.com\/tienda\/asiento-trial-2\/#breadcrumb"},"inLanguage":"es","potentialAction":[{"@type":"ReadAction","target":["https:\/\/todotrial.com\/tienda\/asiento-trial-2\/"]}]},{"@type":"ImageObject","inLanguage":"es","@id":"https:\/\/todotrial.com\/tienda\/asiento-trial-2\/#primaryimage","url":"https:\/\/todotrial.com\/tienda\/wp-content\/uploads\/2025\/04\/HR8090-N-1_HEBO_Asiento.jpg","contentUrl":"https:\/\/todotrial.com\/tienda\/wp-content\/uploads\/2025\/04\/HR8090-N-1_HEBO_Asiento.jpg","width":1000,"height":1000},{"@type":"BreadcrumbList","@id":"https:\/\/todotrial.com\/tienda\/asiento-trial-2\/#breadcrumb","itemListElement":[{"@type":"ListItem","position":1,"name":"Portada","item":"https:\/\/todotrial.com\/tienda\/"},{"@type":"ListItem","position":2,"name":"Shop","item":"https:\/\/todotrial.com\/tienda\/shop\/"},{"@type":"ListItem","position":3,"name":"ASIENTO TRIAL"}]},{"@type":"WebSite","@id":"https:\/\/todotrial.com\/tienda\/#website","url":"https:\/\/todotrial.com\/tienda\/","name":"Tienda de todotrial","description":"","potentialAction":[{"@type":"SearchAction","target":{"@type":"EntryPoint","urlTemplate":"https:\/\/todotrial.com\/tienda\/?s={search_term_string}"},"query-input":{"@type":"PropertyValueSpecification","valueRequired":true,"valueName":"search_term_string"}}],"inLanguage":"es"}]}},"_links":{"self":[{"href":"https:\/\/todotrial.com\/tienda\/wp-json\/wp\/v2\/product\/45649","targetHints":{"allow":["GET"]}}],"collection":[{"href":"https:\/\/todotrial.com\/tienda\/wp-json\/wp\/v2\/product"}],"about":[{"href":"https:\/\/todotrial.com\/tienda\/wp-json\/wp\/v2\/types\/product"}],"replies":[{"embeddable":true,"href":"https:\/\/todotrial.com\/tienda\/wp-json\/wp\/v2\/comments?post=45649"}],"version-history":[{"count":3,"href":"https:\/\/todotrial.com\/tienda\/wp-json\/wp\/v2\/product\/45649\/revisions"}],"predecessor-version":[{"id":53176,"href":"https:\/\/todotrial.com\/tienda\/wp-json\/wp\/v2\/product\/45649\/revisions\/53176"}],"wp:featuredmedia":[{"embeddable":true,"href":"https:\/\/todotrial.com\/tienda\/wp-json\/wp\/v2\/media\/55745"}],"wp:attachment":[{"href":"https:\/\/todotrial.com\/tienda\/wp-json\/wp\/v2\/media?parent=45649"}],"wp:term":[{"taxonomy":"product_brand","embeddable":true,"href":"https:\/\/todotrial.com\/tienda\/wp-json\/wp\/v2\/product_brand?post=45649"},{"taxonomy":"product_cat","embeddable":true,"href":"https:\/\/todotrial.com\/tienda\/wp-json\/wp\/v2\/product_cat?post=45649"},{"taxonomy":"product_tag","embeddable":true,"href":"https:\/\/todotrial.com\/tienda\/wp-json\/wp\/v2\/product_tag?post=45649"}],"curies":[{"name":"wp","href":"https:\/\/api.w.org\/{rel}","templated":true}]}}