{"id":45623,"date":"2025-02-20T10:36:50","date_gmt":"2025-02-20T09:36:50","guid":{"rendered":"https:\/\/todotrial.com\/tienda\/sin%20categor\u00eda\/deposito-auxiliar-gasolina-trial-petrol-tank-1-000cc\/"},"modified":"2025-04-14T15:18:44","modified_gmt":"2025-04-14T14:18:44","slug":"deposito-auxiliar-gasolina-trial-petrol-tank-1-000cc","status":"publish","type":"product","link":"https:\/\/todotrial.com\/tienda\/deposito-auxiliar-gasolina-trial-petrol-tank-1-000cc\/","title":{"rendered":"DEPOSITO AUXILIAR GASOLINA \/ TRIAL PETROL TANK 1.000CC"},"content":{"rendered":"<p>Un deposito auxiliar de gasolina Trial Petrol Tank de 1.000 cc es un tanque adicional de gasolina que se monta en una motocicleta Trial para aumentar la capacidad de combustible. Este tipo de tanque suele tener una capacidad de 1.000 cc, lo que significa que puede almacenar 1 litro de gasolina. Estos tanques son \u00fatiles para viajes de larga distancia o para aquellos que desean tener una reserva adicional de combustible en caso de emergencia. Es importante asegurarse de que el tanque auxiliar sea compatible con el modelo y a\u00f1o de la motocicleta antes de comprarlo, as\u00ed como que est\u00e9n fabricadas con material de calidad y cumplan con las normativas de seguridad para su uso.<\/p>\n","protected":false},"excerpt":{"rendered":"<p>Dep\u00f3sito de gasolina ideal para realizar desplazamientos m\u00e1s largos sin tener que repostar. Ideal para poder realizar excursiones en una motocicleta de Trial. Capacidad 1000 cc.<\/p>\n","protected":false},"featured_media":45624,"comment_status":"open","ping_status":"closed","template":"","meta":[],"product_brand":[],"product_cat":[11691],"product_tag":[],"class_list":{"0":"post-45623","1":"product","2":"type-product","3":"status-publish","4":"has-post-thumbnail","6":"product_cat-general","8":"first","9":"instock","10":"taxable","11":"shipping-taxable","12":"purchasable","13":"product-type-simple"},"yoast_head":"<!-- This site is optimized with the Yoast SEO Premium plugin v21.2 (Yoast SEO v27.3) - https:\/\/yoast.com\/product\/yoast-seo-premium-wordpress\/ -->\n<title>DEPOSITO AUXILIAR GASOLINA \/ TRIAL PETROL TANK 1.000CC - Tienda de todotrial<\/title>\n<meta name=\"robots\" content=\"index, follow, max-snippet:-1, max-image-preview:large, max-video-preview:-1\" \/>\n<link rel=\"canonical\" href=\"https:\/\/todotrial.com\/tienda\/deposito-auxiliar-gasolina-trial-petrol-tank-1-000cc\/\" \/>\n<meta property=\"og:locale\" content=\"es_ES\" \/>\n<meta property=\"og:type\" content=\"article\" \/>\n<meta property=\"og:title\" content=\"DEPOSITO AUXILIAR GASOLINA \/ TRIAL PETROL TANK 1.000CC\" \/>\n<meta property=\"og:description\" content=\"Dep\u00f3sito de gasolina ideal para realizar desplazamientos m\u00e1s largos sin tener que repostar. Ideal para poder realizar excursiones en una motocicleta de Trial. Capacidad 1000 cc.\" \/>\n<meta property=\"og:url\" content=\"https:\/\/todotrial.com\/tienda\/deposito-auxiliar-gasolina-trial-petrol-tank-1-000cc\/\" \/>\n<meta property=\"og:site_name\" content=\"Tienda de todotrial\" \/>\n<meta property=\"article:modified_time\" content=\"2025-04-14T14:18:44+00:00\" \/>\n<meta property=\"og:image\" content=\"https:\/\/todotrial.com\/tienda\/wp-content\/uploads\/2025\/02\/HI8065-1_HEBO_Tanque.jpg\" \/>\n\t<meta property=\"og:image:width\" content=\"1\" \/>\n\t<meta property=\"og:image:height\" content=\"1\" \/>\n\t<meta property=\"og:image:type\" content=\"image\/jpeg\" \/>\n<meta name=\"twitter:card\" content=\"summary_large_image\" \/>\n<meta name=\"twitter:label1\" content=\"Tiempo de lectura\" \/>\n\t<meta name=\"twitter:data1\" content=\"1 minuto\" \/>\n<script type=\"application\/ld+json\" class=\"yoast-schema-graph\">{\"@context\":\"https:\\\/\\\/schema.org\",\"@graph\":[{\"@type\":\"WebPage\",\"@id\":\"https:\\\/\\\/todotrial.com\\\/tienda\\\/deposito-auxiliar-gasolina-trial-petrol-tank-1-000cc\\\/\",\"url\":\"https:\\\/\\\/todotrial.com\\\/tienda\\\/deposito-auxiliar-gasolina-trial-petrol-tank-1-000cc\\\/\",\"name\":\"DEPOSITO AUXILIAR GASOLINA \\\/ TRIAL PETROL TANK 1.000CC - Tienda de todotrial\",\"isPartOf\":{\"@id\":\"https:\\\/\\\/todotrial.com\\\/tienda\\\/#website\"},\"primaryImageOfPage\":{\"@id\":\"https:\\\/\\\/todotrial.com\\\/tienda\\\/deposito-auxiliar-gasolina-trial-petrol-tank-1-000cc\\\/#primaryimage\"},\"image\":{\"@id\":\"https:\\\/\\\/todotrial.com\\\/tienda\\\/deposito-auxiliar-gasolina-trial-petrol-tank-1-000cc\\\/#primaryimage\"},\"thumbnailUrl\":\"https:\\\/\\\/todotrial.com\\\/tienda\\\/wp-content\\\/uploads\\\/2025\\\/02\\\/HI8065-1_HEBO_Tanque.jpg\",\"datePublished\":\"2025-02-20T09:36:50+00:00\",\"dateModified\":\"2025-04-14T14:18:44+00:00\",\"breadcrumb\":{\"@id\":\"https:\\\/\\\/todotrial.com\\\/tienda\\\/deposito-auxiliar-gasolina-trial-petrol-tank-1-000cc\\\/#breadcrumb\"},\"inLanguage\":\"es\",\"potentialAction\":[{\"@type\":\"ReadAction\",\"target\":[\"https:\\\/\\\/todotrial.com\\\/tienda\\\/deposito-auxiliar-gasolina-trial-petrol-tank-1-000cc\\\/\"]}]},{\"@type\":\"ImageObject\",\"inLanguage\":\"es\",\"@id\":\"https:\\\/\\\/todotrial.com\\\/tienda\\\/deposito-auxiliar-gasolina-trial-petrol-tank-1-000cc\\\/#primaryimage\",\"url\":\"https:\\\/\\\/todotrial.com\\\/tienda\\\/wp-content\\\/uploads\\\/2025\\\/02\\\/HI8065-1_HEBO_Tanque.jpg\",\"contentUrl\":\"https:\\\/\\\/todotrial.com\\\/tienda\\\/wp-content\\\/uploads\\\/2025\\\/02\\\/HI8065-1_HEBO_Tanque.jpg\",\"caption\":\"DEPOSITO AUXILIAR GASOLINA \\\/ TRIAL PETROL TANK 1.000CC\"},{\"@type\":\"BreadcrumbList\",\"@id\":\"https:\\\/\\\/todotrial.com\\\/tienda\\\/deposito-auxiliar-gasolina-trial-petrol-tank-1-000cc\\\/#breadcrumb\",\"itemListElement\":[{\"@type\":\"ListItem\",\"position\":1,\"name\":\"Portada\",\"item\":\"https:\\\/\\\/todotrial.com\\\/tienda\\\/\"},{\"@type\":\"ListItem\",\"position\":2,\"name\":\"Shop\",\"item\":\"https:\\\/\\\/todotrial.com\\\/tienda\\\/shop\\\/\"},{\"@type\":\"ListItem\",\"position\":3,\"name\":\"DEPOSITO AUXILIAR GASOLINA \\\/ TRIAL PETROL TANK 1.000CC\"}]},{\"@type\":\"WebSite\",\"@id\":\"https:\\\/\\\/todotrial.com\\\/tienda\\\/#website\",\"url\":\"https:\\\/\\\/todotrial.com\\\/tienda\\\/\",\"name\":\"Tienda de todotrial\",\"description\":\"\",\"potentialAction\":[{\"@type\":\"SearchAction\",\"target\":{\"@type\":\"EntryPoint\",\"urlTemplate\":\"https:\\\/\\\/todotrial.com\\\/tienda\\\/?s={search_term_string}\"},\"query-input\":{\"@type\":\"PropertyValueSpecification\",\"valueRequired\":true,\"valueName\":\"search_term_string\"}}],\"inLanguage\":\"es\"}]}<\/script>\n<!-- \/ Yoast SEO Premium plugin. -->","yoast_head_json":{"title":"DEPOSITO AUXILIAR GASOLINA \/ TRIAL PETROL TANK 1.000CC - Tienda de todotrial","robots":{"index":"index","follow":"follow","max-snippet":"max-snippet:-1","max-image-preview":"max-image-preview:large","max-video-preview":"max-video-preview:-1"},"canonical":"https:\/\/todotrial.com\/tienda\/deposito-auxiliar-gasolina-trial-petrol-tank-1-000cc\/","og_locale":"es_ES","og_type":"article","og_title":"DEPOSITO AUXILIAR GASOLINA \/ TRIAL PETROL TANK 1.000CC","og_description":"Dep\u00f3sito de gasolina ideal para realizar desplazamientos m\u00e1s largos sin tener que repostar. Ideal para poder realizar excursiones en una motocicleta de Trial. Capacidad 1000 cc.","og_url":"https:\/\/todotrial.com\/tienda\/deposito-auxiliar-gasolina-trial-petrol-tank-1-000cc\/","og_site_name":"Tienda de todotrial","article_modified_time":"2025-04-14T14:18:44+00:00","og_image":[{"url":"https:\/\/todotrial.com\/tienda\/wp-content\/uploads\/2025\/02\/HI8065-1_HEBO_Tanque.jpg","width":1,"height":1,"type":"image\/jpeg"}],"twitter_card":"summary_large_image","twitter_misc":{"Tiempo de lectura":"1 minuto"},"schema":{"@context":"https:\/\/schema.org","@graph":[{"@type":"WebPage","@id":"https:\/\/todotrial.com\/tienda\/deposito-auxiliar-gasolina-trial-petrol-tank-1-000cc\/","url":"https:\/\/todotrial.com\/tienda\/deposito-auxiliar-gasolina-trial-petrol-tank-1-000cc\/","name":"DEPOSITO AUXILIAR GASOLINA \/ TRIAL PETROL TANK 1.000CC - Tienda de todotrial","isPartOf":{"@id":"https:\/\/todotrial.com\/tienda\/#website"},"primaryImageOfPage":{"@id":"https:\/\/todotrial.com\/tienda\/deposito-auxiliar-gasolina-trial-petrol-tank-1-000cc\/#primaryimage"},"image":{"@id":"https:\/\/todotrial.com\/tienda\/deposito-auxiliar-gasolina-trial-petrol-tank-1-000cc\/#primaryimage"},"thumbnailUrl":"https:\/\/todotrial.com\/tienda\/wp-content\/uploads\/2025\/02\/HI8065-1_HEBO_Tanque.jpg","datePublished":"2025-02-20T09:36:50+00:00","dateModified":"2025-04-14T14:18:44+00:00","breadcrumb":{"@id":"https:\/\/todotrial.com\/tienda\/deposito-auxiliar-gasolina-trial-petrol-tank-1-000cc\/#breadcrumb"},"inLanguage":"es","potentialAction":[{"@type":"ReadAction","target":["https:\/\/todotrial.com\/tienda\/deposito-auxiliar-gasolina-trial-petrol-tank-1-000cc\/"]}]},{"@type":"ImageObject","inLanguage":"es","@id":"https:\/\/todotrial.com\/tienda\/deposito-auxiliar-gasolina-trial-petrol-tank-1-000cc\/#primaryimage","url":"https:\/\/todotrial.com\/tienda\/wp-content\/uploads\/2025\/02\/HI8065-1_HEBO_Tanque.jpg","contentUrl":"https:\/\/todotrial.com\/tienda\/wp-content\/uploads\/2025\/02\/HI8065-1_HEBO_Tanque.jpg","caption":"DEPOSITO AUXILIAR GASOLINA \/ TRIAL PETROL TANK 1.000CC"},{"@type":"BreadcrumbList","@id":"https:\/\/todotrial.com\/tienda\/deposito-auxiliar-gasolina-trial-petrol-tank-1-000cc\/#breadcrumb","itemListElement":[{"@type":"ListItem","position":1,"name":"Portada","item":"https:\/\/todotrial.com\/tienda\/"},{"@type":"ListItem","position":2,"name":"Shop","item":"https:\/\/todotrial.com\/tienda\/shop\/"},{"@type":"ListItem","position":3,"name":"DEPOSITO AUXILIAR GASOLINA \/ TRIAL PETROL TANK 1.000CC"}]},{"@type":"WebSite","@id":"https:\/\/todotrial.com\/tienda\/#website","url":"https:\/\/todotrial.com\/tienda\/","name":"Tienda de todotrial","description":"","potentialAction":[{"@type":"SearchAction","target":{"@type":"EntryPoint","urlTemplate":"https:\/\/todotrial.com\/tienda\/?s={search_term_string}"},"query-input":{"@type":"PropertyValueSpecification","valueRequired":true,"valueName":"search_term_string"}}],"inLanguage":"es"}]}},"_links":{"self":[{"href":"https:\/\/todotrial.com\/tienda\/wp-json\/wp\/v2\/product\/45623","targetHints":{"allow":["GET"]}}],"collection":[{"href":"https:\/\/todotrial.com\/tienda\/wp-json\/wp\/v2\/product"}],"about":[{"href":"https:\/\/todotrial.com\/tienda\/wp-json\/wp\/v2\/types\/product"}],"replies":[{"embeddable":true,"href":"https:\/\/todotrial.com\/tienda\/wp-json\/wp\/v2\/comments?post=45623"}],"version-history":[{"count":1,"href":"https:\/\/todotrial.com\/tienda\/wp-json\/wp\/v2\/product\/45623\/revisions"}],"predecessor-version":[{"id":55592,"href":"https:\/\/todotrial.com\/tienda\/wp-json\/wp\/v2\/product\/45623\/revisions\/55592"}],"wp:featuredmedia":[{"embeddable":true,"href":"https:\/\/todotrial.com\/tienda\/wp-json\/wp\/v2\/media\/45624"}],"wp:attachment":[{"href":"https:\/\/todotrial.com\/tienda\/wp-json\/wp\/v2\/media?parent=45623"}],"wp:term":[{"taxonomy":"product_brand","embeddable":true,"href":"https:\/\/todotrial.com\/tienda\/wp-json\/wp\/v2\/product_brand?post=45623"},{"taxonomy":"product_cat","embeddable":true,"href":"https:\/\/todotrial.com\/tienda\/wp-json\/wp\/v2\/product_cat?post=45623"},{"taxonomy":"product_tag","embeddable":true,"href":"https:\/\/todotrial.com\/tienda\/wp-json\/wp\/v2\/product_tag?post=45623"}],"curies":[{"name":"wp","href":"https:\/\/api.w.org\/{rel}","templated":true}]}}