{"id":45619,"date":"2025-02-20T10:36:38","date_gmt":"2025-02-20T09:36:38","guid":{"rendered":"https:\/\/todotrial.com\/tienda\/sin%20categor\u00eda\/medidor-de-presion-reloj-analogic-pressure-gauge-1-kg-trial-quads\/"},"modified":"2026-01-13T18:51:41","modified_gmt":"2026-01-13T17:51:41","slug":"medidor-de-presion-reloj-analogic-pressure-gauge-1-kg-trial-quads","status":"publish","type":"product","link":"https:\/\/todotrial.com\/tienda\/medidor-de-presion-reloj-analogic-pressure-gauge-1-kg-trial-quads\/","title":{"rendered":"MEDIDOR DE PRESI\u00d3N RELOJ\/ANALOGIC PRESSURE GAUGE  1 Kg  TRIAL\/QUADS"},"content":{"rendered":"<p>El medidor de presi\u00f3n reloj Trial-Quad es un dispositivo de medici\u00f3n de presi\u00f3n que tiene un rango m\u00e1ximo de medici\u00f3n de 1 kilogramo. Es utilizado para medir la presi\u00f3n en un sistema o dispositivo espec\u00edfico.<\/p>\n","protected":false},"excerpt":{"rendered":"<p>Medidor de presi\u00f3n reloj Trial-Quad. M\u00e1ximo 1 Kg.<\/p>\n","protected":false},"featured_media":45620,"comment_status":"open","ping_status":"closed","template":"","meta":[],"product_brand":[],"product_cat":[11691],"product_tag":[],"class_list":{"0":"post-45619","1":"product","2":"type-product","3":"status-publish","4":"has-post-thumbnail","6":"product_cat-general","8":"first","9":"outofstock","10":"taxable","11":"shipping-taxable","12":"purchasable","13":"product-type-simple"},"yoast_head":"<!-- This site is optimized with the Yoast SEO Premium plugin v21.2 (Yoast SEO v27.4) - https:\/\/yoast.com\/product\/yoast-seo-premium-wordpress\/ -->\n<title>MEDIDOR DE PRESI\u00d3N RELOJ\/ANALOGIC PRESSURE GAUGE 1 Kg TRIAL\/QUADS - Tienda de todotrial<\/title>\n<meta name=\"robots\" content=\"index, follow, max-snippet:-1, max-image-preview:large, max-video-preview:-1\" \/>\n<link rel=\"canonical\" href=\"https:\/\/todotrial.com\/tienda\/medidor-de-presion-reloj-analogic-pressure-gauge-1-kg-trial-quads\/\" \/>\n<meta property=\"og:locale\" content=\"es_ES\" \/>\n<meta property=\"og:type\" content=\"article\" \/>\n<meta property=\"og:title\" content=\"MEDIDOR DE PRESI\u00d3N RELOJ\/ANALOGIC PRESSURE GAUGE 1 Kg TRIAL\/QUADS\" \/>\n<meta property=\"og:description\" content=\"Medidor de presi\u00f3n reloj Trial-Quad. M\u00e1ximo 1 Kg.\" \/>\n<meta property=\"og:url\" content=\"https:\/\/todotrial.com\/tienda\/medidor-de-presion-reloj-analogic-pressure-gauge-1-kg-trial-quads\/\" \/>\n<meta property=\"og:site_name\" content=\"Tienda de todotrial\" \/>\n<meta property=\"article:modified_time\" content=\"2026-01-13T17:51:41+00:00\" \/>\n<meta property=\"og:image\" content=\"https:\/\/todotrial.com\/tienda\/wp-content\/uploads\/2025\/02\/HH8310-1_HEBO_Medidor.jpg\" \/>\n\t<meta property=\"og:image:width\" content=\"1\" \/>\n\t<meta property=\"og:image:height\" content=\"1\" \/>\n\t<meta property=\"og:image:type\" content=\"image\/jpeg\" \/>\n<meta name=\"twitter:card\" content=\"summary_large_image\" \/>\n<meta name=\"twitter:label1\" content=\"Tiempo de lectura\" \/>\n\t<meta name=\"twitter:data1\" content=\"1 minuto\" \/>\n<script type=\"application\/ld+json\" class=\"yoast-schema-graph\">{\"@context\":\"https:\\\/\\\/schema.org\",\"@graph\":[{\"@type\":\"WebPage\",\"@id\":\"https:\\\/\\\/todotrial.com\\\/tienda\\\/medidor-de-presion-reloj-analogic-pressure-gauge-1-kg-trial-quads\\\/\",\"url\":\"https:\\\/\\\/todotrial.com\\\/tienda\\\/medidor-de-presion-reloj-analogic-pressure-gauge-1-kg-trial-quads\\\/\",\"name\":\"MEDIDOR DE PRESI\u00d3N RELOJ\\\/ANALOGIC PRESSURE GAUGE 1 Kg TRIAL\\\/QUADS - Tienda de todotrial\",\"isPartOf\":{\"@id\":\"https:\\\/\\\/todotrial.com\\\/tienda\\\/#website\"},\"primaryImageOfPage\":{\"@id\":\"https:\\\/\\\/todotrial.com\\\/tienda\\\/medidor-de-presion-reloj-analogic-pressure-gauge-1-kg-trial-quads\\\/#primaryimage\"},\"image\":{\"@id\":\"https:\\\/\\\/todotrial.com\\\/tienda\\\/medidor-de-presion-reloj-analogic-pressure-gauge-1-kg-trial-quads\\\/#primaryimage\"},\"thumbnailUrl\":\"https:\\\/\\\/todotrial.com\\\/tienda\\\/wp-content\\\/uploads\\\/2025\\\/02\\\/HH8310-1_HEBO_Medidor.jpg\",\"datePublished\":\"2025-02-20T09:36:38+00:00\",\"dateModified\":\"2026-01-13T17:51:41+00:00\",\"breadcrumb\":{\"@id\":\"https:\\\/\\\/todotrial.com\\\/tienda\\\/medidor-de-presion-reloj-analogic-pressure-gauge-1-kg-trial-quads\\\/#breadcrumb\"},\"inLanguage\":\"es\",\"potentialAction\":[{\"@type\":\"ReadAction\",\"target\":[\"https:\\\/\\\/todotrial.com\\\/tienda\\\/medidor-de-presion-reloj-analogic-pressure-gauge-1-kg-trial-quads\\\/\"]}]},{\"@type\":\"ImageObject\",\"inLanguage\":\"es\",\"@id\":\"https:\\\/\\\/todotrial.com\\\/tienda\\\/medidor-de-presion-reloj-analogic-pressure-gauge-1-kg-trial-quads\\\/#primaryimage\",\"url\":\"https:\\\/\\\/todotrial.com\\\/tienda\\\/wp-content\\\/uploads\\\/2025\\\/02\\\/HH8310-1_HEBO_Medidor.jpg\",\"contentUrl\":\"https:\\\/\\\/todotrial.com\\\/tienda\\\/wp-content\\\/uploads\\\/2025\\\/02\\\/HH8310-1_HEBO_Medidor.jpg\",\"caption\":\"MEDIDOR DE PRESI\u00d3N RELOJ\\\/ANALOGIC PRESSURE GAUGE 1 Kg TRIAL\\\/QUADS\"},{\"@type\":\"BreadcrumbList\",\"@id\":\"https:\\\/\\\/todotrial.com\\\/tienda\\\/medidor-de-presion-reloj-analogic-pressure-gauge-1-kg-trial-quads\\\/#breadcrumb\",\"itemListElement\":[{\"@type\":\"ListItem\",\"position\":1,\"name\":\"Portada\",\"item\":\"https:\\\/\\\/todotrial.com\\\/tienda\\\/\"},{\"@type\":\"ListItem\",\"position\":2,\"name\":\"Shop\",\"item\":\"https:\\\/\\\/todotrial.com\\\/tienda\\\/shop\\\/\"},{\"@type\":\"ListItem\",\"position\":3,\"name\":\"MEDIDOR DE PRESI\u00d3N RELOJ\\\/ANALOGIC PRESSURE GAUGE 1 Kg TRIAL\\\/QUADS\"}]},{\"@type\":\"WebSite\",\"@id\":\"https:\\\/\\\/todotrial.com\\\/tienda\\\/#website\",\"url\":\"https:\\\/\\\/todotrial.com\\\/tienda\\\/\",\"name\":\"Tienda de todotrial\",\"description\":\"\",\"potentialAction\":[{\"@type\":\"SearchAction\",\"target\":{\"@type\":\"EntryPoint\",\"urlTemplate\":\"https:\\\/\\\/todotrial.com\\\/tienda\\\/?s={search_term_string}\"},\"query-input\":{\"@type\":\"PropertyValueSpecification\",\"valueRequired\":true,\"valueName\":\"search_term_string\"}}],\"inLanguage\":\"es\"}]}<\/script>\n<!-- \/ Yoast SEO Premium plugin. -->","yoast_head_json":{"title":"MEDIDOR DE PRESI\u00d3N RELOJ\/ANALOGIC PRESSURE GAUGE 1 Kg TRIAL\/QUADS - Tienda de todotrial","robots":{"index":"index","follow":"follow","max-snippet":"max-snippet:-1","max-image-preview":"max-image-preview:large","max-video-preview":"max-video-preview:-1"},"canonical":"https:\/\/todotrial.com\/tienda\/medidor-de-presion-reloj-analogic-pressure-gauge-1-kg-trial-quads\/","og_locale":"es_ES","og_type":"article","og_title":"MEDIDOR DE PRESI\u00d3N RELOJ\/ANALOGIC PRESSURE GAUGE 1 Kg TRIAL\/QUADS","og_description":"Medidor de presi\u00f3n reloj Trial-Quad. M\u00e1ximo 1 Kg.","og_url":"https:\/\/todotrial.com\/tienda\/medidor-de-presion-reloj-analogic-pressure-gauge-1-kg-trial-quads\/","og_site_name":"Tienda de todotrial","article_modified_time":"2026-01-13T17:51:41+00:00","og_image":[{"url":"https:\/\/todotrial.com\/tienda\/wp-content\/uploads\/2025\/02\/HH8310-1_HEBO_Medidor.jpg","width":1,"height":1,"type":"image\/jpeg"}],"twitter_card":"summary_large_image","twitter_misc":{"Tiempo de lectura":"1 minuto"},"schema":{"@context":"https:\/\/schema.org","@graph":[{"@type":"WebPage","@id":"https:\/\/todotrial.com\/tienda\/medidor-de-presion-reloj-analogic-pressure-gauge-1-kg-trial-quads\/","url":"https:\/\/todotrial.com\/tienda\/medidor-de-presion-reloj-analogic-pressure-gauge-1-kg-trial-quads\/","name":"MEDIDOR DE PRESI\u00d3N RELOJ\/ANALOGIC PRESSURE GAUGE 1 Kg TRIAL\/QUADS - Tienda de todotrial","isPartOf":{"@id":"https:\/\/todotrial.com\/tienda\/#website"},"primaryImageOfPage":{"@id":"https:\/\/todotrial.com\/tienda\/medidor-de-presion-reloj-analogic-pressure-gauge-1-kg-trial-quads\/#primaryimage"},"image":{"@id":"https:\/\/todotrial.com\/tienda\/medidor-de-presion-reloj-analogic-pressure-gauge-1-kg-trial-quads\/#primaryimage"},"thumbnailUrl":"https:\/\/todotrial.com\/tienda\/wp-content\/uploads\/2025\/02\/HH8310-1_HEBO_Medidor.jpg","datePublished":"2025-02-20T09:36:38+00:00","dateModified":"2026-01-13T17:51:41+00:00","breadcrumb":{"@id":"https:\/\/todotrial.com\/tienda\/medidor-de-presion-reloj-analogic-pressure-gauge-1-kg-trial-quads\/#breadcrumb"},"inLanguage":"es","potentialAction":[{"@type":"ReadAction","target":["https:\/\/todotrial.com\/tienda\/medidor-de-presion-reloj-analogic-pressure-gauge-1-kg-trial-quads\/"]}]},{"@type":"ImageObject","inLanguage":"es","@id":"https:\/\/todotrial.com\/tienda\/medidor-de-presion-reloj-analogic-pressure-gauge-1-kg-trial-quads\/#primaryimage","url":"https:\/\/todotrial.com\/tienda\/wp-content\/uploads\/2025\/02\/HH8310-1_HEBO_Medidor.jpg","contentUrl":"https:\/\/todotrial.com\/tienda\/wp-content\/uploads\/2025\/02\/HH8310-1_HEBO_Medidor.jpg","caption":"MEDIDOR DE PRESI\u00d3N RELOJ\/ANALOGIC PRESSURE GAUGE 1 Kg TRIAL\/QUADS"},{"@type":"BreadcrumbList","@id":"https:\/\/todotrial.com\/tienda\/medidor-de-presion-reloj-analogic-pressure-gauge-1-kg-trial-quads\/#breadcrumb","itemListElement":[{"@type":"ListItem","position":1,"name":"Portada","item":"https:\/\/todotrial.com\/tienda\/"},{"@type":"ListItem","position":2,"name":"Shop","item":"https:\/\/todotrial.com\/tienda\/shop\/"},{"@type":"ListItem","position":3,"name":"MEDIDOR DE PRESI\u00d3N RELOJ\/ANALOGIC PRESSURE GAUGE 1 Kg TRIAL\/QUADS"}]},{"@type":"WebSite","@id":"https:\/\/todotrial.com\/tienda\/#website","url":"https:\/\/todotrial.com\/tienda\/","name":"Tienda de todotrial","description":"","potentialAction":[{"@type":"SearchAction","target":{"@type":"EntryPoint","urlTemplate":"https:\/\/todotrial.com\/tienda\/?s={search_term_string}"},"query-input":{"@type":"PropertyValueSpecification","valueRequired":true,"valueName":"search_term_string"}}],"inLanguage":"es"}]}},"_links":{"self":[{"href":"https:\/\/todotrial.com\/tienda\/wp-json\/wp\/v2\/product\/45619","targetHints":{"allow":["GET"]}}],"collection":[{"href":"https:\/\/todotrial.com\/tienda\/wp-json\/wp\/v2\/product"}],"about":[{"href":"https:\/\/todotrial.com\/tienda\/wp-json\/wp\/v2\/types\/product"}],"replies":[{"embeddable":true,"href":"https:\/\/todotrial.com\/tienda\/wp-json\/wp\/v2\/comments?post=45619"}],"version-history":[{"count":1,"href":"https:\/\/todotrial.com\/tienda\/wp-json\/wp\/v2\/product\/45619\/revisions"}],"predecessor-version":[{"id":55590,"href":"https:\/\/todotrial.com\/tienda\/wp-json\/wp\/v2\/product\/45619\/revisions\/55590"}],"wp:featuredmedia":[{"embeddable":true,"href":"https:\/\/todotrial.com\/tienda\/wp-json\/wp\/v2\/media\/45620"}],"wp:attachment":[{"href":"https:\/\/todotrial.com\/tienda\/wp-json\/wp\/v2\/media?parent=45619"}],"wp:term":[{"taxonomy":"product_brand","embeddable":true,"href":"https:\/\/todotrial.com\/tienda\/wp-json\/wp\/v2\/product_brand?post=45619"},{"taxonomy":"product_cat","embeddable":true,"href":"https:\/\/todotrial.com\/tienda\/wp-json\/wp\/v2\/product_cat?post=45619"},{"taxonomy":"product_tag","embeddable":true,"href":"https:\/\/todotrial.com\/tienda\/wp-json\/wp\/v2\/product_tag?post=45619"}],"curies":[{"name":"wp","href":"https:\/\/api.w.org\/{rel}","templated":true}]}}