{"id":45611,"date":"2025-02-20T10:36:09","date_gmt":"2025-02-20T09:36:09","guid":{"rendered":"https:\/\/todotrial.com\/tienda\/sin%20categor\u00eda\/recambio-cristal-espejo-spare-mirror-lens-gravity\/"},"modified":"2025-04-14T15:18:36","modified_gmt":"2025-04-14T14:18:36","slug":"recambio-cristal-espejo-spare-mirror-lens-gravity","status":"publish","type":"product","link":"https:\/\/todotrial.com\/tienda\/recambio-cristal-espejo-spare-mirror-lens-gravity\/","title":{"rendered":"RECAMBIO CRISTAL ESPEJO\/SPARE MIRROR LENS GRAVITY"},"content":{"rendered":"<p>El cristal espejo Gravity es un tipo de lente de protecci\u00f3n que se utiliza en gafas. Es una lente espejo, que proporciona una excelente protecci\u00f3n contra el deslumbramiento en d\u00edas soleados y una reducci\u00f3n de la luz visible. Adem\u00e1s, tiene un acabado espejo en la parte exterior de la lente que proporciona un estilo \u00fanico y una mayor privacidad en los ojos. Esta lente es ideal para actividades al aire libre como el senderismo, el esqu\u00ed y el ciclismo, ya que ofrece una excelente visibilidad en condiciones de luz brillante. Adem\u00e1s, la lente est\u00e1 revestida con un tratamiento anti-rayaduras y anti-empa\u00f1amiento, para garantizar una visi\u00f3n clara en todo momento. Es importante tener en cuenta que este tipo de lente no proporciona protecci\u00f3n contra los rayos UV del sol, por lo que es recomendable utilizarlo en condiciones de luz brillante o en exteriores.<\/p>\n","protected":false},"excerpt":{"rendered":"<p>Recambio de lente espejo para la m\u00e1scara Enduro Gravity.<\/p>\n","protected":false},"featured_media":45612,"comment_status":"open","ping_status":"closed","template":"","meta":[],"product_brand":[],"product_cat":[11691],"product_tag":[],"class_list":{"0":"post-45611","1":"product","2":"type-product","3":"status-publish","4":"has-post-thumbnail","6":"product_cat-general","8":"first","9":"instock","10":"taxable","11":"shipping-taxable","12":"purchasable","13":"product-type-simple"},"yoast_head":"<!-- This site is optimized with the Yoast SEO Premium plugin v21.2 (Yoast SEO v27.3) - https:\/\/yoast.com\/product\/yoast-seo-premium-wordpress\/ -->\n<title>RECAMBIO CRISTAL ESPEJO\/SPARE MIRROR LENS GRAVITY - Tienda de todotrial<\/title>\n<meta name=\"robots\" content=\"index, follow, max-snippet:-1, max-image-preview:large, max-video-preview:-1\" \/>\n<link rel=\"canonical\" href=\"https:\/\/todotrial.com\/tienda\/recambio-cristal-espejo-spare-mirror-lens-gravity\/\" \/>\n<meta property=\"og:locale\" content=\"es_ES\" \/>\n<meta property=\"og:type\" content=\"article\" \/>\n<meta property=\"og:title\" content=\"RECAMBIO CRISTAL ESPEJO\/SPARE MIRROR LENS GRAVITY\" \/>\n<meta property=\"og:description\" content=\"Recambio de lente espejo para la m\u00e1scara Enduro Gravity.\" \/>\n<meta property=\"og:url\" content=\"https:\/\/todotrial.com\/tienda\/recambio-cristal-espejo-spare-mirror-lens-gravity\/\" \/>\n<meta property=\"og:site_name\" content=\"Tienda de todotrial\" \/>\n<meta property=\"article:modified_time\" content=\"2025-04-14T14:18:36+00:00\" \/>\n<meta property=\"og:image\" content=\"https:\/\/todotrial.com\/tienda\/wp-content\/uploads\/2025\/02\/HGR2012-1_HEBO_Lente.jpg\" \/>\n\t<meta property=\"og:image:width\" content=\"1\" \/>\n\t<meta property=\"og:image:height\" content=\"1\" \/>\n\t<meta property=\"og:image:type\" content=\"image\/jpeg\" \/>\n<meta name=\"twitter:card\" content=\"summary_large_image\" \/>\n<meta name=\"twitter:label1\" content=\"Tiempo de lectura\" \/>\n\t<meta name=\"twitter:data1\" content=\"1 minuto\" \/>\n<script type=\"application\/ld+json\" class=\"yoast-schema-graph\">{\"@context\":\"https:\\\/\\\/schema.org\",\"@graph\":[{\"@type\":\"WebPage\",\"@id\":\"https:\\\/\\\/todotrial.com\\\/tienda\\\/recambio-cristal-espejo-spare-mirror-lens-gravity\\\/\",\"url\":\"https:\\\/\\\/todotrial.com\\\/tienda\\\/recambio-cristal-espejo-spare-mirror-lens-gravity\\\/\",\"name\":\"RECAMBIO CRISTAL ESPEJO\\\/SPARE MIRROR LENS GRAVITY - Tienda de todotrial\",\"isPartOf\":{\"@id\":\"https:\\\/\\\/todotrial.com\\\/tienda\\\/#website\"},\"primaryImageOfPage\":{\"@id\":\"https:\\\/\\\/todotrial.com\\\/tienda\\\/recambio-cristal-espejo-spare-mirror-lens-gravity\\\/#primaryimage\"},\"image\":{\"@id\":\"https:\\\/\\\/todotrial.com\\\/tienda\\\/recambio-cristal-espejo-spare-mirror-lens-gravity\\\/#primaryimage\"},\"thumbnailUrl\":\"https:\\\/\\\/todotrial.com\\\/tienda\\\/wp-content\\\/uploads\\\/2025\\\/02\\\/HGR2012-1_HEBO_Lente.jpg\",\"datePublished\":\"2025-02-20T09:36:09+00:00\",\"dateModified\":\"2025-04-14T14:18:36+00:00\",\"breadcrumb\":{\"@id\":\"https:\\\/\\\/todotrial.com\\\/tienda\\\/recambio-cristal-espejo-spare-mirror-lens-gravity\\\/#breadcrumb\"},\"inLanguage\":\"es\",\"potentialAction\":[{\"@type\":\"ReadAction\",\"target\":[\"https:\\\/\\\/todotrial.com\\\/tienda\\\/recambio-cristal-espejo-spare-mirror-lens-gravity\\\/\"]}]},{\"@type\":\"ImageObject\",\"inLanguage\":\"es\",\"@id\":\"https:\\\/\\\/todotrial.com\\\/tienda\\\/recambio-cristal-espejo-spare-mirror-lens-gravity\\\/#primaryimage\",\"url\":\"https:\\\/\\\/todotrial.com\\\/tienda\\\/wp-content\\\/uploads\\\/2025\\\/02\\\/HGR2012-1_HEBO_Lente.jpg\",\"contentUrl\":\"https:\\\/\\\/todotrial.com\\\/tienda\\\/wp-content\\\/uploads\\\/2025\\\/02\\\/HGR2012-1_HEBO_Lente.jpg\",\"caption\":\"RECAMBIO CRISTAL ESPEJO\\\/SPARE MIRROR LENS GRAVITY\"},{\"@type\":\"BreadcrumbList\",\"@id\":\"https:\\\/\\\/todotrial.com\\\/tienda\\\/recambio-cristal-espejo-spare-mirror-lens-gravity\\\/#breadcrumb\",\"itemListElement\":[{\"@type\":\"ListItem\",\"position\":1,\"name\":\"Portada\",\"item\":\"https:\\\/\\\/todotrial.com\\\/tienda\\\/\"},{\"@type\":\"ListItem\",\"position\":2,\"name\":\"Shop\",\"item\":\"https:\\\/\\\/todotrial.com\\\/tienda\\\/shop\\\/\"},{\"@type\":\"ListItem\",\"position\":3,\"name\":\"RECAMBIO CRISTAL ESPEJO\\\/SPARE MIRROR LENS GRAVITY\"}]},{\"@type\":\"WebSite\",\"@id\":\"https:\\\/\\\/todotrial.com\\\/tienda\\\/#website\",\"url\":\"https:\\\/\\\/todotrial.com\\\/tienda\\\/\",\"name\":\"Tienda de todotrial\",\"description\":\"\",\"potentialAction\":[{\"@type\":\"SearchAction\",\"target\":{\"@type\":\"EntryPoint\",\"urlTemplate\":\"https:\\\/\\\/todotrial.com\\\/tienda\\\/?s={search_term_string}\"},\"query-input\":{\"@type\":\"PropertyValueSpecification\",\"valueRequired\":true,\"valueName\":\"search_term_string\"}}],\"inLanguage\":\"es\"}]}<\/script>\n<!-- \/ Yoast SEO Premium plugin. -->","yoast_head_json":{"title":"RECAMBIO CRISTAL ESPEJO\/SPARE MIRROR LENS GRAVITY - Tienda de todotrial","robots":{"index":"index","follow":"follow","max-snippet":"max-snippet:-1","max-image-preview":"max-image-preview:large","max-video-preview":"max-video-preview:-1"},"canonical":"https:\/\/todotrial.com\/tienda\/recambio-cristal-espejo-spare-mirror-lens-gravity\/","og_locale":"es_ES","og_type":"article","og_title":"RECAMBIO CRISTAL ESPEJO\/SPARE MIRROR LENS GRAVITY","og_description":"Recambio de lente espejo para la m\u00e1scara Enduro Gravity.","og_url":"https:\/\/todotrial.com\/tienda\/recambio-cristal-espejo-spare-mirror-lens-gravity\/","og_site_name":"Tienda de todotrial","article_modified_time":"2025-04-14T14:18:36+00:00","og_image":[{"url":"https:\/\/todotrial.com\/tienda\/wp-content\/uploads\/2025\/02\/HGR2012-1_HEBO_Lente.jpg","width":1,"height":1,"type":"image\/jpeg"}],"twitter_card":"summary_large_image","twitter_misc":{"Tiempo de lectura":"1 minuto"},"schema":{"@context":"https:\/\/schema.org","@graph":[{"@type":"WebPage","@id":"https:\/\/todotrial.com\/tienda\/recambio-cristal-espejo-spare-mirror-lens-gravity\/","url":"https:\/\/todotrial.com\/tienda\/recambio-cristal-espejo-spare-mirror-lens-gravity\/","name":"RECAMBIO CRISTAL ESPEJO\/SPARE MIRROR LENS GRAVITY - Tienda de todotrial","isPartOf":{"@id":"https:\/\/todotrial.com\/tienda\/#website"},"primaryImageOfPage":{"@id":"https:\/\/todotrial.com\/tienda\/recambio-cristal-espejo-spare-mirror-lens-gravity\/#primaryimage"},"image":{"@id":"https:\/\/todotrial.com\/tienda\/recambio-cristal-espejo-spare-mirror-lens-gravity\/#primaryimage"},"thumbnailUrl":"https:\/\/todotrial.com\/tienda\/wp-content\/uploads\/2025\/02\/HGR2012-1_HEBO_Lente.jpg","datePublished":"2025-02-20T09:36:09+00:00","dateModified":"2025-04-14T14:18:36+00:00","breadcrumb":{"@id":"https:\/\/todotrial.com\/tienda\/recambio-cristal-espejo-spare-mirror-lens-gravity\/#breadcrumb"},"inLanguage":"es","potentialAction":[{"@type":"ReadAction","target":["https:\/\/todotrial.com\/tienda\/recambio-cristal-espejo-spare-mirror-lens-gravity\/"]}]},{"@type":"ImageObject","inLanguage":"es","@id":"https:\/\/todotrial.com\/tienda\/recambio-cristal-espejo-spare-mirror-lens-gravity\/#primaryimage","url":"https:\/\/todotrial.com\/tienda\/wp-content\/uploads\/2025\/02\/HGR2012-1_HEBO_Lente.jpg","contentUrl":"https:\/\/todotrial.com\/tienda\/wp-content\/uploads\/2025\/02\/HGR2012-1_HEBO_Lente.jpg","caption":"RECAMBIO CRISTAL ESPEJO\/SPARE MIRROR LENS GRAVITY"},{"@type":"BreadcrumbList","@id":"https:\/\/todotrial.com\/tienda\/recambio-cristal-espejo-spare-mirror-lens-gravity\/#breadcrumb","itemListElement":[{"@type":"ListItem","position":1,"name":"Portada","item":"https:\/\/todotrial.com\/tienda\/"},{"@type":"ListItem","position":2,"name":"Shop","item":"https:\/\/todotrial.com\/tienda\/shop\/"},{"@type":"ListItem","position":3,"name":"RECAMBIO CRISTAL ESPEJO\/SPARE MIRROR LENS GRAVITY"}]},{"@type":"WebSite","@id":"https:\/\/todotrial.com\/tienda\/#website","url":"https:\/\/todotrial.com\/tienda\/","name":"Tienda de todotrial","description":"","potentialAction":[{"@type":"SearchAction","target":{"@type":"EntryPoint","urlTemplate":"https:\/\/todotrial.com\/tienda\/?s={search_term_string}"},"query-input":{"@type":"PropertyValueSpecification","valueRequired":true,"valueName":"search_term_string"}}],"inLanguage":"es"}]}},"_links":{"self":[{"href":"https:\/\/todotrial.com\/tienda\/wp-json\/wp\/v2\/product\/45611","targetHints":{"allow":["GET"]}}],"collection":[{"href":"https:\/\/todotrial.com\/tienda\/wp-json\/wp\/v2\/product"}],"about":[{"href":"https:\/\/todotrial.com\/tienda\/wp-json\/wp\/v2\/types\/product"}],"replies":[{"embeddable":true,"href":"https:\/\/todotrial.com\/tienda\/wp-json\/wp\/v2\/comments?post=45611"}],"version-history":[{"count":1,"href":"https:\/\/todotrial.com\/tienda\/wp-json\/wp\/v2\/product\/45611\/revisions"}],"predecessor-version":[{"id":55586,"href":"https:\/\/todotrial.com\/tienda\/wp-json\/wp\/v2\/product\/45611\/revisions\/55586"}],"wp:featuredmedia":[{"embeddable":true,"href":"https:\/\/todotrial.com\/tienda\/wp-json\/wp\/v2\/media\/45612"}],"wp:attachment":[{"href":"https:\/\/todotrial.com\/tienda\/wp-json\/wp\/v2\/media?parent=45611"}],"wp:term":[{"taxonomy":"product_brand","embeddable":true,"href":"https:\/\/todotrial.com\/tienda\/wp-json\/wp\/v2\/product_brand?post=45611"},{"taxonomy":"product_cat","embeddable":true,"href":"https:\/\/todotrial.com\/tienda\/wp-json\/wp\/v2\/product_cat?post=45611"},{"taxonomy":"product_tag","embeddable":true,"href":"https:\/\/todotrial.com\/tienda\/wp-json\/wp\/v2\/product_tag?post=45611"}],"curies":[{"name":"wp","href":"https:\/\/api.w.org\/{rel}","templated":true}]}}