{"id":45599,"date":"2025-02-20T10:35:31","date_gmt":"2025-02-20T09:35:31","guid":{"rendered":"https:\/\/todotrial.com\/tienda\/sin%20categor\u00eda\/rec-cristal-quantum-iridium-silver\/"},"modified":"2025-04-14T15:18:26","modified_gmt":"2025-04-14T14:18:26","slug":"rec-cristal-quantum-iridium-silver","status":"publish","type":"product","link":"https:\/\/todotrial.com\/tienda\/rec-cristal-quantum-iridium-silver\/","title":{"rendered":"REC. CRISTAL QUANTUM  IRIDIUM SILVER"},"content":{"rendered":"<p>El cristal Quantum Iridium Silver es un tipo de lente de protecci\u00f3n que se utiliza en gafas. Est\u00e1 hecho de una capa de iridio que se deposita sobre el cristal, lo que le da un color plateado y una gran capacidad de protecci\u00f3n contra los rayos UV del sol. Adem\u00e1s de proporcionar una excelente protecci\u00f3n contra los rayos UV, el cristal Quantum Iridium Silver tambi\u00e9n reduce la luz visible y mejora el contraste, lo que lo hace ideal para actividades al aire libre como el esqu\u00ed, el ciclismo y el senderismo.<\/p>\n","protected":false},"excerpt":{"rendered":"<p>Recambio de cristal ahumado + cristal plata para la m\u00e1scara Quantum de HEBO.<\/p>\n","protected":false},"featured_media":45600,"comment_status":"open","ping_status":"closed","template":"","meta":[],"product_brand":[],"product_cat":[11691],"product_tag":[],"class_list":{"0":"post-45599","1":"product","2":"type-product","3":"status-publish","4":"has-post-thumbnail","6":"product_cat-general","8":"first","9":"instock","10":"taxable","11":"shipping-taxable","12":"purchasable","13":"product-type-simple"},"yoast_head":"<!-- This site is optimized with the Yoast SEO Premium plugin v21.2 (Yoast SEO v27.3) - https:\/\/yoast.com\/product\/yoast-seo-premium-wordpress\/ -->\n<title>REC. CRISTAL QUANTUM IRIDIUM SILVER - Tienda de todotrial<\/title>\n<meta name=\"robots\" content=\"index, follow, max-snippet:-1, max-image-preview:large, max-video-preview:-1\" \/>\n<link rel=\"canonical\" href=\"https:\/\/todotrial.com\/tienda\/rec-cristal-quantum-iridium-silver\/\" \/>\n<meta property=\"og:locale\" content=\"es_ES\" \/>\n<meta property=\"og:type\" content=\"article\" \/>\n<meta property=\"og:title\" content=\"REC. CRISTAL QUANTUM IRIDIUM SILVER\" \/>\n<meta property=\"og:description\" content=\"Recambio de cristal ahumado + cristal plata para la m\u00e1scara Quantum de HEBO.\" \/>\n<meta property=\"og:url\" content=\"https:\/\/todotrial.com\/tienda\/rec-cristal-quantum-iridium-silver\/\" \/>\n<meta property=\"og:site_name\" content=\"Tienda de todotrial\" \/>\n<meta property=\"article:modified_time\" content=\"2025-04-14T14:18:26+00:00\" \/>\n<meta property=\"og:image\" content=\"https:\/\/todotrial.com\/tienda\/wp-content\/uploads\/2025\/02\/HGR1033-1_HEBO_Lente.jpg\" \/>\n\t<meta property=\"og:image:width\" content=\"1\" \/>\n\t<meta property=\"og:image:height\" content=\"1\" \/>\n\t<meta property=\"og:image:type\" content=\"image\/jpeg\" \/>\n<meta name=\"twitter:card\" content=\"summary_large_image\" \/>\n<script type=\"application\/ld+json\" class=\"yoast-schema-graph\">{\"@context\":\"https:\\\/\\\/schema.org\",\"@graph\":[{\"@type\":\"WebPage\",\"@id\":\"https:\\\/\\\/todotrial.com\\\/tienda\\\/rec-cristal-quantum-iridium-silver\\\/\",\"url\":\"https:\\\/\\\/todotrial.com\\\/tienda\\\/rec-cristal-quantum-iridium-silver\\\/\",\"name\":\"REC. CRISTAL QUANTUM IRIDIUM SILVER - Tienda de todotrial\",\"isPartOf\":{\"@id\":\"https:\\\/\\\/todotrial.com\\\/tienda\\\/#website\"},\"primaryImageOfPage\":{\"@id\":\"https:\\\/\\\/todotrial.com\\\/tienda\\\/rec-cristal-quantum-iridium-silver\\\/#primaryimage\"},\"image\":{\"@id\":\"https:\\\/\\\/todotrial.com\\\/tienda\\\/rec-cristal-quantum-iridium-silver\\\/#primaryimage\"},\"thumbnailUrl\":\"https:\\\/\\\/todotrial.com\\\/tienda\\\/wp-content\\\/uploads\\\/2025\\\/02\\\/HGR1033-1_HEBO_Lente.jpg\",\"datePublished\":\"2025-02-20T09:35:31+00:00\",\"dateModified\":\"2025-04-14T14:18:26+00:00\",\"breadcrumb\":{\"@id\":\"https:\\\/\\\/todotrial.com\\\/tienda\\\/rec-cristal-quantum-iridium-silver\\\/#breadcrumb\"},\"inLanguage\":\"es\",\"potentialAction\":[{\"@type\":\"ReadAction\",\"target\":[\"https:\\\/\\\/todotrial.com\\\/tienda\\\/rec-cristal-quantum-iridium-silver\\\/\"]}]},{\"@type\":\"ImageObject\",\"inLanguage\":\"es\",\"@id\":\"https:\\\/\\\/todotrial.com\\\/tienda\\\/rec-cristal-quantum-iridium-silver\\\/#primaryimage\",\"url\":\"https:\\\/\\\/todotrial.com\\\/tienda\\\/wp-content\\\/uploads\\\/2025\\\/02\\\/HGR1033-1_HEBO_Lente.jpg\",\"contentUrl\":\"https:\\\/\\\/todotrial.com\\\/tienda\\\/wp-content\\\/uploads\\\/2025\\\/02\\\/HGR1033-1_HEBO_Lente.jpg\",\"caption\":\"REC. CRISTAL QUANTUM IRIDIUM SILVER\"},{\"@type\":\"BreadcrumbList\",\"@id\":\"https:\\\/\\\/todotrial.com\\\/tienda\\\/rec-cristal-quantum-iridium-silver\\\/#breadcrumb\",\"itemListElement\":[{\"@type\":\"ListItem\",\"position\":1,\"name\":\"Portada\",\"item\":\"https:\\\/\\\/todotrial.com\\\/tienda\\\/\"},{\"@type\":\"ListItem\",\"position\":2,\"name\":\"Shop\",\"item\":\"https:\\\/\\\/todotrial.com\\\/tienda\\\/shop\\\/\"},{\"@type\":\"ListItem\",\"position\":3,\"name\":\"REC. CRISTAL QUANTUM IRIDIUM SILVER\"}]},{\"@type\":\"WebSite\",\"@id\":\"https:\\\/\\\/todotrial.com\\\/tienda\\\/#website\",\"url\":\"https:\\\/\\\/todotrial.com\\\/tienda\\\/\",\"name\":\"Tienda de todotrial\",\"description\":\"\",\"potentialAction\":[{\"@type\":\"SearchAction\",\"target\":{\"@type\":\"EntryPoint\",\"urlTemplate\":\"https:\\\/\\\/todotrial.com\\\/tienda\\\/?s={search_term_string}\"},\"query-input\":{\"@type\":\"PropertyValueSpecification\",\"valueRequired\":true,\"valueName\":\"search_term_string\"}}],\"inLanguage\":\"es\"}]}<\/script>\n<!-- \/ Yoast SEO Premium plugin. -->","yoast_head_json":{"title":"REC. CRISTAL QUANTUM IRIDIUM SILVER - Tienda de todotrial","robots":{"index":"index","follow":"follow","max-snippet":"max-snippet:-1","max-image-preview":"max-image-preview:large","max-video-preview":"max-video-preview:-1"},"canonical":"https:\/\/todotrial.com\/tienda\/rec-cristal-quantum-iridium-silver\/","og_locale":"es_ES","og_type":"article","og_title":"REC. CRISTAL QUANTUM IRIDIUM SILVER","og_description":"Recambio de cristal ahumado + cristal plata para la m\u00e1scara Quantum de HEBO.","og_url":"https:\/\/todotrial.com\/tienda\/rec-cristal-quantum-iridium-silver\/","og_site_name":"Tienda de todotrial","article_modified_time":"2025-04-14T14:18:26+00:00","og_image":[{"url":"https:\/\/todotrial.com\/tienda\/wp-content\/uploads\/2025\/02\/HGR1033-1_HEBO_Lente.jpg","width":1,"height":1,"type":"image\/jpeg"}],"twitter_card":"summary_large_image","schema":{"@context":"https:\/\/schema.org","@graph":[{"@type":"WebPage","@id":"https:\/\/todotrial.com\/tienda\/rec-cristal-quantum-iridium-silver\/","url":"https:\/\/todotrial.com\/tienda\/rec-cristal-quantum-iridium-silver\/","name":"REC. CRISTAL QUANTUM IRIDIUM SILVER - Tienda de todotrial","isPartOf":{"@id":"https:\/\/todotrial.com\/tienda\/#website"},"primaryImageOfPage":{"@id":"https:\/\/todotrial.com\/tienda\/rec-cristal-quantum-iridium-silver\/#primaryimage"},"image":{"@id":"https:\/\/todotrial.com\/tienda\/rec-cristal-quantum-iridium-silver\/#primaryimage"},"thumbnailUrl":"https:\/\/todotrial.com\/tienda\/wp-content\/uploads\/2025\/02\/HGR1033-1_HEBO_Lente.jpg","datePublished":"2025-02-20T09:35:31+00:00","dateModified":"2025-04-14T14:18:26+00:00","breadcrumb":{"@id":"https:\/\/todotrial.com\/tienda\/rec-cristal-quantum-iridium-silver\/#breadcrumb"},"inLanguage":"es","potentialAction":[{"@type":"ReadAction","target":["https:\/\/todotrial.com\/tienda\/rec-cristal-quantum-iridium-silver\/"]}]},{"@type":"ImageObject","inLanguage":"es","@id":"https:\/\/todotrial.com\/tienda\/rec-cristal-quantum-iridium-silver\/#primaryimage","url":"https:\/\/todotrial.com\/tienda\/wp-content\/uploads\/2025\/02\/HGR1033-1_HEBO_Lente.jpg","contentUrl":"https:\/\/todotrial.com\/tienda\/wp-content\/uploads\/2025\/02\/HGR1033-1_HEBO_Lente.jpg","caption":"REC. CRISTAL QUANTUM IRIDIUM SILVER"},{"@type":"BreadcrumbList","@id":"https:\/\/todotrial.com\/tienda\/rec-cristal-quantum-iridium-silver\/#breadcrumb","itemListElement":[{"@type":"ListItem","position":1,"name":"Portada","item":"https:\/\/todotrial.com\/tienda\/"},{"@type":"ListItem","position":2,"name":"Shop","item":"https:\/\/todotrial.com\/tienda\/shop\/"},{"@type":"ListItem","position":3,"name":"REC. CRISTAL QUANTUM IRIDIUM SILVER"}]},{"@type":"WebSite","@id":"https:\/\/todotrial.com\/tienda\/#website","url":"https:\/\/todotrial.com\/tienda\/","name":"Tienda de todotrial","description":"","potentialAction":[{"@type":"SearchAction","target":{"@type":"EntryPoint","urlTemplate":"https:\/\/todotrial.com\/tienda\/?s={search_term_string}"},"query-input":{"@type":"PropertyValueSpecification","valueRequired":true,"valueName":"search_term_string"}}],"inLanguage":"es"}]}},"_links":{"self":[{"href":"https:\/\/todotrial.com\/tienda\/wp-json\/wp\/v2\/product\/45599","targetHints":{"allow":["GET"]}}],"collection":[{"href":"https:\/\/todotrial.com\/tienda\/wp-json\/wp\/v2\/product"}],"about":[{"href":"https:\/\/todotrial.com\/tienda\/wp-json\/wp\/v2\/types\/product"}],"replies":[{"embeddable":true,"href":"https:\/\/todotrial.com\/tienda\/wp-json\/wp\/v2\/comments?post=45599"}],"version-history":[{"count":1,"href":"https:\/\/todotrial.com\/tienda\/wp-json\/wp\/v2\/product\/45599\/revisions"}],"predecessor-version":[{"id":55580,"href":"https:\/\/todotrial.com\/tienda\/wp-json\/wp\/v2\/product\/45599\/revisions\/55580"}],"wp:featuredmedia":[{"embeddable":true,"href":"https:\/\/todotrial.com\/tienda\/wp-json\/wp\/v2\/media\/45600"}],"wp:attachment":[{"href":"https:\/\/todotrial.com\/tienda\/wp-json\/wp\/v2\/media?parent=45599"}],"wp:term":[{"taxonomy":"product_brand","embeddable":true,"href":"https:\/\/todotrial.com\/tienda\/wp-json\/wp\/v2\/product_brand?post=45599"},{"taxonomy":"product_cat","embeddable":true,"href":"https:\/\/todotrial.com\/tienda\/wp-json\/wp\/v2\/product_cat?post=45599"},{"taxonomy":"product_tag","embeddable":true,"href":"https:\/\/todotrial.com\/tienda\/wp-json\/wp\/v2\/product_tag?post=45599"}],"curies":[{"name":"wp","href":"https:\/\/api.w.org\/{rel}","templated":true}]}}