{"id":45588,"date":"2025-02-20T10:34:09","date_gmt":"2025-02-20T09:34:09","guid":{"rendered":"https:\/\/todotrial.com\/tienda\/sin%20categor\u00eda\/race-waist-bag\/"},"modified":"2025-04-14T15:18:08","modified_gmt":"2025-04-14T14:18:08","slug":"race-waist-bag","status":"publish","type":"product","link":"https:\/\/todotrial.com\/tienda\/race-waist-bag\/","title":{"rendered":"RACE WAIST BAG"},"content":{"rendered":"<p>La Ri\u00f1onera Race Waist Bag est\u00e1 confeccionada en poli\u00e9ster de alta resistencia, y dispone de un acolchado interno en la zona de la espalda que proporciona una mayor comodidad en viajes largos. Cuenta con 3 compartimentos externos, y con un bolsillo delantero con capacidad para almacenar peque\u00f1os objetos o tarjetas. El acceso a cada espacio es muy sencillo, ya que tiene tiradores en las cremalleras que facilitan el manejo, incluso con guantes. En la cintura incorpora un cierre el\u00e1stico de velcro que ofrece una gran sujeci\u00f3n y un ajuste correcto, y se complementa con un cierre r\u00e1pido de seguridad.<\/p>\n","protected":false},"excerpt":{"rendered":"<p>La ri\u00f1onera Race Waist Bag de HEBO est\u00e1 confeccionada en poli\u00e9ster de alta resistencia y dispone de un acolchado interno en la zona de la espalda que proporciona una mayor comodidad en viajes largos.<\/p>\n","protected":false},"featured_media":0,"comment_status":"open","ping_status":"closed","template":"","meta":[],"product_brand":[],"product_cat":[11691],"product_tag":[],"class_list":{"0":"post-45588","1":"product","2":"type-product","3":"status-publish","5":"product_cat-general","7":"first","8":"instock","9":"taxable","10":"shipping-taxable","11":"purchasable","12":"product-type-simple"},"yoast_head":"<!-- This site is optimized with the Yoast SEO Premium plugin v21.2 (Yoast SEO v27.3) - https:\/\/yoast.com\/product\/yoast-seo-premium-wordpress\/ -->\n<title>RACE WAIST BAG - Tienda de todotrial<\/title>\n<meta name=\"robots\" content=\"index, follow, max-snippet:-1, max-image-preview:large, max-video-preview:-1\" \/>\n<link rel=\"canonical\" href=\"https:\/\/todotrial.com\/tienda\/race-waist-bag\/\" \/>\n<meta property=\"og:locale\" content=\"es_ES\" \/>\n<meta property=\"og:type\" content=\"article\" \/>\n<meta property=\"og:title\" content=\"RACE WAIST BAG\" \/>\n<meta property=\"og:description\" content=\"La ri\u00f1onera Race Waist Bag de HEBO est\u00e1 confeccionada en poli\u00e9ster de alta resistencia y dispone de un acolchado interno en la zona de la espalda que proporciona una mayor comodidad en viajes largos.\" \/>\n<meta property=\"og:url\" content=\"https:\/\/todotrial.com\/tienda\/race-waist-bag\/\" \/>\n<meta property=\"og:site_name\" content=\"Tienda de todotrial\" \/>\n<meta property=\"article:modified_time\" content=\"2025-04-14T14:18:08+00:00\" \/>\n<meta name=\"twitter:card\" content=\"summary_large_image\" \/>\n<meta name=\"twitter:label1\" content=\"Tiempo de lectura\" \/>\n\t<meta name=\"twitter:data1\" content=\"1 minuto\" \/>\n<script type=\"application\/ld+json\" class=\"yoast-schema-graph\">{\"@context\":\"https:\\\/\\\/schema.org\",\"@graph\":[{\"@type\":\"WebPage\",\"@id\":\"https:\\\/\\\/todotrial.com\\\/tienda\\\/race-waist-bag\\\/\",\"url\":\"https:\\\/\\\/todotrial.com\\\/tienda\\\/race-waist-bag\\\/\",\"name\":\"RACE WAIST BAG - Tienda de todotrial\",\"isPartOf\":{\"@id\":\"https:\\\/\\\/todotrial.com\\\/tienda\\\/#website\"},\"datePublished\":\"2025-02-20T09:34:09+00:00\",\"dateModified\":\"2025-04-14T14:18:08+00:00\",\"breadcrumb\":{\"@id\":\"https:\\\/\\\/todotrial.com\\\/tienda\\\/race-waist-bag\\\/#breadcrumb\"},\"inLanguage\":\"es\",\"potentialAction\":[{\"@type\":\"ReadAction\",\"target\":[\"https:\\\/\\\/todotrial.com\\\/tienda\\\/race-waist-bag\\\/\"]}]},{\"@type\":\"BreadcrumbList\",\"@id\":\"https:\\\/\\\/todotrial.com\\\/tienda\\\/race-waist-bag\\\/#breadcrumb\",\"itemListElement\":[{\"@type\":\"ListItem\",\"position\":1,\"name\":\"Portada\",\"item\":\"https:\\\/\\\/todotrial.com\\\/tienda\\\/\"},{\"@type\":\"ListItem\",\"position\":2,\"name\":\"Shop\",\"item\":\"https:\\\/\\\/todotrial.com\\\/tienda\\\/shop\\\/\"},{\"@type\":\"ListItem\",\"position\":3,\"name\":\"RACE WAIST BAG\"}]},{\"@type\":\"WebSite\",\"@id\":\"https:\\\/\\\/todotrial.com\\\/tienda\\\/#website\",\"url\":\"https:\\\/\\\/todotrial.com\\\/tienda\\\/\",\"name\":\"Tienda de todotrial\",\"description\":\"\",\"potentialAction\":[{\"@type\":\"SearchAction\",\"target\":{\"@type\":\"EntryPoint\",\"urlTemplate\":\"https:\\\/\\\/todotrial.com\\\/tienda\\\/?s={search_term_string}\"},\"query-input\":{\"@type\":\"PropertyValueSpecification\",\"valueRequired\":true,\"valueName\":\"search_term_string\"}}],\"inLanguage\":\"es\"}]}<\/script>\n<!-- \/ Yoast SEO Premium plugin. -->","yoast_head_json":{"title":"RACE WAIST BAG - Tienda de todotrial","robots":{"index":"index","follow":"follow","max-snippet":"max-snippet:-1","max-image-preview":"max-image-preview:large","max-video-preview":"max-video-preview:-1"},"canonical":"https:\/\/todotrial.com\/tienda\/race-waist-bag\/","og_locale":"es_ES","og_type":"article","og_title":"RACE WAIST BAG","og_description":"La ri\u00f1onera Race Waist Bag de HEBO est\u00e1 confeccionada en poli\u00e9ster de alta resistencia y dispone de un acolchado interno en la zona de la espalda que proporciona una mayor comodidad en viajes largos.","og_url":"https:\/\/todotrial.com\/tienda\/race-waist-bag\/","og_site_name":"Tienda de todotrial","article_modified_time":"2025-04-14T14:18:08+00:00","twitter_card":"summary_large_image","twitter_misc":{"Tiempo de lectura":"1 minuto"},"schema":{"@context":"https:\/\/schema.org","@graph":[{"@type":"WebPage","@id":"https:\/\/todotrial.com\/tienda\/race-waist-bag\/","url":"https:\/\/todotrial.com\/tienda\/race-waist-bag\/","name":"RACE WAIST BAG - Tienda de todotrial","isPartOf":{"@id":"https:\/\/todotrial.com\/tienda\/#website"},"datePublished":"2025-02-20T09:34:09+00:00","dateModified":"2025-04-14T14:18:08+00:00","breadcrumb":{"@id":"https:\/\/todotrial.com\/tienda\/race-waist-bag\/#breadcrumb"},"inLanguage":"es","potentialAction":[{"@type":"ReadAction","target":["https:\/\/todotrial.com\/tienda\/race-waist-bag\/"]}]},{"@type":"BreadcrumbList","@id":"https:\/\/todotrial.com\/tienda\/race-waist-bag\/#breadcrumb","itemListElement":[{"@type":"ListItem","position":1,"name":"Portada","item":"https:\/\/todotrial.com\/tienda\/"},{"@type":"ListItem","position":2,"name":"Shop","item":"https:\/\/todotrial.com\/tienda\/shop\/"},{"@type":"ListItem","position":3,"name":"RACE WAIST BAG"}]},{"@type":"WebSite","@id":"https:\/\/todotrial.com\/tienda\/#website","url":"https:\/\/todotrial.com\/tienda\/","name":"Tienda de todotrial","description":"","potentialAction":[{"@type":"SearchAction","target":{"@type":"EntryPoint","urlTemplate":"https:\/\/todotrial.com\/tienda\/?s={search_term_string}"},"query-input":{"@type":"PropertyValueSpecification","valueRequired":true,"valueName":"search_term_string"}}],"inLanguage":"es"}]}},"_links":{"self":[{"href":"https:\/\/todotrial.com\/tienda\/wp-json\/wp\/v2\/product\/45588","targetHints":{"allow":["GET"]}}],"collection":[{"href":"https:\/\/todotrial.com\/tienda\/wp-json\/wp\/v2\/product"}],"about":[{"href":"https:\/\/todotrial.com\/tienda\/wp-json\/wp\/v2\/types\/product"}],"replies":[{"embeddable":true,"href":"https:\/\/todotrial.com\/tienda\/wp-json\/wp\/v2\/comments?post=45588"}],"version-history":[{"count":1,"href":"https:\/\/todotrial.com\/tienda\/wp-json\/wp\/v2\/product\/45588\/revisions"}],"predecessor-version":[{"id":55570,"href":"https:\/\/todotrial.com\/tienda\/wp-json\/wp\/v2\/product\/45588\/revisions\/55570"}],"wp:attachment":[{"href":"https:\/\/todotrial.com\/tienda\/wp-json\/wp\/v2\/media?parent=45588"}],"wp:term":[{"taxonomy":"product_brand","embeddable":true,"href":"https:\/\/todotrial.com\/tienda\/wp-json\/wp\/v2\/product_brand?post=45588"},{"taxonomy":"product_cat","embeddable":true,"href":"https:\/\/todotrial.com\/tienda\/wp-json\/wp\/v2\/product_cat?post=45588"},{"taxonomy":"product_tag","embeddable":true,"href":"https:\/\/todotrial.com\/tienda\/wp-json\/wp\/v2\/product_tag?post=45588"}],"curies":[{"name":"wp","href":"https:\/\/api.w.org\/{rel}","templated":true}]}}