{"id":45573,"date":"2025-02-20T10:32:42","date_gmt":"2025-02-20T09:32:42","guid":{"rendered":"https:\/\/todotrial.com\/tienda\/sin%20categor\u00eda\/chaleco-defender-pro\/"},"modified":"2025-04-14T15:17:46","modified_gmt":"2025-04-14T14:17:46","slug":"chaleco-defender-pro","status":"publish","type":"product","link":"https:\/\/todotrial.com\/tienda\/chaleco-defender-pro\/","title":{"rendered":"CHALECO DEFENDER PRO"},"content":{"rendered":"<p>Chaleco ergon\u00f3mico, flexible y ajustado.<br \/>\nDisponible en versi\u00f3n de adulto y junior.<br \/>\nProtecci\u00f3n extra\u00edble homologada en pecho por la certificaci\u00f3n EN 1621-3 y en espalda por la certificaci\u00f3n EN 1621-2.<br \/>\nTejido transpirable y el\u00e1stico en 4 direcciones.<br \/>\nSilicona antideslizante en cintura.<br \/>\nApertura lateral con cremallera YKK.<\/p>\n","protected":false},"excerpt":{"rendered":"<p>Prot\u00e9gete de los impactos con el chaleco DEFENDER PRO. El nuevo protector garantiza la seguridad sin renunciar a la comodidad gracias a su ergonom\u00eda y flexibilidad.<\/p>\n","protected":false},"featured_media":0,"comment_status":"open","ping_status":"closed","template":"","meta":[],"product_brand":[],"product_cat":[11691],"product_tag":[],"class_list":{"0":"post-45573","1":"product","2":"type-product","3":"status-publish","5":"product_cat-general","7":"first","8":"instock","9":"taxable","10":"shipping-taxable","11":"purchasable","12":"product-type-simple"},"yoast_head":"<!-- This site is optimized with the Yoast SEO Premium plugin v21.2 (Yoast SEO v27.3) - https:\/\/yoast.com\/product\/yoast-seo-premium-wordpress\/ -->\n<title>CHALECO DEFENDER PRO - Tienda de todotrial<\/title>\n<meta name=\"robots\" content=\"index, follow, max-snippet:-1, max-image-preview:large, max-video-preview:-1\" \/>\n<link rel=\"canonical\" href=\"https:\/\/todotrial.com\/tienda\/chaleco-defender-pro\/\" \/>\n<meta property=\"og:locale\" content=\"es_ES\" \/>\n<meta property=\"og:type\" content=\"article\" \/>\n<meta property=\"og:title\" content=\"CHALECO DEFENDER PRO\" \/>\n<meta property=\"og:description\" content=\"Prot\u00e9gete de los impactos con el chaleco DEFENDER PRO. El nuevo protector garantiza la seguridad sin renunciar a la comodidad gracias a su ergonom\u00eda y flexibilidad.\" \/>\n<meta property=\"og:url\" content=\"https:\/\/todotrial.com\/tienda\/chaleco-defender-pro\/\" \/>\n<meta property=\"og:site_name\" content=\"Tienda de todotrial\" \/>\n<meta property=\"article:modified_time\" content=\"2025-04-14T14:17:46+00:00\" \/>\n<meta name=\"twitter:card\" content=\"summary_large_image\" \/>\n<script type=\"application\/ld+json\" class=\"yoast-schema-graph\">{\"@context\":\"https:\\\/\\\/schema.org\",\"@graph\":[{\"@type\":\"WebPage\",\"@id\":\"https:\\\/\\\/todotrial.com\\\/tienda\\\/chaleco-defender-pro\\\/\",\"url\":\"https:\\\/\\\/todotrial.com\\\/tienda\\\/chaleco-defender-pro\\\/\",\"name\":\"CHALECO DEFENDER PRO - Tienda de todotrial\",\"isPartOf\":{\"@id\":\"https:\\\/\\\/todotrial.com\\\/tienda\\\/#website\"},\"datePublished\":\"2025-02-20T09:32:42+00:00\",\"dateModified\":\"2025-04-14T14:17:46+00:00\",\"breadcrumb\":{\"@id\":\"https:\\\/\\\/todotrial.com\\\/tienda\\\/chaleco-defender-pro\\\/#breadcrumb\"},\"inLanguage\":\"es\",\"potentialAction\":[{\"@type\":\"ReadAction\",\"target\":[\"https:\\\/\\\/todotrial.com\\\/tienda\\\/chaleco-defender-pro\\\/\"]}]},{\"@type\":\"BreadcrumbList\",\"@id\":\"https:\\\/\\\/todotrial.com\\\/tienda\\\/chaleco-defender-pro\\\/#breadcrumb\",\"itemListElement\":[{\"@type\":\"ListItem\",\"position\":1,\"name\":\"Portada\",\"item\":\"https:\\\/\\\/todotrial.com\\\/tienda\\\/\"},{\"@type\":\"ListItem\",\"position\":2,\"name\":\"Shop\",\"item\":\"https:\\\/\\\/todotrial.com\\\/tienda\\\/shop\\\/\"},{\"@type\":\"ListItem\",\"position\":3,\"name\":\"CHALECO DEFENDER PRO\"}]},{\"@type\":\"WebSite\",\"@id\":\"https:\\\/\\\/todotrial.com\\\/tienda\\\/#website\",\"url\":\"https:\\\/\\\/todotrial.com\\\/tienda\\\/\",\"name\":\"Tienda de todotrial\",\"description\":\"\",\"potentialAction\":[{\"@type\":\"SearchAction\",\"target\":{\"@type\":\"EntryPoint\",\"urlTemplate\":\"https:\\\/\\\/todotrial.com\\\/tienda\\\/?s={search_term_string}\"},\"query-input\":{\"@type\":\"PropertyValueSpecification\",\"valueRequired\":true,\"valueName\":\"search_term_string\"}}],\"inLanguage\":\"es\"}]}<\/script>\n<!-- \/ Yoast SEO Premium plugin. -->","yoast_head_json":{"title":"CHALECO DEFENDER PRO - Tienda de todotrial","robots":{"index":"index","follow":"follow","max-snippet":"max-snippet:-1","max-image-preview":"max-image-preview:large","max-video-preview":"max-video-preview:-1"},"canonical":"https:\/\/todotrial.com\/tienda\/chaleco-defender-pro\/","og_locale":"es_ES","og_type":"article","og_title":"CHALECO DEFENDER PRO","og_description":"Prot\u00e9gete de los impactos con el chaleco DEFENDER PRO. El nuevo protector garantiza la seguridad sin renunciar a la comodidad gracias a su ergonom\u00eda y flexibilidad.","og_url":"https:\/\/todotrial.com\/tienda\/chaleco-defender-pro\/","og_site_name":"Tienda de todotrial","article_modified_time":"2025-04-14T14:17:46+00:00","twitter_card":"summary_large_image","schema":{"@context":"https:\/\/schema.org","@graph":[{"@type":"WebPage","@id":"https:\/\/todotrial.com\/tienda\/chaleco-defender-pro\/","url":"https:\/\/todotrial.com\/tienda\/chaleco-defender-pro\/","name":"CHALECO DEFENDER PRO - Tienda de todotrial","isPartOf":{"@id":"https:\/\/todotrial.com\/tienda\/#website"},"datePublished":"2025-02-20T09:32:42+00:00","dateModified":"2025-04-14T14:17:46+00:00","breadcrumb":{"@id":"https:\/\/todotrial.com\/tienda\/chaleco-defender-pro\/#breadcrumb"},"inLanguage":"es","potentialAction":[{"@type":"ReadAction","target":["https:\/\/todotrial.com\/tienda\/chaleco-defender-pro\/"]}]},{"@type":"BreadcrumbList","@id":"https:\/\/todotrial.com\/tienda\/chaleco-defender-pro\/#breadcrumb","itemListElement":[{"@type":"ListItem","position":1,"name":"Portada","item":"https:\/\/todotrial.com\/tienda\/"},{"@type":"ListItem","position":2,"name":"Shop","item":"https:\/\/todotrial.com\/tienda\/shop\/"},{"@type":"ListItem","position":3,"name":"CHALECO DEFENDER PRO"}]},{"@type":"WebSite","@id":"https:\/\/todotrial.com\/tienda\/#website","url":"https:\/\/todotrial.com\/tienda\/","name":"Tienda de todotrial","description":"","potentialAction":[{"@type":"SearchAction","target":{"@type":"EntryPoint","urlTemplate":"https:\/\/todotrial.com\/tienda\/?s={search_term_string}"},"query-input":{"@type":"PropertyValueSpecification","valueRequired":true,"valueName":"search_term_string"}}],"inLanguage":"es"}]}},"_links":{"self":[{"href":"https:\/\/todotrial.com\/tienda\/wp-json\/wp\/v2\/product\/45573","targetHints":{"allow":["GET"]}}],"collection":[{"href":"https:\/\/todotrial.com\/tienda\/wp-json\/wp\/v2\/product"}],"about":[{"href":"https:\/\/todotrial.com\/tienda\/wp-json\/wp\/v2\/types\/product"}],"replies":[{"embeddable":true,"href":"https:\/\/todotrial.com\/tienda\/wp-json\/wp\/v2\/comments?post=45573"}],"version-history":[{"count":1,"href":"https:\/\/todotrial.com\/tienda\/wp-json\/wp\/v2\/product\/45573\/revisions"}],"predecessor-version":[{"id":55561,"href":"https:\/\/todotrial.com\/tienda\/wp-json\/wp\/v2\/product\/45573\/revisions\/55561"}],"wp:attachment":[{"href":"https:\/\/todotrial.com\/tienda\/wp-json\/wp\/v2\/media?parent=45573"}],"wp:term":[{"taxonomy":"product_brand","embeddable":true,"href":"https:\/\/todotrial.com\/tienda\/wp-json\/wp\/v2\/product_brand?post=45573"},{"taxonomy":"product_cat","embeddable":true,"href":"https:\/\/todotrial.com\/tienda\/wp-json\/wp\/v2\/product_cat?post=45573"},{"taxonomy":"product_tag","embeddable":true,"href":"https:\/\/todotrial.com\/tienda\/wp-json\/wp\/v2\/product_tag?post=45573"}],"curies":[{"name":"wp","href":"https:\/\/api.w.org\/{rel}","templated":true}]}}