{"id":45571,"date":"2025-02-20T10:31:46","date_gmt":"2025-02-20T09:31:46","guid":{"rendered":"https:\/\/todotrial.com\/tienda\/sin%20categor\u00eda\/defender-pro-jacket\/"},"modified":"2025-04-14T15:17:31","modified_gmt":"2025-04-14T14:17:31","slug":"defender-pro-jacket","status":"publish","type":"product","link":"https:\/\/todotrial.com\/tienda\/defender-pro-jacket\/","title":{"rendered":"DEFENDER PRO JACKET"},"content":{"rendered":"<p>Chaqueta ergon\u00f3mica, flexible y ajustada.<br \/>\nDisponible en versi\u00f3n de adulto y junior.<br \/>\nProtecciones extra\u00edbles homologadas en pecho por la certificaci\u00f3n EN 1621-3 Nivel 1, en espalda por la certificaci\u00f3n EN 1621-2 Nivel 2 y en codos y hombros por la certificaci\u00f3n EN 1621-2 Nivel 1.<br \/>\nTejido transpirable y el\u00e1stico en 4 direcciones.<br \/>\nPu\u00f1os de lycra.<br \/>\nSilicona anti-deslizante en la zona de la cintura.<br \/>\nApertura lateral con cremallera YKK.<\/p>\n","protected":false},"excerpt":{"rendered":"<p>Chaqueta con tejido el\u00e1stico y protecciones homologadas desmontables.<\/p>\n","protected":false},"featured_media":0,"comment_status":"open","ping_status":"closed","template":"","meta":[],"product_brand":[],"product_cat":[11691],"product_tag":[],"class_list":{"0":"post-45571","1":"product","2":"type-product","3":"status-publish","5":"product_cat-general","7":"first","8":"instock","9":"taxable","10":"shipping-taxable","11":"purchasable","12":"product-type-simple"},"yoast_head":"<!-- This site is optimized with the Yoast SEO Premium plugin v21.2 (Yoast SEO v27.3) - https:\/\/yoast.com\/product\/yoast-seo-premium-wordpress\/ -->\n<title>DEFENDER PRO JACKET - Tienda de todotrial<\/title>\n<meta name=\"robots\" content=\"index, follow, max-snippet:-1, max-image-preview:large, max-video-preview:-1\" \/>\n<link rel=\"canonical\" href=\"https:\/\/todotrial.com\/tienda\/defender-pro-jacket\/\" \/>\n<meta property=\"og:locale\" content=\"es_ES\" \/>\n<meta property=\"og:type\" content=\"article\" \/>\n<meta property=\"og:title\" content=\"DEFENDER PRO JACKET\" \/>\n<meta property=\"og:description\" content=\"Chaqueta con tejido el\u00e1stico y protecciones homologadas desmontables.\" \/>\n<meta property=\"og:url\" content=\"https:\/\/todotrial.com\/tienda\/defender-pro-jacket\/\" \/>\n<meta property=\"og:site_name\" content=\"Tienda de todotrial\" \/>\n<meta property=\"article:modified_time\" content=\"2025-04-14T14:17:31+00:00\" \/>\n<meta name=\"twitter:card\" content=\"summary_large_image\" \/>\n<script type=\"application\/ld+json\" class=\"yoast-schema-graph\">{\"@context\":\"https:\\\/\\\/schema.org\",\"@graph\":[{\"@type\":\"WebPage\",\"@id\":\"https:\\\/\\\/todotrial.com\\\/tienda\\\/defender-pro-jacket\\\/\",\"url\":\"https:\\\/\\\/todotrial.com\\\/tienda\\\/defender-pro-jacket\\\/\",\"name\":\"DEFENDER PRO JACKET - Tienda de todotrial\",\"isPartOf\":{\"@id\":\"https:\\\/\\\/todotrial.com\\\/tienda\\\/#website\"},\"datePublished\":\"2025-02-20T09:31:46+00:00\",\"dateModified\":\"2025-04-14T14:17:31+00:00\",\"breadcrumb\":{\"@id\":\"https:\\\/\\\/todotrial.com\\\/tienda\\\/defender-pro-jacket\\\/#breadcrumb\"},\"inLanguage\":\"es\",\"potentialAction\":[{\"@type\":\"ReadAction\",\"target\":[\"https:\\\/\\\/todotrial.com\\\/tienda\\\/defender-pro-jacket\\\/\"]}]},{\"@type\":\"BreadcrumbList\",\"@id\":\"https:\\\/\\\/todotrial.com\\\/tienda\\\/defender-pro-jacket\\\/#breadcrumb\",\"itemListElement\":[{\"@type\":\"ListItem\",\"position\":1,\"name\":\"Portada\",\"item\":\"https:\\\/\\\/todotrial.com\\\/tienda\\\/\"},{\"@type\":\"ListItem\",\"position\":2,\"name\":\"Shop\",\"item\":\"https:\\\/\\\/todotrial.com\\\/tienda\\\/shop\\\/\"},{\"@type\":\"ListItem\",\"position\":3,\"name\":\"DEFENDER PRO JACKET\"}]},{\"@type\":\"WebSite\",\"@id\":\"https:\\\/\\\/todotrial.com\\\/tienda\\\/#website\",\"url\":\"https:\\\/\\\/todotrial.com\\\/tienda\\\/\",\"name\":\"Tienda de todotrial\",\"description\":\"\",\"potentialAction\":[{\"@type\":\"SearchAction\",\"target\":{\"@type\":\"EntryPoint\",\"urlTemplate\":\"https:\\\/\\\/todotrial.com\\\/tienda\\\/?s={search_term_string}\"},\"query-input\":{\"@type\":\"PropertyValueSpecification\",\"valueRequired\":true,\"valueName\":\"search_term_string\"}}],\"inLanguage\":\"es\"}]}<\/script>\n<!-- \/ Yoast SEO Premium plugin. -->","yoast_head_json":{"title":"DEFENDER PRO JACKET - Tienda de todotrial","robots":{"index":"index","follow":"follow","max-snippet":"max-snippet:-1","max-image-preview":"max-image-preview:large","max-video-preview":"max-video-preview:-1"},"canonical":"https:\/\/todotrial.com\/tienda\/defender-pro-jacket\/","og_locale":"es_ES","og_type":"article","og_title":"DEFENDER PRO JACKET","og_description":"Chaqueta con tejido el\u00e1stico y protecciones homologadas desmontables.","og_url":"https:\/\/todotrial.com\/tienda\/defender-pro-jacket\/","og_site_name":"Tienda de todotrial","article_modified_time":"2025-04-14T14:17:31+00:00","twitter_card":"summary_large_image","schema":{"@context":"https:\/\/schema.org","@graph":[{"@type":"WebPage","@id":"https:\/\/todotrial.com\/tienda\/defender-pro-jacket\/","url":"https:\/\/todotrial.com\/tienda\/defender-pro-jacket\/","name":"DEFENDER PRO JACKET - Tienda de todotrial","isPartOf":{"@id":"https:\/\/todotrial.com\/tienda\/#website"},"datePublished":"2025-02-20T09:31:46+00:00","dateModified":"2025-04-14T14:17:31+00:00","breadcrumb":{"@id":"https:\/\/todotrial.com\/tienda\/defender-pro-jacket\/#breadcrumb"},"inLanguage":"es","potentialAction":[{"@type":"ReadAction","target":["https:\/\/todotrial.com\/tienda\/defender-pro-jacket\/"]}]},{"@type":"BreadcrumbList","@id":"https:\/\/todotrial.com\/tienda\/defender-pro-jacket\/#breadcrumb","itemListElement":[{"@type":"ListItem","position":1,"name":"Portada","item":"https:\/\/todotrial.com\/tienda\/"},{"@type":"ListItem","position":2,"name":"Shop","item":"https:\/\/todotrial.com\/tienda\/shop\/"},{"@type":"ListItem","position":3,"name":"DEFENDER PRO JACKET"}]},{"@type":"WebSite","@id":"https:\/\/todotrial.com\/tienda\/#website","url":"https:\/\/todotrial.com\/tienda\/","name":"Tienda de todotrial","description":"","potentialAction":[{"@type":"SearchAction","target":{"@type":"EntryPoint","urlTemplate":"https:\/\/todotrial.com\/tienda\/?s={search_term_string}"},"query-input":{"@type":"PropertyValueSpecification","valueRequired":true,"valueName":"search_term_string"}}],"inLanguage":"es"}]}},"_links":{"self":[{"href":"https:\/\/todotrial.com\/tienda\/wp-json\/wp\/v2\/product\/45571","targetHints":{"allow":["GET"]}}],"collection":[{"href":"https:\/\/todotrial.com\/tienda\/wp-json\/wp\/v2\/product"}],"about":[{"href":"https:\/\/todotrial.com\/tienda\/wp-json\/wp\/v2\/types\/product"}],"replies":[{"embeddable":true,"href":"https:\/\/todotrial.com\/tienda\/wp-json\/wp\/v2\/comments?post=45571"}],"version-history":[{"count":1,"href":"https:\/\/todotrial.com\/tienda\/wp-json\/wp\/v2\/product\/45571\/revisions"}],"predecessor-version":[{"id":55559,"href":"https:\/\/todotrial.com\/tienda\/wp-json\/wp\/v2\/product\/45571\/revisions\/55559"}],"wp:attachment":[{"href":"https:\/\/todotrial.com\/tienda\/wp-json\/wp\/v2\/media?parent=45571"}],"wp:term":[{"taxonomy":"product_brand","embeddable":true,"href":"https:\/\/todotrial.com\/tienda\/wp-json\/wp\/v2\/product_brand?post=45571"},{"taxonomy":"product_cat","embeddable":true,"href":"https:\/\/todotrial.com\/tienda\/wp-json\/wp\/v2\/product_cat?post=45571"},{"taxonomy":"product_tag","embeddable":true,"href":"https:\/\/todotrial.com\/tienda\/wp-json\/wp\/v2\/product_tag?post=45571"}],"curies":[{"name":"wp","href":"https:\/\/api.w.org\/{rel}","templated":true}]}}