{"id":45564,"date":"2025-02-20T10:31:20","date_gmt":"2025-02-20T09:31:20","guid":{"rendered":"https:\/\/todotrial.com\/tienda\/sin%20categor\u00eda\/rodillera-defender-pro-junior-h\/"},"modified":"2025-04-14T15:17:23","modified_gmt":"2025-04-14T14:17:23","slug":"rodillera-defender-pro-junior-h","status":"publish","type":"product","link":"https:\/\/todotrial.com\/tienda\/rodillera-defender-pro-junior-h\/","title":{"rendered":"RODILLERA DEFENDER PRO JUNIOR h"},"content":{"rendered":"<p>La Rodillera Defender Pro Junior H ha sido desarrollada para ofrecer una gran seguridad durante las salidas en moto. Est\u00e1 fabricada en un tejido el\u00e1stico en 4 direcciones y en la zona de la rodilla incorpora un tejido con alta resistencia a la fricci\u00f3n que aumenta su durabilidad. Las costuras son planas para evitar posibles irritaciones durante su uso y se ha a\u00f1adido silicona antideslizante para evitar que el Producto pueda llegar a moverse de su posici\u00f3n correcta con el movimiento y las vibraciones. Las Protecciones que se han incluido con esta rodillera est\u00e1n homologadas y adem\u00e1s, son desmontables.<\/p>\n","protected":false},"excerpt":{"rendered":"<p>Protector de rodilla Defender 2.0 para Trial y Enduro\/Cross. Con un nuevo concepto de protecci\u00f3n fabricado con tejido compresivo Sweat Breaker el\u00e1stico en las 4 direcciones, transpirable y de secado r\u00e1pido.<\/p>\n","protected":false},"featured_media":0,"comment_status":"open","ping_status":"closed","template":"","meta":[],"product_brand":[],"product_cat":[11691],"product_tag":[],"class_list":{"0":"post-45564","1":"product","2":"type-product","3":"status-publish","5":"product_cat-general","7":"first","8":"instock","9":"taxable","10":"shipping-taxable","11":"purchasable","12":"product-type-simple"},"yoast_head":"<!-- This site is optimized with the Yoast SEO Premium plugin v21.2 (Yoast SEO v27.4) - https:\/\/yoast.com\/product\/yoast-seo-premium-wordpress\/ -->\n<title>RODILLERA DEFENDER PRO JUNIOR h - Tienda de todotrial<\/title>\n<meta name=\"robots\" content=\"index, follow, max-snippet:-1, max-image-preview:large, max-video-preview:-1\" \/>\n<link rel=\"canonical\" href=\"https:\/\/todotrial.com\/tienda\/rodillera-defender-pro-junior-h\/\" \/>\n<meta property=\"og:locale\" content=\"es_ES\" \/>\n<meta property=\"og:type\" content=\"article\" \/>\n<meta property=\"og:title\" content=\"RODILLERA DEFENDER PRO JUNIOR h\" \/>\n<meta property=\"og:description\" content=\"Protector de rodilla Defender 2.0 para Trial y Enduro\/Cross. Con un nuevo concepto de protecci\u00f3n fabricado con tejido compresivo Sweat Breaker el\u00e1stico en las 4 direcciones, transpirable y de secado r\u00e1pido.\" \/>\n<meta property=\"og:url\" content=\"https:\/\/todotrial.com\/tienda\/rodillera-defender-pro-junior-h\/\" \/>\n<meta property=\"og:site_name\" content=\"Tienda de todotrial\" \/>\n<meta property=\"article:modified_time\" content=\"2025-04-14T14:17:23+00:00\" \/>\n<meta name=\"twitter:card\" content=\"summary_large_image\" \/>\n<meta name=\"twitter:label1\" content=\"Tiempo de lectura\" \/>\n\t<meta name=\"twitter:data1\" content=\"1 minuto\" \/>\n<script type=\"application\/ld+json\" class=\"yoast-schema-graph\">{\"@context\":\"https:\\\/\\\/schema.org\",\"@graph\":[{\"@type\":\"WebPage\",\"@id\":\"https:\\\/\\\/todotrial.com\\\/tienda\\\/rodillera-defender-pro-junior-h\\\/\",\"url\":\"https:\\\/\\\/todotrial.com\\\/tienda\\\/rodillera-defender-pro-junior-h\\\/\",\"name\":\"RODILLERA DEFENDER PRO JUNIOR h - Tienda de todotrial\",\"isPartOf\":{\"@id\":\"https:\\\/\\\/todotrial.com\\\/tienda\\\/#website\"},\"datePublished\":\"2025-02-20T09:31:20+00:00\",\"dateModified\":\"2025-04-14T14:17:23+00:00\",\"breadcrumb\":{\"@id\":\"https:\\\/\\\/todotrial.com\\\/tienda\\\/rodillera-defender-pro-junior-h\\\/#breadcrumb\"},\"inLanguage\":\"es\",\"potentialAction\":[{\"@type\":\"ReadAction\",\"target\":[\"https:\\\/\\\/todotrial.com\\\/tienda\\\/rodillera-defender-pro-junior-h\\\/\"]}]},{\"@type\":\"BreadcrumbList\",\"@id\":\"https:\\\/\\\/todotrial.com\\\/tienda\\\/rodillera-defender-pro-junior-h\\\/#breadcrumb\",\"itemListElement\":[{\"@type\":\"ListItem\",\"position\":1,\"name\":\"Portada\",\"item\":\"https:\\\/\\\/todotrial.com\\\/tienda\\\/\"},{\"@type\":\"ListItem\",\"position\":2,\"name\":\"Shop\",\"item\":\"https:\\\/\\\/todotrial.com\\\/tienda\\\/shop\\\/\"},{\"@type\":\"ListItem\",\"position\":3,\"name\":\"RODILLERA DEFENDER PRO JUNIOR h\"}]},{\"@type\":\"WebSite\",\"@id\":\"https:\\\/\\\/todotrial.com\\\/tienda\\\/#website\",\"url\":\"https:\\\/\\\/todotrial.com\\\/tienda\\\/\",\"name\":\"Tienda de todotrial\",\"description\":\"\",\"potentialAction\":[{\"@type\":\"SearchAction\",\"target\":{\"@type\":\"EntryPoint\",\"urlTemplate\":\"https:\\\/\\\/todotrial.com\\\/tienda\\\/?s={search_term_string}\"},\"query-input\":{\"@type\":\"PropertyValueSpecification\",\"valueRequired\":true,\"valueName\":\"search_term_string\"}}],\"inLanguage\":\"es\"}]}<\/script>\n<!-- \/ Yoast SEO Premium plugin. -->","yoast_head_json":{"title":"RODILLERA DEFENDER PRO JUNIOR h - Tienda de todotrial","robots":{"index":"index","follow":"follow","max-snippet":"max-snippet:-1","max-image-preview":"max-image-preview:large","max-video-preview":"max-video-preview:-1"},"canonical":"https:\/\/todotrial.com\/tienda\/rodillera-defender-pro-junior-h\/","og_locale":"es_ES","og_type":"article","og_title":"RODILLERA DEFENDER PRO JUNIOR h","og_description":"Protector de rodilla Defender 2.0 para Trial y Enduro\/Cross. Con un nuevo concepto de protecci\u00f3n fabricado con tejido compresivo Sweat Breaker el\u00e1stico en las 4 direcciones, transpirable y de secado r\u00e1pido.","og_url":"https:\/\/todotrial.com\/tienda\/rodillera-defender-pro-junior-h\/","og_site_name":"Tienda de todotrial","article_modified_time":"2025-04-14T14:17:23+00:00","twitter_card":"summary_large_image","twitter_misc":{"Tiempo de lectura":"1 minuto"},"schema":{"@context":"https:\/\/schema.org","@graph":[{"@type":"WebPage","@id":"https:\/\/todotrial.com\/tienda\/rodillera-defender-pro-junior-h\/","url":"https:\/\/todotrial.com\/tienda\/rodillera-defender-pro-junior-h\/","name":"RODILLERA DEFENDER PRO JUNIOR h - Tienda de todotrial","isPartOf":{"@id":"https:\/\/todotrial.com\/tienda\/#website"},"datePublished":"2025-02-20T09:31:20+00:00","dateModified":"2025-04-14T14:17:23+00:00","breadcrumb":{"@id":"https:\/\/todotrial.com\/tienda\/rodillera-defender-pro-junior-h\/#breadcrumb"},"inLanguage":"es","potentialAction":[{"@type":"ReadAction","target":["https:\/\/todotrial.com\/tienda\/rodillera-defender-pro-junior-h\/"]}]},{"@type":"BreadcrumbList","@id":"https:\/\/todotrial.com\/tienda\/rodillera-defender-pro-junior-h\/#breadcrumb","itemListElement":[{"@type":"ListItem","position":1,"name":"Portada","item":"https:\/\/todotrial.com\/tienda\/"},{"@type":"ListItem","position":2,"name":"Shop","item":"https:\/\/todotrial.com\/tienda\/shop\/"},{"@type":"ListItem","position":3,"name":"RODILLERA DEFENDER PRO JUNIOR h"}]},{"@type":"WebSite","@id":"https:\/\/todotrial.com\/tienda\/#website","url":"https:\/\/todotrial.com\/tienda\/","name":"Tienda de todotrial","description":"","potentialAction":[{"@type":"SearchAction","target":{"@type":"EntryPoint","urlTemplate":"https:\/\/todotrial.com\/tienda\/?s={search_term_string}"},"query-input":{"@type":"PropertyValueSpecification","valueRequired":true,"valueName":"search_term_string"}}],"inLanguage":"es"}]}},"_links":{"self":[{"href":"https:\/\/todotrial.com\/tienda\/wp-json\/wp\/v2\/product\/45564","targetHints":{"allow":["GET"]}}],"collection":[{"href":"https:\/\/todotrial.com\/tienda\/wp-json\/wp\/v2\/product"}],"about":[{"href":"https:\/\/todotrial.com\/tienda\/wp-json\/wp\/v2\/types\/product"}],"replies":[{"embeddable":true,"href":"https:\/\/todotrial.com\/tienda\/wp-json\/wp\/v2\/comments?post=45564"}],"version-history":[{"count":1,"href":"https:\/\/todotrial.com\/tienda\/wp-json\/wp\/v2\/product\/45564\/revisions"}],"predecessor-version":[{"id":55555,"href":"https:\/\/todotrial.com\/tienda\/wp-json\/wp\/v2\/product\/45564\/revisions\/55555"}],"wp:attachment":[{"href":"https:\/\/todotrial.com\/tienda\/wp-json\/wp\/v2\/media?parent=45564"}],"wp:term":[{"taxonomy":"product_brand","embeddable":true,"href":"https:\/\/todotrial.com\/tienda\/wp-json\/wp\/v2\/product_brand?post=45564"},{"taxonomy":"product_cat","embeddable":true,"href":"https:\/\/todotrial.com\/tienda\/wp-json\/wp\/v2\/product_cat?post=45564"},{"taxonomy":"product_tag","embeddable":true,"href":"https:\/\/todotrial.com\/tienda\/wp-json\/wp\/v2\/product_tag?post=45564"}],"curies":[{"name":"wp","href":"https:\/\/api.w.org\/{rel}","templated":true}]}}