{"id":45561,"date":"2025-02-20T10:31:09","date_gmt":"2025-02-20T09:31:09","guid":{"rendered":"https:\/\/todotrial.com\/tienda\/sin%20categor\u00eda\/proteccion-codo-y-rodilla-pad-junior\/"},"modified":"2025-04-14T15:17:20","modified_gmt":"2025-04-14T14:17:20","slug":"proteccion-codo-y-rodilla-pad-junior","status":"publish","type":"product","link":"https:\/\/todotrial.com\/tienda\/proteccion-codo-y-rodilla-pad-junior\/","title":{"rendered":"PROTECCION CODO Y RODILLA PAD JUNIOR"},"content":{"rendered":"<p>La Rodillera y Codera Knee Pad para Junior es un equipo de protecci\u00f3n de rodillas y codos dise\u00f1ado para proporcionar una mayor protecci\u00f3n en caso de impacto en estas \u00e1reas del cuerpo. Es un accesorio que se coloca en las rodillas y codos, est\u00e1n fabricadas con materiales resistentes y ligeros como el poliuretano. Estas protecciones cuentan con un dise\u00f1o ergon\u00f3mico que se adapta perfectamente a la anatom\u00eda de las rodillas y los codos, brindando una mayor comodidad y seguridad. El t\u00e9rmino &quot;Pad&quot; sugiere que estas protecciones tiene una forma de almohadilla o acolchado en la zona de contacto con el cuerpo para proporcionar un mayor confort y amortiguaci\u00f3n.<\/p>\n","protected":false},"excerpt":{"rendered":"<p>Protecci\u00f3n de rodillas knee pad para Junior.<\/p>\n","protected":false},"featured_media":45562,"comment_status":"open","ping_status":"closed","template":"","meta":[],"product_brand":[],"product_cat":[11691],"product_tag":[],"class_list":{"0":"post-45561","1":"product","2":"type-product","3":"status-publish","4":"has-post-thumbnail","6":"product_cat-general","8":"first","9":"instock","10":"taxable","11":"shipping-taxable","12":"purchasable","13":"product-type-simple"},"yoast_head":"<!-- This site is optimized with the Yoast SEO Premium plugin v21.2 (Yoast SEO v27.3) - https:\/\/yoast.com\/product\/yoast-seo-premium-wordpress\/ -->\n<title>PROTECCION CODO Y RODILLA PAD JUNIOR - Tienda de todotrial<\/title>\n<meta name=\"robots\" content=\"index, follow, max-snippet:-1, max-image-preview:large, max-video-preview:-1\" \/>\n<link rel=\"canonical\" href=\"https:\/\/todotrial.com\/tienda\/proteccion-codo-y-rodilla-pad-junior\/\" \/>\n<meta property=\"og:locale\" content=\"es_ES\" \/>\n<meta property=\"og:type\" content=\"article\" \/>\n<meta property=\"og:title\" content=\"PROTECCION CODO Y RODILLA PAD JUNIOR\" \/>\n<meta property=\"og:description\" content=\"Protecci\u00f3n de rodillas knee pad para Junior.\" \/>\n<meta property=\"og:url\" content=\"https:\/\/todotrial.com\/tienda\/proteccion-codo-y-rodilla-pad-junior\/\" \/>\n<meta property=\"og:site_name\" content=\"Tienda de todotrial\" \/>\n<meta property=\"article:modified_time\" content=\"2025-04-14T14:17:20+00:00\" \/>\n<meta property=\"og:image\" content=\"https:\/\/todotrial.com\/tienda\/wp-content\/uploads\/2025\/02\/HE6310-1_HEBO_Rodillera.jpg\" \/>\n\t<meta property=\"og:image:width\" content=\"1\" \/>\n\t<meta property=\"og:image:height\" content=\"1\" \/>\n\t<meta property=\"og:image:type\" content=\"image\/jpeg\" \/>\n<meta name=\"twitter:card\" content=\"summary_large_image\" \/>\n<meta name=\"twitter:label1\" content=\"Tiempo de lectura\" \/>\n\t<meta name=\"twitter:data1\" content=\"1 minuto\" \/>\n<script type=\"application\/ld+json\" class=\"yoast-schema-graph\">{\"@context\":\"https:\\\/\\\/schema.org\",\"@graph\":[{\"@type\":\"WebPage\",\"@id\":\"https:\\\/\\\/todotrial.com\\\/tienda\\\/proteccion-codo-y-rodilla-pad-junior\\\/\",\"url\":\"https:\\\/\\\/todotrial.com\\\/tienda\\\/proteccion-codo-y-rodilla-pad-junior\\\/\",\"name\":\"PROTECCION CODO Y RODILLA PAD JUNIOR - Tienda de todotrial\",\"isPartOf\":{\"@id\":\"https:\\\/\\\/todotrial.com\\\/tienda\\\/#website\"},\"primaryImageOfPage\":{\"@id\":\"https:\\\/\\\/todotrial.com\\\/tienda\\\/proteccion-codo-y-rodilla-pad-junior\\\/#primaryimage\"},\"image\":{\"@id\":\"https:\\\/\\\/todotrial.com\\\/tienda\\\/proteccion-codo-y-rodilla-pad-junior\\\/#primaryimage\"},\"thumbnailUrl\":\"https:\\\/\\\/todotrial.com\\\/tienda\\\/wp-content\\\/uploads\\\/2025\\\/02\\\/HE6310-1_HEBO_Rodillera.jpg\",\"datePublished\":\"2025-02-20T09:31:09+00:00\",\"dateModified\":\"2025-04-14T14:17:20+00:00\",\"breadcrumb\":{\"@id\":\"https:\\\/\\\/todotrial.com\\\/tienda\\\/proteccion-codo-y-rodilla-pad-junior\\\/#breadcrumb\"},\"inLanguage\":\"es\",\"potentialAction\":[{\"@type\":\"ReadAction\",\"target\":[\"https:\\\/\\\/todotrial.com\\\/tienda\\\/proteccion-codo-y-rodilla-pad-junior\\\/\"]}]},{\"@type\":\"ImageObject\",\"inLanguage\":\"es\",\"@id\":\"https:\\\/\\\/todotrial.com\\\/tienda\\\/proteccion-codo-y-rodilla-pad-junior\\\/#primaryimage\",\"url\":\"https:\\\/\\\/todotrial.com\\\/tienda\\\/wp-content\\\/uploads\\\/2025\\\/02\\\/HE6310-1_HEBO_Rodillera.jpg\",\"contentUrl\":\"https:\\\/\\\/todotrial.com\\\/tienda\\\/wp-content\\\/uploads\\\/2025\\\/02\\\/HE6310-1_HEBO_Rodillera.jpg\",\"caption\":\"PROTECCION CODO Y RODILLA PAD JUNIOR\"},{\"@type\":\"BreadcrumbList\",\"@id\":\"https:\\\/\\\/todotrial.com\\\/tienda\\\/proteccion-codo-y-rodilla-pad-junior\\\/#breadcrumb\",\"itemListElement\":[{\"@type\":\"ListItem\",\"position\":1,\"name\":\"Portada\",\"item\":\"https:\\\/\\\/todotrial.com\\\/tienda\\\/\"},{\"@type\":\"ListItem\",\"position\":2,\"name\":\"Shop\",\"item\":\"https:\\\/\\\/todotrial.com\\\/tienda\\\/shop\\\/\"},{\"@type\":\"ListItem\",\"position\":3,\"name\":\"PROTECCION CODO Y RODILLA PAD JUNIOR\"}]},{\"@type\":\"WebSite\",\"@id\":\"https:\\\/\\\/todotrial.com\\\/tienda\\\/#website\",\"url\":\"https:\\\/\\\/todotrial.com\\\/tienda\\\/\",\"name\":\"Tienda de todotrial\",\"description\":\"\",\"potentialAction\":[{\"@type\":\"SearchAction\",\"target\":{\"@type\":\"EntryPoint\",\"urlTemplate\":\"https:\\\/\\\/todotrial.com\\\/tienda\\\/?s={search_term_string}\"},\"query-input\":{\"@type\":\"PropertyValueSpecification\",\"valueRequired\":true,\"valueName\":\"search_term_string\"}}],\"inLanguage\":\"es\"}]}<\/script>\n<!-- \/ Yoast SEO Premium plugin. -->","yoast_head_json":{"title":"PROTECCION CODO Y RODILLA PAD JUNIOR - Tienda de todotrial","robots":{"index":"index","follow":"follow","max-snippet":"max-snippet:-1","max-image-preview":"max-image-preview:large","max-video-preview":"max-video-preview:-1"},"canonical":"https:\/\/todotrial.com\/tienda\/proteccion-codo-y-rodilla-pad-junior\/","og_locale":"es_ES","og_type":"article","og_title":"PROTECCION CODO Y RODILLA PAD JUNIOR","og_description":"Protecci\u00f3n de rodillas knee pad para Junior.","og_url":"https:\/\/todotrial.com\/tienda\/proteccion-codo-y-rodilla-pad-junior\/","og_site_name":"Tienda de todotrial","article_modified_time":"2025-04-14T14:17:20+00:00","og_image":[{"url":"https:\/\/todotrial.com\/tienda\/wp-content\/uploads\/2025\/02\/HE6310-1_HEBO_Rodillera.jpg","width":1,"height":1,"type":"image\/jpeg"}],"twitter_card":"summary_large_image","twitter_misc":{"Tiempo de lectura":"1 minuto"},"schema":{"@context":"https:\/\/schema.org","@graph":[{"@type":"WebPage","@id":"https:\/\/todotrial.com\/tienda\/proteccion-codo-y-rodilla-pad-junior\/","url":"https:\/\/todotrial.com\/tienda\/proteccion-codo-y-rodilla-pad-junior\/","name":"PROTECCION CODO Y RODILLA PAD JUNIOR - Tienda de todotrial","isPartOf":{"@id":"https:\/\/todotrial.com\/tienda\/#website"},"primaryImageOfPage":{"@id":"https:\/\/todotrial.com\/tienda\/proteccion-codo-y-rodilla-pad-junior\/#primaryimage"},"image":{"@id":"https:\/\/todotrial.com\/tienda\/proteccion-codo-y-rodilla-pad-junior\/#primaryimage"},"thumbnailUrl":"https:\/\/todotrial.com\/tienda\/wp-content\/uploads\/2025\/02\/HE6310-1_HEBO_Rodillera.jpg","datePublished":"2025-02-20T09:31:09+00:00","dateModified":"2025-04-14T14:17:20+00:00","breadcrumb":{"@id":"https:\/\/todotrial.com\/tienda\/proteccion-codo-y-rodilla-pad-junior\/#breadcrumb"},"inLanguage":"es","potentialAction":[{"@type":"ReadAction","target":["https:\/\/todotrial.com\/tienda\/proteccion-codo-y-rodilla-pad-junior\/"]}]},{"@type":"ImageObject","inLanguage":"es","@id":"https:\/\/todotrial.com\/tienda\/proteccion-codo-y-rodilla-pad-junior\/#primaryimage","url":"https:\/\/todotrial.com\/tienda\/wp-content\/uploads\/2025\/02\/HE6310-1_HEBO_Rodillera.jpg","contentUrl":"https:\/\/todotrial.com\/tienda\/wp-content\/uploads\/2025\/02\/HE6310-1_HEBO_Rodillera.jpg","caption":"PROTECCION CODO Y RODILLA PAD JUNIOR"},{"@type":"BreadcrumbList","@id":"https:\/\/todotrial.com\/tienda\/proteccion-codo-y-rodilla-pad-junior\/#breadcrumb","itemListElement":[{"@type":"ListItem","position":1,"name":"Portada","item":"https:\/\/todotrial.com\/tienda\/"},{"@type":"ListItem","position":2,"name":"Shop","item":"https:\/\/todotrial.com\/tienda\/shop\/"},{"@type":"ListItem","position":3,"name":"PROTECCION CODO Y RODILLA PAD JUNIOR"}]},{"@type":"WebSite","@id":"https:\/\/todotrial.com\/tienda\/#website","url":"https:\/\/todotrial.com\/tienda\/","name":"Tienda de todotrial","description":"","potentialAction":[{"@type":"SearchAction","target":{"@type":"EntryPoint","urlTemplate":"https:\/\/todotrial.com\/tienda\/?s={search_term_string}"},"query-input":{"@type":"PropertyValueSpecification","valueRequired":true,"valueName":"search_term_string"}}],"inLanguage":"es"}]}},"_links":{"self":[{"href":"https:\/\/todotrial.com\/tienda\/wp-json\/wp\/v2\/product\/45561","targetHints":{"allow":["GET"]}}],"collection":[{"href":"https:\/\/todotrial.com\/tienda\/wp-json\/wp\/v2\/product"}],"about":[{"href":"https:\/\/todotrial.com\/tienda\/wp-json\/wp\/v2\/types\/product"}],"replies":[{"embeddable":true,"href":"https:\/\/todotrial.com\/tienda\/wp-json\/wp\/v2\/comments?post=45561"}],"version-history":[{"count":1,"href":"https:\/\/todotrial.com\/tienda\/wp-json\/wp\/v2\/product\/45561\/revisions"}],"predecessor-version":[{"id":55553,"href":"https:\/\/todotrial.com\/tienda\/wp-json\/wp\/v2\/product\/45561\/revisions\/55553"}],"wp:featuredmedia":[{"embeddable":true,"href":"https:\/\/todotrial.com\/tienda\/wp-json\/wp\/v2\/media\/45562"}],"wp:attachment":[{"href":"https:\/\/todotrial.com\/tienda\/wp-json\/wp\/v2\/media?parent=45561"}],"wp:term":[{"taxonomy":"product_brand","embeddable":true,"href":"https:\/\/todotrial.com\/tienda\/wp-json\/wp\/v2\/product_brand?post=45561"},{"taxonomy":"product_cat","embeddable":true,"href":"https:\/\/todotrial.com\/tienda\/wp-json\/wp\/v2\/product_cat?post=45561"},{"taxonomy":"product_tag","embeddable":true,"href":"https:\/\/todotrial.com\/tienda\/wp-json\/wp\/v2\/product_tag?post=45561"}],"curies":[{"name":"wp","href":"https:\/\/api.w.org\/{rel}","templated":true}]}}