{"id":45559,"date":"2025-02-20T10:31:04","date_gmt":"2025-02-20T09:31:04","guid":{"rendered":"https:\/\/todotrial.com\/tienda\/sin%20categor\u00eda\/proteccion-codo-y-rodilla-pad-adulto\/"},"modified":"2025-04-14T15:17:18","modified_gmt":"2025-04-14T14:17:18","slug":"proteccion-codo-y-rodilla-pad-adulto","status":"publish","type":"product","link":"https:\/\/todotrial.com\/tienda\/proteccion-codo-y-rodilla-pad-adulto\/","title":{"rendered":"PROTECCION CODO Y RODILLA PAD ADULTO"},"content":{"rendered":"<p>El protector para el codo\/rodilla con certificaci\u00f3n CE-nivel 2 (directiva EN1621 &#8211; nivel 2) se ha dise\u00f1ado para proporcionar protecci\u00f3n en caso de impacto en la zona del de los codos\/rodilla. Est\u00e1 fabricado con PU, un material resistente que absorbe los impactos y, a la vez, proporciona flexibilidad para adaptarse al cuerpo.<\/p>\n","protected":false},"excerpt":{"rendered":"<p>Protector para codo\/rodilla con certificaci\u00f3n CE-nivel 2.<\/p>\n","protected":false},"featured_media":45560,"comment_status":"open","ping_status":"closed","template":"","meta":[],"product_brand":[],"product_cat":[11691],"product_tag":[],"class_list":{"0":"post-45559","1":"product","2":"type-product","3":"status-publish","4":"has-post-thumbnail","6":"product_cat-general","8":"first","9":"instock","10":"taxable","11":"shipping-taxable","12":"purchasable","13":"product-type-simple"},"yoast_head":"<!-- This site is optimized with the Yoast SEO Premium plugin v21.2 (Yoast SEO v27.4) - https:\/\/yoast.com\/product\/yoast-seo-premium-wordpress\/ -->\n<title>PROTECCION CODO Y RODILLA PAD ADULTO - Tienda de todotrial<\/title>\n<meta name=\"robots\" content=\"index, follow, max-snippet:-1, max-image-preview:large, max-video-preview:-1\" \/>\n<link rel=\"canonical\" href=\"https:\/\/todotrial.com\/tienda\/proteccion-codo-y-rodilla-pad-adulto\/\" \/>\n<meta property=\"og:locale\" content=\"es_ES\" \/>\n<meta property=\"og:type\" content=\"article\" \/>\n<meta property=\"og:title\" content=\"PROTECCION CODO Y RODILLA PAD ADULTO\" \/>\n<meta property=\"og:description\" content=\"Protector para codo\/rodilla con certificaci\u00f3n CE-nivel 2.\" \/>\n<meta property=\"og:url\" content=\"https:\/\/todotrial.com\/tienda\/proteccion-codo-y-rodilla-pad-adulto\/\" \/>\n<meta property=\"og:site_name\" content=\"Tienda de todotrial\" \/>\n<meta property=\"article:modified_time\" content=\"2025-04-14T14:17:18+00:00\" \/>\n<meta property=\"og:image\" content=\"https:\/\/todotrial.com\/tienda\/wp-content\/uploads\/2025\/02\/HE6307-1_HEBO_Proteccion.jpg\" \/>\n\t<meta property=\"og:image:width\" content=\"1\" \/>\n\t<meta property=\"og:image:height\" content=\"1\" \/>\n\t<meta property=\"og:image:type\" content=\"image\/jpeg\" \/>\n<meta name=\"twitter:card\" content=\"summary_large_image\" \/>\n<script type=\"application\/ld+json\" class=\"yoast-schema-graph\">{\"@context\":\"https:\\\/\\\/schema.org\",\"@graph\":[{\"@type\":\"WebPage\",\"@id\":\"https:\\\/\\\/todotrial.com\\\/tienda\\\/proteccion-codo-y-rodilla-pad-adulto\\\/\",\"url\":\"https:\\\/\\\/todotrial.com\\\/tienda\\\/proteccion-codo-y-rodilla-pad-adulto\\\/\",\"name\":\"PROTECCION CODO Y RODILLA PAD ADULTO - Tienda de todotrial\",\"isPartOf\":{\"@id\":\"https:\\\/\\\/todotrial.com\\\/tienda\\\/#website\"},\"primaryImageOfPage\":{\"@id\":\"https:\\\/\\\/todotrial.com\\\/tienda\\\/proteccion-codo-y-rodilla-pad-adulto\\\/#primaryimage\"},\"image\":{\"@id\":\"https:\\\/\\\/todotrial.com\\\/tienda\\\/proteccion-codo-y-rodilla-pad-adulto\\\/#primaryimage\"},\"thumbnailUrl\":\"https:\\\/\\\/todotrial.com\\\/tienda\\\/wp-content\\\/uploads\\\/2025\\\/02\\\/HE6307-1_HEBO_Proteccion.jpg\",\"datePublished\":\"2025-02-20T09:31:04+00:00\",\"dateModified\":\"2025-04-14T14:17:18+00:00\",\"breadcrumb\":{\"@id\":\"https:\\\/\\\/todotrial.com\\\/tienda\\\/proteccion-codo-y-rodilla-pad-adulto\\\/#breadcrumb\"},\"inLanguage\":\"es\",\"potentialAction\":[{\"@type\":\"ReadAction\",\"target\":[\"https:\\\/\\\/todotrial.com\\\/tienda\\\/proteccion-codo-y-rodilla-pad-adulto\\\/\"]}]},{\"@type\":\"ImageObject\",\"inLanguage\":\"es\",\"@id\":\"https:\\\/\\\/todotrial.com\\\/tienda\\\/proteccion-codo-y-rodilla-pad-adulto\\\/#primaryimage\",\"url\":\"https:\\\/\\\/todotrial.com\\\/tienda\\\/wp-content\\\/uploads\\\/2025\\\/02\\\/HE6307-1_HEBO_Proteccion.jpg\",\"contentUrl\":\"https:\\\/\\\/todotrial.com\\\/tienda\\\/wp-content\\\/uploads\\\/2025\\\/02\\\/HE6307-1_HEBO_Proteccion.jpg\",\"caption\":\"PROTECCION CODO Y RODILLA PAD ADULTO\"},{\"@type\":\"BreadcrumbList\",\"@id\":\"https:\\\/\\\/todotrial.com\\\/tienda\\\/proteccion-codo-y-rodilla-pad-adulto\\\/#breadcrumb\",\"itemListElement\":[{\"@type\":\"ListItem\",\"position\":1,\"name\":\"Portada\",\"item\":\"https:\\\/\\\/todotrial.com\\\/tienda\\\/\"},{\"@type\":\"ListItem\",\"position\":2,\"name\":\"Shop\",\"item\":\"https:\\\/\\\/todotrial.com\\\/tienda\\\/shop\\\/\"},{\"@type\":\"ListItem\",\"position\":3,\"name\":\"PROTECCION CODO Y RODILLA PAD ADULTO\"}]},{\"@type\":\"WebSite\",\"@id\":\"https:\\\/\\\/todotrial.com\\\/tienda\\\/#website\",\"url\":\"https:\\\/\\\/todotrial.com\\\/tienda\\\/\",\"name\":\"Tienda de todotrial\",\"description\":\"\",\"potentialAction\":[{\"@type\":\"SearchAction\",\"target\":{\"@type\":\"EntryPoint\",\"urlTemplate\":\"https:\\\/\\\/todotrial.com\\\/tienda\\\/?s={search_term_string}\"},\"query-input\":{\"@type\":\"PropertyValueSpecification\",\"valueRequired\":true,\"valueName\":\"search_term_string\"}}],\"inLanguage\":\"es\"}]}<\/script>\n<!-- \/ Yoast SEO Premium plugin. -->","yoast_head_json":{"title":"PROTECCION CODO Y RODILLA PAD ADULTO - Tienda de todotrial","robots":{"index":"index","follow":"follow","max-snippet":"max-snippet:-1","max-image-preview":"max-image-preview:large","max-video-preview":"max-video-preview:-1"},"canonical":"https:\/\/todotrial.com\/tienda\/proteccion-codo-y-rodilla-pad-adulto\/","og_locale":"es_ES","og_type":"article","og_title":"PROTECCION CODO Y RODILLA PAD ADULTO","og_description":"Protector para codo\/rodilla con certificaci\u00f3n CE-nivel 2.","og_url":"https:\/\/todotrial.com\/tienda\/proteccion-codo-y-rodilla-pad-adulto\/","og_site_name":"Tienda de todotrial","article_modified_time":"2025-04-14T14:17:18+00:00","og_image":[{"url":"https:\/\/todotrial.com\/tienda\/wp-content\/uploads\/2025\/02\/HE6307-1_HEBO_Proteccion.jpg","width":1,"height":1,"type":"image\/jpeg"}],"twitter_card":"summary_large_image","schema":{"@context":"https:\/\/schema.org","@graph":[{"@type":"WebPage","@id":"https:\/\/todotrial.com\/tienda\/proteccion-codo-y-rodilla-pad-adulto\/","url":"https:\/\/todotrial.com\/tienda\/proteccion-codo-y-rodilla-pad-adulto\/","name":"PROTECCION CODO Y RODILLA PAD ADULTO - Tienda de todotrial","isPartOf":{"@id":"https:\/\/todotrial.com\/tienda\/#website"},"primaryImageOfPage":{"@id":"https:\/\/todotrial.com\/tienda\/proteccion-codo-y-rodilla-pad-adulto\/#primaryimage"},"image":{"@id":"https:\/\/todotrial.com\/tienda\/proteccion-codo-y-rodilla-pad-adulto\/#primaryimage"},"thumbnailUrl":"https:\/\/todotrial.com\/tienda\/wp-content\/uploads\/2025\/02\/HE6307-1_HEBO_Proteccion.jpg","datePublished":"2025-02-20T09:31:04+00:00","dateModified":"2025-04-14T14:17:18+00:00","breadcrumb":{"@id":"https:\/\/todotrial.com\/tienda\/proteccion-codo-y-rodilla-pad-adulto\/#breadcrumb"},"inLanguage":"es","potentialAction":[{"@type":"ReadAction","target":["https:\/\/todotrial.com\/tienda\/proteccion-codo-y-rodilla-pad-adulto\/"]}]},{"@type":"ImageObject","inLanguage":"es","@id":"https:\/\/todotrial.com\/tienda\/proteccion-codo-y-rodilla-pad-adulto\/#primaryimage","url":"https:\/\/todotrial.com\/tienda\/wp-content\/uploads\/2025\/02\/HE6307-1_HEBO_Proteccion.jpg","contentUrl":"https:\/\/todotrial.com\/tienda\/wp-content\/uploads\/2025\/02\/HE6307-1_HEBO_Proteccion.jpg","caption":"PROTECCION CODO Y RODILLA PAD ADULTO"},{"@type":"BreadcrumbList","@id":"https:\/\/todotrial.com\/tienda\/proteccion-codo-y-rodilla-pad-adulto\/#breadcrumb","itemListElement":[{"@type":"ListItem","position":1,"name":"Portada","item":"https:\/\/todotrial.com\/tienda\/"},{"@type":"ListItem","position":2,"name":"Shop","item":"https:\/\/todotrial.com\/tienda\/shop\/"},{"@type":"ListItem","position":3,"name":"PROTECCION CODO Y RODILLA PAD ADULTO"}]},{"@type":"WebSite","@id":"https:\/\/todotrial.com\/tienda\/#website","url":"https:\/\/todotrial.com\/tienda\/","name":"Tienda de todotrial","description":"","potentialAction":[{"@type":"SearchAction","target":{"@type":"EntryPoint","urlTemplate":"https:\/\/todotrial.com\/tienda\/?s={search_term_string}"},"query-input":{"@type":"PropertyValueSpecification","valueRequired":true,"valueName":"search_term_string"}}],"inLanguage":"es"}]}},"_links":{"self":[{"href":"https:\/\/todotrial.com\/tienda\/wp-json\/wp\/v2\/product\/45559","targetHints":{"allow":["GET"]}}],"collection":[{"href":"https:\/\/todotrial.com\/tienda\/wp-json\/wp\/v2\/product"}],"about":[{"href":"https:\/\/todotrial.com\/tienda\/wp-json\/wp\/v2\/types\/product"}],"replies":[{"embeddable":true,"href":"https:\/\/todotrial.com\/tienda\/wp-json\/wp\/v2\/comments?post=45559"}],"version-history":[{"count":1,"href":"https:\/\/todotrial.com\/tienda\/wp-json\/wp\/v2\/product\/45559\/revisions"}],"predecessor-version":[{"id":55552,"href":"https:\/\/todotrial.com\/tienda\/wp-json\/wp\/v2\/product\/45559\/revisions\/55552"}],"wp:featuredmedia":[{"embeddable":true,"href":"https:\/\/todotrial.com\/tienda\/wp-json\/wp\/v2\/media\/45560"}],"wp:attachment":[{"href":"https:\/\/todotrial.com\/tienda\/wp-json\/wp\/v2\/media?parent=45559"}],"wp:term":[{"taxonomy":"product_brand","embeddable":true,"href":"https:\/\/todotrial.com\/tienda\/wp-json\/wp\/v2\/product_brand?post=45559"},{"taxonomy":"product_cat","embeddable":true,"href":"https:\/\/todotrial.com\/tienda\/wp-json\/wp\/v2\/product_cat?post=45559"},{"taxonomy":"product_tag","embeddable":true,"href":"https:\/\/todotrial.com\/tienda\/wp-json\/wp\/v2\/product_tag?post=45559"}],"curies":[{"name":"wp","href":"https:\/\/api.w.org\/{rel}","templated":true}]}}