{"id":45552,"date":"2025-02-20T10:29:59","date_gmt":"2025-02-20T09:29:59","guid":{"rendered":"https:\/\/todotrial.com\/tienda\/sin%20categor\u00eda\/pu-espalda-nivel-1\/"},"modified":"2025-04-14T15:17:02","modified_gmt":"2025-04-14T14:17:02","slug":"pu-espalda-nivel-1","status":"publish","type":"product","link":"https:\/\/todotrial.com\/tienda\/pu-espalda-nivel-1\/","title":{"rendered":"PU ESPALDA NIVEL 1"},"content":{"rendered":"<p>El protector de espalda con certificaci\u00f3n CE-nivel 1 (directiva EN1621 &#8211; nivel 1) se ha dise\u00f1ado para proporcionar protecci\u00f3n en caso de impacto en la zona de la espalda. Est\u00e1 fabricado con PU, un material resistente que absorbe los impactos y, a la vez, proporciona flexibilidad para adaptarse al cuerpo.<\/p>\n","protected":false},"excerpt":{"rendered":"<p>Protector de espalda con certificaci\u00f3n CE-nivel 1<\/p>\n","protected":false},"featured_media":0,"comment_status":"open","ping_status":"closed","template":"","meta":[],"product_brand":[],"product_cat":[11691],"product_tag":[],"class_list":{"0":"post-45552","1":"product","2":"type-product","3":"status-publish","5":"product_cat-general","7":"first","8":"instock","9":"taxable","10":"shipping-taxable","11":"purchasable","12":"product-type-simple"},"yoast_head":"<!-- This site is optimized with the Yoast SEO Premium plugin v21.2 (Yoast SEO v27.3) - https:\/\/yoast.com\/product\/yoast-seo-premium-wordpress\/ -->\n<title>PU ESPALDA NIVEL 1 - Tienda de todotrial<\/title>\n<meta name=\"robots\" content=\"index, follow, max-snippet:-1, max-image-preview:large, max-video-preview:-1\" \/>\n<link rel=\"canonical\" href=\"https:\/\/todotrial.com\/tienda\/pu-espalda-nivel-1\/\" \/>\n<meta property=\"og:locale\" content=\"es_ES\" \/>\n<meta property=\"og:type\" content=\"article\" \/>\n<meta property=\"og:title\" content=\"PU ESPALDA NIVEL 1\" \/>\n<meta property=\"og:description\" content=\"Protector de espalda con certificaci\u00f3n CE-nivel 1\" \/>\n<meta property=\"og:url\" content=\"https:\/\/todotrial.com\/tienda\/pu-espalda-nivel-1\/\" \/>\n<meta property=\"og:site_name\" content=\"Tienda de todotrial\" \/>\n<meta property=\"article:modified_time\" content=\"2025-04-14T14:17:02+00:00\" \/>\n<meta name=\"twitter:card\" content=\"summary_large_image\" \/>\n<script type=\"application\/ld+json\" class=\"yoast-schema-graph\">{\"@context\":\"https:\\\/\\\/schema.org\",\"@graph\":[{\"@type\":\"WebPage\",\"@id\":\"https:\\\/\\\/todotrial.com\\\/tienda\\\/pu-espalda-nivel-1\\\/\",\"url\":\"https:\\\/\\\/todotrial.com\\\/tienda\\\/pu-espalda-nivel-1\\\/\",\"name\":\"PU ESPALDA NIVEL 1 - Tienda de todotrial\",\"isPartOf\":{\"@id\":\"https:\\\/\\\/todotrial.com\\\/tienda\\\/#website\"},\"datePublished\":\"2025-02-20T09:29:59+00:00\",\"dateModified\":\"2025-04-14T14:17:02+00:00\",\"breadcrumb\":{\"@id\":\"https:\\\/\\\/todotrial.com\\\/tienda\\\/pu-espalda-nivel-1\\\/#breadcrumb\"},\"inLanguage\":\"es\",\"potentialAction\":[{\"@type\":\"ReadAction\",\"target\":[\"https:\\\/\\\/todotrial.com\\\/tienda\\\/pu-espalda-nivel-1\\\/\"]}]},{\"@type\":\"BreadcrumbList\",\"@id\":\"https:\\\/\\\/todotrial.com\\\/tienda\\\/pu-espalda-nivel-1\\\/#breadcrumb\",\"itemListElement\":[{\"@type\":\"ListItem\",\"position\":1,\"name\":\"Portada\",\"item\":\"https:\\\/\\\/todotrial.com\\\/tienda\\\/\"},{\"@type\":\"ListItem\",\"position\":2,\"name\":\"Shop\",\"item\":\"https:\\\/\\\/todotrial.com\\\/tienda\\\/shop\\\/\"},{\"@type\":\"ListItem\",\"position\":3,\"name\":\"PU ESPALDA NIVEL 1\"}]},{\"@type\":\"WebSite\",\"@id\":\"https:\\\/\\\/todotrial.com\\\/tienda\\\/#website\",\"url\":\"https:\\\/\\\/todotrial.com\\\/tienda\\\/\",\"name\":\"Tienda de todotrial\",\"description\":\"\",\"potentialAction\":[{\"@type\":\"SearchAction\",\"target\":{\"@type\":\"EntryPoint\",\"urlTemplate\":\"https:\\\/\\\/todotrial.com\\\/tienda\\\/?s={search_term_string}\"},\"query-input\":{\"@type\":\"PropertyValueSpecification\",\"valueRequired\":true,\"valueName\":\"search_term_string\"}}],\"inLanguage\":\"es\"}]}<\/script>\n<!-- \/ Yoast SEO Premium plugin. -->","yoast_head_json":{"title":"PU ESPALDA NIVEL 1 - Tienda de todotrial","robots":{"index":"index","follow":"follow","max-snippet":"max-snippet:-1","max-image-preview":"max-image-preview:large","max-video-preview":"max-video-preview:-1"},"canonical":"https:\/\/todotrial.com\/tienda\/pu-espalda-nivel-1\/","og_locale":"es_ES","og_type":"article","og_title":"PU ESPALDA NIVEL 1","og_description":"Protector de espalda con certificaci\u00f3n CE-nivel 1","og_url":"https:\/\/todotrial.com\/tienda\/pu-espalda-nivel-1\/","og_site_name":"Tienda de todotrial","article_modified_time":"2025-04-14T14:17:02+00:00","twitter_card":"summary_large_image","schema":{"@context":"https:\/\/schema.org","@graph":[{"@type":"WebPage","@id":"https:\/\/todotrial.com\/tienda\/pu-espalda-nivel-1\/","url":"https:\/\/todotrial.com\/tienda\/pu-espalda-nivel-1\/","name":"PU ESPALDA NIVEL 1 - Tienda de todotrial","isPartOf":{"@id":"https:\/\/todotrial.com\/tienda\/#website"},"datePublished":"2025-02-20T09:29:59+00:00","dateModified":"2025-04-14T14:17:02+00:00","breadcrumb":{"@id":"https:\/\/todotrial.com\/tienda\/pu-espalda-nivel-1\/#breadcrumb"},"inLanguage":"es","potentialAction":[{"@type":"ReadAction","target":["https:\/\/todotrial.com\/tienda\/pu-espalda-nivel-1\/"]}]},{"@type":"BreadcrumbList","@id":"https:\/\/todotrial.com\/tienda\/pu-espalda-nivel-1\/#breadcrumb","itemListElement":[{"@type":"ListItem","position":1,"name":"Portada","item":"https:\/\/todotrial.com\/tienda\/"},{"@type":"ListItem","position":2,"name":"Shop","item":"https:\/\/todotrial.com\/tienda\/shop\/"},{"@type":"ListItem","position":3,"name":"PU ESPALDA NIVEL 1"}]},{"@type":"WebSite","@id":"https:\/\/todotrial.com\/tienda\/#website","url":"https:\/\/todotrial.com\/tienda\/","name":"Tienda de todotrial","description":"","potentialAction":[{"@type":"SearchAction","target":{"@type":"EntryPoint","urlTemplate":"https:\/\/todotrial.com\/tienda\/?s={search_term_string}"},"query-input":{"@type":"PropertyValueSpecification","valueRequired":true,"valueName":"search_term_string"}}],"inLanguage":"es"}]}},"_links":{"self":[{"href":"https:\/\/todotrial.com\/tienda\/wp-json\/wp\/v2\/product\/45552","targetHints":{"allow":["GET"]}}],"collection":[{"href":"https:\/\/todotrial.com\/tienda\/wp-json\/wp\/v2\/product"}],"about":[{"href":"https:\/\/todotrial.com\/tienda\/wp-json\/wp\/v2\/types\/product"}],"replies":[{"embeddable":true,"href":"https:\/\/todotrial.com\/tienda\/wp-json\/wp\/v2\/comments?post=45552"}],"version-history":[{"count":1,"href":"https:\/\/todotrial.com\/tienda\/wp-json\/wp\/v2\/product\/45552\/revisions"}],"predecessor-version":[{"id":55548,"href":"https:\/\/todotrial.com\/tienda\/wp-json\/wp\/v2\/product\/45552\/revisions\/55548"}],"wp:attachment":[{"href":"https:\/\/todotrial.com\/tienda\/wp-json\/wp\/v2\/media?parent=45552"}],"wp:term":[{"taxonomy":"product_brand","embeddable":true,"href":"https:\/\/todotrial.com\/tienda\/wp-json\/wp\/v2\/product_brand?post=45552"},{"taxonomy":"product_cat","embeddable":true,"href":"https:\/\/todotrial.com\/tienda\/wp-json\/wp\/v2\/product_cat?post=45552"},{"taxonomy":"product_tag","embeddable":true,"href":"https:\/\/todotrial.com\/tienda\/wp-json\/wp\/v2\/product_tag?post=45552"}],"curies":[{"name":"wp","href":"https:\/\/api.w.org\/{rel}","templated":true}]}}