{"id":45490,"date":"2025-02-20T10:00:39","date_gmt":"2025-02-20T09:00:39","guid":{"rendered":"https:\/\/todotrial.com\/tienda\/sin%20categor\u00eda\/camiseta-pro-2\/"},"modified":"2025-04-14T15:11:29","modified_gmt":"2025-04-14T14:11:29","slug":"camiseta-pro-2","status":"publish","type":"product","link":"https:\/\/todotrial.com\/tienda\/camiseta-pro-2\/","title":{"rendered":"CAMISETA PRO"},"content":{"rendered":"<p>Dise\u00f1o con est\u00e9tica l\u00ednea cl\u00e1sica. Con tres colores a elegir: azul, rojo y blanco.<br \/>\nConfeccionado en material reciclado.<br \/>\nAcabado Dry Clim para garantizar una r\u00e1pida evaporaci\u00f3n de la humedad y mantener el cuerpo fresco y seco.<br \/>\nTejido con resistencia al peeling para proporcionar mayor durabilidad.<br \/>\nTejido biel\u00e1stico para ofrecer flexibilidad, comodidad y libertad de movimiento.<br \/>\nCombinaci\u00f3n de tejidos de punto liso y microperforado en el interior de las mangas y espalda para asegurar una \u00f3ptima ventilaci\u00f3n.<br \/>\nPu\u00f1os y cuello en tejido el\u00e1stico.<br \/>\nAcabado Essense.<br \/>\nProtecci\u00f3n UPF+50.<\/p>\n","protected":false},"excerpt":{"rendered":"<p>Camiseta t\u00e9cnica, muy ligera y transpirable, ofrece una combinaci\u00f3n perfecta de resistencia y confort.<\/p>\n","protected":false},"featured_media":0,"comment_status":"open","ping_status":"closed","template":"","meta":[],"product_brand":[],"product_cat":[11738],"product_tag":[],"class_list":{"0":"post-45490","1":"product","2":"type-product","3":"status-publish","5":"product_cat-trial","7":"first","8":"instock","9":"taxable","10":"shipping-taxable","11":"purchasable","12":"product-type-simple"},"yoast_head":"<!-- This site is optimized with the Yoast SEO Premium plugin v21.2 (Yoast SEO v27.4) - https:\/\/yoast.com\/product\/yoast-seo-premium-wordpress\/ -->\n<title>CAMISETA PRO - Tienda de todotrial<\/title>\n<meta name=\"robots\" content=\"index, follow, max-snippet:-1, max-image-preview:large, max-video-preview:-1\" \/>\n<link rel=\"canonical\" href=\"https:\/\/todotrial.com\/tienda\/camiseta-pro-2\/\" \/>\n<meta property=\"og:locale\" content=\"es_ES\" \/>\n<meta property=\"og:type\" content=\"article\" \/>\n<meta property=\"og:title\" content=\"CAMISETA PRO\" \/>\n<meta property=\"og:description\" content=\"Camiseta t\u00e9cnica, muy ligera y transpirable, ofrece una combinaci\u00f3n perfecta de resistencia y confort.\" \/>\n<meta property=\"og:url\" content=\"https:\/\/todotrial.com\/tienda\/camiseta-pro-2\/\" \/>\n<meta property=\"og:site_name\" content=\"Tienda de todotrial\" \/>\n<meta property=\"article:modified_time\" content=\"2025-04-14T14:11:29+00:00\" \/>\n<meta name=\"twitter:card\" content=\"summary_large_image\" \/>\n<script type=\"application\/ld+json\" class=\"yoast-schema-graph\">{\"@context\":\"https:\\\/\\\/schema.org\",\"@graph\":[{\"@type\":\"WebPage\",\"@id\":\"https:\\\/\\\/todotrial.com\\\/tienda\\\/camiseta-pro-2\\\/\",\"url\":\"https:\\\/\\\/todotrial.com\\\/tienda\\\/camiseta-pro-2\\\/\",\"name\":\"CAMISETA PRO - Tienda de todotrial\",\"isPartOf\":{\"@id\":\"https:\\\/\\\/todotrial.com\\\/tienda\\\/#website\"},\"datePublished\":\"2025-02-20T09:00:39+00:00\",\"dateModified\":\"2025-04-14T14:11:29+00:00\",\"breadcrumb\":{\"@id\":\"https:\\\/\\\/todotrial.com\\\/tienda\\\/camiseta-pro-2\\\/#breadcrumb\"},\"inLanguage\":\"es\",\"potentialAction\":[{\"@type\":\"ReadAction\",\"target\":[\"https:\\\/\\\/todotrial.com\\\/tienda\\\/camiseta-pro-2\\\/\"]}]},{\"@type\":\"BreadcrumbList\",\"@id\":\"https:\\\/\\\/todotrial.com\\\/tienda\\\/camiseta-pro-2\\\/#breadcrumb\",\"itemListElement\":[{\"@type\":\"ListItem\",\"position\":1,\"name\":\"Portada\",\"item\":\"https:\\\/\\\/todotrial.com\\\/tienda\\\/\"},{\"@type\":\"ListItem\",\"position\":2,\"name\":\"Shop\",\"item\":\"https:\\\/\\\/todotrial.com\\\/tienda\\\/shop\\\/\"},{\"@type\":\"ListItem\",\"position\":3,\"name\":\"CAMISETA PRO\"}]},{\"@type\":\"WebSite\",\"@id\":\"https:\\\/\\\/todotrial.com\\\/tienda\\\/#website\",\"url\":\"https:\\\/\\\/todotrial.com\\\/tienda\\\/\",\"name\":\"Tienda de todotrial\",\"description\":\"\",\"potentialAction\":[{\"@type\":\"SearchAction\",\"target\":{\"@type\":\"EntryPoint\",\"urlTemplate\":\"https:\\\/\\\/todotrial.com\\\/tienda\\\/?s={search_term_string}\"},\"query-input\":{\"@type\":\"PropertyValueSpecification\",\"valueRequired\":true,\"valueName\":\"search_term_string\"}}],\"inLanguage\":\"es\"}]}<\/script>\n<!-- \/ Yoast SEO Premium plugin. -->","yoast_head_json":{"title":"CAMISETA PRO - Tienda de todotrial","robots":{"index":"index","follow":"follow","max-snippet":"max-snippet:-1","max-image-preview":"max-image-preview:large","max-video-preview":"max-video-preview:-1"},"canonical":"https:\/\/todotrial.com\/tienda\/camiseta-pro-2\/","og_locale":"es_ES","og_type":"article","og_title":"CAMISETA PRO","og_description":"Camiseta t\u00e9cnica, muy ligera y transpirable, ofrece una combinaci\u00f3n perfecta de resistencia y confort.","og_url":"https:\/\/todotrial.com\/tienda\/camiseta-pro-2\/","og_site_name":"Tienda de todotrial","article_modified_time":"2025-04-14T14:11:29+00:00","twitter_card":"summary_large_image","schema":{"@context":"https:\/\/schema.org","@graph":[{"@type":"WebPage","@id":"https:\/\/todotrial.com\/tienda\/camiseta-pro-2\/","url":"https:\/\/todotrial.com\/tienda\/camiseta-pro-2\/","name":"CAMISETA PRO - Tienda de todotrial","isPartOf":{"@id":"https:\/\/todotrial.com\/tienda\/#website"},"datePublished":"2025-02-20T09:00:39+00:00","dateModified":"2025-04-14T14:11:29+00:00","breadcrumb":{"@id":"https:\/\/todotrial.com\/tienda\/camiseta-pro-2\/#breadcrumb"},"inLanguage":"es","potentialAction":[{"@type":"ReadAction","target":["https:\/\/todotrial.com\/tienda\/camiseta-pro-2\/"]}]},{"@type":"BreadcrumbList","@id":"https:\/\/todotrial.com\/tienda\/camiseta-pro-2\/#breadcrumb","itemListElement":[{"@type":"ListItem","position":1,"name":"Portada","item":"https:\/\/todotrial.com\/tienda\/"},{"@type":"ListItem","position":2,"name":"Shop","item":"https:\/\/todotrial.com\/tienda\/shop\/"},{"@type":"ListItem","position":3,"name":"CAMISETA PRO"}]},{"@type":"WebSite","@id":"https:\/\/todotrial.com\/tienda\/#website","url":"https:\/\/todotrial.com\/tienda\/","name":"Tienda de todotrial","description":"","potentialAction":[{"@type":"SearchAction","target":{"@type":"EntryPoint","urlTemplate":"https:\/\/todotrial.com\/tienda\/?s={search_term_string}"},"query-input":{"@type":"PropertyValueSpecification","valueRequired":true,"valueName":"search_term_string"}}],"inLanguage":"es"}]}},"_links":{"self":[{"href":"https:\/\/todotrial.com\/tienda\/wp-json\/wp\/v2\/product\/45490","targetHints":{"allow":["GET"]}}],"collection":[{"href":"https:\/\/todotrial.com\/tienda\/wp-json\/wp\/v2\/product"}],"about":[{"href":"https:\/\/todotrial.com\/tienda\/wp-json\/wp\/v2\/types\/product"}],"replies":[{"embeddable":true,"href":"https:\/\/todotrial.com\/tienda\/wp-json\/wp\/v2\/comments?post=45490"}],"version-history":[{"count":1,"href":"https:\/\/todotrial.com\/tienda\/wp-json\/wp\/v2\/product\/45490\/revisions"}],"predecessor-version":[{"id":55485,"href":"https:\/\/todotrial.com\/tienda\/wp-json\/wp\/v2\/product\/45490\/revisions\/55485"}],"wp:attachment":[{"href":"https:\/\/todotrial.com\/tienda\/wp-json\/wp\/v2\/media?parent=45490"}],"wp:term":[{"taxonomy":"product_brand","embeddable":true,"href":"https:\/\/todotrial.com\/tienda\/wp-json\/wp\/v2\/product_brand?post=45490"},{"taxonomy":"product_cat","embeddable":true,"href":"https:\/\/todotrial.com\/tienda\/wp-json\/wp\/v2\/product_cat?post=45490"},{"taxonomy":"product_tag","embeddable":true,"href":"https:\/\/todotrial.com\/tienda\/wp-json\/wp\/v2\/product_tag?post=45490"}],"curies":[{"name":"wp","href":"https:\/\/api.w.org\/{rel}","templated":true}]}}