{"id":45297,"date":"2025-02-20T09:39:00","date_gmt":"2025-02-20T08:39:00","guid":{"rendered":"https:\/\/todotrial.com\/tienda\/sin%20categor\u00eda\/tapas-entradas-aire-hmx-f01\/"},"modified":"2025-04-14T17:28:35","modified_gmt":"2025-04-14T16:28:35","slug":"tapas-entradas-aire-hmx-f01","status":"publish","type":"product","link":"https:\/\/todotrial.com\/tienda\/tapas-entradas-aire-hmx-f01\/","title":{"rendered":"TAPAS ENTRADAS AIRE HMX-F01"},"content":{"rendered":"<p>Las entradas de aire para casco de fibra MX son una excelente opci\u00f3n para mejorar la ventilaci\u00f3n de su casco de fibra. Estas entradas est\u00e1n dise\u00f1adas para permitir la entrada de aire fresco en su casco, lo que ayuda a mantenerlo fresco y c\u00f3modo durante el uso. Adem\u00e1s, tambi\u00e9n ayudan a reducir la acumulaci\u00f3n de calor y humedad dentro del casco, lo que puede mejorar su seguridad y comodidad. Estas entradas son f\u00e1ciles de instalar y se ajustan perfectamente a los agujeros de su casco. Son resistentes, duraderas y est\u00e1n hechas de materiales de alta calidad para garantizar su durabilidad y rendimiento \u00f3ptimo.<\/p>\n","protected":false},"excerpt":{"rendered":"<p>Recambio para las entradas de aire de casco de fibra de MX.<\/p>\n","protected":false},"featured_media":55680,"comment_status":"open","ping_status":"closed","template":"","meta":[],"product_brand":[],"product_cat":[11734],"product_tag":[],"class_list":{"0":"post-45297","1":"product","2":"type-product","3":"status-publish","4":"has-post-thumbnail","6":"product_cat-enduro","8":"first","9":"instock","10":"taxable","11":"shipping-taxable","12":"purchasable","13":"product-type-simple"},"yoast_head":"<!-- This site is optimized with the Yoast SEO Premium plugin v21.2 (Yoast SEO v27.4) - https:\/\/yoast.com\/product\/yoast-seo-premium-wordpress\/ -->\n<title>TAPAS ENTRADAS AIRE HMX-F01 - Tienda de todotrial<\/title>\n<meta name=\"robots\" content=\"index, follow, max-snippet:-1, max-image-preview:large, max-video-preview:-1\" \/>\n<link rel=\"canonical\" href=\"https:\/\/todotrial.com\/tienda\/tapas-entradas-aire-hmx-f01\/\" \/>\n<meta property=\"og:locale\" content=\"es_ES\" \/>\n<meta property=\"og:type\" content=\"article\" \/>\n<meta property=\"og:title\" content=\"TAPAS ENTRADAS AIRE HMX-F01\" \/>\n<meta property=\"og:description\" content=\"Recambio para las entradas de aire de casco de fibra de MX.\" \/>\n<meta property=\"og:url\" content=\"https:\/\/todotrial.com\/tienda\/tapas-entradas-aire-hmx-f01\/\" \/>\n<meta property=\"og:site_name\" content=\"Tienda de todotrial\" \/>\n<meta property=\"article:modified_time\" content=\"2025-04-14T16:28:35+00:00\" \/>\n<meta property=\"og:image\" content=\"https:\/\/todotrial.com\/tienda\/wp-content\/uploads\/2025\/02\/HCR0161-1_HEBO_Recambio.jpg\" \/>\n\t<meta property=\"og:image:width\" content=\"1000\" \/>\n\t<meta property=\"og:image:height\" content=\"1000\" \/>\n\t<meta property=\"og:image:type\" content=\"image\/jpeg\" \/>\n<meta name=\"twitter:card\" content=\"summary_large_image\" \/>\n<meta name=\"twitter:label1\" content=\"Tiempo de lectura\" \/>\n\t<meta name=\"twitter:data1\" content=\"1 minuto\" \/>\n<script type=\"application\/ld+json\" class=\"yoast-schema-graph\">{\"@context\":\"https:\\\/\\\/schema.org\",\"@graph\":[{\"@type\":\"WebPage\",\"@id\":\"https:\\\/\\\/todotrial.com\\\/tienda\\\/tapas-entradas-aire-hmx-f01\\\/\",\"url\":\"https:\\\/\\\/todotrial.com\\\/tienda\\\/tapas-entradas-aire-hmx-f01\\\/\",\"name\":\"TAPAS ENTRADAS AIRE HMX-F01 - Tienda de todotrial\",\"isPartOf\":{\"@id\":\"https:\\\/\\\/todotrial.com\\\/tienda\\\/#website\"},\"primaryImageOfPage\":{\"@id\":\"https:\\\/\\\/todotrial.com\\\/tienda\\\/tapas-entradas-aire-hmx-f01\\\/#primaryimage\"},\"image\":{\"@id\":\"https:\\\/\\\/todotrial.com\\\/tienda\\\/tapas-entradas-aire-hmx-f01\\\/#primaryimage\"},\"thumbnailUrl\":\"https:\\\/\\\/todotrial.com\\\/tienda\\\/wp-content\\\/uploads\\\/2025\\\/04\\\/HCR0161-1_HEBO_Recambio.jpg\",\"datePublished\":\"2025-02-20T08:39:00+00:00\",\"dateModified\":\"2025-04-14T16:28:35+00:00\",\"breadcrumb\":{\"@id\":\"https:\\\/\\\/todotrial.com\\\/tienda\\\/tapas-entradas-aire-hmx-f01\\\/#breadcrumb\"},\"inLanguage\":\"es\",\"potentialAction\":[{\"@type\":\"ReadAction\",\"target\":[\"https:\\\/\\\/todotrial.com\\\/tienda\\\/tapas-entradas-aire-hmx-f01\\\/\"]}]},{\"@type\":\"ImageObject\",\"inLanguage\":\"es\",\"@id\":\"https:\\\/\\\/todotrial.com\\\/tienda\\\/tapas-entradas-aire-hmx-f01\\\/#primaryimage\",\"url\":\"https:\\\/\\\/todotrial.com\\\/tienda\\\/wp-content\\\/uploads\\\/2025\\\/04\\\/HCR0161-1_HEBO_Recambio.jpg\",\"contentUrl\":\"https:\\\/\\\/todotrial.com\\\/tienda\\\/wp-content\\\/uploads\\\/2025\\\/04\\\/HCR0161-1_HEBO_Recambio.jpg\",\"width\":1000,\"height\":1000},{\"@type\":\"BreadcrumbList\",\"@id\":\"https:\\\/\\\/todotrial.com\\\/tienda\\\/tapas-entradas-aire-hmx-f01\\\/#breadcrumb\",\"itemListElement\":[{\"@type\":\"ListItem\",\"position\":1,\"name\":\"Portada\",\"item\":\"https:\\\/\\\/todotrial.com\\\/tienda\\\/\"},{\"@type\":\"ListItem\",\"position\":2,\"name\":\"Shop\",\"item\":\"https:\\\/\\\/todotrial.com\\\/tienda\\\/shop\\\/\"},{\"@type\":\"ListItem\",\"position\":3,\"name\":\"TAPAS ENTRADAS AIRE HMX-F01\"}]},{\"@type\":\"WebSite\",\"@id\":\"https:\\\/\\\/todotrial.com\\\/tienda\\\/#website\",\"url\":\"https:\\\/\\\/todotrial.com\\\/tienda\\\/\",\"name\":\"Tienda de todotrial\",\"description\":\"\",\"potentialAction\":[{\"@type\":\"SearchAction\",\"target\":{\"@type\":\"EntryPoint\",\"urlTemplate\":\"https:\\\/\\\/todotrial.com\\\/tienda\\\/?s={search_term_string}\"},\"query-input\":{\"@type\":\"PropertyValueSpecification\",\"valueRequired\":true,\"valueName\":\"search_term_string\"}}],\"inLanguage\":\"es\"}]}<\/script>\n<!-- \/ Yoast SEO Premium plugin. -->","yoast_head_json":{"title":"TAPAS ENTRADAS AIRE HMX-F01 - Tienda de todotrial","robots":{"index":"index","follow":"follow","max-snippet":"max-snippet:-1","max-image-preview":"max-image-preview:large","max-video-preview":"max-video-preview:-1"},"canonical":"https:\/\/todotrial.com\/tienda\/tapas-entradas-aire-hmx-f01\/","og_locale":"es_ES","og_type":"article","og_title":"TAPAS ENTRADAS AIRE HMX-F01","og_description":"Recambio para las entradas de aire de casco de fibra de MX.","og_url":"https:\/\/todotrial.com\/tienda\/tapas-entradas-aire-hmx-f01\/","og_site_name":"Tienda de todotrial","article_modified_time":"2025-04-14T16:28:35+00:00","og_image":[{"width":1000,"height":1000,"url":"https:\/\/todotrial.com\/tienda\/wp-content\/uploads\/2025\/02\/HCR0161-1_HEBO_Recambio.jpg","type":"image\/jpeg"}],"twitter_card":"summary_large_image","twitter_misc":{"Tiempo de lectura":"1 minuto"},"schema":{"@context":"https:\/\/schema.org","@graph":[{"@type":"WebPage","@id":"https:\/\/todotrial.com\/tienda\/tapas-entradas-aire-hmx-f01\/","url":"https:\/\/todotrial.com\/tienda\/tapas-entradas-aire-hmx-f01\/","name":"TAPAS ENTRADAS AIRE HMX-F01 - Tienda de todotrial","isPartOf":{"@id":"https:\/\/todotrial.com\/tienda\/#website"},"primaryImageOfPage":{"@id":"https:\/\/todotrial.com\/tienda\/tapas-entradas-aire-hmx-f01\/#primaryimage"},"image":{"@id":"https:\/\/todotrial.com\/tienda\/tapas-entradas-aire-hmx-f01\/#primaryimage"},"thumbnailUrl":"https:\/\/todotrial.com\/tienda\/wp-content\/uploads\/2025\/04\/HCR0161-1_HEBO_Recambio.jpg","datePublished":"2025-02-20T08:39:00+00:00","dateModified":"2025-04-14T16:28:35+00:00","breadcrumb":{"@id":"https:\/\/todotrial.com\/tienda\/tapas-entradas-aire-hmx-f01\/#breadcrumb"},"inLanguage":"es","potentialAction":[{"@type":"ReadAction","target":["https:\/\/todotrial.com\/tienda\/tapas-entradas-aire-hmx-f01\/"]}]},{"@type":"ImageObject","inLanguage":"es","@id":"https:\/\/todotrial.com\/tienda\/tapas-entradas-aire-hmx-f01\/#primaryimage","url":"https:\/\/todotrial.com\/tienda\/wp-content\/uploads\/2025\/04\/HCR0161-1_HEBO_Recambio.jpg","contentUrl":"https:\/\/todotrial.com\/tienda\/wp-content\/uploads\/2025\/04\/HCR0161-1_HEBO_Recambio.jpg","width":1000,"height":1000},{"@type":"BreadcrumbList","@id":"https:\/\/todotrial.com\/tienda\/tapas-entradas-aire-hmx-f01\/#breadcrumb","itemListElement":[{"@type":"ListItem","position":1,"name":"Portada","item":"https:\/\/todotrial.com\/tienda\/"},{"@type":"ListItem","position":2,"name":"Shop","item":"https:\/\/todotrial.com\/tienda\/shop\/"},{"@type":"ListItem","position":3,"name":"TAPAS ENTRADAS AIRE HMX-F01"}]},{"@type":"WebSite","@id":"https:\/\/todotrial.com\/tienda\/#website","url":"https:\/\/todotrial.com\/tienda\/","name":"Tienda de todotrial","description":"","potentialAction":[{"@type":"SearchAction","target":{"@type":"EntryPoint","urlTemplate":"https:\/\/todotrial.com\/tienda\/?s={search_term_string}"},"query-input":{"@type":"PropertyValueSpecification","valueRequired":true,"valueName":"search_term_string"}}],"inLanguage":"es"}]}},"_links":{"self":[{"href":"https:\/\/todotrial.com\/tienda\/wp-json\/wp\/v2\/product\/45297","targetHints":{"allow":["GET"]}}],"collection":[{"href":"https:\/\/todotrial.com\/tienda\/wp-json\/wp\/v2\/product"}],"about":[{"href":"https:\/\/todotrial.com\/tienda\/wp-json\/wp\/v2\/types\/product"}],"replies":[{"embeddable":true,"href":"https:\/\/todotrial.com\/tienda\/wp-json\/wp\/v2\/comments?post=45297"}],"version-history":[{"count":1,"href":"https:\/\/todotrial.com\/tienda\/wp-json\/wp\/v2\/product\/45297\/revisions"}],"predecessor-version":[{"id":55366,"href":"https:\/\/todotrial.com\/tienda\/wp-json\/wp\/v2\/product\/45297\/revisions\/55366"}],"wp:featuredmedia":[{"embeddable":true,"href":"https:\/\/todotrial.com\/tienda\/wp-json\/wp\/v2\/media\/55680"}],"wp:attachment":[{"href":"https:\/\/todotrial.com\/tienda\/wp-json\/wp\/v2\/media?parent=45297"}],"wp:term":[{"taxonomy":"product_brand","embeddable":true,"href":"https:\/\/todotrial.com\/tienda\/wp-json\/wp\/v2\/product_brand?post=45297"},{"taxonomy":"product_cat","embeddable":true,"href":"https:\/\/todotrial.com\/tienda\/wp-json\/wp\/v2\/product_cat?post=45297"},{"taxonomy":"product_tag","embeddable":true,"href":"https:\/\/todotrial.com\/tienda\/wp-json\/wp\/v2\/product_tag?post=45297"}],"curies":[{"name":"wp","href":"https:\/\/api.w.org\/{rel}","templated":true}]}}