{"id":45247,"date":"2025-02-20T09:30:32","date_gmt":"2025-02-20T08:30:32","guid":{"rendered":"https:\/\/todotrial.com\/tienda\/sin%20categor\u00eda\/rinonera-spyder\/"},"modified":"2025-04-14T15:02:34","modified_gmt":"2025-04-14T14:02:34","slug":"rinonera-spyder","status":"publish","type":"product","link":"https:\/\/todotrial.com\/tienda\/rinonera-spyder\/","title":{"rendered":"RI\u00d1ONERA SPYDER"},"content":{"rendered":"<p>La ri\u00f1oners Spyder cuneta con m\u00faltiples bolsillos de almacenaje y una rejilla muy ventilada y agradable, combinada con un cintur\u00f3n el\u00e1stico y ajustable, que lo hacen muy confortable a tu cuerpo, evitando movimientos durante el pedaleo.<\/p>\n","protected":false},"excerpt":{"rendered":"<p>El Spyder es un cintur\u00f3n lumbar para aquellos que piensan en lo m\u00ednimo para sus salidas.<\/p>\n","protected":false},"featured_media":0,"comment_status":"open","ping_status":"closed","template":"","meta":[],"product_brand":[],"product_cat":[11691],"product_tag":[],"class_list":{"0":"post-45247","1":"product","2":"type-product","3":"status-publish","5":"product_cat-general","7":"first","8":"instock","9":"taxable","10":"shipping-taxable","11":"purchasable","12":"product-type-simple"},"yoast_head":"<!-- This site is optimized with the Yoast SEO Premium plugin v21.2 (Yoast SEO v27.3) - https:\/\/yoast.com\/product\/yoast-seo-premium-wordpress\/ -->\n<title>RI\u00d1ONERA SPYDER - Tienda de todotrial<\/title>\n<meta name=\"robots\" content=\"index, follow, max-snippet:-1, max-image-preview:large, max-video-preview:-1\" \/>\n<link rel=\"canonical\" href=\"https:\/\/todotrial.com\/tienda\/rinonera-spyder\/\" \/>\n<meta property=\"og:locale\" content=\"es_ES\" \/>\n<meta property=\"og:type\" content=\"article\" \/>\n<meta property=\"og:title\" content=\"RI\u00d1ONERA SPYDER\" \/>\n<meta property=\"og:description\" content=\"El Spyder es un cintur\u00f3n lumbar para aquellos que piensan en lo m\u00ednimo para sus salidas.\" \/>\n<meta property=\"og:url\" content=\"https:\/\/todotrial.com\/tienda\/rinonera-spyder\/\" \/>\n<meta property=\"og:site_name\" content=\"Tienda de todotrial\" \/>\n<meta property=\"article:modified_time\" content=\"2025-04-14T14:02:34+00:00\" \/>\n<meta name=\"twitter:card\" content=\"summary_large_image\" \/>\n<script type=\"application\/ld+json\" class=\"yoast-schema-graph\">{\"@context\":\"https:\\\/\\\/schema.org\",\"@graph\":[{\"@type\":\"WebPage\",\"@id\":\"https:\\\/\\\/todotrial.com\\\/tienda\\\/rinonera-spyder\\\/\",\"url\":\"https:\\\/\\\/todotrial.com\\\/tienda\\\/rinonera-spyder\\\/\",\"name\":\"RI\u00d1ONERA SPYDER - Tienda de todotrial\",\"isPartOf\":{\"@id\":\"https:\\\/\\\/todotrial.com\\\/tienda\\\/#website\"},\"datePublished\":\"2025-02-20T08:30:32+00:00\",\"dateModified\":\"2025-04-14T14:02:34+00:00\",\"breadcrumb\":{\"@id\":\"https:\\\/\\\/todotrial.com\\\/tienda\\\/rinonera-spyder\\\/#breadcrumb\"},\"inLanguage\":\"es\",\"potentialAction\":[{\"@type\":\"ReadAction\",\"target\":[\"https:\\\/\\\/todotrial.com\\\/tienda\\\/rinonera-spyder\\\/\"]}]},{\"@type\":\"BreadcrumbList\",\"@id\":\"https:\\\/\\\/todotrial.com\\\/tienda\\\/rinonera-spyder\\\/#breadcrumb\",\"itemListElement\":[{\"@type\":\"ListItem\",\"position\":1,\"name\":\"Portada\",\"item\":\"https:\\\/\\\/todotrial.com\\\/tienda\\\/\"},{\"@type\":\"ListItem\",\"position\":2,\"name\":\"Shop\",\"item\":\"https:\\\/\\\/todotrial.com\\\/tienda\\\/shop\\\/\"},{\"@type\":\"ListItem\",\"position\":3,\"name\":\"RI\u00d1ONERA SPYDER\"}]},{\"@type\":\"WebSite\",\"@id\":\"https:\\\/\\\/todotrial.com\\\/tienda\\\/#website\",\"url\":\"https:\\\/\\\/todotrial.com\\\/tienda\\\/\",\"name\":\"Tienda de todotrial\",\"description\":\"\",\"potentialAction\":[{\"@type\":\"SearchAction\",\"target\":{\"@type\":\"EntryPoint\",\"urlTemplate\":\"https:\\\/\\\/todotrial.com\\\/tienda\\\/?s={search_term_string}\"},\"query-input\":{\"@type\":\"PropertyValueSpecification\",\"valueRequired\":true,\"valueName\":\"search_term_string\"}}],\"inLanguage\":\"es\"}]}<\/script>\n<!-- \/ Yoast SEO Premium plugin. -->","yoast_head_json":{"title":"RI\u00d1ONERA SPYDER - Tienda de todotrial","robots":{"index":"index","follow":"follow","max-snippet":"max-snippet:-1","max-image-preview":"max-image-preview:large","max-video-preview":"max-video-preview:-1"},"canonical":"https:\/\/todotrial.com\/tienda\/rinonera-spyder\/","og_locale":"es_ES","og_type":"article","og_title":"RI\u00d1ONERA SPYDER","og_description":"El Spyder es un cintur\u00f3n lumbar para aquellos que piensan en lo m\u00ednimo para sus salidas.","og_url":"https:\/\/todotrial.com\/tienda\/rinonera-spyder\/","og_site_name":"Tienda de todotrial","article_modified_time":"2025-04-14T14:02:34+00:00","twitter_card":"summary_large_image","schema":{"@context":"https:\/\/schema.org","@graph":[{"@type":"WebPage","@id":"https:\/\/todotrial.com\/tienda\/rinonera-spyder\/","url":"https:\/\/todotrial.com\/tienda\/rinonera-spyder\/","name":"RI\u00d1ONERA SPYDER - Tienda de todotrial","isPartOf":{"@id":"https:\/\/todotrial.com\/tienda\/#website"},"datePublished":"2025-02-20T08:30:32+00:00","dateModified":"2025-04-14T14:02:34+00:00","breadcrumb":{"@id":"https:\/\/todotrial.com\/tienda\/rinonera-spyder\/#breadcrumb"},"inLanguage":"es","potentialAction":[{"@type":"ReadAction","target":["https:\/\/todotrial.com\/tienda\/rinonera-spyder\/"]}]},{"@type":"BreadcrumbList","@id":"https:\/\/todotrial.com\/tienda\/rinonera-spyder\/#breadcrumb","itemListElement":[{"@type":"ListItem","position":1,"name":"Portada","item":"https:\/\/todotrial.com\/tienda\/"},{"@type":"ListItem","position":2,"name":"Shop","item":"https:\/\/todotrial.com\/tienda\/shop\/"},{"@type":"ListItem","position":3,"name":"RI\u00d1ONERA SPYDER"}]},{"@type":"WebSite","@id":"https:\/\/todotrial.com\/tienda\/#website","url":"https:\/\/todotrial.com\/tienda\/","name":"Tienda de todotrial","description":"","potentialAction":[{"@type":"SearchAction","target":{"@type":"EntryPoint","urlTemplate":"https:\/\/todotrial.com\/tienda\/?s={search_term_string}"},"query-input":{"@type":"PropertyValueSpecification","valueRequired":true,"valueName":"search_term_string"}}],"inLanguage":"es"}]}},"_links":{"self":[{"href":"https:\/\/todotrial.com\/tienda\/wp-json\/wp\/v2\/product\/45247","targetHints":{"allow":["GET"]}}],"collection":[{"href":"https:\/\/todotrial.com\/tienda\/wp-json\/wp\/v2\/product"}],"about":[{"href":"https:\/\/todotrial.com\/tienda\/wp-json\/wp\/v2\/types\/product"}],"replies":[{"embeddable":true,"href":"https:\/\/todotrial.com\/tienda\/wp-json\/wp\/v2\/comments?post=45247"}],"version-history":[{"count":1,"href":"https:\/\/todotrial.com\/tienda\/wp-json\/wp\/v2\/product\/45247\/revisions"}],"predecessor-version":[{"id":55322,"href":"https:\/\/todotrial.com\/tienda\/wp-json\/wp\/v2\/product\/45247\/revisions\/55322"}],"wp:attachment":[{"href":"https:\/\/todotrial.com\/tienda\/wp-json\/wp\/v2\/media?parent=45247"}],"wp:term":[{"taxonomy":"product_brand","embeddable":true,"href":"https:\/\/todotrial.com\/tienda\/wp-json\/wp\/v2\/product_brand?post=45247"},{"taxonomy":"product_cat","embeddable":true,"href":"https:\/\/todotrial.com\/tienda\/wp-json\/wp\/v2\/product_cat?post=45247"},{"taxonomy":"product_tag","embeddable":true,"href":"https:\/\/todotrial.com\/tienda\/wp-json\/wp\/v2\/product_tag?post=45247"}],"curies":[{"name":"wp","href":"https:\/\/api.w.org\/{rel}","templated":true}]}}