{"id":4467,"date":"2015-12-29T13:48:50","date_gmt":"2015-12-29T13:48:50","guid":{"rendered":"https:\/\/todotrial.com\/tienda\/product\/piloto2015-12-29-13-48-50\/"},"modified":"2025-02-20T18:26:03","modified_gmt":"2025-02-20T17:26:03","slug":"piloto2015-12-29-13-48-50","status":"publish","type":"product","link":"https:\/\/todotrial.com\/tienda\/piloto2015-12-29-13-48-50\/","title":{"rendered":"AMAL Piloto chorro de aire (chicl\u00e9)"},"content":{"rendered":"<p>AMAL Piloto chorro de aire (chicl\u00e9) ( ver tama\u00f1os)<\/p>\n<p>Tama\u00f1os: 15, 20, 25, 30, 35, 40, 50<\/p>\n","protected":false},"excerpt":{"rendered":"<p>AMAL Piloto chorro de aire (chicl\u00e9) ( ver tama\u00f1os)<\/p>\n","protected":false},"featured_media":4466,"comment_status":"open","ping_status":"closed","template":"","meta":[],"product_brand":[],"product_cat":[15],"product_tag":[],"class_list":{"0":"post-4467","1":"product","2":"type-product","3":"status-publish","4":"has-post-thumbnail","6":"product_cat-uncategorized","8":"first","9":"outofstock","10":"taxable","11":"shipping-taxable","12":"purchasable","13":"product-type-simple"},"yoast_head":"<!-- This site is optimized with the Yoast SEO Premium plugin v21.2 (Yoast SEO v27.3) - https:\/\/yoast.com\/product\/yoast-seo-premium-wordpress\/ -->\n<title>AMAL Piloto chorro de aire (chicl\u00e9) - Tienda de todotrial<\/title>\n<meta name=\"robots\" content=\"index, follow, max-snippet:-1, max-image-preview:large, max-video-preview:-1\" \/>\n<link rel=\"canonical\" href=\"https:\/\/todotrial.com\/tienda\/piloto2015-12-29-13-48-50\/\" \/>\n<meta property=\"og:locale\" content=\"es_ES\" \/>\n<meta property=\"og:type\" content=\"article\" \/>\n<meta property=\"og:title\" content=\"AMAL Piloto chorro de aire (chicl\u00e9)\" \/>\n<meta property=\"og:description\" content=\"AMAL Piloto chorro de aire (chicl\u00e9) ( ver tama\u00f1os)\" \/>\n<meta property=\"og:url\" content=\"https:\/\/todotrial.com\/tienda\/piloto2015-12-29-13-48-50\/\" \/>\n<meta property=\"og:site_name\" content=\"Tienda de todotrial\" \/>\n<meta property=\"article:modified_time\" content=\"2025-02-20T17:26:03+00:00\" \/>\n<meta property=\"og:image\" content=\"https:\/\/todotrial.com\/tienda\/wp-content\/uploads\/2015\/12\/pilot-jet-260x300.jpg\" \/>\n\t<meta property=\"og:image:width\" content=\"260\" \/>\n\t<meta property=\"og:image:height\" content=\"300\" \/>\n\t<meta property=\"og:image:type\" content=\"image\/jpeg\" \/>\n<meta name=\"twitter:card\" content=\"summary_large_image\" \/>\n<script type=\"application\/ld+json\" class=\"yoast-schema-graph\">{\"@context\":\"https:\\\/\\\/schema.org\",\"@graph\":[{\"@type\":\"WebPage\",\"@id\":\"https:\\\/\\\/todotrial.com\\\/tienda\\\/piloto2015-12-29-13-48-50\\\/\",\"url\":\"https:\\\/\\\/todotrial.com\\\/tienda\\\/piloto2015-12-29-13-48-50\\\/\",\"name\":\"AMAL Piloto chorro de aire (chicl\u00e9) - Tienda de todotrial\",\"isPartOf\":{\"@id\":\"https:\\\/\\\/todotrial.com\\\/tienda\\\/#website\"},\"primaryImageOfPage\":{\"@id\":\"https:\\\/\\\/todotrial.com\\\/tienda\\\/piloto2015-12-29-13-48-50\\\/#primaryimage\"},\"image\":{\"@id\":\"https:\\\/\\\/todotrial.com\\\/tienda\\\/piloto2015-12-29-13-48-50\\\/#primaryimage\"},\"thumbnailUrl\":\"https:\\\/\\\/todotrial.com\\\/tienda\\\/wp-content\\\/uploads\\\/2015\\\/12\\\/pilot-jet-260x300.jpg\",\"datePublished\":\"2015-12-29T13:48:50+00:00\",\"dateModified\":\"2025-02-20T17:26:03+00:00\",\"breadcrumb\":{\"@id\":\"https:\\\/\\\/todotrial.com\\\/tienda\\\/piloto2015-12-29-13-48-50\\\/#breadcrumb\"},\"inLanguage\":\"es\",\"potentialAction\":[{\"@type\":\"ReadAction\",\"target\":[\"https:\\\/\\\/todotrial.com\\\/tienda\\\/piloto2015-12-29-13-48-50\\\/\"]}]},{\"@type\":\"ImageObject\",\"inLanguage\":\"es\",\"@id\":\"https:\\\/\\\/todotrial.com\\\/tienda\\\/piloto2015-12-29-13-48-50\\\/#primaryimage\",\"url\":\"https:\\\/\\\/todotrial.com\\\/tienda\\\/wp-content\\\/uploads\\\/2015\\\/12\\\/pilot-jet-260x300.jpg\",\"contentUrl\":\"https:\\\/\\\/todotrial.com\\\/tienda\\\/wp-content\\\/uploads\\\/2015\\\/12\\\/pilot-jet-260x300.jpg\",\"width\":260,\"height\":300},{\"@type\":\"BreadcrumbList\",\"@id\":\"https:\\\/\\\/todotrial.com\\\/tienda\\\/piloto2015-12-29-13-48-50\\\/#breadcrumb\",\"itemListElement\":[{\"@type\":\"ListItem\",\"position\":1,\"name\":\"Portada\",\"item\":\"https:\\\/\\\/todotrial.com\\\/tienda\\\/\"},{\"@type\":\"ListItem\",\"position\":2,\"name\":\"Shop\",\"item\":\"https:\\\/\\\/todotrial.com\\\/tienda\\\/shop\\\/\"},{\"@type\":\"ListItem\",\"position\":3,\"name\":\"AMAL Piloto chorro de aire (chicl\u00e9)\"}]},{\"@type\":\"WebSite\",\"@id\":\"https:\\\/\\\/todotrial.com\\\/tienda\\\/#website\",\"url\":\"https:\\\/\\\/todotrial.com\\\/tienda\\\/\",\"name\":\"Tienda de todotrial\",\"description\":\"\",\"potentialAction\":[{\"@type\":\"SearchAction\",\"target\":{\"@type\":\"EntryPoint\",\"urlTemplate\":\"https:\\\/\\\/todotrial.com\\\/tienda\\\/?s={search_term_string}\"},\"query-input\":{\"@type\":\"PropertyValueSpecification\",\"valueRequired\":true,\"valueName\":\"search_term_string\"}}],\"inLanguage\":\"es\"}]}<\/script>\n<!-- \/ Yoast SEO Premium plugin. -->","yoast_head_json":{"title":"AMAL Piloto chorro de aire (chicl\u00e9) - Tienda de todotrial","robots":{"index":"index","follow":"follow","max-snippet":"max-snippet:-1","max-image-preview":"max-image-preview:large","max-video-preview":"max-video-preview:-1"},"canonical":"https:\/\/todotrial.com\/tienda\/piloto2015-12-29-13-48-50\/","og_locale":"es_ES","og_type":"article","og_title":"AMAL Piloto chorro de aire (chicl\u00e9)","og_description":"AMAL Piloto chorro de aire (chicl\u00e9) ( ver tama\u00f1os)","og_url":"https:\/\/todotrial.com\/tienda\/piloto2015-12-29-13-48-50\/","og_site_name":"Tienda de todotrial","article_modified_time":"2025-02-20T17:26:03+00:00","og_image":[{"width":260,"height":300,"url":"https:\/\/todotrial.com\/tienda\/wp-content\/uploads\/2015\/12\/pilot-jet-260x300.jpg","type":"image\/jpeg"}],"twitter_card":"summary_large_image","schema":{"@context":"https:\/\/schema.org","@graph":[{"@type":"WebPage","@id":"https:\/\/todotrial.com\/tienda\/piloto2015-12-29-13-48-50\/","url":"https:\/\/todotrial.com\/tienda\/piloto2015-12-29-13-48-50\/","name":"AMAL Piloto chorro de aire (chicl\u00e9) - Tienda de todotrial","isPartOf":{"@id":"https:\/\/todotrial.com\/tienda\/#website"},"primaryImageOfPage":{"@id":"https:\/\/todotrial.com\/tienda\/piloto2015-12-29-13-48-50\/#primaryimage"},"image":{"@id":"https:\/\/todotrial.com\/tienda\/piloto2015-12-29-13-48-50\/#primaryimage"},"thumbnailUrl":"https:\/\/todotrial.com\/tienda\/wp-content\/uploads\/2015\/12\/pilot-jet-260x300.jpg","datePublished":"2015-12-29T13:48:50+00:00","dateModified":"2025-02-20T17:26:03+00:00","breadcrumb":{"@id":"https:\/\/todotrial.com\/tienda\/piloto2015-12-29-13-48-50\/#breadcrumb"},"inLanguage":"es","potentialAction":[{"@type":"ReadAction","target":["https:\/\/todotrial.com\/tienda\/piloto2015-12-29-13-48-50\/"]}]},{"@type":"ImageObject","inLanguage":"es","@id":"https:\/\/todotrial.com\/tienda\/piloto2015-12-29-13-48-50\/#primaryimage","url":"https:\/\/todotrial.com\/tienda\/wp-content\/uploads\/2015\/12\/pilot-jet-260x300.jpg","contentUrl":"https:\/\/todotrial.com\/tienda\/wp-content\/uploads\/2015\/12\/pilot-jet-260x300.jpg","width":260,"height":300},{"@type":"BreadcrumbList","@id":"https:\/\/todotrial.com\/tienda\/piloto2015-12-29-13-48-50\/#breadcrumb","itemListElement":[{"@type":"ListItem","position":1,"name":"Portada","item":"https:\/\/todotrial.com\/tienda\/"},{"@type":"ListItem","position":2,"name":"Shop","item":"https:\/\/todotrial.com\/tienda\/shop\/"},{"@type":"ListItem","position":3,"name":"AMAL Piloto chorro de aire (chicl\u00e9)"}]},{"@type":"WebSite","@id":"https:\/\/todotrial.com\/tienda\/#website","url":"https:\/\/todotrial.com\/tienda\/","name":"Tienda de todotrial","description":"","potentialAction":[{"@type":"SearchAction","target":{"@type":"EntryPoint","urlTemplate":"https:\/\/todotrial.com\/tienda\/?s={search_term_string}"},"query-input":{"@type":"PropertyValueSpecification","valueRequired":true,"valueName":"search_term_string"}}],"inLanguage":"es"}]}},"_links":{"self":[{"href":"https:\/\/todotrial.com\/tienda\/wp-json\/wp\/v2\/product\/4467","targetHints":{"allow":["GET"]}}],"collection":[{"href":"https:\/\/todotrial.com\/tienda\/wp-json\/wp\/v2\/product"}],"about":[{"href":"https:\/\/todotrial.com\/tienda\/wp-json\/wp\/v2\/types\/product"}],"replies":[{"embeddable":true,"href":"https:\/\/todotrial.com\/tienda\/wp-json\/wp\/v2\/comments?post=4467"}],"version-history":[{"count":0,"href":"https:\/\/todotrial.com\/tienda\/wp-json\/wp\/v2\/product\/4467\/revisions"}],"wp:featuredmedia":[{"embeddable":true,"href":"https:\/\/todotrial.com\/tienda\/wp-json\/wp\/v2\/media\/4466"}],"wp:attachment":[{"href":"https:\/\/todotrial.com\/tienda\/wp-json\/wp\/v2\/media?parent=4467"}],"wp:term":[{"taxonomy":"product_brand","embeddable":true,"href":"https:\/\/todotrial.com\/tienda\/wp-json\/wp\/v2\/product_brand?post=4467"},{"taxonomy":"product_cat","embeddable":true,"href":"https:\/\/todotrial.com\/tienda\/wp-json\/wp\/v2\/product_cat?post=4467"},{"taxonomy":"product_tag","embeddable":true,"href":"https:\/\/todotrial.com\/tienda\/wp-json\/wp\/v2\/product_tag?post=4467"}],"curies":[{"name":"wp","href":"https:\/\/api.w.org\/{rel}","templated":true}]}}