{"id":43183,"date":"2025-02-19T13:02:00","date_gmt":"2025-02-19T12:02:00","guid":{"rendered":"https:\/\/todotrial.com\/tienda\/sin%20categor\u00eda\/zapatillas-gaerne-g-rome-gore-tex-blanco\/"},"modified":"2025-05-13T20:45:57","modified_gmt":"2025-05-13T19:45:57","slug":"zapatillas-gaerne-g-rome-gore-tex-blanco","status":"publish","type":"product","link":"https:\/\/todotrial.com\/tienda\/zapatillas-gaerne-g-rome-gore-tex-blanco\/","title":{"rendered":"ZAPATILLAS GAERNE G-ROME GORE TEX (BLANCO)"},"content":{"rendered":"<p class=\"p1\" style=\"margin:0px;line-height:normal;font-family:Arial;\"><span class=\"s1\">Las zapatillas para moto <b>G-Rome Gore-Tex\u00ae<\/b> son la opci\u00f3n ideal para los desplazamientos urbanos, ya que combinan a la perfecci\u00f3n la comodidad del calzado informal con la protecci\u00f3n espec\u00edfica para motociclistas.<\/p>\n<p>La parte superior est\u00e1 confeccionada con <b>cuero de alta calidad<\/b>, lo que proporciona estilo y durabilidad. Equipados con refuerzos en el mal\u00e9olo, el tal\u00f3n y la puntera, estos zapatos de estilo urbano garantizan resistencia y mejoran la protecci\u00f3n. Adem\u00e1s, el collar\u00edn trasero suave est\u00e1 dise\u00f1ado espec\u00edficamente para una comodidad superior durante los viajes.<\/p>\n<p>El <b>sistema de cierre<\/b> utiliza cordones y una cremallera externa, lo que ofrece un cierre r\u00e1pido y f\u00e1cil y un ajuste personalizable.<\/p>\n<p>En el interior, las zapatillas cuentan con membrana Gore-Tex\u00ae, reconocida por sus excepcionales propiedades de impermeabilidad y transpirabilidad, lo que garantiza que sus pies se mantengan secos y c\u00f3modos en todas las condiciones clim\u00e1ticas.<\/p>\n<p>La <b>plantilla anat\u00f3mica <\/b>y extra\u00edble, que mejora los niveles de transpirabilidad, est\u00e1 dise\u00f1ada para un rendimiento, una comodidad y un soporte \u00f3ptimos, lo que permite un uso prolongado.<\/p>\n<p>La <b>suela de goma<\/b> resistente al desgaste de Gaerne garantiza una tracci\u00f3n \u00f3ptima y comodidad durante todo el d\u00eda, tanto sobre la moto como fuera de ella, y transmite un estilo vintage distintivo.<\/p>\n<p>Las zapatillas G-Rome Gore-Tex\u00ae cuentan con la certificaci\u00f3n CE de conformidad con la norma EN 13634:2017 y el Reglamento UE 2016\/425.<\/p>\n<p><\/span><\/p>\n<p class=\"p1\" style=\"margin:0px;line-height:normal;font-family:Arial;background-color:#f9fafb;\"><b>Sobre Gaerne<\/b><\/p>\n<p class=\"p1\" style=\"margin:0px;line-height:normal;font-family:Arial;background-color:#f9fafb;\">1962. Del peque\u00f1o taller al mundo. Seis d\u00e9cadas de actividad repletas de \u00e9xitos en el mundo de las dos ruedas a motor y pedal. Son estos dos elementos los que caracterizan el logotipo dedicado a este aniversario especial.<span class=\"s1\" style=\"background-color:#ffffff;\"><\/p>\n<p><\/span>Ernesto ten\u00eda 30 a\u00f1os en octubre de 1962 cuando decidi\u00f3 emprender su propio negocio. Detr\u00e1s de \u00e9l, a pesar de su corta edad, una experiencia de m\u00e1s de 15 a\u00f1os en el campo del calzado laboral y de monta\u00f1a.<span class=\"s1\" style=\"background-color:#ffffff;\"><\/p>\n<p><\/span>Hay dos motivos circulares caracterizados por una intersecci\u00f3n: una referencia al mundo de las dos ruedas a pedal y motor. Las primeras producciones de Gaerne se refer\u00edan, de hecho, a las botas de moto, luego, a principios de los a\u00f1os 80, se introdujeron las zapatillas de ciclismo de carretera y de monta\u00f1a.<span class=\"s1\" style=\"background-color:#ffffff;\"><\/p>\n<p><\/span>En ese punto de encuentro entre las dos ruedas reside el alma de la empresa y la pasi\u00f3n que a lo largo de los a\u00f1os Cavalier Ernesto ha transmitido a sus colaboradores y socios internacionales.\u00a0<\/p>\n","protected":false},"excerpt":{"rendered":"<p class=\"p1\" style=\"margin:0px 0px 16px;line-height:normal;font-family:Arial;background-color:#ffffff;\">&#8211; ZAPATILLAS GAERNE G-ROME<br \/>&#8211; ZAPATILLAS GAERNE GORE TEX<br \/>&#8211; ZAPATILLAS GAERNE G-ROME BLANCAS<\/p>\n","protected":false},"featured_media":44658,"comment_status":"open","ping_status":"closed","template":"","meta":[],"product_brand":[],"product_cat":[11426],"product_tag":[],"class_list":{"0":"post-43183","1":"product","2":"type-product","3":"status-publish","4":"has-post-thumbnail","6":"product_cat-zapatillas","8":"first","9":"instock","10":"sale","11":"taxable","12":"shipping-taxable","13":"purchasable","14":"product-type-simple"},"yoast_head":"<!-- This site is optimized with the Yoast SEO Premium plugin v21.2 (Yoast SEO v27.4) - https:\/\/yoast.com\/product\/yoast-seo-premium-wordpress\/ -->\n<title>ZAPATILLAS GAERNE G-ROME GORE TEX (BLANCO) - Tienda de todotrial<\/title>\n<meta name=\"robots\" content=\"index, follow, max-snippet:-1, max-image-preview:large, max-video-preview:-1\" \/>\n<link rel=\"canonical\" href=\"https:\/\/todotrial.com\/tienda\/zapatillas-gaerne-g-rome-gore-tex-blanco\/\" \/>\n<meta property=\"og:locale\" content=\"es_ES\" \/>\n<meta property=\"og:type\" content=\"article\" \/>\n<meta property=\"og:title\" content=\"ZAPATILLAS GAERNE G-ROME GORE TEX (BLANCO)\" \/>\n<meta property=\"og:description\" content=\"- ZAPATILLAS GAERNE G-ROME- ZAPATILLAS GAERNE GORE TEX- ZAPATILLAS GAERNE G-ROME BLANCAS\" \/>\n<meta property=\"og:url\" content=\"https:\/\/todotrial.com\/tienda\/zapatillas-gaerne-g-rome-gore-tex-blanco\/\" \/>\n<meta property=\"og:site_name\" content=\"Tienda de todotrial\" \/>\n<meta property=\"article:modified_time\" content=\"2025-05-13T19:45:57+00:00\" \/>\n<meta property=\"og:image\" content=\"https:\/\/todotrial.com\/tienda\/wp-content\/uploads\/2025\/02\/zapatillas-gaerne-g-rome-gore-tex-blanco.jpg\" \/>\n\t<meta property=\"og:image:width\" content=\"1\" \/>\n\t<meta property=\"og:image:height\" content=\"1\" \/>\n\t<meta property=\"og:image:type\" content=\"image\/jpeg\" \/>\n<meta name=\"twitter:card\" content=\"summary_large_image\" \/>\n<meta name=\"twitter:label1\" content=\"Tiempo de lectura\" \/>\n\t<meta name=\"twitter:data1\" content=\"2 minutos\" \/>\n<script type=\"application\/ld+json\" class=\"yoast-schema-graph\">{\"@context\":\"https:\\\/\\\/schema.org\",\"@graph\":[{\"@type\":\"WebPage\",\"@id\":\"https:\\\/\\\/todotrial.com\\\/tienda\\\/zapatillas-gaerne-g-rome-gore-tex-blanco\\\/\",\"url\":\"https:\\\/\\\/todotrial.com\\\/tienda\\\/zapatillas-gaerne-g-rome-gore-tex-blanco\\\/\",\"name\":\"ZAPATILLAS GAERNE G-ROME GORE TEX (BLANCO) - Tienda de todotrial\",\"isPartOf\":{\"@id\":\"https:\\\/\\\/todotrial.com\\\/tienda\\\/#website\"},\"primaryImageOfPage\":{\"@id\":\"https:\\\/\\\/todotrial.com\\\/tienda\\\/zapatillas-gaerne-g-rome-gore-tex-blanco\\\/#primaryimage\"},\"image\":{\"@id\":\"https:\\\/\\\/todotrial.com\\\/tienda\\\/zapatillas-gaerne-g-rome-gore-tex-blanco\\\/#primaryimage\"},\"thumbnailUrl\":\"https:\\\/\\\/todotrial.com\\\/tienda\\\/wp-content\\\/uploads\\\/2025\\\/02\\\/zapatillas-gaerne-g-rome-gore-tex-blanco.jpg\",\"datePublished\":\"2025-02-19T12:02:00+00:00\",\"dateModified\":\"2025-05-13T19:45:57+00:00\",\"breadcrumb\":{\"@id\":\"https:\\\/\\\/todotrial.com\\\/tienda\\\/zapatillas-gaerne-g-rome-gore-tex-blanco\\\/#breadcrumb\"},\"inLanguage\":\"es\",\"potentialAction\":[{\"@type\":\"ReadAction\",\"target\":[\"https:\\\/\\\/todotrial.com\\\/tienda\\\/zapatillas-gaerne-g-rome-gore-tex-blanco\\\/\"]}]},{\"@type\":\"ImageObject\",\"inLanguage\":\"es\",\"@id\":\"https:\\\/\\\/todotrial.com\\\/tienda\\\/zapatillas-gaerne-g-rome-gore-tex-blanco\\\/#primaryimage\",\"url\":\"https:\\\/\\\/todotrial.com\\\/tienda\\\/wp-content\\\/uploads\\\/2025\\\/02\\\/zapatillas-gaerne-g-rome-gore-tex-blanco.jpg\",\"contentUrl\":\"https:\\\/\\\/todotrial.com\\\/tienda\\\/wp-content\\\/uploads\\\/2025\\\/02\\\/zapatillas-gaerne-g-rome-gore-tex-blanco.jpg\",\"caption\":\"ZAPATILLAS GAERNE G-ROME GORE TEX (BLANCO)\"},{\"@type\":\"BreadcrumbList\",\"@id\":\"https:\\\/\\\/todotrial.com\\\/tienda\\\/zapatillas-gaerne-g-rome-gore-tex-blanco\\\/#breadcrumb\",\"itemListElement\":[{\"@type\":\"ListItem\",\"position\":1,\"name\":\"Portada\",\"item\":\"https:\\\/\\\/todotrial.com\\\/tienda\\\/\"},{\"@type\":\"ListItem\",\"position\":2,\"name\":\"Shop\",\"item\":\"https:\\\/\\\/todotrial.com\\\/tienda\\\/shop\\\/\"},{\"@type\":\"ListItem\",\"position\":3,\"name\":\"ZAPATILLAS GAERNE G-ROME GORE TEX (BLANCO)\"}]},{\"@type\":\"WebSite\",\"@id\":\"https:\\\/\\\/todotrial.com\\\/tienda\\\/#website\",\"url\":\"https:\\\/\\\/todotrial.com\\\/tienda\\\/\",\"name\":\"Tienda de todotrial\",\"description\":\"\",\"potentialAction\":[{\"@type\":\"SearchAction\",\"target\":{\"@type\":\"EntryPoint\",\"urlTemplate\":\"https:\\\/\\\/todotrial.com\\\/tienda\\\/?s={search_term_string}\"},\"query-input\":{\"@type\":\"PropertyValueSpecification\",\"valueRequired\":true,\"valueName\":\"search_term_string\"}}],\"inLanguage\":\"es\"}]}<\/script>\n<!-- \/ Yoast SEO Premium plugin. -->","yoast_head_json":{"title":"ZAPATILLAS GAERNE G-ROME GORE TEX (BLANCO) - Tienda de todotrial","robots":{"index":"index","follow":"follow","max-snippet":"max-snippet:-1","max-image-preview":"max-image-preview:large","max-video-preview":"max-video-preview:-1"},"canonical":"https:\/\/todotrial.com\/tienda\/zapatillas-gaerne-g-rome-gore-tex-blanco\/","og_locale":"es_ES","og_type":"article","og_title":"ZAPATILLAS GAERNE G-ROME GORE TEX (BLANCO)","og_description":"- ZAPATILLAS GAERNE G-ROME- ZAPATILLAS GAERNE GORE TEX- ZAPATILLAS GAERNE G-ROME BLANCAS","og_url":"https:\/\/todotrial.com\/tienda\/zapatillas-gaerne-g-rome-gore-tex-blanco\/","og_site_name":"Tienda de todotrial","article_modified_time":"2025-05-13T19:45:57+00:00","og_image":[{"url":"https:\/\/todotrial.com\/tienda\/wp-content\/uploads\/2025\/02\/zapatillas-gaerne-g-rome-gore-tex-blanco.jpg","width":1,"height":1,"type":"image\/jpeg"}],"twitter_card":"summary_large_image","twitter_misc":{"Tiempo de lectura":"2 minutos"},"schema":{"@context":"https:\/\/schema.org","@graph":[{"@type":"WebPage","@id":"https:\/\/todotrial.com\/tienda\/zapatillas-gaerne-g-rome-gore-tex-blanco\/","url":"https:\/\/todotrial.com\/tienda\/zapatillas-gaerne-g-rome-gore-tex-blanco\/","name":"ZAPATILLAS GAERNE G-ROME GORE TEX (BLANCO) - Tienda de todotrial","isPartOf":{"@id":"https:\/\/todotrial.com\/tienda\/#website"},"primaryImageOfPage":{"@id":"https:\/\/todotrial.com\/tienda\/zapatillas-gaerne-g-rome-gore-tex-blanco\/#primaryimage"},"image":{"@id":"https:\/\/todotrial.com\/tienda\/zapatillas-gaerne-g-rome-gore-tex-blanco\/#primaryimage"},"thumbnailUrl":"https:\/\/todotrial.com\/tienda\/wp-content\/uploads\/2025\/02\/zapatillas-gaerne-g-rome-gore-tex-blanco.jpg","datePublished":"2025-02-19T12:02:00+00:00","dateModified":"2025-05-13T19:45:57+00:00","breadcrumb":{"@id":"https:\/\/todotrial.com\/tienda\/zapatillas-gaerne-g-rome-gore-tex-blanco\/#breadcrumb"},"inLanguage":"es","potentialAction":[{"@type":"ReadAction","target":["https:\/\/todotrial.com\/tienda\/zapatillas-gaerne-g-rome-gore-tex-blanco\/"]}]},{"@type":"ImageObject","inLanguage":"es","@id":"https:\/\/todotrial.com\/tienda\/zapatillas-gaerne-g-rome-gore-tex-blanco\/#primaryimage","url":"https:\/\/todotrial.com\/tienda\/wp-content\/uploads\/2025\/02\/zapatillas-gaerne-g-rome-gore-tex-blanco.jpg","contentUrl":"https:\/\/todotrial.com\/tienda\/wp-content\/uploads\/2025\/02\/zapatillas-gaerne-g-rome-gore-tex-blanco.jpg","caption":"ZAPATILLAS GAERNE G-ROME GORE TEX (BLANCO)"},{"@type":"BreadcrumbList","@id":"https:\/\/todotrial.com\/tienda\/zapatillas-gaerne-g-rome-gore-tex-blanco\/#breadcrumb","itemListElement":[{"@type":"ListItem","position":1,"name":"Portada","item":"https:\/\/todotrial.com\/tienda\/"},{"@type":"ListItem","position":2,"name":"Shop","item":"https:\/\/todotrial.com\/tienda\/shop\/"},{"@type":"ListItem","position":3,"name":"ZAPATILLAS GAERNE G-ROME GORE TEX (BLANCO)"}]},{"@type":"WebSite","@id":"https:\/\/todotrial.com\/tienda\/#website","url":"https:\/\/todotrial.com\/tienda\/","name":"Tienda de todotrial","description":"","potentialAction":[{"@type":"SearchAction","target":{"@type":"EntryPoint","urlTemplate":"https:\/\/todotrial.com\/tienda\/?s={search_term_string}"},"query-input":{"@type":"PropertyValueSpecification","valueRequired":true,"valueName":"search_term_string"}}],"inLanguage":"es"}]}},"_links":{"self":[{"href":"https:\/\/todotrial.com\/tienda\/wp-json\/wp\/v2\/product\/43183","targetHints":{"allow":["GET"]}}],"collection":[{"href":"https:\/\/todotrial.com\/tienda\/wp-json\/wp\/v2\/product"}],"about":[{"href":"https:\/\/todotrial.com\/tienda\/wp-json\/wp\/v2\/types\/product"}],"replies":[{"embeddable":true,"href":"https:\/\/todotrial.com\/tienda\/wp-json\/wp\/v2\/comments?post=43183"}],"version-history":[{"count":1,"href":"https:\/\/todotrial.com\/tienda\/wp-json\/wp\/v2\/product\/43183\/revisions"}],"predecessor-version":[{"id":54825,"href":"https:\/\/todotrial.com\/tienda\/wp-json\/wp\/v2\/product\/43183\/revisions\/54825"}],"wp:featuredmedia":[{"embeddable":true,"href":"https:\/\/todotrial.com\/tienda\/wp-json\/wp\/v2\/media\/44658"}],"wp:attachment":[{"href":"https:\/\/todotrial.com\/tienda\/wp-json\/wp\/v2\/media?parent=43183"}],"wp:term":[{"taxonomy":"product_brand","embeddable":true,"href":"https:\/\/todotrial.com\/tienda\/wp-json\/wp\/v2\/product_brand?post=43183"},{"taxonomy":"product_cat","embeddable":true,"href":"https:\/\/todotrial.com\/tienda\/wp-json\/wp\/v2\/product_cat?post=43183"},{"taxonomy":"product_tag","embeddable":true,"href":"https:\/\/todotrial.com\/tienda\/wp-json\/wp\/v2\/product_tag?post=43183"}],"curies":[{"name":"wp","href":"https:\/\/api.w.org\/{rel}","templated":true}]}}