{"id":43114,"date":"2025-02-19T13:02:00","date_gmt":"2025-02-19T12:02:00","guid":{"rendered":"https:\/\/todotrial.com\/tienda\/sin%20categor\u00eda\/gorra-gaerne-g-60-grafito\/"},"modified":"2025-05-13T20:40:49","modified_gmt":"2025-05-13T19:40:49","slug":"gorra-gaerne-g-60-grafito","status":"publish","type":"product","link":"https:\/\/todotrial.com\/tienda\/gorra-gaerne-g-60-grafito\/","title":{"rendered":"GORRA GAERNE G-60 (GRAFITO)"},"content":{"rendered":"<p class=\"p1\" style=\"margin: 0px; font-variant-numeric: normal; font-variant-east-asian: normal; font-stretch: normal; font-size: 12px; line-height: normal; font-family: Arial;\">Esta exclusiva colecci\u00f3n de ocio quiere celebrar el 60 Aniversario de la Compa\u00f1\u00eda fundada por Ernesto Gazzola. Las iniciales del nombre y del apellido han sabido dar vida a una marca, con la excelencia del <i>Made in Italy<\/i>, conocida en todo el mundo. Hoy en d\u00eda, la famosa \u00abG\u00bb es una referencia para todos los amantes de los deportes de motor y el ciclismo.<\/p>\n<p>En ella encontramos esta cl\u00e1sica gorra de camionero con el logo del 60 Aniversario en la parte frontal. Cuenta con un pr\u00e1ctico\u00a0cierre ajustable, y\u00a0tejido de malla en la parte posterior, que compone casi dos tercios de la gorra y hace que sea c\u00f3moda de llevar en cualquier circunstancia. Talla \u00fanica<\/p>\n<p class=\"p2\" style=\"margin: 0px; font-variant-numeric: normal; font-variant-east-asian: normal; font-stretch: normal; font-size: 12px; line-height: normal; font-family: Arial; min-height: 17px;\">\n<p class=\"p1\" style=\"margin: 0px; font-variant-numeric: normal; font-variant-east-asian: normal; font-stretch: normal; font-size: 12px; line-height: normal; font-family: Arial;\">Conformidad con certificado Reach standard<\/p>\n<p><b>Sobre el 60 aniversario de Gaerne<\/b><\/p>\n<p class=\"p1\" style=\"margin: 0px; font-variant-numeric: normal; font-variant-east-asian: normal; font-stretch: normal; font-size: 12px; line-height: normal; font-family: Arial;\">1962-2022. Del peque\u00f1o taller al mundo. Seis d\u00e9cadas de actividad repletas de \u00e9xitos en el mundo de las dos ruedas a motor y pedal. Son estos dos elementos los que caracterizan el logotipo dedicado a este aniversario especial.<\/p>\n<p>Coste di Maser (Tv), 10 de junio de 2022 &#8211; Gaerne celebra 60 a\u00f1os de actividad. Un hito especial para la cercana empresa de Treviso que el pr\u00f3ximo mes de octubre tendr\u00e1 un motivo m\u00e1s para celebrar: el 90 aniversario de Ernesto Gazzola, fundador y patr\u00f3n de Gaerne.<br \/>Ernesto ten\u00eda 30 a\u00f1os en octubre de 1962 cuando decidi\u00f3 emprender su propio negocio. Detr\u00e1s de \u00e9l, a pesar de su corta edad, una experiencia de m\u00e1s de 15 a\u00f1os en el campo del calzado laboral y de monta\u00f1a.<br \/>Una historia rom\u00e1ntica, que hoy la compa\u00f1\u00eda quiere consignar en el recuerdo gracias al logo, dise\u00f1ado espec\u00edficamente para la ocasi\u00f3n, y que flanquear\u00e1 a la famosa \u201cG\u201d en este 2022.<br \/>Hay dos motivos circulares caracterizados por una intersecci\u00f3n: una referencia al mundo de las dos ruedas a pedal y motor. Las primeras producciones de Gaerne se refer\u00edan, de hecho, a las botas de moto, luego, a principios de los a\u00f1os 80, se introdujeron las zapatillas de ciclismo de carretera y de monta\u00f1a.<br \/>En ese punto de encuentro entre las dos ruedas reside el alma de la empresa y la pasi\u00f3n que a lo largo de los a\u00f1os Cavalier Ernesto ha transmitido a sus colaboradores y socios internacionales. Para sancionar este v\u00ednculo entre el deporte y la tradici\u00f3n artesanal Made in Italy, el logotipo \u00abGaerne\u00bb en primer plano.<\/p>\n<p>La Compa\u00f1\u00eda desea celebrar este aniversario ofreciendo al p\u00fablico la colecci\u00f3n de ocio G.62 caracterizada por seis art\u00edculos, cada uno de los cuales reproduce el logotipo conmemorativo.<\/p>\n","protected":false},"excerpt":{"rendered":"<p>&#8211; GORRA CAMIONERO<br \/>&#8211; <strong>COLOR:<\/strong> GRAFITO<\/p>\n","protected":false},"featured_media":44520,"comment_status":"open","ping_status":"closed","template":"","meta":[],"product_brand":[],"product_cat":[11633],"product_tag":[],"class_list":{"0":"post-43114","1":"product","2":"type-product","3":"status-publish","4":"has-post-thumbnail","6":"product_cat-gorras","8":"first","9":"instock","10":"sale","11":"taxable","12":"shipping-taxable","13":"purchasable","14":"product-type-simple"},"yoast_head":"<!-- This site is optimized with the Yoast SEO Premium plugin v21.2 (Yoast SEO v27.4) - https:\/\/yoast.com\/product\/yoast-seo-premium-wordpress\/ -->\n<title>GORRA GAERNE G-60 (GRAFITO) - Tienda de todotrial<\/title>\n<meta name=\"robots\" content=\"index, follow, max-snippet:-1, max-image-preview:large, max-video-preview:-1\" \/>\n<link rel=\"canonical\" href=\"https:\/\/todotrial.com\/tienda\/gorra-gaerne-g-60-grafito\/\" \/>\n<meta property=\"og:locale\" content=\"es_ES\" \/>\n<meta property=\"og:type\" content=\"article\" \/>\n<meta property=\"og:title\" content=\"GORRA GAERNE G-60 (GRAFITO)\" \/>\n<meta property=\"og:description\" content=\"- GORRA CAMIONERO- COLOR: GRAFITO\" \/>\n<meta property=\"og:url\" content=\"https:\/\/todotrial.com\/tienda\/gorra-gaerne-g-60-grafito\/\" \/>\n<meta property=\"og:site_name\" content=\"Tienda de todotrial\" \/>\n<meta property=\"article:modified_time\" content=\"2025-05-13T19:40:49+00:00\" \/>\n<meta property=\"og:image\" content=\"https:\/\/todotrial.com\/tienda\/wp-content\/uploads\/2025\/02\/gorra-gaerne-g-60-grafito.jpg\" \/>\n\t<meta property=\"og:image:width\" content=\"1000\" \/>\n\t<meta property=\"og:image:height\" content=\"1000\" \/>\n\t<meta property=\"og:image:type\" content=\"image\/jpeg\" \/>\n<meta name=\"twitter:card\" content=\"summary_large_image\" \/>\n<meta name=\"twitter:label1\" content=\"Tiempo de lectura\" \/>\n\t<meta name=\"twitter:data1\" content=\"2 minutos\" \/>\n<script type=\"application\/ld+json\" class=\"yoast-schema-graph\">{\"@context\":\"https:\\\/\\\/schema.org\",\"@graph\":[{\"@type\":\"WebPage\",\"@id\":\"https:\\\/\\\/todotrial.com\\\/tienda\\\/gorra-gaerne-g-60-grafito\\\/\",\"url\":\"https:\\\/\\\/todotrial.com\\\/tienda\\\/gorra-gaerne-g-60-grafito\\\/\",\"name\":\"GORRA GAERNE G-60 (GRAFITO) - Tienda de todotrial\",\"isPartOf\":{\"@id\":\"https:\\\/\\\/todotrial.com\\\/tienda\\\/#website\"},\"primaryImageOfPage\":{\"@id\":\"https:\\\/\\\/todotrial.com\\\/tienda\\\/gorra-gaerne-g-60-grafito\\\/#primaryimage\"},\"image\":{\"@id\":\"https:\\\/\\\/todotrial.com\\\/tienda\\\/gorra-gaerne-g-60-grafito\\\/#primaryimage\"},\"thumbnailUrl\":\"https:\\\/\\\/todotrial.com\\\/tienda\\\/wp-content\\\/uploads\\\/2025\\\/02\\\/gorra-gaerne-g-60-grafito.jpg\",\"datePublished\":\"2025-02-19T12:02:00+00:00\",\"dateModified\":\"2025-05-13T19:40:49+00:00\",\"breadcrumb\":{\"@id\":\"https:\\\/\\\/todotrial.com\\\/tienda\\\/gorra-gaerne-g-60-grafito\\\/#breadcrumb\"},\"inLanguage\":\"es\",\"potentialAction\":[{\"@type\":\"ReadAction\",\"target\":[\"https:\\\/\\\/todotrial.com\\\/tienda\\\/gorra-gaerne-g-60-grafito\\\/\"]}]},{\"@type\":\"ImageObject\",\"inLanguage\":\"es\",\"@id\":\"https:\\\/\\\/todotrial.com\\\/tienda\\\/gorra-gaerne-g-60-grafito\\\/#primaryimage\",\"url\":\"https:\\\/\\\/todotrial.com\\\/tienda\\\/wp-content\\\/uploads\\\/2025\\\/02\\\/gorra-gaerne-g-60-grafito.jpg\",\"contentUrl\":\"https:\\\/\\\/todotrial.com\\\/tienda\\\/wp-content\\\/uploads\\\/2025\\\/02\\\/gorra-gaerne-g-60-grafito.jpg\",\"width\":1000,\"height\":1000,\"caption\":\"GORRA GAERNE G-60 (GRAFITO)\"},{\"@type\":\"BreadcrumbList\",\"@id\":\"https:\\\/\\\/todotrial.com\\\/tienda\\\/gorra-gaerne-g-60-grafito\\\/#breadcrumb\",\"itemListElement\":[{\"@type\":\"ListItem\",\"position\":1,\"name\":\"Portada\",\"item\":\"https:\\\/\\\/todotrial.com\\\/tienda\\\/\"},{\"@type\":\"ListItem\",\"position\":2,\"name\":\"Shop\",\"item\":\"https:\\\/\\\/todotrial.com\\\/tienda\\\/shop\\\/\"},{\"@type\":\"ListItem\",\"position\":3,\"name\":\"GORRA GAERNE G-60 (GRAFITO)\"}]},{\"@type\":\"WebSite\",\"@id\":\"https:\\\/\\\/todotrial.com\\\/tienda\\\/#website\",\"url\":\"https:\\\/\\\/todotrial.com\\\/tienda\\\/\",\"name\":\"Tienda de todotrial\",\"description\":\"\",\"potentialAction\":[{\"@type\":\"SearchAction\",\"target\":{\"@type\":\"EntryPoint\",\"urlTemplate\":\"https:\\\/\\\/todotrial.com\\\/tienda\\\/?s={search_term_string}\"},\"query-input\":{\"@type\":\"PropertyValueSpecification\",\"valueRequired\":true,\"valueName\":\"search_term_string\"}}],\"inLanguage\":\"es\"}]}<\/script>\n<!-- \/ Yoast SEO Premium plugin. -->","yoast_head_json":{"title":"GORRA GAERNE G-60 (GRAFITO) - Tienda de todotrial","robots":{"index":"index","follow":"follow","max-snippet":"max-snippet:-1","max-image-preview":"max-image-preview:large","max-video-preview":"max-video-preview:-1"},"canonical":"https:\/\/todotrial.com\/tienda\/gorra-gaerne-g-60-grafito\/","og_locale":"es_ES","og_type":"article","og_title":"GORRA GAERNE G-60 (GRAFITO)","og_description":"- GORRA CAMIONERO- COLOR: GRAFITO","og_url":"https:\/\/todotrial.com\/tienda\/gorra-gaerne-g-60-grafito\/","og_site_name":"Tienda de todotrial","article_modified_time":"2025-05-13T19:40:49+00:00","og_image":[{"width":1000,"height":1000,"url":"https:\/\/todotrial.com\/tienda\/wp-content\/uploads\/2025\/02\/gorra-gaerne-g-60-grafito.jpg","type":"image\/jpeg"}],"twitter_card":"summary_large_image","twitter_misc":{"Tiempo de lectura":"2 minutos"},"schema":{"@context":"https:\/\/schema.org","@graph":[{"@type":"WebPage","@id":"https:\/\/todotrial.com\/tienda\/gorra-gaerne-g-60-grafito\/","url":"https:\/\/todotrial.com\/tienda\/gorra-gaerne-g-60-grafito\/","name":"GORRA GAERNE G-60 (GRAFITO) - Tienda de todotrial","isPartOf":{"@id":"https:\/\/todotrial.com\/tienda\/#website"},"primaryImageOfPage":{"@id":"https:\/\/todotrial.com\/tienda\/gorra-gaerne-g-60-grafito\/#primaryimage"},"image":{"@id":"https:\/\/todotrial.com\/tienda\/gorra-gaerne-g-60-grafito\/#primaryimage"},"thumbnailUrl":"https:\/\/todotrial.com\/tienda\/wp-content\/uploads\/2025\/02\/gorra-gaerne-g-60-grafito.jpg","datePublished":"2025-02-19T12:02:00+00:00","dateModified":"2025-05-13T19:40:49+00:00","breadcrumb":{"@id":"https:\/\/todotrial.com\/tienda\/gorra-gaerne-g-60-grafito\/#breadcrumb"},"inLanguage":"es","potentialAction":[{"@type":"ReadAction","target":["https:\/\/todotrial.com\/tienda\/gorra-gaerne-g-60-grafito\/"]}]},{"@type":"ImageObject","inLanguage":"es","@id":"https:\/\/todotrial.com\/tienda\/gorra-gaerne-g-60-grafito\/#primaryimage","url":"https:\/\/todotrial.com\/tienda\/wp-content\/uploads\/2025\/02\/gorra-gaerne-g-60-grafito.jpg","contentUrl":"https:\/\/todotrial.com\/tienda\/wp-content\/uploads\/2025\/02\/gorra-gaerne-g-60-grafito.jpg","width":1000,"height":1000,"caption":"GORRA GAERNE G-60 (GRAFITO)"},{"@type":"BreadcrumbList","@id":"https:\/\/todotrial.com\/tienda\/gorra-gaerne-g-60-grafito\/#breadcrumb","itemListElement":[{"@type":"ListItem","position":1,"name":"Portada","item":"https:\/\/todotrial.com\/tienda\/"},{"@type":"ListItem","position":2,"name":"Shop","item":"https:\/\/todotrial.com\/tienda\/shop\/"},{"@type":"ListItem","position":3,"name":"GORRA GAERNE G-60 (GRAFITO)"}]},{"@type":"WebSite","@id":"https:\/\/todotrial.com\/tienda\/#website","url":"https:\/\/todotrial.com\/tienda\/","name":"Tienda de todotrial","description":"","potentialAction":[{"@type":"SearchAction","target":{"@type":"EntryPoint","urlTemplate":"https:\/\/todotrial.com\/tienda\/?s={search_term_string}"},"query-input":{"@type":"PropertyValueSpecification","valueRequired":true,"valueName":"search_term_string"}}],"inLanguage":"es"}]}},"_links":{"self":[{"href":"https:\/\/todotrial.com\/tienda\/wp-json\/wp\/v2\/product\/43114","targetHints":{"allow":["GET"]}}],"collection":[{"href":"https:\/\/todotrial.com\/tienda\/wp-json\/wp\/v2\/product"}],"about":[{"href":"https:\/\/todotrial.com\/tienda\/wp-json\/wp\/v2\/types\/product"}],"replies":[{"embeddable":true,"href":"https:\/\/todotrial.com\/tienda\/wp-json\/wp\/v2\/comments?post=43114"}],"version-history":[{"count":1,"href":"https:\/\/todotrial.com\/tienda\/wp-json\/wp\/v2\/product\/43114\/revisions"}],"predecessor-version":[{"id":55834,"href":"https:\/\/todotrial.com\/tienda\/wp-json\/wp\/v2\/product\/43114\/revisions\/55834"}],"wp:featuredmedia":[{"embeddable":true,"href":"https:\/\/todotrial.com\/tienda\/wp-json\/wp\/v2\/media\/44520"}],"wp:attachment":[{"href":"https:\/\/todotrial.com\/tienda\/wp-json\/wp\/v2\/media?parent=43114"}],"wp:term":[{"taxonomy":"product_brand","embeddable":true,"href":"https:\/\/todotrial.com\/tienda\/wp-json\/wp\/v2\/product_brand?post=43114"},{"taxonomy":"product_cat","embeddable":true,"href":"https:\/\/todotrial.com\/tienda\/wp-json\/wp\/v2\/product_cat?post=43114"},{"taxonomy":"product_tag","embeddable":true,"href":"https:\/\/todotrial.com\/tienda\/wp-json\/wp\/v2\/product_tag?post=43114"}],"curies":[{"name":"wp","href":"https:\/\/api.w.org\/{rel}","templated":true}]}}