{"id":43079,"date":"2025-02-19T13:02:00","date_gmt":"2025-02-19T12:02:00","guid":{"rendered":"https:\/\/todotrial.com\/tienda\/sin%20categor\u00eda\/cierre-botas-gaerne-fastback-gx1-trial-plata\/"},"modified":"2025-05-13T20:30:34","modified_gmt":"2025-05-13T19:30:34","slug":"cierre-botas-gaerne-fastback-gx1-trial-plata","status":"publish","type":"product","link":"https:\/\/todotrial.com\/tienda\/cierre-botas-gaerne-fastback-gx1-trial-plata\/","title":{"rendered":"CIERRE BOTAS GAERNE FASTBACK, GX1, TRIAL (PLATA)"},"content":{"rendered":"<p><span class=\"s1\">Cierre para botas Gaerne Fastback, GX1 y Trial.<\/p>\n<p>&#8211; 1 cierre + 2 tornillos<\/p>\n<p><\/span><b style=\"color:#0e0e0e;font-family:Arial;text-align:justify;\">Sobre Gaerne<br \/><\/b><span style=\"color:#0e0e0e;font-family:Arial;text-align:justify;background-color:#ffffff;\">1962. Del peque\u00f1o taller al mundo. Seis d\u00e9cadas de actividad repletas de \u00e9xitos en el mundo de las dos ruedas a motor y pedal. Son estos dos elementos los que caracterizan el logotipo dedicado a este aniversario especial.<\/span><br style=\"color:#0e0e0e;font-family:Arial;text-align:justify;\" \/><br style=\"color:#0e0e0e;font-family:Arial;text-align:justify;\" \/><span style=\"color:#0e0e0e;font-family:Arial;text-align:justify;background-color:#ffffff;\">Ernesto ten\u00eda 30 a\u00f1os en octubre de 1962 cuando decidi\u00f3 emprender su propio negocio. Detr\u00e1s de \u00e9l, a pesar de su corta edad, una experiencia de m\u00e1s de 15 a\u00f1os en el campo del calzado laboral y de monta\u00f1a.<\/span><br style=\"color:#0e0e0e;font-family:Arial;text-align:justify;\" \/><br style=\"color:#0e0e0e;font-family:Arial;text-align:justify;\" \/><span style=\"color:#0e0e0e;font-family:Arial;text-align:justify;background-color:#ffffff;\">Hay dos motivos circulares caracterizados por una intersecci\u00f3n: una referencia al mundo de las dos ruedas a pedal y motor. Las primeras producciones de Gaerne se refer\u00edan, de hecho, a las botas de moto, luego, a principios de los a\u00f1os 80, se introdujeron las zapatillas de ciclismo de carretera y de monta\u00f1a.<\/span><br style=\"color:#0e0e0e;font-family:Arial;text-align:justify;\" \/><br style=\"color:#0e0e0e;font-family:Arial;text-align:justify;\" \/><span style=\"color:#0e0e0e;font-family:Arial;text-align:justify;background-color:#ffffff;\">En ese punto de encuentro entre las dos ruedas reside el alma de la empresa y la pasi\u00f3n que a lo largo de los a\u00f1os Cavalier Ernesto ha transmitido a sus colaboradores y socios internacionales.<\/span><\/p>\n","protected":false},"excerpt":{"rendered":"<p>&#8211; CIERRE BOTAS GAERNE GX1<br \/>&#8211; CIERRE BOTAS GAERNE TRIAL<br \/>&#8211; CIERRE BOTAS GAERNE FASTBACK\u00a0<\/p>\n","protected":false},"featured_media":44450,"comment_status":"open","ping_status":"closed","template":"","meta":[],"product_brand":[],"product_cat":[11446,11393],"product_tag":[],"class_list":{"0":"post-43079","1":"product","2":"type-product","3":"status-publish","4":"has-post-thumbnail","6":"product_cat-botas-equipacion","7":"product_cat-equipacion-moto","9":"first","10":"instock","11":"sale","12":"taxable","13":"shipping-taxable","14":"purchasable","15":"product-type-simple"},"yoast_head":"<!-- This site is optimized with the Yoast SEO Premium plugin v21.2 (Yoast SEO v27.4) - https:\/\/yoast.com\/product\/yoast-seo-premium-wordpress\/ -->\n<title>CIERRE BOTAS GAERNE FASTBACK, GX1, TRIAL (PLATA) - Tienda de todotrial<\/title>\n<meta name=\"robots\" content=\"index, follow, max-snippet:-1, max-image-preview:large, max-video-preview:-1\" \/>\n<link rel=\"canonical\" href=\"https:\/\/todotrial.com\/tienda\/cierre-botas-gaerne-fastback-gx1-trial-plata\/\" \/>\n<meta property=\"og:locale\" content=\"es_ES\" \/>\n<meta property=\"og:type\" content=\"article\" \/>\n<meta property=\"og:title\" content=\"CIERRE BOTAS GAERNE FASTBACK, GX1, TRIAL (PLATA)\" \/>\n<meta property=\"og:description\" content=\"- CIERRE BOTAS GAERNE GX1- CIERRE BOTAS GAERNE TRIAL- CIERRE BOTAS GAERNE FASTBACK\u00a0\" \/>\n<meta property=\"og:url\" content=\"https:\/\/todotrial.com\/tienda\/cierre-botas-gaerne-fastback-gx1-trial-plata\/\" \/>\n<meta property=\"og:site_name\" content=\"Tienda de todotrial\" \/>\n<meta property=\"article:modified_time\" content=\"2025-05-13T19:30:34+00:00\" \/>\n<meta property=\"og:image\" content=\"https:\/\/todotrial.com\/tienda\/wp-content\/uploads\/2025\/02\/cierre-botas-gaerne-fastback-gx1-trial-plata.jpg\" \/>\n\t<meta property=\"og:image:width\" content=\"1000\" \/>\n\t<meta property=\"og:image:height\" content=\"1000\" \/>\n\t<meta property=\"og:image:type\" content=\"image\/jpeg\" \/>\n<meta name=\"twitter:card\" content=\"summary_large_image\" \/>\n<meta name=\"twitter:label1\" content=\"Tiempo de lectura\" \/>\n\t<meta name=\"twitter:data1\" content=\"1 minuto\" \/>\n<script type=\"application\/ld+json\" class=\"yoast-schema-graph\">{\"@context\":\"https:\\\/\\\/schema.org\",\"@graph\":[{\"@type\":\"WebPage\",\"@id\":\"https:\\\/\\\/todotrial.com\\\/tienda\\\/cierre-botas-gaerne-fastback-gx1-trial-plata\\\/\",\"url\":\"https:\\\/\\\/todotrial.com\\\/tienda\\\/cierre-botas-gaerne-fastback-gx1-trial-plata\\\/\",\"name\":\"CIERRE BOTAS GAERNE FASTBACK, GX1, TRIAL (PLATA) - Tienda de todotrial\",\"isPartOf\":{\"@id\":\"https:\\\/\\\/todotrial.com\\\/tienda\\\/#website\"},\"primaryImageOfPage\":{\"@id\":\"https:\\\/\\\/todotrial.com\\\/tienda\\\/cierre-botas-gaerne-fastback-gx1-trial-plata\\\/#primaryimage\"},\"image\":{\"@id\":\"https:\\\/\\\/todotrial.com\\\/tienda\\\/cierre-botas-gaerne-fastback-gx1-trial-plata\\\/#primaryimage\"},\"thumbnailUrl\":\"https:\\\/\\\/todotrial.com\\\/tienda\\\/wp-content\\\/uploads\\\/2025\\\/02\\\/cierre-botas-gaerne-fastback-gx1-trial-plata.jpg\",\"datePublished\":\"2025-02-19T12:02:00+00:00\",\"dateModified\":\"2025-05-13T19:30:34+00:00\",\"breadcrumb\":{\"@id\":\"https:\\\/\\\/todotrial.com\\\/tienda\\\/cierre-botas-gaerne-fastback-gx1-trial-plata\\\/#breadcrumb\"},\"inLanguage\":\"es\",\"potentialAction\":[{\"@type\":\"ReadAction\",\"target\":[\"https:\\\/\\\/todotrial.com\\\/tienda\\\/cierre-botas-gaerne-fastback-gx1-trial-plata\\\/\"]}]},{\"@type\":\"ImageObject\",\"inLanguage\":\"es\",\"@id\":\"https:\\\/\\\/todotrial.com\\\/tienda\\\/cierre-botas-gaerne-fastback-gx1-trial-plata\\\/#primaryimage\",\"url\":\"https:\\\/\\\/todotrial.com\\\/tienda\\\/wp-content\\\/uploads\\\/2025\\\/02\\\/cierre-botas-gaerne-fastback-gx1-trial-plata.jpg\",\"contentUrl\":\"https:\\\/\\\/todotrial.com\\\/tienda\\\/wp-content\\\/uploads\\\/2025\\\/02\\\/cierre-botas-gaerne-fastback-gx1-trial-plata.jpg\",\"width\":1000,\"height\":1000,\"caption\":\"CIERRE BOTAS GAERNE FASTBACK, GX1, TRIAL (PLATA)\"},{\"@type\":\"BreadcrumbList\",\"@id\":\"https:\\\/\\\/todotrial.com\\\/tienda\\\/cierre-botas-gaerne-fastback-gx1-trial-plata\\\/#breadcrumb\",\"itemListElement\":[{\"@type\":\"ListItem\",\"position\":1,\"name\":\"Portada\",\"item\":\"https:\\\/\\\/todotrial.com\\\/tienda\\\/\"},{\"@type\":\"ListItem\",\"position\":2,\"name\":\"Shop\",\"item\":\"https:\\\/\\\/todotrial.com\\\/tienda\\\/shop\\\/\"},{\"@type\":\"ListItem\",\"position\":3,\"name\":\"CIERRE BOTAS GAERNE FASTBACK, GX1, TRIAL (PLATA)\"}]},{\"@type\":\"WebSite\",\"@id\":\"https:\\\/\\\/todotrial.com\\\/tienda\\\/#website\",\"url\":\"https:\\\/\\\/todotrial.com\\\/tienda\\\/\",\"name\":\"Tienda de todotrial\",\"description\":\"\",\"potentialAction\":[{\"@type\":\"SearchAction\",\"target\":{\"@type\":\"EntryPoint\",\"urlTemplate\":\"https:\\\/\\\/todotrial.com\\\/tienda\\\/?s={search_term_string}\"},\"query-input\":{\"@type\":\"PropertyValueSpecification\",\"valueRequired\":true,\"valueName\":\"search_term_string\"}}],\"inLanguage\":\"es\"}]}<\/script>\n<!-- \/ Yoast SEO Premium plugin. -->","yoast_head_json":{"title":"CIERRE BOTAS GAERNE FASTBACK, GX1, TRIAL (PLATA) - Tienda de todotrial","robots":{"index":"index","follow":"follow","max-snippet":"max-snippet:-1","max-image-preview":"max-image-preview:large","max-video-preview":"max-video-preview:-1"},"canonical":"https:\/\/todotrial.com\/tienda\/cierre-botas-gaerne-fastback-gx1-trial-plata\/","og_locale":"es_ES","og_type":"article","og_title":"CIERRE BOTAS GAERNE FASTBACK, GX1, TRIAL (PLATA)","og_description":"- CIERRE BOTAS GAERNE GX1- CIERRE BOTAS GAERNE TRIAL- CIERRE BOTAS GAERNE FASTBACK\u00a0","og_url":"https:\/\/todotrial.com\/tienda\/cierre-botas-gaerne-fastback-gx1-trial-plata\/","og_site_name":"Tienda de todotrial","article_modified_time":"2025-05-13T19:30:34+00:00","og_image":[{"width":1000,"height":1000,"url":"https:\/\/todotrial.com\/tienda\/wp-content\/uploads\/2025\/02\/cierre-botas-gaerne-fastback-gx1-trial-plata.jpg","type":"image\/jpeg"}],"twitter_card":"summary_large_image","twitter_misc":{"Tiempo de lectura":"1 minuto"},"schema":{"@context":"https:\/\/schema.org","@graph":[{"@type":"WebPage","@id":"https:\/\/todotrial.com\/tienda\/cierre-botas-gaerne-fastback-gx1-trial-plata\/","url":"https:\/\/todotrial.com\/tienda\/cierre-botas-gaerne-fastback-gx1-trial-plata\/","name":"CIERRE BOTAS GAERNE FASTBACK, GX1, TRIAL (PLATA) - Tienda de todotrial","isPartOf":{"@id":"https:\/\/todotrial.com\/tienda\/#website"},"primaryImageOfPage":{"@id":"https:\/\/todotrial.com\/tienda\/cierre-botas-gaerne-fastback-gx1-trial-plata\/#primaryimage"},"image":{"@id":"https:\/\/todotrial.com\/tienda\/cierre-botas-gaerne-fastback-gx1-trial-plata\/#primaryimage"},"thumbnailUrl":"https:\/\/todotrial.com\/tienda\/wp-content\/uploads\/2025\/02\/cierre-botas-gaerne-fastback-gx1-trial-plata.jpg","datePublished":"2025-02-19T12:02:00+00:00","dateModified":"2025-05-13T19:30:34+00:00","breadcrumb":{"@id":"https:\/\/todotrial.com\/tienda\/cierre-botas-gaerne-fastback-gx1-trial-plata\/#breadcrumb"},"inLanguage":"es","potentialAction":[{"@type":"ReadAction","target":["https:\/\/todotrial.com\/tienda\/cierre-botas-gaerne-fastback-gx1-trial-plata\/"]}]},{"@type":"ImageObject","inLanguage":"es","@id":"https:\/\/todotrial.com\/tienda\/cierre-botas-gaerne-fastback-gx1-trial-plata\/#primaryimage","url":"https:\/\/todotrial.com\/tienda\/wp-content\/uploads\/2025\/02\/cierre-botas-gaerne-fastback-gx1-trial-plata.jpg","contentUrl":"https:\/\/todotrial.com\/tienda\/wp-content\/uploads\/2025\/02\/cierre-botas-gaerne-fastback-gx1-trial-plata.jpg","width":1000,"height":1000,"caption":"CIERRE BOTAS GAERNE FASTBACK, GX1, TRIAL (PLATA)"},{"@type":"BreadcrumbList","@id":"https:\/\/todotrial.com\/tienda\/cierre-botas-gaerne-fastback-gx1-trial-plata\/#breadcrumb","itemListElement":[{"@type":"ListItem","position":1,"name":"Portada","item":"https:\/\/todotrial.com\/tienda\/"},{"@type":"ListItem","position":2,"name":"Shop","item":"https:\/\/todotrial.com\/tienda\/shop\/"},{"@type":"ListItem","position":3,"name":"CIERRE BOTAS GAERNE FASTBACK, GX1, TRIAL (PLATA)"}]},{"@type":"WebSite","@id":"https:\/\/todotrial.com\/tienda\/#website","url":"https:\/\/todotrial.com\/tienda\/","name":"Tienda de todotrial","description":"","potentialAction":[{"@type":"SearchAction","target":{"@type":"EntryPoint","urlTemplate":"https:\/\/todotrial.com\/tienda\/?s={search_term_string}"},"query-input":{"@type":"PropertyValueSpecification","valueRequired":true,"valueName":"search_term_string"}}],"inLanguage":"es"}]}},"_links":{"self":[{"href":"https:\/\/todotrial.com\/tienda\/wp-json\/wp\/v2\/product\/43079","targetHints":{"allow":["GET"]}}],"collection":[{"href":"https:\/\/todotrial.com\/tienda\/wp-json\/wp\/v2\/product"}],"about":[{"href":"https:\/\/todotrial.com\/tienda\/wp-json\/wp\/v2\/types\/product"}],"replies":[{"embeddable":true,"href":"https:\/\/todotrial.com\/tienda\/wp-json\/wp\/v2\/comments?post=43079"}],"version-history":[{"count":1,"href":"https:\/\/todotrial.com\/tienda\/wp-json\/wp\/v2\/product\/43079\/revisions"}],"predecessor-version":[{"id":55826,"href":"https:\/\/todotrial.com\/tienda\/wp-json\/wp\/v2\/product\/43079\/revisions\/55826"}],"wp:featuredmedia":[{"embeddable":true,"href":"https:\/\/todotrial.com\/tienda\/wp-json\/wp\/v2\/media\/44450"}],"wp:attachment":[{"href":"https:\/\/todotrial.com\/tienda\/wp-json\/wp\/v2\/media?parent=43079"}],"wp:term":[{"taxonomy":"product_brand","embeddable":true,"href":"https:\/\/todotrial.com\/tienda\/wp-json\/wp\/v2\/product_brand?post=43079"},{"taxonomy":"product_cat","embeddable":true,"href":"https:\/\/todotrial.com\/tienda\/wp-json\/wp\/v2\/product_cat?post=43079"},{"taxonomy":"product_tag","embeddable":true,"href":"https:\/\/todotrial.com\/tienda\/wp-json\/wp\/v2\/product_tag?post=43079"}],"curies":[{"name":"wp","href":"https:\/\/api.w.org\/{rel}","templated":true}]}}