{"id":43077,"date":"2025-02-19T13:02:00","date_gmt":"2025-02-19T12:02:00","guid":{"rendered":"https:\/\/todotrial.com\/tienda\/sin%20categor\u00eda\/cierre-botas-gaerne-balance-xtr-sg-22-rojo\/"},"modified":"2025-05-13T20:28:20","modified_gmt":"2025-05-13T19:28:20","slug":"cierre-botas-gaerne-balance-xtr-sg-22-rojo","status":"publish","type":"product","link":"https:\/\/todotrial.com\/tienda\/cierre-botas-gaerne-balance-xtr-sg-22-rojo\/","title":{"rendered":"CIERRE BOTAS GAERNE BALANCE XTR, SG-22 (ROJO)"},"content":{"rendered":"<p><span style=\"font-size:10pt;font-family:Arial, sans-serif;background-size:initial;\">Cierre para botas Gaerne Balance XTR y SG-22.<\/p>\n<p>1 Cierre + tornillos<br \/><strong><span>Color<\/span><\/strong><span style=\"background-size:initial;\">: rojo<\/p>\n<p><\/span><b><span style=\"font-size:10pt;background:#FFFFFF;\"><\/span>Sobre Gaerne<\/b><\/span><span style=\"font-size:9pt;font-family:Arial, sans-serif;\"><span style=\"font-size:10pt;font-family:Arial, sans-serif;background-size:initial;\"><br \/><\/span><span style=\"font-size:10pt;font-family:Arial, sans-serif;background:#FFFFFF;\"><span>1962. Del peque\u00f1o taller al mundo. Seis d\u00e9cadas de actividad repletas de \u00e9xitos en el mundo de las dos ruedas a motor y pedal. Son estos dos elementos los que caracterizan el logotipo dedicado a este aniversario especial.<\/span><\/span><span style=\"font-size:10pt;font-family:Arial, sans-serif;background:#FFFFFF;\"><span><br \/><\/span><\/span><span style=\"font-size:10pt;font-family:Arial, sans-serif;background-size:initial;\"><br \/><\/span><span style=\"font-size:10pt;font-family:Arial, sans-serif;background:#FFFFFF;\"><span>Ernesto ten\u00eda 30 a\u00f1os en octubre de 1962 cuando decidi\u00f3 emprender su propio negocio. Detr\u00e1s de \u00e9l, a pesar de su corta edad, una experiencia de m\u00e1s de 15 a\u00f1os en el campo del calzado laboral y de monta\u00f1a.<\/span><\/span><span style=\"font-size:10pt;font-family:Arial, sans-serif;background-size:initial;\"><\/p>\n<p><\/span><span style=\"font-size:10pt;font-family:Arial, sans-serif;background:#FFFFFF;\"><span>Una historia rom\u00e1ntica, que hoy la compa\u00f1\u00eda quiere consignar en el recuerdo gracias al logo, dise\u00f1ado espec\u00edficamente para la ocasi\u00f3n, y que flanquear\u00e1 a la famosa \u201cG\u201d en este 2022.<\/span><\/span><span style=\"font-size:10pt;font-family:Arial, sans-serif;background-size:initial;\"><\/p>\n<p><\/span><span style=\"font-size:10pt;font-family:Arial, sans-serif;background:#FFFFFF;\"><span>Hay dos motivos circulares caracterizados por una intersecci\u00f3n: una referencia al mundo de las dos ruedas a pedal y motor. Las primeras producciones de Gaerne se refer\u00edan, de hecho, a las botas de moto, luego, a principios de los a\u00f1os 80, se introdujeron las zapatillas de ciclismo de carretera y de monta\u00f1a.<\/span><\/span><span style=\"font-size:10pt;font-family:Arial, sans-serif;background-size:initial;\"><\/p>\n<p><\/span><span style=\"font-size:10pt;font-family:Arial, sans-serif;background:#FFFFFF;\"><span>En ese punto de encuentro entre las dos ruedas reside el alma de la empresa y la pasi\u00f3n que a lo largo de los a\u00f1os Cavalier Ernesto ha transmitido a sus colaboradores y socios internacionales. Para sancionar este v\u00ednculo entre el deporte y la tradici\u00f3n<\/span><span style=\"font-size:9pt;background-size:initial;\"><\/span><\/span><\/span><\/p>\n","protected":false},"excerpt":{"rendered":"<p>&#8211; CIERRE BOTAS GAERNE BALANCE XTR<br \/>&#8211; CIERRE BOTAS GAERNE SG-22 ROJO<br \/>&#8211; KIT CIERRE BOTAS GAERNE SG-22<\/p>\n","protected":false},"featured_media":44446,"comment_status":"open","ping_status":"closed","template":"","meta":[],"product_brand":[],"product_cat":[11446,11393],"product_tag":[],"class_list":{"0":"post-43077","1":"product","2":"type-product","3":"status-publish","4":"has-post-thumbnail","6":"product_cat-botas-equipacion","7":"product_cat-equipacion-moto","9":"first","10":"instock","11":"sale","12":"taxable","13":"shipping-taxable","14":"purchasable","15":"product-type-simple"},"yoast_head":"<!-- This site is optimized with the Yoast SEO Premium plugin v21.2 (Yoast SEO v27.4) - https:\/\/yoast.com\/product\/yoast-seo-premium-wordpress\/ -->\n<title>CIERRE BOTAS GAERNE BALANCE XTR, SG-22 (ROJO) - Tienda de todotrial<\/title>\n<meta name=\"robots\" content=\"index, follow, max-snippet:-1, max-image-preview:large, max-video-preview:-1\" \/>\n<link rel=\"canonical\" href=\"https:\/\/todotrial.com\/tienda\/cierre-botas-gaerne-balance-xtr-sg-22-rojo\/\" \/>\n<meta property=\"og:locale\" content=\"es_ES\" \/>\n<meta property=\"og:type\" content=\"article\" \/>\n<meta property=\"og:title\" content=\"CIERRE BOTAS GAERNE BALANCE XTR, SG-22 (ROJO)\" \/>\n<meta property=\"og:description\" content=\"- CIERRE BOTAS GAERNE BALANCE XTR- CIERRE BOTAS GAERNE SG-22 ROJO- KIT CIERRE BOTAS GAERNE SG-22\" \/>\n<meta property=\"og:url\" content=\"https:\/\/todotrial.com\/tienda\/cierre-botas-gaerne-balance-xtr-sg-22-rojo\/\" \/>\n<meta property=\"og:site_name\" content=\"Tienda de todotrial\" \/>\n<meta property=\"article:modified_time\" content=\"2025-05-13T19:28:20+00:00\" \/>\n<meta property=\"og:image\" content=\"https:\/\/todotrial.com\/tienda\/wp-content\/uploads\/2025\/02\/cierre-botas-gaerne-balance-xtr-sg-22-rojo.jpg\" \/>\n\t<meta property=\"og:image:width\" content=\"1000\" \/>\n\t<meta property=\"og:image:height\" content=\"1000\" \/>\n\t<meta property=\"og:image:type\" content=\"image\/jpeg\" \/>\n<meta name=\"twitter:card\" content=\"summary_large_image\" \/>\n<meta name=\"twitter:label1\" content=\"Tiempo de lectura\" \/>\n\t<meta name=\"twitter:data1\" content=\"1 minuto\" \/>\n<script type=\"application\/ld+json\" class=\"yoast-schema-graph\">{\"@context\":\"https:\\\/\\\/schema.org\",\"@graph\":[{\"@type\":\"WebPage\",\"@id\":\"https:\\\/\\\/todotrial.com\\\/tienda\\\/cierre-botas-gaerne-balance-xtr-sg-22-rojo\\\/\",\"url\":\"https:\\\/\\\/todotrial.com\\\/tienda\\\/cierre-botas-gaerne-balance-xtr-sg-22-rojo\\\/\",\"name\":\"CIERRE BOTAS GAERNE BALANCE XTR, SG-22 (ROJO) - Tienda de todotrial\",\"isPartOf\":{\"@id\":\"https:\\\/\\\/todotrial.com\\\/tienda\\\/#website\"},\"primaryImageOfPage\":{\"@id\":\"https:\\\/\\\/todotrial.com\\\/tienda\\\/cierre-botas-gaerne-balance-xtr-sg-22-rojo\\\/#primaryimage\"},\"image\":{\"@id\":\"https:\\\/\\\/todotrial.com\\\/tienda\\\/cierre-botas-gaerne-balance-xtr-sg-22-rojo\\\/#primaryimage\"},\"thumbnailUrl\":\"https:\\\/\\\/todotrial.com\\\/tienda\\\/wp-content\\\/uploads\\\/2025\\\/02\\\/cierre-botas-gaerne-balance-xtr-sg-22-rojo.jpg\",\"datePublished\":\"2025-02-19T12:02:00+00:00\",\"dateModified\":\"2025-05-13T19:28:20+00:00\",\"breadcrumb\":{\"@id\":\"https:\\\/\\\/todotrial.com\\\/tienda\\\/cierre-botas-gaerne-balance-xtr-sg-22-rojo\\\/#breadcrumb\"},\"inLanguage\":\"es\",\"potentialAction\":[{\"@type\":\"ReadAction\",\"target\":[\"https:\\\/\\\/todotrial.com\\\/tienda\\\/cierre-botas-gaerne-balance-xtr-sg-22-rojo\\\/\"]}]},{\"@type\":\"ImageObject\",\"inLanguage\":\"es\",\"@id\":\"https:\\\/\\\/todotrial.com\\\/tienda\\\/cierre-botas-gaerne-balance-xtr-sg-22-rojo\\\/#primaryimage\",\"url\":\"https:\\\/\\\/todotrial.com\\\/tienda\\\/wp-content\\\/uploads\\\/2025\\\/02\\\/cierre-botas-gaerne-balance-xtr-sg-22-rojo.jpg\",\"contentUrl\":\"https:\\\/\\\/todotrial.com\\\/tienda\\\/wp-content\\\/uploads\\\/2025\\\/02\\\/cierre-botas-gaerne-balance-xtr-sg-22-rojo.jpg\",\"width\":1000,\"height\":1000,\"caption\":\"CIERRE BOTAS GAERNE BALANCE XTR, SG-22 (ROJO)\"},{\"@type\":\"BreadcrumbList\",\"@id\":\"https:\\\/\\\/todotrial.com\\\/tienda\\\/cierre-botas-gaerne-balance-xtr-sg-22-rojo\\\/#breadcrumb\",\"itemListElement\":[{\"@type\":\"ListItem\",\"position\":1,\"name\":\"Portada\",\"item\":\"https:\\\/\\\/todotrial.com\\\/tienda\\\/\"},{\"@type\":\"ListItem\",\"position\":2,\"name\":\"Shop\",\"item\":\"https:\\\/\\\/todotrial.com\\\/tienda\\\/shop\\\/\"},{\"@type\":\"ListItem\",\"position\":3,\"name\":\"CIERRE BOTAS GAERNE BALANCE XTR, SG-22 (ROJO)\"}]},{\"@type\":\"WebSite\",\"@id\":\"https:\\\/\\\/todotrial.com\\\/tienda\\\/#website\",\"url\":\"https:\\\/\\\/todotrial.com\\\/tienda\\\/\",\"name\":\"Tienda de todotrial\",\"description\":\"\",\"potentialAction\":[{\"@type\":\"SearchAction\",\"target\":{\"@type\":\"EntryPoint\",\"urlTemplate\":\"https:\\\/\\\/todotrial.com\\\/tienda\\\/?s={search_term_string}\"},\"query-input\":{\"@type\":\"PropertyValueSpecification\",\"valueRequired\":true,\"valueName\":\"search_term_string\"}}],\"inLanguage\":\"es\"}]}<\/script>\n<!-- \/ Yoast SEO Premium plugin. -->","yoast_head_json":{"title":"CIERRE BOTAS GAERNE BALANCE XTR, SG-22 (ROJO) - Tienda de todotrial","robots":{"index":"index","follow":"follow","max-snippet":"max-snippet:-1","max-image-preview":"max-image-preview:large","max-video-preview":"max-video-preview:-1"},"canonical":"https:\/\/todotrial.com\/tienda\/cierre-botas-gaerne-balance-xtr-sg-22-rojo\/","og_locale":"es_ES","og_type":"article","og_title":"CIERRE BOTAS GAERNE BALANCE XTR, SG-22 (ROJO)","og_description":"- CIERRE BOTAS GAERNE BALANCE XTR- CIERRE BOTAS GAERNE SG-22 ROJO- KIT CIERRE BOTAS GAERNE SG-22","og_url":"https:\/\/todotrial.com\/tienda\/cierre-botas-gaerne-balance-xtr-sg-22-rojo\/","og_site_name":"Tienda de todotrial","article_modified_time":"2025-05-13T19:28:20+00:00","og_image":[{"width":1000,"height":1000,"url":"https:\/\/todotrial.com\/tienda\/wp-content\/uploads\/2025\/02\/cierre-botas-gaerne-balance-xtr-sg-22-rojo.jpg","type":"image\/jpeg"}],"twitter_card":"summary_large_image","twitter_misc":{"Tiempo de lectura":"1 minuto"},"schema":{"@context":"https:\/\/schema.org","@graph":[{"@type":"WebPage","@id":"https:\/\/todotrial.com\/tienda\/cierre-botas-gaerne-balance-xtr-sg-22-rojo\/","url":"https:\/\/todotrial.com\/tienda\/cierre-botas-gaerne-balance-xtr-sg-22-rojo\/","name":"CIERRE BOTAS GAERNE BALANCE XTR, SG-22 (ROJO) - Tienda de todotrial","isPartOf":{"@id":"https:\/\/todotrial.com\/tienda\/#website"},"primaryImageOfPage":{"@id":"https:\/\/todotrial.com\/tienda\/cierre-botas-gaerne-balance-xtr-sg-22-rojo\/#primaryimage"},"image":{"@id":"https:\/\/todotrial.com\/tienda\/cierre-botas-gaerne-balance-xtr-sg-22-rojo\/#primaryimage"},"thumbnailUrl":"https:\/\/todotrial.com\/tienda\/wp-content\/uploads\/2025\/02\/cierre-botas-gaerne-balance-xtr-sg-22-rojo.jpg","datePublished":"2025-02-19T12:02:00+00:00","dateModified":"2025-05-13T19:28:20+00:00","breadcrumb":{"@id":"https:\/\/todotrial.com\/tienda\/cierre-botas-gaerne-balance-xtr-sg-22-rojo\/#breadcrumb"},"inLanguage":"es","potentialAction":[{"@type":"ReadAction","target":["https:\/\/todotrial.com\/tienda\/cierre-botas-gaerne-balance-xtr-sg-22-rojo\/"]}]},{"@type":"ImageObject","inLanguage":"es","@id":"https:\/\/todotrial.com\/tienda\/cierre-botas-gaerne-balance-xtr-sg-22-rojo\/#primaryimage","url":"https:\/\/todotrial.com\/tienda\/wp-content\/uploads\/2025\/02\/cierre-botas-gaerne-balance-xtr-sg-22-rojo.jpg","contentUrl":"https:\/\/todotrial.com\/tienda\/wp-content\/uploads\/2025\/02\/cierre-botas-gaerne-balance-xtr-sg-22-rojo.jpg","width":1000,"height":1000,"caption":"CIERRE BOTAS GAERNE BALANCE XTR, SG-22 (ROJO)"},{"@type":"BreadcrumbList","@id":"https:\/\/todotrial.com\/tienda\/cierre-botas-gaerne-balance-xtr-sg-22-rojo\/#breadcrumb","itemListElement":[{"@type":"ListItem","position":1,"name":"Portada","item":"https:\/\/todotrial.com\/tienda\/"},{"@type":"ListItem","position":2,"name":"Shop","item":"https:\/\/todotrial.com\/tienda\/shop\/"},{"@type":"ListItem","position":3,"name":"CIERRE BOTAS GAERNE BALANCE XTR, SG-22 (ROJO)"}]},{"@type":"WebSite","@id":"https:\/\/todotrial.com\/tienda\/#website","url":"https:\/\/todotrial.com\/tienda\/","name":"Tienda de todotrial","description":"","potentialAction":[{"@type":"SearchAction","target":{"@type":"EntryPoint","urlTemplate":"https:\/\/todotrial.com\/tienda\/?s={search_term_string}"},"query-input":{"@type":"PropertyValueSpecification","valueRequired":true,"valueName":"search_term_string"}}],"inLanguage":"es"}]}},"_links":{"self":[{"href":"https:\/\/todotrial.com\/tienda\/wp-json\/wp\/v2\/product\/43077","targetHints":{"allow":["GET"]}}],"collection":[{"href":"https:\/\/todotrial.com\/tienda\/wp-json\/wp\/v2\/product"}],"about":[{"href":"https:\/\/todotrial.com\/tienda\/wp-json\/wp\/v2\/types\/product"}],"replies":[{"embeddable":true,"href":"https:\/\/todotrial.com\/tienda\/wp-json\/wp\/v2\/comments?post=43077"}],"version-history":[{"count":1,"href":"https:\/\/todotrial.com\/tienda\/wp-json\/wp\/v2\/product\/43077\/revisions"}],"predecessor-version":[{"id":54216,"href":"https:\/\/todotrial.com\/tienda\/wp-json\/wp\/v2\/product\/43077\/revisions\/54216"}],"wp:featuredmedia":[{"embeddable":true,"href":"https:\/\/todotrial.com\/tienda\/wp-json\/wp\/v2\/media\/44446"}],"wp:attachment":[{"href":"https:\/\/todotrial.com\/tienda\/wp-json\/wp\/v2\/media?parent=43077"}],"wp:term":[{"taxonomy":"product_brand","embeddable":true,"href":"https:\/\/todotrial.com\/tienda\/wp-json\/wp\/v2\/product_brand?post=43077"},{"taxonomy":"product_cat","embeddable":true,"href":"https:\/\/todotrial.com\/tienda\/wp-json\/wp\/v2\/product_cat?post=43077"},{"taxonomy":"product_tag","embeddable":true,"href":"https:\/\/todotrial.com\/tienda\/wp-json\/wp\/v2\/product_tag?post=43077"}],"curies":[{"name":"wp","href":"https:\/\/api.w.org\/{rel}","templated":true}]}}