{"id":43053,"date":"2025-02-19T13:02:00","date_gmt":"2025-02-19T12:02:00","guid":{"rendered":"https:\/\/todotrial.com\/tienda\/sin%20categor\u00eda\/calcetines-cortos-gaerne\/"},"modified":"2025-05-13T20:31:37","modified_gmt":"2025-05-13T19:31:37","slug":"calcetines-cortos-gaerne","status":"publish","type":"product","link":"https:\/\/todotrial.com\/tienda\/calcetines-cortos-gaerne\/","title":{"rendered":"CALCETINES CORTOS GAERNE"},"content":{"rendered":"<p>Calcetines t\u00e9cnicos, dise\u00f1ados espec\u00edficamente por Gaerne para los pilotos de motocross de todo el mundo. El acolchado adicional en los lugares correctos, le brinda la m\u00e1xima comodidad para un mayor rendimiento. <\/p>\n<p><strong>Material:<\/strong><br \/>&#8211; 70% poli\u00e9ster <br \/>\u2028- 21% poliamida <br \/>\u2028- 5% el\u00e1stico <br \/>\u2028- 4% elastom de nylon<\/p>\n","protected":false},"excerpt":{"rendered":"<p>Calcetines t\u00e9cnicos, dise\u00f1ados espec\u00edficamente por Gaerne para los pilotos de motocross de todo el mundo. El acolchado adicional en los lugares correctos, le brinda la m\u00e1xima comodidad para un mayor rendimiento. Material:&#8211; 70% poli\u00e9ster \u2028- 21% poliamida \u2028- 5% el\u00e1stico \u2028- 4% elastom de nylon<\/p>\n","protected":false},"featured_media":44398,"comment_status":"open","ping_status":"closed","template":"","meta":[],"product_brand":[],"product_cat":[11446,11393],"product_tag":[],"class_list":{"0":"post-43053","1":"product","2":"type-product","3":"status-publish","4":"has-post-thumbnail","6":"product_cat-botas-equipacion","7":"product_cat-equipacion-moto","9":"first","10":"instock","11":"sale","12":"taxable","13":"shipping-taxable","14":"purchasable","15":"product-type-simple"},"yoast_head":"<!-- This site is optimized with the Yoast SEO Premium plugin v21.2 (Yoast SEO v27.4) - https:\/\/yoast.com\/product\/yoast-seo-premium-wordpress\/ -->\n<title>CALCETINES CORTOS GAERNE - Tienda de todotrial<\/title>\n<meta name=\"robots\" content=\"index, follow, max-snippet:-1, max-image-preview:large, max-video-preview:-1\" \/>\n<link rel=\"canonical\" href=\"https:\/\/todotrial.com\/tienda\/calcetines-cortos-gaerne\/\" \/>\n<meta property=\"og:locale\" content=\"es_ES\" \/>\n<meta property=\"og:type\" content=\"article\" \/>\n<meta property=\"og:title\" content=\"CALCETINES CORTOS GAERNE\" \/>\n<meta property=\"og:description\" content=\"Calcetines t\u00e9cnicos, dise\u00f1ados espec\u00edficamente por Gaerne para los pilotos de motocross de todo el mundo. El acolchado adicional en los lugares correctos, le brinda la m\u00e1xima comodidad para un mayor rendimiento. Material:&#8211; 70% poli\u00e9ster \u2028- 21% poliamida \u2028- 5% el\u00e1stico \u2028- 4% elastom de nylon\" \/>\n<meta property=\"og:url\" content=\"https:\/\/todotrial.com\/tienda\/calcetines-cortos-gaerne\/\" \/>\n<meta property=\"og:site_name\" content=\"Tienda de todotrial\" \/>\n<meta property=\"article:modified_time\" content=\"2025-05-13T19:31:37+00:00\" \/>\n<meta property=\"og:image\" content=\"https:\/\/todotrial.com\/tienda\/wp-content\/uploads\/2025\/02\/calcetines-cortos-gaerne.jpg\" \/>\n\t<meta property=\"og:image:width\" content=\"1000\" \/>\n\t<meta property=\"og:image:height\" content=\"1000\" \/>\n\t<meta property=\"og:image:type\" content=\"image\/jpeg\" \/>\n<meta name=\"twitter:card\" content=\"summary_large_image\" \/>\n<script type=\"application\/ld+json\" class=\"yoast-schema-graph\">{\"@context\":\"https:\\\/\\\/schema.org\",\"@graph\":[{\"@type\":\"WebPage\",\"@id\":\"https:\\\/\\\/todotrial.com\\\/tienda\\\/calcetines-cortos-gaerne\\\/\",\"url\":\"https:\\\/\\\/todotrial.com\\\/tienda\\\/calcetines-cortos-gaerne\\\/\",\"name\":\"CALCETINES CORTOS GAERNE - Tienda de todotrial\",\"isPartOf\":{\"@id\":\"https:\\\/\\\/todotrial.com\\\/tienda\\\/#website\"},\"primaryImageOfPage\":{\"@id\":\"https:\\\/\\\/todotrial.com\\\/tienda\\\/calcetines-cortos-gaerne\\\/#primaryimage\"},\"image\":{\"@id\":\"https:\\\/\\\/todotrial.com\\\/tienda\\\/calcetines-cortos-gaerne\\\/#primaryimage\"},\"thumbnailUrl\":\"https:\\\/\\\/todotrial.com\\\/tienda\\\/wp-content\\\/uploads\\\/2025\\\/02\\\/calcetines-cortos-gaerne.jpg\",\"datePublished\":\"2025-02-19T12:02:00+00:00\",\"dateModified\":\"2025-05-13T19:31:37+00:00\",\"breadcrumb\":{\"@id\":\"https:\\\/\\\/todotrial.com\\\/tienda\\\/calcetines-cortos-gaerne\\\/#breadcrumb\"},\"inLanguage\":\"es\",\"potentialAction\":[{\"@type\":\"ReadAction\",\"target\":[\"https:\\\/\\\/todotrial.com\\\/tienda\\\/calcetines-cortos-gaerne\\\/\"]}]},{\"@type\":\"ImageObject\",\"inLanguage\":\"es\",\"@id\":\"https:\\\/\\\/todotrial.com\\\/tienda\\\/calcetines-cortos-gaerne\\\/#primaryimage\",\"url\":\"https:\\\/\\\/todotrial.com\\\/tienda\\\/wp-content\\\/uploads\\\/2025\\\/02\\\/calcetines-cortos-gaerne.jpg\",\"contentUrl\":\"https:\\\/\\\/todotrial.com\\\/tienda\\\/wp-content\\\/uploads\\\/2025\\\/02\\\/calcetines-cortos-gaerne.jpg\",\"width\":1000,\"height\":1000,\"caption\":\"CALCETINES CORTOS GAERNE\"},{\"@type\":\"BreadcrumbList\",\"@id\":\"https:\\\/\\\/todotrial.com\\\/tienda\\\/calcetines-cortos-gaerne\\\/#breadcrumb\",\"itemListElement\":[{\"@type\":\"ListItem\",\"position\":1,\"name\":\"Portada\",\"item\":\"https:\\\/\\\/todotrial.com\\\/tienda\\\/\"},{\"@type\":\"ListItem\",\"position\":2,\"name\":\"Shop\",\"item\":\"https:\\\/\\\/todotrial.com\\\/tienda\\\/shop\\\/\"},{\"@type\":\"ListItem\",\"position\":3,\"name\":\"CALCETINES CORTOS GAERNE\"}]},{\"@type\":\"WebSite\",\"@id\":\"https:\\\/\\\/todotrial.com\\\/tienda\\\/#website\",\"url\":\"https:\\\/\\\/todotrial.com\\\/tienda\\\/\",\"name\":\"Tienda de todotrial\",\"description\":\"\",\"potentialAction\":[{\"@type\":\"SearchAction\",\"target\":{\"@type\":\"EntryPoint\",\"urlTemplate\":\"https:\\\/\\\/todotrial.com\\\/tienda\\\/?s={search_term_string}\"},\"query-input\":{\"@type\":\"PropertyValueSpecification\",\"valueRequired\":true,\"valueName\":\"search_term_string\"}}],\"inLanguage\":\"es\"}]}<\/script>\n<!-- \/ Yoast SEO Premium plugin. -->","yoast_head_json":{"title":"CALCETINES CORTOS GAERNE - Tienda de todotrial","robots":{"index":"index","follow":"follow","max-snippet":"max-snippet:-1","max-image-preview":"max-image-preview:large","max-video-preview":"max-video-preview:-1"},"canonical":"https:\/\/todotrial.com\/tienda\/calcetines-cortos-gaerne\/","og_locale":"es_ES","og_type":"article","og_title":"CALCETINES CORTOS GAERNE","og_description":"Calcetines t\u00e9cnicos, dise\u00f1ados espec\u00edficamente por Gaerne para los pilotos de motocross de todo el mundo. El acolchado adicional en los lugares correctos, le brinda la m\u00e1xima comodidad para un mayor rendimiento. Material:&#8211; 70% poli\u00e9ster \u2028- 21% poliamida \u2028- 5% el\u00e1stico \u2028- 4% elastom de nylon","og_url":"https:\/\/todotrial.com\/tienda\/calcetines-cortos-gaerne\/","og_site_name":"Tienda de todotrial","article_modified_time":"2025-05-13T19:31:37+00:00","og_image":[{"width":1000,"height":1000,"url":"https:\/\/todotrial.com\/tienda\/wp-content\/uploads\/2025\/02\/calcetines-cortos-gaerne.jpg","type":"image\/jpeg"}],"twitter_card":"summary_large_image","schema":{"@context":"https:\/\/schema.org","@graph":[{"@type":"WebPage","@id":"https:\/\/todotrial.com\/tienda\/calcetines-cortos-gaerne\/","url":"https:\/\/todotrial.com\/tienda\/calcetines-cortos-gaerne\/","name":"CALCETINES CORTOS GAERNE - Tienda de todotrial","isPartOf":{"@id":"https:\/\/todotrial.com\/tienda\/#website"},"primaryImageOfPage":{"@id":"https:\/\/todotrial.com\/tienda\/calcetines-cortos-gaerne\/#primaryimage"},"image":{"@id":"https:\/\/todotrial.com\/tienda\/calcetines-cortos-gaerne\/#primaryimage"},"thumbnailUrl":"https:\/\/todotrial.com\/tienda\/wp-content\/uploads\/2025\/02\/calcetines-cortos-gaerne.jpg","datePublished":"2025-02-19T12:02:00+00:00","dateModified":"2025-05-13T19:31:37+00:00","breadcrumb":{"@id":"https:\/\/todotrial.com\/tienda\/calcetines-cortos-gaerne\/#breadcrumb"},"inLanguage":"es","potentialAction":[{"@type":"ReadAction","target":["https:\/\/todotrial.com\/tienda\/calcetines-cortos-gaerne\/"]}]},{"@type":"ImageObject","inLanguage":"es","@id":"https:\/\/todotrial.com\/tienda\/calcetines-cortos-gaerne\/#primaryimage","url":"https:\/\/todotrial.com\/tienda\/wp-content\/uploads\/2025\/02\/calcetines-cortos-gaerne.jpg","contentUrl":"https:\/\/todotrial.com\/tienda\/wp-content\/uploads\/2025\/02\/calcetines-cortos-gaerne.jpg","width":1000,"height":1000,"caption":"CALCETINES CORTOS GAERNE"},{"@type":"BreadcrumbList","@id":"https:\/\/todotrial.com\/tienda\/calcetines-cortos-gaerne\/#breadcrumb","itemListElement":[{"@type":"ListItem","position":1,"name":"Portada","item":"https:\/\/todotrial.com\/tienda\/"},{"@type":"ListItem","position":2,"name":"Shop","item":"https:\/\/todotrial.com\/tienda\/shop\/"},{"@type":"ListItem","position":3,"name":"CALCETINES CORTOS GAERNE"}]},{"@type":"WebSite","@id":"https:\/\/todotrial.com\/tienda\/#website","url":"https:\/\/todotrial.com\/tienda\/","name":"Tienda de todotrial","description":"","potentialAction":[{"@type":"SearchAction","target":{"@type":"EntryPoint","urlTemplate":"https:\/\/todotrial.com\/tienda\/?s={search_term_string}"},"query-input":{"@type":"PropertyValueSpecification","valueRequired":true,"valueName":"search_term_string"}}],"inLanguage":"es"}]}},"_links":{"self":[{"href":"https:\/\/todotrial.com\/tienda\/wp-json\/wp\/v2\/product\/43053","targetHints":{"allow":["GET"]}}],"collection":[{"href":"https:\/\/todotrial.com\/tienda\/wp-json\/wp\/v2\/product"}],"about":[{"href":"https:\/\/todotrial.com\/tienda\/wp-json\/wp\/v2\/types\/product"}],"replies":[{"embeddable":true,"href":"https:\/\/todotrial.com\/tienda\/wp-json\/wp\/v2\/comments?post=43053"}],"version-history":[{"count":1,"href":"https:\/\/todotrial.com\/tienda\/wp-json\/wp\/v2\/product\/43053\/revisions"}],"predecessor-version":[{"id":55829,"href":"https:\/\/todotrial.com\/tienda\/wp-json\/wp\/v2\/product\/43053\/revisions\/55829"}],"wp:featuredmedia":[{"embeddable":true,"href":"https:\/\/todotrial.com\/tienda\/wp-json\/wp\/v2\/media\/44398"}],"wp:attachment":[{"href":"https:\/\/todotrial.com\/tienda\/wp-json\/wp\/v2\/media?parent=43053"}],"wp:term":[{"taxonomy":"product_brand","embeddable":true,"href":"https:\/\/todotrial.com\/tienda\/wp-json\/wp\/v2\/product_brand?post=43053"},{"taxonomy":"product_cat","embeddable":true,"href":"https:\/\/todotrial.com\/tienda\/wp-json\/wp\/v2\/product_cat?post=43053"},{"taxonomy":"product_tag","embeddable":true,"href":"https:\/\/todotrial.com\/tienda\/wp-json\/wp\/v2\/product_tag?post=43053"}],"curies":[{"name":"wp","href":"https:\/\/api.w.org\/{rel}","templated":true}]}}