{"id":43019,"date":"2025-02-19T13:02:00","date_gmt":"2025-02-19T12:02:00","guid":{"rendered":"https:\/\/todotrial.com\/tienda\/sin%20categor\u00eda\/botas-trial-gaerne-balance-pro-tech-negro\/"},"modified":"2025-05-13T20:49:04","modified_gmt":"2025-05-13T19:49:04","slug":"botas-trial-gaerne-balance-pro-tech-negro","status":"publish","type":"product","link":"https:\/\/todotrial.com\/tienda\/botas-trial-gaerne-balance-pro-tech-negro\/","title":{"rendered":"BOTAS TRIAL GAERNE BALANCE PRO TECH (NEGRO)"},"content":{"rendered":"<p class=\"p2\" style=\"margin:0px;font-size:12px;line-height:normal;font-family:Arial;background-color:#f7f9fa;\">Las Balance Pro Tech son unas botas de trial que elevan tu experiencia de conducci\u00f3n a nuevas alturas. Dise\u00f1adas con precisi\u00f3n y pensadas para el rendimiento, estas botas ofrecen una versatilidad que se extiende m\u00e1s all\u00e1 del trial, lo que las hace adecuadas tambi\u00e9n para deportes duales y veh\u00edculos ATV.<\/p>\n<p>Confeccionadas con cuero, su parte superior se complementa con una placa de espinilla de PU con forma anat\u00f3mica que brinda un soporte robusto, adem\u00e1s, incluye una zona de la puntera reforzada, soporte para los mal\u00e9olos e inserciones de microfibra estrat\u00e9gicamente ubicadas, optimizando la flexibilidad y la comodidad general durante el uso.<\/p>\n<p>El sistema de cierre cuenta con tres hebillas de aleaci\u00f3n ligeras y ajustables que son reemplazables, lo que facilita un cierre sin esfuerzo, r\u00e1pido y preciso. Adem\u00e1s, la correa de velcro superior permite un ajuste de cierre personalizado para adaptarse a las preferencias individuales.<\/p>\n<p>El forro interior transpirable mejora la circulaci\u00f3n del aire y promueve la comodidad general durante salidas largas.<\/p>\n<p>La construcci\u00f3n artesanal Ideal de Gaerne, una t\u00e9cnica perfeccionada desde 1962, garantiza la creaci\u00f3n de estructuras de suela resistentes y duraderas para las botas Gaerne. Este compromiso inquebrantable con la calidad artesanal y la durabilidad se ha convertido en un sello distintivo del calzado Gaerne. Adem\u00e1s, este m\u00e9todo de construcci\u00f3n permite una f\u00e1cil resoluci\u00f3n, lo que proporciona una v\u00eda para revitalizar las botas y prolongar su vida \u00fatil.<\/p>\n<p>La suela de trial de goma Gaerne, dise\u00f1ada con un compuesto espec\u00edfico, asegura un agarre antideslizante, garantizando una sensaci\u00f3n y un control de la moto excepcionales. Esta suela eleva la tracci\u00f3n y la estabilidad, lo que permite al piloto mantener el control y la confianza en diversas condiciones de conducci\u00f3n.<\/p>\n<p>Certificado CE seg\u00fan EN 13634:2017 y Reglamento UE 2016\/425<br \/>Las botas Balance Pro Tech est\u00e1n orgullosamente fabricadas en Italia.<\/p>\n<p><b>Sobre Gaerne<br \/><\/b>1962. Del peque\u00f1o taller al mundo. Seis d\u00e9cadas de actividad repletas de \u00e9xitos en el mundo de las dos ruedas a motor y pedal. Son estos dos elementos los que caracterizan el logotipo dedicado a este aniversario especial.<\/p>\n<p>Ernesto ten\u00eda 30 a\u00f1os en octubre de 1962 cuando decidi\u00f3 emprender su propio negocio. Detr\u00e1s de \u00e9l, a pesar de su corta edad, una experiencia de m\u00e1s de 15 a\u00f1os en el campo del calzado laboral y de monta\u00f1a.<\/p>\n<p>Una historia rom\u00e1ntica, que hoy la compa\u00f1\u00eda quiso consignar en el recuerdo gracias al logo, dise\u00f1ado espec\u00edficamente para la ocasi\u00f3n, y que flanquea a la famosa \u201cG\u201d desde 2022.<\/p>\n<p>Hay dos motivos circulares caracterizados por una intersecci\u00f3n: una referencia al mundo de las dos ruedas a pedal y motor. Las primeras producciones de Gaerne se refer\u00edan, de hecho, a las botas de moto, luego, a principios de los a\u00f1os 80, se introdujeron las zapatillas de ciclismo de carretera y de monta\u00f1a.<\/p>\n<p>En ese punto de encuentro entre las dos ruedas reside el alma de la empresa y la pasi\u00f3n que a lo largo de los a\u00f1os Cavalier Ernesto ha transmitido a sus colaboradores y socios internacionales.<\/p>\n","protected":false},"excerpt":{"rendered":"<p class=\"p1\" style=\"margin:0px;line-height:normal;font-family:Arial;\"><span class=\"s1\">&#8211; BOTAS DE TRIAL DE PIEL<br \/>&#8211; BOTAS GAERNE DE TRIAL<br \/>&#8211; BOTAS GAERNE TRIAL NEGRAS<\/span><\/p>\n<p class=\"p1\" style=\"margin:0px;line-height:normal;font-family:Arial;\"><span class=\"s1\">&#8211; BOTAS GAERNE BALANCE PRO TECH<\/span><\/p>\n","protected":false},"featured_media":44330,"comment_status":"open","ping_status":"closed","template":"","meta":[],"product_brand":[],"product_cat":[11446],"product_tag":[],"class_list":{"0":"post-43019","1":"product","2":"type-product","3":"status-publish","4":"has-post-thumbnail","6":"product_cat-botas-equipacion","8":"first","9":"instock","10":"sale","11":"taxable","12":"shipping-taxable","13":"purchasable","14":"product-type-simple"},"yoast_head":"<!-- This site is optimized with the Yoast SEO Premium plugin v21.2 (Yoast SEO v27.4) - https:\/\/yoast.com\/product\/yoast-seo-premium-wordpress\/ -->\n<title>BOTAS TRIAL GAERNE BALANCE PRO TECH (NEGRO) - Tienda de todotrial<\/title>\n<meta name=\"robots\" content=\"index, follow, max-snippet:-1, max-image-preview:large, max-video-preview:-1\" \/>\n<link rel=\"canonical\" href=\"https:\/\/todotrial.com\/tienda\/botas-trial-gaerne-balance-pro-tech-negro\/\" \/>\n<meta property=\"og:locale\" content=\"es_ES\" \/>\n<meta property=\"og:type\" content=\"article\" \/>\n<meta property=\"og:title\" content=\"BOTAS TRIAL GAERNE BALANCE PRO TECH (NEGRO)\" \/>\n<meta property=\"og:description\" content=\"- BOTAS DE TRIAL DE PIEL- BOTAS GAERNE DE TRIAL- BOTAS GAERNE TRIAL NEGRAS - BOTAS GAERNE BALANCE PRO TECH\" \/>\n<meta property=\"og:url\" content=\"https:\/\/todotrial.com\/tienda\/botas-trial-gaerne-balance-pro-tech-negro\/\" \/>\n<meta property=\"og:site_name\" content=\"Tienda de todotrial\" \/>\n<meta property=\"article:modified_time\" content=\"2025-05-13T19:49:04+00:00\" \/>\n<meta property=\"og:image\" content=\"https:\/\/todotrial.com\/tienda\/wp-content\/uploads\/2025\/02\/botas-trial-gaerne-balance-pro-tech-negro.jpg\" \/>\n\t<meta property=\"og:image:width\" content=\"1000\" \/>\n\t<meta property=\"og:image:height\" content=\"1000\" \/>\n\t<meta property=\"og:image:type\" content=\"image\/jpeg\" \/>\n<meta name=\"twitter:card\" content=\"summary_large_image\" \/>\n<meta name=\"twitter:label1\" content=\"Tiempo de lectura\" \/>\n\t<meta name=\"twitter:data1\" content=\"3 minutos\" \/>\n<script type=\"application\/ld+json\" class=\"yoast-schema-graph\">{\"@context\":\"https:\\\/\\\/schema.org\",\"@graph\":[{\"@type\":\"WebPage\",\"@id\":\"https:\\\/\\\/todotrial.com\\\/tienda\\\/botas-trial-gaerne-balance-pro-tech-negro\\\/\",\"url\":\"https:\\\/\\\/todotrial.com\\\/tienda\\\/botas-trial-gaerne-balance-pro-tech-negro\\\/\",\"name\":\"BOTAS TRIAL GAERNE BALANCE PRO TECH (NEGRO) - Tienda de todotrial\",\"isPartOf\":{\"@id\":\"https:\\\/\\\/todotrial.com\\\/tienda\\\/#website\"},\"primaryImageOfPage\":{\"@id\":\"https:\\\/\\\/todotrial.com\\\/tienda\\\/botas-trial-gaerne-balance-pro-tech-negro\\\/#primaryimage\"},\"image\":{\"@id\":\"https:\\\/\\\/todotrial.com\\\/tienda\\\/botas-trial-gaerne-balance-pro-tech-negro\\\/#primaryimage\"},\"thumbnailUrl\":\"https:\\\/\\\/todotrial.com\\\/tienda\\\/wp-content\\\/uploads\\\/2025\\\/02\\\/botas-trial-gaerne-balance-pro-tech-negro.jpg\",\"datePublished\":\"2025-02-19T12:02:00+00:00\",\"dateModified\":\"2025-05-13T19:49:04+00:00\",\"breadcrumb\":{\"@id\":\"https:\\\/\\\/todotrial.com\\\/tienda\\\/botas-trial-gaerne-balance-pro-tech-negro\\\/#breadcrumb\"},\"inLanguage\":\"es\",\"potentialAction\":[{\"@type\":\"ReadAction\",\"target\":[\"https:\\\/\\\/todotrial.com\\\/tienda\\\/botas-trial-gaerne-balance-pro-tech-negro\\\/\"]}]},{\"@type\":\"ImageObject\",\"inLanguage\":\"es\",\"@id\":\"https:\\\/\\\/todotrial.com\\\/tienda\\\/botas-trial-gaerne-balance-pro-tech-negro\\\/#primaryimage\",\"url\":\"https:\\\/\\\/todotrial.com\\\/tienda\\\/wp-content\\\/uploads\\\/2025\\\/02\\\/botas-trial-gaerne-balance-pro-tech-negro.jpg\",\"contentUrl\":\"https:\\\/\\\/todotrial.com\\\/tienda\\\/wp-content\\\/uploads\\\/2025\\\/02\\\/botas-trial-gaerne-balance-pro-tech-negro.jpg\",\"width\":1000,\"height\":1000,\"caption\":\"BOTAS TRIAL GAERNE BALANCE PRO TECH (NEGRO)\"},{\"@type\":\"BreadcrumbList\",\"@id\":\"https:\\\/\\\/todotrial.com\\\/tienda\\\/botas-trial-gaerne-balance-pro-tech-negro\\\/#breadcrumb\",\"itemListElement\":[{\"@type\":\"ListItem\",\"position\":1,\"name\":\"Portada\",\"item\":\"https:\\\/\\\/todotrial.com\\\/tienda\\\/\"},{\"@type\":\"ListItem\",\"position\":2,\"name\":\"Shop\",\"item\":\"https:\\\/\\\/todotrial.com\\\/tienda\\\/shop\\\/\"},{\"@type\":\"ListItem\",\"position\":3,\"name\":\"BOTAS TRIAL GAERNE BALANCE PRO TECH (NEGRO)\"}]},{\"@type\":\"WebSite\",\"@id\":\"https:\\\/\\\/todotrial.com\\\/tienda\\\/#website\",\"url\":\"https:\\\/\\\/todotrial.com\\\/tienda\\\/\",\"name\":\"Tienda de todotrial\",\"description\":\"\",\"potentialAction\":[{\"@type\":\"SearchAction\",\"target\":{\"@type\":\"EntryPoint\",\"urlTemplate\":\"https:\\\/\\\/todotrial.com\\\/tienda\\\/?s={search_term_string}\"},\"query-input\":{\"@type\":\"PropertyValueSpecification\",\"valueRequired\":true,\"valueName\":\"search_term_string\"}}],\"inLanguage\":\"es\"}]}<\/script>\n<!-- \/ Yoast SEO Premium plugin. -->","yoast_head_json":{"title":"BOTAS TRIAL GAERNE BALANCE PRO TECH (NEGRO) - Tienda de todotrial","robots":{"index":"index","follow":"follow","max-snippet":"max-snippet:-1","max-image-preview":"max-image-preview:large","max-video-preview":"max-video-preview:-1"},"canonical":"https:\/\/todotrial.com\/tienda\/botas-trial-gaerne-balance-pro-tech-negro\/","og_locale":"es_ES","og_type":"article","og_title":"BOTAS TRIAL GAERNE BALANCE PRO TECH (NEGRO)","og_description":"- BOTAS DE TRIAL DE PIEL- BOTAS GAERNE DE TRIAL- BOTAS GAERNE TRIAL NEGRAS - BOTAS GAERNE BALANCE PRO TECH","og_url":"https:\/\/todotrial.com\/tienda\/botas-trial-gaerne-balance-pro-tech-negro\/","og_site_name":"Tienda de todotrial","article_modified_time":"2025-05-13T19:49:04+00:00","og_image":[{"width":1000,"height":1000,"url":"https:\/\/todotrial.com\/tienda\/wp-content\/uploads\/2025\/02\/botas-trial-gaerne-balance-pro-tech-negro.jpg","type":"image\/jpeg"}],"twitter_card":"summary_large_image","twitter_misc":{"Tiempo de lectura":"3 minutos"},"schema":{"@context":"https:\/\/schema.org","@graph":[{"@type":"WebPage","@id":"https:\/\/todotrial.com\/tienda\/botas-trial-gaerne-balance-pro-tech-negro\/","url":"https:\/\/todotrial.com\/tienda\/botas-trial-gaerne-balance-pro-tech-negro\/","name":"BOTAS TRIAL GAERNE BALANCE PRO TECH (NEGRO) - Tienda de todotrial","isPartOf":{"@id":"https:\/\/todotrial.com\/tienda\/#website"},"primaryImageOfPage":{"@id":"https:\/\/todotrial.com\/tienda\/botas-trial-gaerne-balance-pro-tech-negro\/#primaryimage"},"image":{"@id":"https:\/\/todotrial.com\/tienda\/botas-trial-gaerne-balance-pro-tech-negro\/#primaryimage"},"thumbnailUrl":"https:\/\/todotrial.com\/tienda\/wp-content\/uploads\/2025\/02\/botas-trial-gaerne-balance-pro-tech-negro.jpg","datePublished":"2025-02-19T12:02:00+00:00","dateModified":"2025-05-13T19:49:04+00:00","breadcrumb":{"@id":"https:\/\/todotrial.com\/tienda\/botas-trial-gaerne-balance-pro-tech-negro\/#breadcrumb"},"inLanguage":"es","potentialAction":[{"@type":"ReadAction","target":["https:\/\/todotrial.com\/tienda\/botas-trial-gaerne-balance-pro-tech-negro\/"]}]},{"@type":"ImageObject","inLanguage":"es","@id":"https:\/\/todotrial.com\/tienda\/botas-trial-gaerne-balance-pro-tech-negro\/#primaryimage","url":"https:\/\/todotrial.com\/tienda\/wp-content\/uploads\/2025\/02\/botas-trial-gaerne-balance-pro-tech-negro.jpg","contentUrl":"https:\/\/todotrial.com\/tienda\/wp-content\/uploads\/2025\/02\/botas-trial-gaerne-balance-pro-tech-negro.jpg","width":1000,"height":1000,"caption":"BOTAS TRIAL GAERNE BALANCE PRO TECH (NEGRO)"},{"@type":"BreadcrumbList","@id":"https:\/\/todotrial.com\/tienda\/botas-trial-gaerne-balance-pro-tech-negro\/#breadcrumb","itemListElement":[{"@type":"ListItem","position":1,"name":"Portada","item":"https:\/\/todotrial.com\/tienda\/"},{"@type":"ListItem","position":2,"name":"Shop","item":"https:\/\/todotrial.com\/tienda\/shop\/"},{"@type":"ListItem","position":3,"name":"BOTAS TRIAL GAERNE BALANCE PRO TECH (NEGRO)"}]},{"@type":"WebSite","@id":"https:\/\/todotrial.com\/tienda\/#website","url":"https:\/\/todotrial.com\/tienda\/","name":"Tienda de todotrial","description":"","potentialAction":[{"@type":"SearchAction","target":{"@type":"EntryPoint","urlTemplate":"https:\/\/todotrial.com\/tienda\/?s={search_term_string}"},"query-input":{"@type":"PropertyValueSpecification","valueRequired":true,"valueName":"search_term_string"}}],"inLanguage":"es"}]}},"_links":{"self":[{"href":"https:\/\/todotrial.com\/tienda\/wp-json\/wp\/v2\/product\/43019","targetHints":{"allow":["GET"]}}],"collection":[{"href":"https:\/\/todotrial.com\/tienda\/wp-json\/wp\/v2\/product"}],"about":[{"href":"https:\/\/todotrial.com\/tienda\/wp-json\/wp\/v2\/types\/product"}],"replies":[{"embeddable":true,"href":"https:\/\/todotrial.com\/tienda\/wp-json\/wp\/v2\/comments?post=43019"}],"version-history":[{"count":1,"href":"https:\/\/todotrial.com\/tienda\/wp-json\/wp\/v2\/product\/43019\/revisions"}],"predecessor-version":[{"id":54128,"href":"https:\/\/todotrial.com\/tienda\/wp-json\/wp\/v2\/product\/43019\/revisions\/54128"}],"wp:featuredmedia":[{"embeddable":true,"href":"https:\/\/todotrial.com\/tienda\/wp-json\/wp\/v2\/media\/44330"}],"wp:attachment":[{"href":"https:\/\/todotrial.com\/tienda\/wp-json\/wp\/v2\/media?parent=43019"}],"wp:term":[{"taxonomy":"product_brand","embeddable":true,"href":"https:\/\/todotrial.com\/tienda\/wp-json\/wp\/v2\/product_brand?post=43019"},{"taxonomy":"product_cat","embeddable":true,"href":"https:\/\/todotrial.com\/tienda\/wp-json\/wp\/v2\/product_cat?post=43019"},{"taxonomy":"product_tag","embeddable":true,"href":"https:\/\/todotrial.com\/tienda\/wp-json\/wp\/v2\/product_tag?post=43019"}],"curies":[{"name":"wp","href":"https:\/\/api.w.org\/{rel}","templated":true}]}}