{"id":42995,"date":"2025-02-19T13:02:00","date_gmt":"2025-02-19T12:02:00","guid":{"rendered":"https:\/\/todotrial.com\/tienda\/sin%20categor\u00eda\/botas-trial-gaerne-balance-oiled-marron\/"},"modified":"2025-05-13T20:48:40","modified_gmt":"2025-05-13T19:48:40","slug":"botas-trial-gaerne-balance-oiled-marron","status":"publish","type":"product","link":"https:\/\/todotrial.com\/tienda\/botas-trial-gaerne-balance-oiled-marron\/","title":{"rendered":"BOTAS TRIAL GAERNE BALANCE OILED (MARR\u00d3N)"},"content":{"rendered":"<p class=\"p1\" style=\"margin:0px;text-align:justify;line-height:normal;font-family:Arial;color:#0e0e0e;background-color:#ffffff;\">Modelo de trial de gama alta. Combina a la perfecci\u00f3n tecnolog\u00eda, ergonom\u00eda, flexibilidad y durabilidad. Fabricadas en piel engrasada con interior de c\u00f3moda microfibra, cuenta con una espinillera frontal moldeada por inyecci\u00f3n PU y un sistema de cierre de tres hebillas de aluminio, que son regulables y reemplazables. Tambi\u00e9n son impermeables gracias a un forro de membrana transpirable que llamamos Gaerne Drytech, y las suelas, de goma blanda pero resistente, garantizan una m\u00e1xima adherencia y tacto sobre la moto.<\/p>\n<p><span class=\"s1\" style=\"color:#000000;background-color:#fafbfc;\"><span class=\"s1\"><b>Membrana Drytech<br \/><\/b><\/span><span style=\"background-color:#ffffff;\">La tecnolog\u00eda Dry Tech es una membrana impermeable y transpirable, montada entre el cuero exterior y el forro, que permite la transpiraci\u00f3n pero impide que la lluvia traspase la bota. Es decir, tiene unas propiedades hidrof\u00edlicas que extraen el sudor hacia el exterior al tiempo que mantiene la entrada de aire para garantizar la transpiraci\u00f3n. De esta forma, mantiene los pies calientes y secos en todas las condiciones climatol\u00f3gicas.<\/span><span class=\"Apple-converted-space\">\u00a0<br \/><\/span><\/p>\n<p><\/span><span class=\"s1\" style=\"color:#000000;background-color:#fafbfc;\">\u00a0 \u00a0 \u00a0 \u00a0 \u00a0 \u00a0 \u00a0 \u00a0 \u00a0 \u00a0 \u00a0 \u00a0 \u00a0 \u00a0 \u00a0 \u00a0 \u00a0 \u00a0 \u00a0 \u00a0 \u00a0 \u00a0 \u00a0 \u00a0 \u00a0 \u00a0 \u00a0 \u00a0 \u00a0 \u00a0 \u00a0 \u00a0 \u00a0 \u00a0 \u00a0 \u00a0 \u00a0 \u00a0 \u00a0 \u00a0 \u00a0 \u00a0 \u00a0 \u00a0 \u00a0 \u00a0 \u00a0 \u00a0 \u00a0 \u00a0\u00a0<img decoding=\"async\" src=\"https:\/\/www.topfun.com\/img\/cms\/Gaerne\/Gaerne_waterproof_logo.png\" alt=\"\" width=\"150\" height=\"32\" \/><\/span><\/p>\n<p><b style=\"color:#000000;background-color:#fafbfc;\">Sobre Gaerne<\/b><br style=\"color:#000000;background-color:#fafbfc;\" \/><span style=\"color:#000000;background-color:#fafbfc;\">1962. Del peque\u00f1o taller al mundo. Seis d\u00e9cadas de actividad repletas de \u00e9xitos en el mundo de las dos ruedas a motor y pedal. Son estos dos elementos los que caracterizan el logotipo dedicado a este aniversario especial.<\/span><br style=\"color:#000000;background-color:#fafbfc;\" \/><br style=\"color:#000000;background-color:#fafbfc;\" \/><span style=\"color:#000000;background-color:#fafbfc;\">Ernesto ten\u00eda 30 a\u00f1os en octubre de 1962 cuando decidi\u00f3 emprender su propio negocio. Detr\u00e1s de \u00e9l, a pesar de su corta edad, una experiencia de m\u00e1s de 15 a\u00f1os en el campo del calzado laboral y de monta\u00f1a.<\/span><br style=\"color:#000000;background-color:#fafbfc;\" \/><br style=\"color:#000000;background-color:#fafbfc;\" \/><span style=\"color:#000000;background-color:#fafbfc;\">Hay dos motivos circulares caracterizados por una intersecci\u00f3n: una referencia al mundo de las dos ruedas a pedal y motor. Las primeras producciones de Gaerne se refer\u00edan, de hecho, a las botas de moto, luego, a principios de los a\u00f1os 80, se introdujeron las zapatillas de ciclismo de carretera y de monta\u00f1a.<\/span><br style=\"color:#000000;background-color:#fafbfc;\" \/><br style=\"color:#000000;background-color:#fafbfc;\" \/><span style=\"color:#000000;background-color:#fafbfc;\">En ese punto de encuentro entre las dos ruedas reside el alma de la empresa y la pasi\u00f3n que a lo largo de los a\u00f1os Cavalier Ernesto ha transmitido a sus colaboradores y socios internacionales.<\/span><\/p>\n","protected":false},"excerpt":{"rendered":"<p class=\"p1\" style=\"margin:0px;line-height:normal;font-family:Arial;\"><span class=\"s1\">&#8211; BOTAS GAERNE DE TRIAL<br \/>&#8211; BOTAS GAERNE BALANCE OILED<br \/>&#8211; BOTAS GAERNE TRIAL MARRONES<\/span><\/p>\n","protected":false},"featured_media":44282,"comment_status":"open","ping_status":"closed","template":"","meta":[],"product_brand":[],"product_cat":[11446],"product_tag":[],"class_list":{"0":"post-42995","1":"product","2":"type-product","3":"status-publish","4":"has-post-thumbnail","6":"product_cat-botas-equipacion","8":"first","9":"instock","10":"sale","11":"taxable","12":"shipping-taxable","13":"purchasable","14":"product-type-simple"},"yoast_head":"<!-- This site is optimized with the Yoast SEO Premium plugin v21.2 (Yoast SEO v27.4) - https:\/\/yoast.com\/product\/yoast-seo-premium-wordpress\/ -->\n<title>BOTAS TRIAL GAERNE BALANCE OILED (MARR\u00d3N) - Tienda de todotrial<\/title>\n<meta name=\"robots\" content=\"index, follow, max-snippet:-1, max-image-preview:large, max-video-preview:-1\" \/>\n<link rel=\"canonical\" href=\"https:\/\/todotrial.com\/tienda\/botas-trial-gaerne-balance-oiled-marron\/\" \/>\n<meta property=\"og:locale\" content=\"es_ES\" \/>\n<meta property=\"og:type\" content=\"article\" \/>\n<meta property=\"og:title\" content=\"BOTAS TRIAL GAERNE BALANCE OILED (MARR\u00d3N)\" \/>\n<meta property=\"og:description\" content=\"- BOTAS GAERNE DE TRIAL- BOTAS GAERNE BALANCE OILED- BOTAS GAERNE TRIAL MARRONES\" \/>\n<meta property=\"og:url\" content=\"https:\/\/todotrial.com\/tienda\/botas-trial-gaerne-balance-oiled-marron\/\" \/>\n<meta property=\"og:site_name\" content=\"Tienda de todotrial\" \/>\n<meta property=\"article:modified_time\" content=\"2025-05-13T19:48:40+00:00\" \/>\n<meta property=\"og:image\" content=\"https:\/\/todotrial.com\/tienda\/wp-content\/uploads\/2025\/02\/BOTASTRIALGAERNEBALANCEOILEDMARRN.jpg\" \/>\n\t<meta property=\"og:image:width\" content=\"1000\" \/>\n\t<meta property=\"og:image:height\" content=\"1000\" \/>\n\t<meta property=\"og:image:type\" content=\"image\/jpeg\" \/>\n<meta name=\"twitter:card\" content=\"summary_large_image\" \/>\n<meta name=\"twitter:label1\" content=\"Tiempo de lectura\" \/>\n\t<meta name=\"twitter:data1\" content=\"2 minutos\" \/>\n<script type=\"application\/ld+json\" class=\"yoast-schema-graph\">{\"@context\":\"https:\\\/\\\/schema.org\",\"@graph\":[{\"@type\":\"WebPage\",\"@id\":\"https:\\\/\\\/todotrial.com\\\/tienda\\\/botas-trial-gaerne-balance-oiled-marron\\\/\",\"url\":\"https:\\\/\\\/todotrial.com\\\/tienda\\\/botas-trial-gaerne-balance-oiled-marron\\\/\",\"name\":\"BOTAS TRIAL GAERNE BALANCE OILED (MARR\u00d3N) - Tienda de todotrial\",\"isPartOf\":{\"@id\":\"https:\\\/\\\/todotrial.com\\\/tienda\\\/#website\"},\"primaryImageOfPage\":{\"@id\":\"https:\\\/\\\/todotrial.com\\\/tienda\\\/botas-trial-gaerne-balance-oiled-marron\\\/#primaryimage\"},\"image\":{\"@id\":\"https:\\\/\\\/todotrial.com\\\/tienda\\\/botas-trial-gaerne-balance-oiled-marron\\\/#primaryimage\"},\"thumbnailUrl\":\"https:\\\/\\\/todotrial.com\\\/tienda\\\/wp-content\\\/uploads\\\/2025\\\/02\\\/BOTASTRIALGAERNEBALANCEOILEDMARRN.jpg\",\"datePublished\":\"2025-02-19T12:02:00+00:00\",\"dateModified\":\"2025-05-13T19:48:40+00:00\",\"breadcrumb\":{\"@id\":\"https:\\\/\\\/todotrial.com\\\/tienda\\\/botas-trial-gaerne-balance-oiled-marron\\\/#breadcrumb\"},\"inLanguage\":\"es\",\"potentialAction\":[{\"@type\":\"ReadAction\",\"target\":[\"https:\\\/\\\/todotrial.com\\\/tienda\\\/botas-trial-gaerne-balance-oiled-marron\\\/\"]}]},{\"@type\":\"ImageObject\",\"inLanguage\":\"es\",\"@id\":\"https:\\\/\\\/todotrial.com\\\/tienda\\\/botas-trial-gaerne-balance-oiled-marron\\\/#primaryimage\",\"url\":\"https:\\\/\\\/todotrial.com\\\/tienda\\\/wp-content\\\/uploads\\\/2025\\\/02\\\/BOTASTRIALGAERNEBALANCEOILEDMARRN.jpg\",\"contentUrl\":\"https:\\\/\\\/todotrial.com\\\/tienda\\\/wp-content\\\/uploads\\\/2025\\\/02\\\/BOTASTRIALGAERNEBALANCEOILEDMARRN.jpg\",\"width\":1000,\"height\":1000,\"caption\":\"BOTAS TRIAL GAERNE BALANCE OILED (MARR\u00d3N)\"},{\"@type\":\"BreadcrumbList\",\"@id\":\"https:\\\/\\\/todotrial.com\\\/tienda\\\/botas-trial-gaerne-balance-oiled-marron\\\/#breadcrumb\",\"itemListElement\":[{\"@type\":\"ListItem\",\"position\":1,\"name\":\"Portada\",\"item\":\"https:\\\/\\\/todotrial.com\\\/tienda\\\/\"},{\"@type\":\"ListItem\",\"position\":2,\"name\":\"Shop\",\"item\":\"https:\\\/\\\/todotrial.com\\\/tienda\\\/shop\\\/\"},{\"@type\":\"ListItem\",\"position\":3,\"name\":\"BOTAS TRIAL GAERNE BALANCE OILED (MARR\u00d3N)\"}]},{\"@type\":\"WebSite\",\"@id\":\"https:\\\/\\\/todotrial.com\\\/tienda\\\/#website\",\"url\":\"https:\\\/\\\/todotrial.com\\\/tienda\\\/\",\"name\":\"Tienda de todotrial\",\"description\":\"\",\"potentialAction\":[{\"@type\":\"SearchAction\",\"target\":{\"@type\":\"EntryPoint\",\"urlTemplate\":\"https:\\\/\\\/todotrial.com\\\/tienda\\\/?s={search_term_string}\"},\"query-input\":{\"@type\":\"PropertyValueSpecification\",\"valueRequired\":true,\"valueName\":\"search_term_string\"}}],\"inLanguage\":\"es\"}]}<\/script>\n<!-- \/ Yoast SEO Premium plugin. -->","yoast_head_json":{"title":"BOTAS TRIAL GAERNE BALANCE OILED (MARR\u00d3N) - Tienda de todotrial","robots":{"index":"index","follow":"follow","max-snippet":"max-snippet:-1","max-image-preview":"max-image-preview:large","max-video-preview":"max-video-preview:-1"},"canonical":"https:\/\/todotrial.com\/tienda\/botas-trial-gaerne-balance-oiled-marron\/","og_locale":"es_ES","og_type":"article","og_title":"BOTAS TRIAL GAERNE BALANCE OILED (MARR\u00d3N)","og_description":"- BOTAS GAERNE DE TRIAL- BOTAS GAERNE BALANCE OILED- BOTAS GAERNE TRIAL MARRONES","og_url":"https:\/\/todotrial.com\/tienda\/botas-trial-gaerne-balance-oiled-marron\/","og_site_name":"Tienda de todotrial","article_modified_time":"2025-05-13T19:48:40+00:00","og_image":[{"width":1000,"height":1000,"url":"https:\/\/todotrial.com\/tienda\/wp-content\/uploads\/2025\/02\/BOTASTRIALGAERNEBALANCEOILEDMARRN.jpg","type":"image\/jpeg"}],"twitter_card":"summary_large_image","twitter_misc":{"Tiempo de lectura":"2 minutos"},"schema":{"@context":"https:\/\/schema.org","@graph":[{"@type":"WebPage","@id":"https:\/\/todotrial.com\/tienda\/botas-trial-gaerne-balance-oiled-marron\/","url":"https:\/\/todotrial.com\/tienda\/botas-trial-gaerne-balance-oiled-marron\/","name":"BOTAS TRIAL GAERNE BALANCE OILED (MARR\u00d3N) - Tienda de todotrial","isPartOf":{"@id":"https:\/\/todotrial.com\/tienda\/#website"},"primaryImageOfPage":{"@id":"https:\/\/todotrial.com\/tienda\/botas-trial-gaerne-balance-oiled-marron\/#primaryimage"},"image":{"@id":"https:\/\/todotrial.com\/tienda\/botas-trial-gaerne-balance-oiled-marron\/#primaryimage"},"thumbnailUrl":"https:\/\/todotrial.com\/tienda\/wp-content\/uploads\/2025\/02\/BOTASTRIALGAERNEBALANCEOILEDMARRN.jpg","datePublished":"2025-02-19T12:02:00+00:00","dateModified":"2025-05-13T19:48:40+00:00","breadcrumb":{"@id":"https:\/\/todotrial.com\/tienda\/botas-trial-gaerne-balance-oiled-marron\/#breadcrumb"},"inLanguage":"es","potentialAction":[{"@type":"ReadAction","target":["https:\/\/todotrial.com\/tienda\/botas-trial-gaerne-balance-oiled-marron\/"]}]},{"@type":"ImageObject","inLanguage":"es","@id":"https:\/\/todotrial.com\/tienda\/botas-trial-gaerne-balance-oiled-marron\/#primaryimage","url":"https:\/\/todotrial.com\/tienda\/wp-content\/uploads\/2025\/02\/BOTASTRIALGAERNEBALANCEOILEDMARRN.jpg","contentUrl":"https:\/\/todotrial.com\/tienda\/wp-content\/uploads\/2025\/02\/BOTASTRIALGAERNEBALANCEOILEDMARRN.jpg","width":1000,"height":1000,"caption":"BOTAS TRIAL GAERNE BALANCE OILED (MARR\u00d3N)"},{"@type":"BreadcrumbList","@id":"https:\/\/todotrial.com\/tienda\/botas-trial-gaerne-balance-oiled-marron\/#breadcrumb","itemListElement":[{"@type":"ListItem","position":1,"name":"Portada","item":"https:\/\/todotrial.com\/tienda\/"},{"@type":"ListItem","position":2,"name":"Shop","item":"https:\/\/todotrial.com\/tienda\/shop\/"},{"@type":"ListItem","position":3,"name":"BOTAS TRIAL GAERNE BALANCE OILED (MARR\u00d3N)"}]},{"@type":"WebSite","@id":"https:\/\/todotrial.com\/tienda\/#website","url":"https:\/\/todotrial.com\/tienda\/","name":"Tienda de todotrial","description":"","potentialAction":[{"@type":"SearchAction","target":{"@type":"EntryPoint","urlTemplate":"https:\/\/todotrial.com\/tienda\/?s={search_term_string}"},"query-input":{"@type":"PropertyValueSpecification","valueRequired":true,"valueName":"search_term_string"}}],"inLanguage":"es"}]}},"_links":{"self":[{"href":"https:\/\/todotrial.com\/tienda\/wp-json\/wp\/v2\/product\/42995","targetHints":{"allow":["GET"]}}],"collection":[{"href":"https:\/\/todotrial.com\/tienda\/wp-json\/wp\/v2\/product"}],"about":[{"href":"https:\/\/todotrial.com\/tienda\/wp-json\/wp\/v2\/types\/product"}],"replies":[{"embeddable":true,"href":"https:\/\/todotrial.com\/tienda\/wp-json\/wp\/v2\/comments?post=42995"}],"version-history":[{"count":1,"href":"https:\/\/todotrial.com\/tienda\/wp-json\/wp\/v2\/product\/42995\/revisions"}],"predecessor-version":[{"id":54117,"href":"https:\/\/todotrial.com\/tienda\/wp-json\/wp\/v2\/product\/42995\/revisions\/54117"}],"wp:featuredmedia":[{"embeddable":true,"href":"https:\/\/todotrial.com\/tienda\/wp-json\/wp\/v2\/media\/44282"}],"wp:attachment":[{"href":"https:\/\/todotrial.com\/tienda\/wp-json\/wp\/v2\/media?parent=42995"}],"wp:term":[{"taxonomy":"product_brand","embeddable":true,"href":"https:\/\/todotrial.com\/tienda\/wp-json\/wp\/v2\/product_brand?post=42995"},{"taxonomy":"product_cat","embeddable":true,"href":"https:\/\/todotrial.com\/tienda\/wp-json\/wp\/v2\/product_cat?post=42995"},{"taxonomy":"product_tag","embeddable":true,"href":"https:\/\/todotrial.com\/tienda\/wp-json\/wp\/v2\/product_tag?post=42995"}],"curies":[{"name":"wp","href":"https:\/\/api.w.org\/{rel}","templated":true}]}}