{"id":39112,"date":"2023-12-13T14:57:36","date_gmt":"2023-12-13T13:57:36","guid":{"rendered":"https:\/\/todotrial.com\/tienda\/?post_type=product&#038;p=39112"},"modified":"2025-07-24T23:15:43","modified_gmt":"2025-07-24T22:15:43","slug":"libro-enduro-vintage-2","status":"publish","type":"product","link":"https:\/\/todotrial.com\/tienda\/libro-enduro-vintage-2\/","title":{"rendered":"Libro Enduro Vintage 2"},"content":{"rendered":"<p>El nuevo libro Enduro Vintage 2 es la segunda parte de la historia de la moto de Enduro en magn\u00edficas fotograf\u00edas de Claudio, uni\u00e9ndose as\u00ed a la bonita colecci\u00f3n de los libros Trial Vintage 1 y 2.<\/p>\n<p>Jean-Claude Comm\u00e9at \u00abClaudio\u00bb nos vuelve a sorprender con un trabajo de calidad excelente sobre las motos de Enduro cl\u00e1sicas.<\/p>\n<p>Enduro Vintage 2 es un libro dedicado a modelos m\u00edticos y exclusivos de motos de Enduro, cuando se llamaba Todo Terreno. La introducci\u00f3n corre a cargo del multicamp\u00e9on franc\u00e9s Marc Morales y del propio autor.<\/p>\n<p>Como ya hiciera con Enduro Vintage, a trav\u00e9s de 144 p\u00e1ginas y en 240 fotograf\u00edas y a lo largo de toda Europa, Claudio ha fotografiado 50 motocicletas, desde 50 a 500 cc, de 35 marcas que forman parte de la historia del Todo Terreno (o Enduro), incluyendo por supuesto las espa\u00f1olas Bultaco, Montesa y OSSA junto con Ancillotti, Beta, Fantic, Gilera (Frigerio), Husqvarna, Jawa, KTM, Maico, Moto Morini, MZ, Puch (Frigerio), Simson, SWM y Z\u00fcndapp.<\/p>\n<p>Tambi\u00e9n otras marcas menos conocidas como Mazzilli, Gerosa, Portal, Hercules, Parpinelli, Sachs, Laverda, Gori, Moto M\u00fcller, Simonini, Jawa Tatran, Tecnomoto, Gabor, Mondial y Aspes.<\/p>\n<p>Adem\u00e1s, como ya hizo en Trial Vintage 1, en Trial Vintage 2, y en Enduro Vintage 1, ahora en Enduro Vintage 2 Claudio nos ofrece fotograf\u00edas panor\u00e1micas de conjunto de colecciones de motos de Enduro.<\/p>\n<p>Los libros Trial Vintage, Trial Vintage 2 y Enduro Vintage continuan a la venta hasta agotar los ejemplares disponibles de las \u00faltimas ediciones.<\/p>\n","protected":false},"excerpt":{"rendered":"<p>LIBRO ENDURO VINTAGE 2<br \/>\nLa historia de la moto de Enduro \/ Todo Terreno en fotograf\u00edas de Claudio<\/p>\n","protected":false},"featured_media":39115,"comment_status":"open","ping_status":"closed","template":"","meta":[],"product_brand":[],"product_cat":[11782],"product_tag":[],"class_list":{"0":"post-39112","1":"product","2":"type-product","3":"status-publish","4":"has-post-thumbnail","6":"product_cat-libros-dvds-y-mas","8":"first","9":"instock","10":"taxable","11":"shipping-taxable","12":"purchasable","13":"product-type-simple"},"yoast_head":"<!-- This site is optimized with the Yoast SEO Premium plugin v21.2 (Yoast SEO v27.3) - https:\/\/yoast.com\/product\/yoast-seo-premium-wordpress\/ -->\n<title>C - Tienda de todotrial C<\/title>\n<meta name=\"robots\" content=\"index, follow, max-snippet:-1, max-image-preview:large, max-video-preview:-1\" \/>\n<link rel=\"canonical\" href=\"https:\/\/todotrial.com\/tienda\/libro-enduro-vintage-2\/\" \/>\n<meta property=\"og:locale\" content=\"es_ES\" \/>\n<meta property=\"og:type\" content=\"article\" \/>\n<meta property=\"og:title\" content=\"Libro Enduro Vintage 2\" \/>\n<meta property=\"og:description\" content=\"LIBRO ENDURO VINTAGE 2 La historia de la moto de Enduro \/ Todo Terreno en fotograf\u00edas de Claudio\" \/>\n<meta property=\"og:url\" content=\"https:\/\/todotrial.com\/tienda\/libro-enduro-vintage-2\/\" \/>\n<meta property=\"og:site_name\" content=\"Tienda de todotrial\" \/>\n<meta property=\"article:modified_time\" content=\"2025-07-24T22:15:43+00:00\" \/>\n<meta property=\"og:image\" content=\"https:\/\/todotrial.com\/tienda\/wp-content\/uploads\/2023\/12\/libro-Enduro-Vintage-2-claudio-portada.jpg\" \/>\n\t<meta property=\"og:image:width\" content=\"1200\" \/>\n\t<meta property=\"og:image:height\" content=\"800\" \/>\n\t<meta property=\"og:image:type\" content=\"image\/jpeg\" \/>\n<meta name=\"twitter:card\" content=\"summary_large_image\" \/>\n<meta name=\"twitter:label1\" content=\"Tiempo de lectura\" \/>\n\t<meta name=\"twitter:data1\" content=\"2 minutos\" \/>\n<script type=\"application\/ld+json\" class=\"yoast-schema-graph\">{\"@context\":\"https:\\\/\\\/schema.org\",\"@graph\":[{\"@type\":\"WebPage\",\"@id\":\"https:\\\/\\\/todotrial.com\\\/tienda\\\/libro-enduro-vintage-2\\\/\",\"url\":\"https:\\\/\\\/todotrial.com\\\/tienda\\\/libro-enduro-vintage-2\\\/\",\"name\":\"C - Tienda de todotrial C\",\"isPartOf\":{\"@id\":\"https:\\\/\\\/todotrial.com\\\/tienda\\\/#website\"},\"primaryImageOfPage\":{\"@id\":\"https:\\\/\\\/todotrial.com\\\/tienda\\\/libro-enduro-vintage-2\\\/#primaryimage\"},\"image\":{\"@id\":\"https:\\\/\\\/todotrial.com\\\/tienda\\\/libro-enduro-vintage-2\\\/#primaryimage\"},\"thumbnailUrl\":\"https:\\\/\\\/todotrial.com\\\/tienda\\\/wp-content\\\/uploads\\\/2023\\\/12\\\/libro-Enduro-Vintage-2-claudio-portada.jpg\",\"datePublished\":\"2023-12-13T13:57:36+00:00\",\"dateModified\":\"2025-07-24T22:15:43+00:00\",\"breadcrumb\":{\"@id\":\"https:\\\/\\\/todotrial.com\\\/tienda\\\/libro-enduro-vintage-2\\\/#breadcrumb\"},\"inLanguage\":\"es\",\"potentialAction\":[{\"@type\":\"ReadAction\",\"target\":[\"https:\\\/\\\/todotrial.com\\\/tienda\\\/libro-enduro-vintage-2\\\/\"]}]},{\"@type\":\"ImageObject\",\"inLanguage\":\"es\",\"@id\":\"https:\\\/\\\/todotrial.com\\\/tienda\\\/libro-enduro-vintage-2\\\/#primaryimage\",\"url\":\"https:\\\/\\\/todotrial.com\\\/tienda\\\/wp-content\\\/uploads\\\/2023\\\/12\\\/libro-Enduro-Vintage-2-claudio-portada.jpg\",\"contentUrl\":\"https:\\\/\\\/todotrial.com\\\/tienda\\\/wp-content\\\/uploads\\\/2023\\\/12\\\/libro-Enduro-Vintage-2-claudio-portada.jpg\",\"width\":1200,\"height\":800},{\"@type\":\"BreadcrumbList\",\"@id\":\"https:\\\/\\\/todotrial.com\\\/tienda\\\/libro-enduro-vintage-2\\\/#breadcrumb\",\"itemListElement\":[{\"@type\":\"ListItem\",\"position\":1,\"name\":\"Portada\",\"item\":\"https:\\\/\\\/todotrial.com\\\/tienda\\\/\"},{\"@type\":\"ListItem\",\"position\":2,\"name\":\"Shop\",\"item\":\"https:\\\/\\\/todotrial.com\\\/tienda\\\/shop\\\/\"},{\"@type\":\"ListItem\",\"position\":3,\"name\":\"Libro Enduro Vintage 2\"}]},{\"@type\":\"WebSite\",\"@id\":\"https:\\\/\\\/todotrial.com\\\/tienda\\\/#website\",\"url\":\"https:\\\/\\\/todotrial.com\\\/tienda\\\/\",\"name\":\"Tienda de todotrial\",\"description\":\"\",\"potentialAction\":[{\"@type\":\"SearchAction\",\"target\":{\"@type\":\"EntryPoint\",\"urlTemplate\":\"https:\\\/\\\/todotrial.com\\\/tienda\\\/?s={search_term_string}\"},\"query-input\":{\"@type\":\"PropertyValueSpecification\",\"valueRequired\":true,\"valueName\":\"search_term_string\"}}],\"inLanguage\":\"es\"}]}<\/script>\n<!-- \/ Yoast SEO Premium plugin. -->","yoast_head_json":{"title":"C - Tienda de todotrial C","robots":{"index":"index","follow":"follow","max-snippet":"max-snippet:-1","max-image-preview":"max-image-preview:large","max-video-preview":"max-video-preview:-1"},"canonical":"https:\/\/todotrial.com\/tienda\/libro-enduro-vintage-2\/","og_locale":"es_ES","og_type":"article","og_title":"Libro Enduro Vintage 2","og_description":"LIBRO ENDURO VINTAGE 2 La historia de la moto de Enduro \/ Todo Terreno en fotograf\u00edas de Claudio","og_url":"https:\/\/todotrial.com\/tienda\/libro-enduro-vintage-2\/","og_site_name":"Tienda de todotrial","article_modified_time":"2025-07-24T22:15:43+00:00","og_image":[{"width":1200,"height":800,"url":"https:\/\/todotrial.com\/tienda\/wp-content\/uploads\/2023\/12\/libro-Enduro-Vintage-2-claudio-portada.jpg","type":"image\/jpeg"}],"twitter_card":"summary_large_image","twitter_misc":{"Tiempo de lectura":"2 minutos"},"schema":{"@context":"https:\/\/schema.org","@graph":[{"@type":"WebPage","@id":"https:\/\/todotrial.com\/tienda\/libro-enduro-vintage-2\/","url":"https:\/\/todotrial.com\/tienda\/libro-enduro-vintage-2\/","name":"C - Tienda de todotrial C","isPartOf":{"@id":"https:\/\/todotrial.com\/tienda\/#website"},"primaryImageOfPage":{"@id":"https:\/\/todotrial.com\/tienda\/libro-enduro-vintage-2\/#primaryimage"},"image":{"@id":"https:\/\/todotrial.com\/tienda\/libro-enduro-vintage-2\/#primaryimage"},"thumbnailUrl":"https:\/\/todotrial.com\/tienda\/wp-content\/uploads\/2023\/12\/libro-Enduro-Vintage-2-claudio-portada.jpg","datePublished":"2023-12-13T13:57:36+00:00","dateModified":"2025-07-24T22:15:43+00:00","breadcrumb":{"@id":"https:\/\/todotrial.com\/tienda\/libro-enduro-vintage-2\/#breadcrumb"},"inLanguage":"es","potentialAction":[{"@type":"ReadAction","target":["https:\/\/todotrial.com\/tienda\/libro-enduro-vintage-2\/"]}]},{"@type":"ImageObject","inLanguage":"es","@id":"https:\/\/todotrial.com\/tienda\/libro-enduro-vintage-2\/#primaryimage","url":"https:\/\/todotrial.com\/tienda\/wp-content\/uploads\/2023\/12\/libro-Enduro-Vintage-2-claudio-portada.jpg","contentUrl":"https:\/\/todotrial.com\/tienda\/wp-content\/uploads\/2023\/12\/libro-Enduro-Vintage-2-claudio-portada.jpg","width":1200,"height":800},{"@type":"BreadcrumbList","@id":"https:\/\/todotrial.com\/tienda\/libro-enduro-vintage-2\/#breadcrumb","itemListElement":[{"@type":"ListItem","position":1,"name":"Portada","item":"https:\/\/todotrial.com\/tienda\/"},{"@type":"ListItem","position":2,"name":"Shop","item":"https:\/\/todotrial.com\/tienda\/shop\/"},{"@type":"ListItem","position":3,"name":"Libro Enduro Vintage 2"}]},{"@type":"WebSite","@id":"https:\/\/todotrial.com\/tienda\/#website","url":"https:\/\/todotrial.com\/tienda\/","name":"Tienda de todotrial","description":"","potentialAction":[{"@type":"SearchAction","target":{"@type":"EntryPoint","urlTemplate":"https:\/\/todotrial.com\/tienda\/?s={search_term_string}"},"query-input":{"@type":"PropertyValueSpecification","valueRequired":true,"valueName":"search_term_string"}}],"inLanguage":"es"}]}},"_links":{"self":[{"href":"https:\/\/todotrial.com\/tienda\/wp-json\/wp\/v2\/product\/39112","targetHints":{"allow":["GET"]}}],"collection":[{"href":"https:\/\/todotrial.com\/tienda\/wp-json\/wp\/v2\/product"}],"about":[{"href":"https:\/\/todotrial.com\/tienda\/wp-json\/wp\/v2\/types\/product"}],"replies":[{"embeddable":true,"href":"https:\/\/todotrial.com\/tienda\/wp-json\/wp\/v2\/comments?post=39112"}],"version-history":[{"count":1,"href":"https:\/\/todotrial.com\/tienda\/wp-json\/wp\/v2\/product\/39112\/revisions"}],"predecessor-version":[{"id":55972,"href":"https:\/\/todotrial.com\/tienda\/wp-json\/wp\/v2\/product\/39112\/revisions\/55972"}],"wp:featuredmedia":[{"embeddable":true,"href":"https:\/\/todotrial.com\/tienda\/wp-json\/wp\/v2\/media\/39115"}],"wp:attachment":[{"href":"https:\/\/todotrial.com\/tienda\/wp-json\/wp\/v2\/media?parent=39112"}],"wp:term":[{"taxonomy":"product_brand","embeddable":true,"href":"https:\/\/todotrial.com\/tienda\/wp-json\/wp\/v2\/product_brand?post=39112"},{"taxonomy":"product_cat","embeddable":true,"href":"https:\/\/todotrial.com\/tienda\/wp-json\/wp\/v2\/product_cat?post=39112"},{"taxonomy":"product_tag","embeddable":true,"href":"https:\/\/todotrial.com\/tienda\/wp-json\/wp\/v2\/product_tag?post=39112"}],"curies":[{"name":"wp","href":"https:\/\/api.w.org\/{rel}","templated":true}]}}