{"id":38858,"date":"2023-03-15T21:43:58","date_gmt":"2023-03-15T20:43:58","guid":{"rendered":"https:\/\/todotrial.com\/tienda\/?post_type=product&#038;p=38858"},"modified":"2025-02-20T17:18:35","modified_gmt":"2025-02-20T16:18:35","slug":"casco-hebo-zone-5-air-montesa-classic-2023-azul","status":"publish","type":"product","link":"https:\/\/todotrial.com\/tienda\/casco-hebo-zone-5-air-montesa-classic-2023-azul\/","title":{"rendered":"Casco Hebo Zone 5 Air Montesa Classic 2023 azul"},"content":{"rendered":"<p>El casco Hebo Zone 5 AV Montesa Classic tiene un cierre de seguridad microm\u00e9trico.<\/p>\n<p>Tambi\u00e9n cuenta con una calota de termopl\u00e1stico ABS y un interior de EPS de doble densidad. Igualmente, est\u00e1 homologado con la certificaci\u00f3n EU 22-05. En cuanto a la transpirabilidad, incorpora 4 entradas de aire (2 frontales y 2 laterales), las cuales disponen de una tapa extra\u00edble. Tambi\u00e9n trae 2 salidas traseras de aire y 4 orificios para una audici\u00f3n perfecta. El interior es desmontable y lavable, mientras que la cisera solar es escamoteable y regulable.<\/p>\n<p>El casco est\u00e1 homologado: EC 22-05.<\/p>\n","protected":false},"excerpt":{"rendered":"<p>El casco Hebo Zone 5 AV Montesa Classic tiene un cierre de seguridad microm\u00e9trico. Tambi\u00e9n cuenta con una calota de termopl\u00e1stico ABS y un interior de EPS de doble densidad. Igualmente, est\u00e1 homologado con la certificaci\u00f3n EU 22-05. En cuanto a la transpirabilidad, incorpora 4 entradas de aire (2 frontales y 2 laterales), las cuales [&hellip;]<\/p>\n","protected":false},"featured_media":38852,"comment_status":"open","ping_status":"closed","template":"","meta":[],"product_brand":[],"product_cat":[11423],"product_tag":[],"class_list":{"0":"post-38858","1":"product","2":"type-product","3":"status-publish","4":"has-post-thumbnail","6":"product_cat-cascos-equipacion","8":"first","9":"instock","10":"taxable","11":"shipping-taxable","12":"purchasable","13":"product-type-simple"},"yoast_head":"<!-- This site is optimized with the Yoast SEO Premium plugin v21.2 (Yoast SEO v27.4) - https:\/\/yoast.com\/product\/yoast-seo-premium-wordpress\/ -->\n<title>Casco Trial Hebo Montesa Classic 2023<\/title>\n<meta name=\"description\" content=\"El casco Hebo Zone 5 Air Montesa Classic 2023 tiene un cierre de seguridad microm\u00e9trico, calota de termopl\u00e1stico ABS e interior de EPS de doble densidad\" \/>\n<meta name=\"robots\" content=\"index, follow, max-snippet:-1, max-image-preview:large, max-video-preview:-1\" \/>\n<link rel=\"canonical\" href=\"https:\/\/todotrial.com\/tienda\/casco-hebo-zone-5-air-montesa-classic-2023-azul\/\" \/>\n<meta property=\"og:locale\" content=\"es_ES\" \/>\n<meta property=\"og:type\" content=\"article\" \/>\n<meta property=\"og:title\" content=\"Casco Hebo Zone 5 Air Montesa Classic 2023 azul\" \/>\n<meta property=\"og:description\" content=\"El casco Hebo Zone 5 Air Montesa Classic 2023 tiene un cierre de seguridad microm\u00e9trico, calota de termopl\u00e1stico ABS e interior de EPS de doble densidad\" \/>\n<meta property=\"og:url\" content=\"https:\/\/todotrial.com\/tienda\/casco-hebo-zone-5-air-montesa-classic-2023-azul\/\" \/>\n<meta property=\"og:site_name\" content=\"Tienda de todotrial\" \/>\n<meta property=\"article:modified_time\" content=\"2025-02-20T16:18:35+00:00\" \/>\n<meta property=\"og:image\" content=\"https:\/\/todotrial.com\/tienda\/wp-content\/uploads\/2023\/03\/HC1165-A-1_HEBO_Casco_trial_montesa_2023_blanco-azul.jpg\" \/>\n\t<meta property=\"og:image:width\" content=\"1000\" \/>\n\t<meta property=\"og:image:height\" content=\"1000\" \/>\n\t<meta property=\"og:image:type\" content=\"image\/jpeg\" \/>\n<meta name=\"twitter:card\" content=\"summary_large_image\" \/>\n<meta name=\"twitter:label1\" content=\"Tiempo de lectura\" \/>\n\t<meta name=\"twitter:data1\" content=\"1 minuto\" \/>\n<script type=\"application\/ld+json\" class=\"yoast-schema-graph\">{\"@context\":\"https:\\\/\\\/schema.org\",\"@graph\":[{\"@type\":\"WebPage\",\"@id\":\"https:\\\/\\\/todotrial.com\\\/tienda\\\/casco-hebo-zone-5-air-montesa-classic-2023-azul\\\/\",\"url\":\"https:\\\/\\\/todotrial.com\\\/tienda\\\/casco-hebo-zone-5-air-montesa-classic-2023-azul\\\/\",\"name\":\"Casco Trial Hebo Montesa Classic 2023\",\"isPartOf\":{\"@id\":\"https:\\\/\\\/todotrial.com\\\/tienda\\\/#website\"},\"primaryImageOfPage\":{\"@id\":\"https:\\\/\\\/todotrial.com\\\/tienda\\\/casco-hebo-zone-5-air-montesa-classic-2023-azul\\\/#primaryimage\"},\"image\":{\"@id\":\"https:\\\/\\\/todotrial.com\\\/tienda\\\/casco-hebo-zone-5-air-montesa-classic-2023-azul\\\/#primaryimage\"},\"thumbnailUrl\":\"https:\\\/\\\/todotrial.com\\\/tienda\\\/wp-content\\\/uploads\\\/2023\\\/03\\\/HC1165-A-1_HEBO_Casco_trial_montesa_2023_blanco-azul.jpg\",\"datePublished\":\"2023-03-15T20:43:58+00:00\",\"dateModified\":\"2025-02-20T16:18:35+00:00\",\"description\":\"El casco Hebo Zone 5 Air Montesa Classic 2023 tiene un cierre de seguridad microm\u00e9trico, calota de termopl\u00e1stico ABS e interior de EPS de doble densidad\",\"breadcrumb\":{\"@id\":\"https:\\\/\\\/todotrial.com\\\/tienda\\\/casco-hebo-zone-5-air-montesa-classic-2023-azul\\\/#breadcrumb\"},\"inLanguage\":\"es\",\"potentialAction\":[{\"@type\":\"ReadAction\",\"target\":[\"https:\\\/\\\/todotrial.com\\\/tienda\\\/casco-hebo-zone-5-air-montesa-classic-2023-azul\\\/\"]}]},{\"@type\":\"ImageObject\",\"inLanguage\":\"es\",\"@id\":\"https:\\\/\\\/todotrial.com\\\/tienda\\\/casco-hebo-zone-5-air-montesa-classic-2023-azul\\\/#primaryimage\",\"url\":\"https:\\\/\\\/todotrial.com\\\/tienda\\\/wp-content\\\/uploads\\\/2023\\\/03\\\/HC1165-A-1_HEBO_Casco_trial_montesa_2023_blanco-azul.jpg\",\"contentUrl\":\"https:\\\/\\\/todotrial.com\\\/tienda\\\/wp-content\\\/uploads\\\/2023\\\/03\\\/HC1165-A-1_HEBO_Casco_trial_montesa_2023_blanco-azul.jpg\",\"width\":1000,\"height\":1000},{\"@type\":\"BreadcrumbList\",\"@id\":\"https:\\\/\\\/todotrial.com\\\/tienda\\\/casco-hebo-zone-5-air-montesa-classic-2023-azul\\\/#breadcrumb\",\"itemListElement\":[{\"@type\":\"ListItem\",\"position\":1,\"name\":\"Portada\",\"item\":\"https:\\\/\\\/todotrial.com\\\/tienda\\\/\"},{\"@type\":\"ListItem\",\"position\":2,\"name\":\"Shop\",\"item\":\"https:\\\/\\\/todotrial.com\\\/tienda\\\/shop\\\/\"},{\"@type\":\"ListItem\",\"position\":3,\"name\":\"Casco Hebo Zone 5 Air Montesa Classic 2023 azul\"}]},{\"@type\":\"WebSite\",\"@id\":\"https:\\\/\\\/todotrial.com\\\/tienda\\\/#website\",\"url\":\"https:\\\/\\\/todotrial.com\\\/tienda\\\/\",\"name\":\"Tienda de todotrial\",\"description\":\"\",\"potentialAction\":[{\"@type\":\"SearchAction\",\"target\":{\"@type\":\"EntryPoint\",\"urlTemplate\":\"https:\\\/\\\/todotrial.com\\\/tienda\\\/?s={search_term_string}\"},\"query-input\":{\"@type\":\"PropertyValueSpecification\",\"valueRequired\":true,\"valueName\":\"search_term_string\"}}],\"inLanguage\":\"es\"}]}<\/script>\n<!-- \/ Yoast SEO Premium plugin. -->","yoast_head_json":{"title":"Casco Trial Hebo Montesa Classic 2023","description":"El casco Hebo Zone 5 Air Montesa Classic 2023 tiene un cierre de seguridad microm\u00e9trico, calota de termopl\u00e1stico ABS e interior de EPS de doble densidad","robots":{"index":"index","follow":"follow","max-snippet":"max-snippet:-1","max-image-preview":"max-image-preview:large","max-video-preview":"max-video-preview:-1"},"canonical":"https:\/\/todotrial.com\/tienda\/casco-hebo-zone-5-air-montesa-classic-2023-azul\/","og_locale":"es_ES","og_type":"article","og_title":"Casco Hebo Zone 5 Air Montesa Classic 2023 azul","og_description":"El casco Hebo Zone 5 Air Montesa Classic 2023 tiene un cierre de seguridad microm\u00e9trico, calota de termopl\u00e1stico ABS e interior de EPS de doble densidad","og_url":"https:\/\/todotrial.com\/tienda\/casco-hebo-zone-5-air-montesa-classic-2023-azul\/","og_site_name":"Tienda de todotrial","article_modified_time":"2025-02-20T16:18:35+00:00","og_image":[{"width":1000,"height":1000,"url":"https:\/\/todotrial.com\/tienda\/wp-content\/uploads\/2023\/03\/HC1165-A-1_HEBO_Casco_trial_montesa_2023_blanco-azul.jpg","type":"image\/jpeg"}],"twitter_card":"summary_large_image","twitter_misc":{"Tiempo de lectura":"1 minuto"},"schema":{"@context":"https:\/\/schema.org","@graph":[{"@type":"WebPage","@id":"https:\/\/todotrial.com\/tienda\/casco-hebo-zone-5-air-montesa-classic-2023-azul\/","url":"https:\/\/todotrial.com\/tienda\/casco-hebo-zone-5-air-montesa-classic-2023-azul\/","name":"Casco Trial Hebo Montesa Classic 2023","isPartOf":{"@id":"https:\/\/todotrial.com\/tienda\/#website"},"primaryImageOfPage":{"@id":"https:\/\/todotrial.com\/tienda\/casco-hebo-zone-5-air-montesa-classic-2023-azul\/#primaryimage"},"image":{"@id":"https:\/\/todotrial.com\/tienda\/casco-hebo-zone-5-air-montesa-classic-2023-azul\/#primaryimage"},"thumbnailUrl":"https:\/\/todotrial.com\/tienda\/wp-content\/uploads\/2023\/03\/HC1165-A-1_HEBO_Casco_trial_montesa_2023_blanco-azul.jpg","datePublished":"2023-03-15T20:43:58+00:00","dateModified":"2025-02-20T16:18:35+00:00","description":"El casco Hebo Zone 5 Air Montesa Classic 2023 tiene un cierre de seguridad microm\u00e9trico, calota de termopl\u00e1stico ABS e interior de EPS de doble densidad","breadcrumb":{"@id":"https:\/\/todotrial.com\/tienda\/casco-hebo-zone-5-air-montesa-classic-2023-azul\/#breadcrumb"},"inLanguage":"es","potentialAction":[{"@type":"ReadAction","target":["https:\/\/todotrial.com\/tienda\/casco-hebo-zone-5-air-montesa-classic-2023-azul\/"]}]},{"@type":"ImageObject","inLanguage":"es","@id":"https:\/\/todotrial.com\/tienda\/casco-hebo-zone-5-air-montesa-classic-2023-azul\/#primaryimage","url":"https:\/\/todotrial.com\/tienda\/wp-content\/uploads\/2023\/03\/HC1165-A-1_HEBO_Casco_trial_montesa_2023_blanco-azul.jpg","contentUrl":"https:\/\/todotrial.com\/tienda\/wp-content\/uploads\/2023\/03\/HC1165-A-1_HEBO_Casco_trial_montesa_2023_blanco-azul.jpg","width":1000,"height":1000},{"@type":"BreadcrumbList","@id":"https:\/\/todotrial.com\/tienda\/casco-hebo-zone-5-air-montesa-classic-2023-azul\/#breadcrumb","itemListElement":[{"@type":"ListItem","position":1,"name":"Portada","item":"https:\/\/todotrial.com\/tienda\/"},{"@type":"ListItem","position":2,"name":"Shop","item":"https:\/\/todotrial.com\/tienda\/shop\/"},{"@type":"ListItem","position":3,"name":"Casco Hebo Zone 5 Air Montesa Classic 2023 azul"}]},{"@type":"WebSite","@id":"https:\/\/todotrial.com\/tienda\/#website","url":"https:\/\/todotrial.com\/tienda\/","name":"Tienda de todotrial","description":"","potentialAction":[{"@type":"SearchAction","target":{"@type":"EntryPoint","urlTemplate":"https:\/\/todotrial.com\/tienda\/?s={search_term_string}"},"query-input":{"@type":"PropertyValueSpecification","valueRequired":true,"valueName":"search_term_string"}}],"inLanguage":"es"}]}},"_links":{"self":[{"href":"https:\/\/todotrial.com\/tienda\/wp-json\/wp\/v2\/product\/38858","targetHints":{"allow":["GET"]}}],"collection":[{"href":"https:\/\/todotrial.com\/tienda\/wp-json\/wp\/v2\/product"}],"about":[{"href":"https:\/\/todotrial.com\/tienda\/wp-json\/wp\/v2\/types\/product"}],"replies":[{"embeddable":true,"href":"https:\/\/todotrial.com\/tienda\/wp-json\/wp\/v2\/comments?post=38858"}],"version-history":[{"count":0,"href":"https:\/\/todotrial.com\/tienda\/wp-json\/wp\/v2\/product\/38858\/revisions"}],"wp:featuredmedia":[{"embeddable":true,"href":"https:\/\/todotrial.com\/tienda\/wp-json\/wp\/v2\/media\/38852"}],"wp:attachment":[{"href":"https:\/\/todotrial.com\/tienda\/wp-json\/wp\/v2\/media?parent=38858"}],"wp:term":[{"taxonomy":"product_brand","embeddable":true,"href":"https:\/\/todotrial.com\/tienda\/wp-json\/wp\/v2\/product_brand?post=38858"},{"taxonomy":"product_cat","embeddable":true,"href":"https:\/\/todotrial.com\/tienda\/wp-json\/wp\/v2\/product_cat?post=38858"},{"taxonomy":"product_tag","embeddable":true,"href":"https:\/\/todotrial.com\/tienda\/wp-json\/wp\/v2\/product_tag?post=38858"}],"curies":[{"name":"wp","href":"https:\/\/api.w.org\/{rel}","templated":true}]}}