{"id":38829,"date":"2023-03-15T20:46:51","date_gmt":"2023-03-15T19:46:51","guid":{"rendered":"https:\/\/todotrial.com\/tienda\/?post_type=product&#038;p=38829"},"modified":"2025-02-20T17:18:40","modified_gmt":"2025-02-20T16:18:40","slug":"camiseta-trial-hebo-pro-classic-montesa-2023-azul","status":"publish","type":"product","link":"https:\/\/todotrial.com\/tienda\/camiseta-trial-hebo-pro-classic-montesa-2023-azul\/","title":{"rendered":"Camiseta Trial HEBO Pro Classic Montesa 2023 azul"},"content":{"rendered":"<p>La camiseta Hebo MONTESA TRIAL PRO CLASSIC est\u00e1 fabricada en poli\u00e9ster con gr\u00e1ficos estampados por sublimaci\u00f3n resistentes al lavado. Tejido transpirable y de r\u00e1pido secado. Micro-pu\u00f1os el\u00e1sticos y cuello fabricados en lycra.<\/p>\n<p>La Camiseta MONTESA PRO CLASSIC 2023 te ofrecer\u00e1 un alto nivel t\u00e9cnico, resistencia, comodidad, movilidad, gran ligereza y transpirabilidad extrema. El tejido frontal y el de las mangas es 100% poli\u00e9ster de secado r\u00e1pido y adem\u00e1s, absorben la humedad. El cuello y los pu\u00f1os son de el\u00e1stico de pico. Para los estampados se ha utilizado la tecnolog\u00eda de sublimaci\u00f3n para que el color original dure durante la vida de la camiseta. Cuenta con unos pantalones a juego.<\/p>\n<p>M\u00e1s carecter\u00edsticas:<\/p>\n<ul>\n<li>Dise\u00f1o de cuello el\u00e1stico de pico<\/li>\n<li>Estampaci\u00f3n por sublimaci\u00f3n<\/li>\n<li>Pu\u00f1os el\u00e1sticos<\/li>\n<li>Tejido de secado r\u00e1pido<\/li>\n<\/ul>\n<p>La nueva equipaci\u00f3n RACE PRO 2023 est\u00e1 disponible en dos colores: rojo\/negro y azul\/blanco.<\/p>\n","protected":false},"excerpt":{"rendered":"<p>La camiseta Hebo MONTESA TRIAL PRO CLASSIC est\u00e1 fabricada en poli\u00e9ster con gr\u00e1ficos estampados por sublimaci\u00f3n resistentes al lavado. Tejido transpirable y de r\u00e1pido secado. Micro-pu\u00f1os el\u00e1sticos y cuello fabricados en lycra. La Camiseta MONTESA PRO CLASSIC 2023 te ofrecer\u00e1 un alto nivel t\u00e9cnico, resistencia, comodidad, movilidad, gran ligereza y transpirabilidad extrema. El tejido frontal [&hellip;]<\/p>\n","protected":false},"featured_media":38830,"comment_status":"open","ping_status":"closed","template":"","meta":[],"product_brand":[],"product_cat":[11394],"product_tag":[],"class_list":{"0":"post-38829","1":"product","2":"type-product","3":"status-publish","4":"has-post-thumbnail","6":"product_cat-camisetas-equipacion","7":"pa_color-azul","8":"pa_color-negro","9":"pa_color-rojo","11":"first","12":"outofstock","13":"taxable","14":"shipping-taxable","15":"purchasable","16":"product-type-simple"},"yoast_head":"<!-- This site is optimized with the Yoast SEO Premium plugin v21.2 (Yoast SEO v27.4) - https:\/\/yoast.com\/product\/yoast-seo-premium-wordpress\/ -->\n<title>Camiseta Trial HEBO RACE PRO V 2023<\/title>\n<meta name=\"description\" content=\"Camiseta de trial el\u00e1stica y c\u00f3moda que proporciona al piloto una gran libertad de movimiento sobre la moto, realizada en lycra con paneles microperforados\" \/>\n<meta name=\"robots\" content=\"index, follow, max-snippet:-1, max-image-preview:large, max-video-preview:-1\" \/>\n<link rel=\"canonical\" href=\"https:\/\/todotrial.com\/tienda\/camiseta-trial-hebo-pro-classic-montesa-2023-azul\/\" \/>\n<meta property=\"og:locale\" content=\"es_ES\" \/>\n<meta property=\"og:type\" content=\"article\" \/>\n<meta property=\"og:title\" content=\"Camiseta Trial HEBO Pro Classic Montesa 2023 azul\" \/>\n<meta property=\"og:description\" content=\"Camiseta de trial el\u00e1stica y c\u00f3moda que proporciona al piloto una gran libertad de movimiento sobre la moto, realizada en lycra con paneles microperforados\" \/>\n<meta property=\"og:url\" content=\"https:\/\/todotrial.com\/tienda\/camiseta-trial-hebo-pro-classic-montesa-2023-azul\/\" \/>\n<meta property=\"og:site_name\" content=\"Tienda de todotrial\" \/>\n<meta property=\"article:modified_time\" content=\"2025-02-20T16:18:40+00:00\" \/>\n<meta property=\"og:image\" content=\"https:\/\/todotrial.com\/tienda\/wp-content\/uploads\/2023\/03\/HE2167-A-1_HEBO_Camiseta_trial_montesa_2023_azul.jpg\" \/>\n\t<meta property=\"og:image:width\" content=\"1000\" \/>\n\t<meta property=\"og:image:height\" content=\"1000\" \/>\n\t<meta property=\"og:image:type\" content=\"image\/jpeg\" \/>\n<meta name=\"twitter:card\" content=\"summary_large_image\" \/>\n<meta name=\"twitter:label1\" content=\"Tiempo de lectura\" \/>\n\t<meta name=\"twitter:data1\" content=\"1 minuto\" \/>\n<script type=\"application\/ld+json\" class=\"yoast-schema-graph\">{\"@context\":\"https:\\\/\\\/schema.org\",\"@graph\":[{\"@type\":\"WebPage\",\"@id\":\"https:\\\/\\\/todotrial.com\\\/tienda\\\/camiseta-trial-hebo-pro-classic-montesa-2023-azul\\\/\",\"url\":\"https:\\\/\\\/todotrial.com\\\/tienda\\\/camiseta-trial-hebo-pro-classic-montesa-2023-azul\\\/\",\"name\":\"Camiseta Trial HEBO RACE PRO V 2023\",\"isPartOf\":{\"@id\":\"https:\\\/\\\/todotrial.com\\\/tienda\\\/#website\"},\"primaryImageOfPage\":{\"@id\":\"https:\\\/\\\/todotrial.com\\\/tienda\\\/camiseta-trial-hebo-pro-classic-montesa-2023-azul\\\/#primaryimage\"},\"image\":{\"@id\":\"https:\\\/\\\/todotrial.com\\\/tienda\\\/camiseta-trial-hebo-pro-classic-montesa-2023-azul\\\/#primaryimage\"},\"thumbnailUrl\":\"https:\\\/\\\/todotrial.com\\\/tienda\\\/wp-content\\\/uploads\\\/2023\\\/03\\\/HE2167-A-1_HEBO_Camiseta_trial_montesa_2023_azul.jpg\",\"datePublished\":\"2023-03-15T19:46:51+00:00\",\"dateModified\":\"2025-02-20T16:18:40+00:00\",\"description\":\"Camiseta de trial el\u00e1stica y c\u00f3moda que proporciona al piloto una gran libertad de movimiento sobre la moto, realizada en lycra con paneles microperforados\",\"breadcrumb\":{\"@id\":\"https:\\\/\\\/todotrial.com\\\/tienda\\\/camiseta-trial-hebo-pro-classic-montesa-2023-azul\\\/#breadcrumb\"},\"inLanguage\":\"es\",\"potentialAction\":[{\"@type\":\"ReadAction\",\"target\":[\"https:\\\/\\\/todotrial.com\\\/tienda\\\/camiseta-trial-hebo-pro-classic-montesa-2023-azul\\\/\"]}]},{\"@type\":\"ImageObject\",\"inLanguage\":\"es\",\"@id\":\"https:\\\/\\\/todotrial.com\\\/tienda\\\/camiseta-trial-hebo-pro-classic-montesa-2023-azul\\\/#primaryimage\",\"url\":\"https:\\\/\\\/todotrial.com\\\/tienda\\\/wp-content\\\/uploads\\\/2023\\\/03\\\/HE2167-A-1_HEBO_Camiseta_trial_montesa_2023_azul.jpg\",\"contentUrl\":\"https:\\\/\\\/todotrial.com\\\/tienda\\\/wp-content\\\/uploads\\\/2023\\\/03\\\/HE2167-A-1_HEBO_Camiseta_trial_montesa_2023_azul.jpg\",\"width\":1000,\"height\":1000},{\"@type\":\"BreadcrumbList\",\"@id\":\"https:\\\/\\\/todotrial.com\\\/tienda\\\/camiseta-trial-hebo-pro-classic-montesa-2023-azul\\\/#breadcrumb\",\"itemListElement\":[{\"@type\":\"ListItem\",\"position\":1,\"name\":\"Portada\",\"item\":\"https:\\\/\\\/todotrial.com\\\/tienda\\\/\"},{\"@type\":\"ListItem\",\"position\":2,\"name\":\"Shop\",\"item\":\"https:\\\/\\\/todotrial.com\\\/tienda\\\/shop\\\/\"},{\"@type\":\"ListItem\",\"position\":3,\"name\":\"Camiseta Trial HEBO Pro Classic Montesa 2023 azul\"}]},{\"@type\":\"WebSite\",\"@id\":\"https:\\\/\\\/todotrial.com\\\/tienda\\\/#website\",\"url\":\"https:\\\/\\\/todotrial.com\\\/tienda\\\/\",\"name\":\"Tienda de todotrial\",\"description\":\"\",\"potentialAction\":[{\"@type\":\"SearchAction\",\"target\":{\"@type\":\"EntryPoint\",\"urlTemplate\":\"https:\\\/\\\/todotrial.com\\\/tienda\\\/?s={search_term_string}\"},\"query-input\":{\"@type\":\"PropertyValueSpecification\",\"valueRequired\":true,\"valueName\":\"search_term_string\"}}],\"inLanguage\":\"es\"}]}<\/script>\n<!-- \/ Yoast SEO Premium plugin. -->","yoast_head_json":{"title":"Camiseta Trial HEBO RACE PRO V 2023","description":"Camiseta de trial el\u00e1stica y c\u00f3moda que proporciona al piloto una gran libertad de movimiento sobre la moto, realizada en lycra con paneles microperforados","robots":{"index":"index","follow":"follow","max-snippet":"max-snippet:-1","max-image-preview":"max-image-preview:large","max-video-preview":"max-video-preview:-1"},"canonical":"https:\/\/todotrial.com\/tienda\/camiseta-trial-hebo-pro-classic-montesa-2023-azul\/","og_locale":"es_ES","og_type":"article","og_title":"Camiseta Trial HEBO Pro Classic Montesa 2023 azul","og_description":"Camiseta de trial el\u00e1stica y c\u00f3moda que proporciona al piloto una gran libertad de movimiento sobre la moto, realizada en lycra con paneles microperforados","og_url":"https:\/\/todotrial.com\/tienda\/camiseta-trial-hebo-pro-classic-montesa-2023-azul\/","og_site_name":"Tienda de todotrial","article_modified_time":"2025-02-20T16:18:40+00:00","og_image":[{"width":1000,"height":1000,"url":"https:\/\/todotrial.com\/tienda\/wp-content\/uploads\/2023\/03\/HE2167-A-1_HEBO_Camiseta_trial_montesa_2023_azul.jpg","type":"image\/jpeg"}],"twitter_card":"summary_large_image","twitter_misc":{"Tiempo de lectura":"1 minuto"},"schema":{"@context":"https:\/\/schema.org","@graph":[{"@type":"WebPage","@id":"https:\/\/todotrial.com\/tienda\/camiseta-trial-hebo-pro-classic-montesa-2023-azul\/","url":"https:\/\/todotrial.com\/tienda\/camiseta-trial-hebo-pro-classic-montesa-2023-azul\/","name":"Camiseta Trial HEBO RACE PRO V 2023","isPartOf":{"@id":"https:\/\/todotrial.com\/tienda\/#website"},"primaryImageOfPage":{"@id":"https:\/\/todotrial.com\/tienda\/camiseta-trial-hebo-pro-classic-montesa-2023-azul\/#primaryimage"},"image":{"@id":"https:\/\/todotrial.com\/tienda\/camiseta-trial-hebo-pro-classic-montesa-2023-azul\/#primaryimage"},"thumbnailUrl":"https:\/\/todotrial.com\/tienda\/wp-content\/uploads\/2023\/03\/HE2167-A-1_HEBO_Camiseta_trial_montesa_2023_azul.jpg","datePublished":"2023-03-15T19:46:51+00:00","dateModified":"2025-02-20T16:18:40+00:00","description":"Camiseta de trial el\u00e1stica y c\u00f3moda que proporciona al piloto una gran libertad de movimiento sobre la moto, realizada en lycra con paneles microperforados","breadcrumb":{"@id":"https:\/\/todotrial.com\/tienda\/camiseta-trial-hebo-pro-classic-montesa-2023-azul\/#breadcrumb"},"inLanguage":"es","potentialAction":[{"@type":"ReadAction","target":["https:\/\/todotrial.com\/tienda\/camiseta-trial-hebo-pro-classic-montesa-2023-azul\/"]}]},{"@type":"ImageObject","inLanguage":"es","@id":"https:\/\/todotrial.com\/tienda\/camiseta-trial-hebo-pro-classic-montesa-2023-azul\/#primaryimage","url":"https:\/\/todotrial.com\/tienda\/wp-content\/uploads\/2023\/03\/HE2167-A-1_HEBO_Camiseta_trial_montesa_2023_azul.jpg","contentUrl":"https:\/\/todotrial.com\/tienda\/wp-content\/uploads\/2023\/03\/HE2167-A-1_HEBO_Camiseta_trial_montesa_2023_azul.jpg","width":1000,"height":1000},{"@type":"BreadcrumbList","@id":"https:\/\/todotrial.com\/tienda\/camiseta-trial-hebo-pro-classic-montesa-2023-azul\/#breadcrumb","itemListElement":[{"@type":"ListItem","position":1,"name":"Portada","item":"https:\/\/todotrial.com\/tienda\/"},{"@type":"ListItem","position":2,"name":"Shop","item":"https:\/\/todotrial.com\/tienda\/shop\/"},{"@type":"ListItem","position":3,"name":"Camiseta Trial HEBO Pro Classic Montesa 2023 azul"}]},{"@type":"WebSite","@id":"https:\/\/todotrial.com\/tienda\/#website","url":"https:\/\/todotrial.com\/tienda\/","name":"Tienda de todotrial","description":"","potentialAction":[{"@type":"SearchAction","target":{"@type":"EntryPoint","urlTemplate":"https:\/\/todotrial.com\/tienda\/?s={search_term_string}"},"query-input":{"@type":"PropertyValueSpecification","valueRequired":true,"valueName":"search_term_string"}}],"inLanguage":"es"}]}},"_links":{"self":[{"href":"https:\/\/todotrial.com\/tienda\/wp-json\/wp\/v2\/product\/38829","targetHints":{"allow":["GET"]}}],"collection":[{"href":"https:\/\/todotrial.com\/tienda\/wp-json\/wp\/v2\/product"}],"about":[{"href":"https:\/\/todotrial.com\/tienda\/wp-json\/wp\/v2\/types\/product"}],"replies":[{"embeddable":true,"href":"https:\/\/todotrial.com\/tienda\/wp-json\/wp\/v2\/comments?post=38829"}],"version-history":[{"count":0,"href":"https:\/\/todotrial.com\/tienda\/wp-json\/wp\/v2\/product\/38829\/revisions"}],"wp:featuredmedia":[{"embeddable":true,"href":"https:\/\/todotrial.com\/tienda\/wp-json\/wp\/v2\/media\/38830"}],"wp:attachment":[{"href":"https:\/\/todotrial.com\/tienda\/wp-json\/wp\/v2\/media?parent=38829"}],"wp:term":[{"taxonomy":"product_brand","embeddable":true,"href":"https:\/\/todotrial.com\/tienda\/wp-json\/wp\/v2\/product_brand?post=38829"},{"taxonomy":"product_cat","embeddable":true,"href":"https:\/\/todotrial.com\/tienda\/wp-json\/wp\/v2\/product_cat?post=38829"},{"taxonomy":"product_tag","embeddable":true,"href":"https:\/\/todotrial.com\/tienda\/wp-json\/wp\/v2\/product_tag?post=38829"}],"curies":[{"name":"wp","href":"https:\/\/api.w.org\/{rel}","templated":true}]}}