{"id":38766,"date":"2023-03-02T22:28:16","date_gmt":"2023-03-02T21:28:16","guid":{"rendered":"https:\/\/todotrial.com\/tienda\/?post_type=product&#038;p=38766"},"modified":"2025-02-20T17:18:44","modified_gmt":"2025-02-20T16:18:44","slug":"casco-hebo-zone-5-air-toni-bou-2023","status":"publish","type":"product","link":"https:\/\/todotrial.com\/tienda\/casco-hebo-zone-5-air-toni-bou-2023\/","title":{"rendered":"Casco Hebo Zone 5 Air Toni Bou 2023"},"content":{"rendered":"<p>El nuevo casco Hebo Zone 5 Toni Bou es la R\u00e9plica del casco utilizado en 2023 por el 33 veces campe\u00f3n del mundo de trial. Est\u00e1 fabricado con material termopl\u00e1stico ABS, con dos medidas distintas de calota para adaptarse a las diferentes tallas. Interior fabricado en poliestireno expandido ESP en 3 densidades. Dos medidas de ESP en el interior para un mayor confort en cada talla.<\/p>\n<p>Su interior es totalmente desmontable con un forro fabricado con laminado de espuma de diferentes densidades, recubierto de tejido hipo al\u00e9rgico para un perfecto confort. Pantalla interna escamoteable intercambiable fabricada en policarbonato con tratamiento Antirayaduras ahumada de serie para una mejor protecci\u00f3n \/solar ocular. El cierre es micro regulable de accionamiento r\u00e1pido. Calota con 2 entradas frontales y 2 salidas que proporcionan corriente interna entre el EPS y la calota, adem\u00e1s de entradas laterales para una mayor audici\u00f3n y airaci\u00f3n. Dispone de un sistema Light For Life integrado que permite la instalaci\u00f3n de la caja de luz de posici\u00f3n o freno.<\/p>\n<p>El casco est\u00e1 homologado: EC 22-05.<\/p>\n","protected":false},"excerpt":{"rendered":"<p>El nuevo casco Hebo Zone 5 Toni Bou es la R\u00e9plica del casco utilizado en 2023 por el 33 veces campe\u00f3n del mundo de trial. Est\u00e1 fabricado con material termopl\u00e1stico ABS, con dos medidas distintas de calota para adaptarse a las diferentes tallas. Interior fabricado en poliestireno expandido ESP en 3 densidades. Dos medidas de [&hellip;]<\/p>\n","protected":false},"featured_media":38769,"comment_status":"open","ping_status":"closed","template":"","meta":[],"product_brand":[],"product_cat":[11423],"product_tag":[],"class_list":{"0":"post-38766","1":"product","2":"type-product","3":"status-publish","4":"has-post-thumbnail","6":"product_cat-cascos-equipacion","8":"first","9":"outofstock","10":"taxable","11":"shipping-taxable","12":"purchasable","13":"product-type-simple"},"yoast_head":"<!-- This site is optimized with the Yoast SEO Premium plugin v21.2 (Yoast SEO v27.4) - https:\/\/yoast.com\/product\/yoast-seo-premium-wordpress\/ -->\n<title>Casco Trial Hebo Toni Bou 2023 - Tienda de todotrial CC<\/title>\n<meta name=\"description\" content=\"El nuevo casco Hebo Toni Bou 2023 es la r\u00e9plica del 33 veces campe\u00f3n del mundo de trial, con un dise\u00f1o asim\u00e9trico incluyendo su logo, firma y el n\u00famero 33\" \/>\n<meta name=\"robots\" content=\"index, follow, max-snippet:-1, max-image-preview:large, max-video-preview:-1\" \/>\n<link rel=\"canonical\" href=\"https:\/\/todotrial.com\/tienda\/casco-hebo-zone-5-air-toni-bou-2023\/\" \/>\n<meta property=\"og:locale\" content=\"es_ES\" \/>\n<meta property=\"og:type\" content=\"article\" \/>\n<meta property=\"og:title\" content=\"Casco Hebo Zone 5 Air Toni Bou 2023\" \/>\n<meta property=\"og:description\" content=\"El nuevo casco Hebo Toni Bou 2023 es la r\u00e9plica del 33 veces campe\u00f3n del mundo de trial, con un dise\u00f1o asim\u00e9trico incluyendo su logo, firma y el n\u00famero 33\" \/>\n<meta property=\"og:url\" content=\"https:\/\/todotrial.com\/tienda\/casco-hebo-zone-5-air-toni-bou-2023\/\" \/>\n<meta property=\"og:site_name\" content=\"Tienda de todotrial\" \/>\n<meta property=\"article:modified_time\" content=\"2025-02-20T16:18:44+00:00\" \/>\n<meta property=\"og:image\" content=\"https:\/\/todotrial.com\/tienda\/wp-content\/uploads\/2023\/03\/casco-hebo-trial-toni-bou-2023-HC1164_1.jpg\" \/>\n\t<meta property=\"og:image:width\" content=\"1000\" \/>\n\t<meta property=\"og:image:height\" content=\"1000\" \/>\n\t<meta property=\"og:image:type\" content=\"image\/jpeg\" \/>\n<meta name=\"twitter:card\" content=\"summary_large_image\" \/>\n<meta name=\"twitter:label1\" content=\"Tiempo de lectura\" \/>\n\t<meta name=\"twitter:data1\" content=\"1 minuto\" \/>\n<script type=\"application\/ld+json\" class=\"yoast-schema-graph\">{\"@context\":\"https:\\\/\\\/schema.org\",\"@graph\":[{\"@type\":\"WebPage\",\"@id\":\"https:\\\/\\\/todotrial.com\\\/tienda\\\/casco-hebo-zone-5-air-toni-bou-2023\\\/\",\"url\":\"https:\\\/\\\/todotrial.com\\\/tienda\\\/casco-hebo-zone-5-air-toni-bou-2023\\\/\",\"name\":\"Casco Trial Hebo Toni Bou 2023 - Tienda de todotrial CC\",\"isPartOf\":{\"@id\":\"https:\\\/\\\/todotrial.com\\\/tienda\\\/#website\"},\"primaryImageOfPage\":{\"@id\":\"https:\\\/\\\/todotrial.com\\\/tienda\\\/casco-hebo-zone-5-air-toni-bou-2023\\\/#primaryimage\"},\"image\":{\"@id\":\"https:\\\/\\\/todotrial.com\\\/tienda\\\/casco-hebo-zone-5-air-toni-bou-2023\\\/#primaryimage\"},\"thumbnailUrl\":\"https:\\\/\\\/todotrial.com\\\/tienda\\\/wp-content\\\/uploads\\\/2023\\\/03\\\/casco-hebo-trial-toni-bou-2023-HC1164_1.jpg\",\"datePublished\":\"2023-03-02T21:28:16+00:00\",\"dateModified\":\"2025-02-20T16:18:44+00:00\",\"description\":\"El nuevo casco Hebo Toni Bou 2023 es la r\u00e9plica del 33 veces campe\u00f3n del mundo de trial, con un dise\u00f1o asim\u00e9trico incluyendo su logo, firma y el n\u00famero 33\",\"breadcrumb\":{\"@id\":\"https:\\\/\\\/todotrial.com\\\/tienda\\\/casco-hebo-zone-5-air-toni-bou-2023\\\/#breadcrumb\"},\"inLanguage\":\"es\",\"potentialAction\":[{\"@type\":\"ReadAction\",\"target\":[\"https:\\\/\\\/todotrial.com\\\/tienda\\\/casco-hebo-zone-5-air-toni-bou-2023\\\/\"]}]},{\"@type\":\"ImageObject\",\"inLanguage\":\"es\",\"@id\":\"https:\\\/\\\/todotrial.com\\\/tienda\\\/casco-hebo-zone-5-air-toni-bou-2023\\\/#primaryimage\",\"url\":\"https:\\\/\\\/todotrial.com\\\/tienda\\\/wp-content\\\/uploads\\\/2023\\\/03\\\/casco-hebo-trial-toni-bou-2023-HC1164_1.jpg\",\"contentUrl\":\"https:\\\/\\\/todotrial.com\\\/tienda\\\/wp-content\\\/uploads\\\/2023\\\/03\\\/casco-hebo-trial-toni-bou-2023-HC1164_1.jpg\",\"width\":1000,\"height\":1000},{\"@type\":\"BreadcrumbList\",\"@id\":\"https:\\\/\\\/todotrial.com\\\/tienda\\\/casco-hebo-zone-5-air-toni-bou-2023\\\/#breadcrumb\",\"itemListElement\":[{\"@type\":\"ListItem\",\"position\":1,\"name\":\"Portada\",\"item\":\"https:\\\/\\\/todotrial.com\\\/tienda\\\/\"},{\"@type\":\"ListItem\",\"position\":2,\"name\":\"Shop\",\"item\":\"https:\\\/\\\/todotrial.com\\\/tienda\\\/shop\\\/\"},{\"@type\":\"ListItem\",\"position\":3,\"name\":\"Casco Hebo Zone 5 Air Toni Bou 2023\"}]},{\"@type\":\"WebSite\",\"@id\":\"https:\\\/\\\/todotrial.com\\\/tienda\\\/#website\",\"url\":\"https:\\\/\\\/todotrial.com\\\/tienda\\\/\",\"name\":\"Tienda de todotrial\",\"description\":\"\",\"potentialAction\":[{\"@type\":\"SearchAction\",\"target\":{\"@type\":\"EntryPoint\",\"urlTemplate\":\"https:\\\/\\\/todotrial.com\\\/tienda\\\/?s={search_term_string}\"},\"query-input\":{\"@type\":\"PropertyValueSpecification\",\"valueRequired\":true,\"valueName\":\"search_term_string\"}}],\"inLanguage\":\"es\"}]}<\/script>\n<!-- \/ Yoast SEO Premium plugin. -->","yoast_head_json":{"title":"Casco Trial Hebo Toni Bou 2023 - Tienda de todotrial CC","description":"El nuevo casco Hebo Toni Bou 2023 es la r\u00e9plica del 33 veces campe\u00f3n del mundo de trial, con un dise\u00f1o asim\u00e9trico incluyendo su logo, firma y el n\u00famero 33","robots":{"index":"index","follow":"follow","max-snippet":"max-snippet:-1","max-image-preview":"max-image-preview:large","max-video-preview":"max-video-preview:-1"},"canonical":"https:\/\/todotrial.com\/tienda\/casco-hebo-zone-5-air-toni-bou-2023\/","og_locale":"es_ES","og_type":"article","og_title":"Casco Hebo Zone 5 Air Toni Bou 2023","og_description":"El nuevo casco Hebo Toni Bou 2023 es la r\u00e9plica del 33 veces campe\u00f3n del mundo de trial, con un dise\u00f1o asim\u00e9trico incluyendo su logo, firma y el n\u00famero 33","og_url":"https:\/\/todotrial.com\/tienda\/casco-hebo-zone-5-air-toni-bou-2023\/","og_site_name":"Tienda de todotrial","article_modified_time":"2025-02-20T16:18:44+00:00","og_image":[{"width":1000,"height":1000,"url":"https:\/\/todotrial.com\/tienda\/wp-content\/uploads\/2023\/03\/casco-hebo-trial-toni-bou-2023-HC1164_1.jpg","type":"image\/jpeg"}],"twitter_card":"summary_large_image","twitter_misc":{"Tiempo de lectura":"1 minuto"},"schema":{"@context":"https:\/\/schema.org","@graph":[{"@type":"WebPage","@id":"https:\/\/todotrial.com\/tienda\/casco-hebo-zone-5-air-toni-bou-2023\/","url":"https:\/\/todotrial.com\/tienda\/casco-hebo-zone-5-air-toni-bou-2023\/","name":"Casco Trial Hebo Toni Bou 2023 - Tienda de todotrial CC","isPartOf":{"@id":"https:\/\/todotrial.com\/tienda\/#website"},"primaryImageOfPage":{"@id":"https:\/\/todotrial.com\/tienda\/casco-hebo-zone-5-air-toni-bou-2023\/#primaryimage"},"image":{"@id":"https:\/\/todotrial.com\/tienda\/casco-hebo-zone-5-air-toni-bou-2023\/#primaryimage"},"thumbnailUrl":"https:\/\/todotrial.com\/tienda\/wp-content\/uploads\/2023\/03\/casco-hebo-trial-toni-bou-2023-HC1164_1.jpg","datePublished":"2023-03-02T21:28:16+00:00","dateModified":"2025-02-20T16:18:44+00:00","description":"El nuevo casco Hebo Toni Bou 2023 es la r\u00e9plica del 33 veces campe\u00f3n del mundo de trial, con un dise\u00f1o asim\u00e9trico incluyendo su logo, firma y el n\u00famero 33","breadcrumb":{"@id":"https:\/\/todotrial.com\/tienda\/casco-hebo-zone-5-air-toni-bou-2023\/#breadcrumb"},"inLanguage":"es","potentialAction":[{"@type":"ReadAction","target":["https:\/\/todotrial.com\/tienda\/casco-hebo-zone-5-air-toni-bou-2023\/"]}]},{"@type":"ImageObject","inLanguage":"es","@id":"https:\/\/todotrial.com\/tienda\/casco-hebo-zone-5-air-toni-bou-2023\/#primaryimage","url":"https:\/\/todotrial.com\/tienda\/wp-content\/uploads\/2023\/03\/casco-hebo-trial-toni-bou-2023-HC1164_1.jpg","contentUrl":"https:\/\/todotrial.com\/tienda\/wp-content\/uploads\/2023\/03\/casco-hebo-trial-toni-bou-2023-HC1164_1.jpg","width":1000,"height":1000},{"@type":"BreadcrumbList","@id":"https:\/\/todotrial.com\/tienda\/casco-hebo-zone-5-air-toni-bou-2023\/#breadcrumb","itemListElement":[{"@type":"ListItem","position":1,"name":"Portada","item":"https:\/\/todotrial.com\/tienda\/"},{"@type":"ListItem","position":2,"name":"Shop","item":"https:\/\/todotrial.com\/tienda\/shop\/"},{"@type":"ListItem","position":3,"name":"Casco Hebo Zone 5 Air Toni Bou 2023"}]},{"@type":"WebSite","@id":"https:\/\/todotrial.com\/tienda\/#website","url":"https:\/\/todotrial.com\/tienda\/","name":"Tienda de todotrial","description":"","potentialAction":[{"@type":"SearchAction","target":{"@type":"EntryPoint","urlTemplate":"https:\/\/todotrial.com\/tienda\/?s={search_term_string}"},"query-input":{"@type":"PropertyValueSpecification","valueRequired":true,"valueName":"search_term_string"}}],"inLanguage":"es"}]}},"_links":{"self":[{"href":"https:\/\/todotrial.com\/tienda\/wp-json\/wp\/v2\/product\/38766","targetHints":{"allow":["GET"]}}],"collection":[{"href":"https:\/\/todotrial.com\/tienda\/wp-json\/wp\/v2\/product"}],"about":[{"href":"https:\/\/todotrial.com\/tienda\/wp-json\/wp\/v2\/types\/product"}],"replies":[{"embeddable":true,"href":"https:\/\/todotrial.com\/tienda\/wp-json\/wp\/v2\/comments?post=38766"}],"version-history":[{"count":0,"href":"https:\/\/todotrial.com\/tienda\/wp-json\/wp\/v2\/product\/38766\/revisions"}],"wp:featuredmedia":[{"embeddable":true,"href":"https:\/\/todotrial.com\/tienda\/wp-json\/wp\/v2\/media\/38769"}],"wp:attachment":[{"href":"https:\/\/todotrial.com\/tienda\/wp-json\/wp\/v2\/media?parent=38766"}],"wp:term":[{"taxonomy":"product_brand","embeddable":true,"href":"https:\/\/todotrial.com\/tienda\/wp-json\/wp\/v2\/product_brand?post=38766"},{"taxonomy":"product_cat","embeddable":true,"href":"https:\/\/todotrial.com\/tienda\/wp-json\/wp\/v2\/product_cat?post=38766"},{"taxonomy":"product_tag","embeddable":true,"href":"https:\/\/todotrial.com\/tienda\/wp-json\/wp\/v2\/product_tag?post=38766"}],"curies":[{"name":"wp","href":"https:\/\/api.w.org\/{rel}","templated":true}]}}