{"id":38738,"date":"2023-02-21T11:37:40","date_gmt":"2023-02-21T10:37:40","guid":{"rendered":"https:\/\/todotrial.com\/tienda\/?post_type=product&#038;p=38738"},"modified":"2025-10-16T20:18:52","modified_gmt":"2025-10-16T19:18:52","slug":"miniatura-ossa-tr80-amarilla","status":"publish","type":"product","link":"https:\/\/todotrial.com\/tienda\/miniatura-ossa-tr80-amarilla\/","title":{"rendered":"Miniatura Ossa TR80 \u00abAmarilla\u00bb"},"content":{"rendered":"<p><strong>Miniatura Ossa TR80 \u00abAmarilla\u00bb 1980, 1981. Escala 1\/6<\/strong><\/p>\n<p>Preciosa miniatura TrialReplic de la Ossa TR80, conocida popularmente como \u00abla amarilla\u00bb, aut\u00e9ntico art\u00edculo de coleccionista. Este modelo est\u00e1 hecho tomando como base la r\u00e9plica de la Ossa MAR. Est\u00e1 hecha en escala 1\/6, por lo que su tama\u00f1o es bastante grande, sus piezas principales est\u00e1n realizadas en metal, adem\u00e1s de pl\u00e1stico y goma para los neum\u00e1ticos. El nivel de detalle y cuidado ha sido claramente mejorado respecto a los juguetes fabricados en los a\u00f1os 70 por Clim, en los que se basa rescatando los moldes originales, pasando de ser originariamente un juguete a convertirse en un objeto de coleccionista ideal para la decoraci\u00f3n, que apreciar\u00e1n especialmente los amantes de las miniaturas y del deporte del trial.<\/p>\n<p>Todas las mejoras introducidas en los modelos en esta etapa han sido cuidadas al m\u00e1ximo y son fruto de la pasi\u00f3n por el trial. Con la modificaci\u00f3n de los moldes originales se ha logrado perfeccionar los modelos y poner de nuevo en el mercado estas interesantes miniaturas, con piezas detalladas, la pata plegable met\u00e1lica totalmente funcional, o la suspensi\u00f3n delantera, tambi\u00e9n funcional. Adem\u00e1s se han fabricado nuevos modelos, por lo que junto a la Cota 247 original de los 70 encontraremos nuevos modelos de Honda, Ossa y Bultaco.<\/p>\n<p>Las dimensiones de la miniatura son 33 x 23 x 5 cms.<\/p>\n<p>Todas ellas podr\u00e1s comprarlas aqu\u00ed, en Todotrial Shop, y las recibir\u00e1s en unos 3 d\u00edas laborales.<\/p>\n<p>Modelos disponibles:<\/p>\n<p>&#8211; <a href=\"https:\/\/todotrial.com\/tienda\/varios\/miniaturas-trial-replic\/miniatura-montesa-cota-247\/\">Montesa Cota 247<\/a><\/p>\n<p>&#8211; <a href=\"https:\/\/todotrial.com\/tienda\/varios\/miniaturas-trial-replic\/miniatura-montesa-cota-247-ulf-karlson\/\">Montesa Cota 247 Ulf Karlson<\/a><\/p>\n<p>&#8211; <a href=\"https:\/\/todotrial.com\/tienda\/varios\/miniaturas-trial-replic\/miniatura-ossa-mar-1a-serie-mick-andrews-replica\/\">Ossa MAR (Mick Andrews Replica) 1\u00aa serie (1971)<\/a><\/p>\n<p>&#8211; <a href=\"https:\/\/todotrial.com\/tienda\/varios\/miniaturas-trial-replic\/miniatura-ossa-mar-2a-serie-mick-andrews-replica\/\">Ossa MAR (Mick Andrews Replica) 2\u00aa serie (1974)<\/a><\/p>\n<p>&#8211; <a href=\"https:\/\/todotrial.com\/tienda\/varios\/miniaturas-trial-replic\/miniatura-ossa-mar-3a-serie-mick-andrews-replica\/\">Ossa MAR (Mick Andrews Replica) 3\u00aa serie (1976)<\/a><\/p>\n<p>&#8211; <a href=\"https:\/\/todotrial.com\/tienda\/varios\/miniaturas-trial-replic\/miniatura-honda-rtl-305\/\">Honda RTL 305<\/a><\/p>\n<p>&#8211; <a href=\"https:\/\/todotrial.com\/tienda\/varios\/miniaturas-trial-replic\/miniatura-honda-rtl-306-6798\/\">Honda RTL 306<\/a><\/p>\n<p>&#8211; <a href=\"https:\/\/todotrial.com\/tienda\/varios\/miniaturas-trial-replic\/miniatura-honda-tlr-tricolor\/\">Honda TLR 200\/250 Tricolor<\/a><\/p>\n<p>&#8211; <a href=\"https:\/\/todotrial.com\/tienda\/varios\/miniaturas-trial-replic\/miniatura-honda-tl-250-roja\/\" target=\"_blank\" rel=\"noopener\">Honda TL 200\/250 Roja<\/a><\/p>\n<p>&#8211; <a href=\"https:\/\/todotrial.com\/tienda\/varios\/miniaturas-trial-replic\/miniatura-bultaco-sherpa-t-199-roja-1a-serie\/\" target=\"_blank\" rel=\"noopener\">Bultaco Sherpa 199 \u00abroja\u00bb 1\u00aa serie<\/a><\/p>\n<p>&#8211; <a href=\"https:\/\/todotrial.com\/tienda\/varios\/miniaturas-trial-replic\/miniatura-bultaco-sherpa-t-199\/\" target=\"_blank\" rel=\"noopener\">Bultaco Sherpa 199 \u00abroja\u00bb 2\u00aa serie<\/a><\/p>\n<p>&#8211; <a href=\"https:\/\/todotrial.com\/tienda\/varios\/miniaturas-trial-replic\/miniatura-bultaco-sherpa-t-199a-copia\/\" target=\"_blank\" rel=\"noopener\">Bultaco Sherpa 199A \u00abazul\u00bb<\/a><\/p>\n<p>&#8211; <a href=\"https:\/\/todotrial.com\/tienda\/varios\/miniaturas-trial-replic\/miniatura-bultaco-sherpa-t-199b-blanca\/\" target=\"_blank\" rel=\"noopener\">Bultaco Sherpa 199B \u00abblanca\u00bb<\/a><\/p>\n<p>\u00a1Un regalo ideal para todo apasionado del trial!<\/p>\n","protected":false},"excerpt":{"rendered":"<p>Miniatura Mar 1\u00aa Serie (Mick Andrews Replica) Escala 1\/6<\/p>\n","protected":false},"featured_media":38743,"comment_status":"open","ping_status":"closed","template":"","meta":[],"product_brand":[],"product_cat":[15],"product_tag":[],"class_list":{"0":"post-38738","1":"product","2":"type-product","3":"status-publish","4":"has-post-thumbnail","6":"product_cat-uncategorized","8":"first","9":"instock","10":"taxable","11":"shipping-taxable","12":"purchasable","13":"product-type-simple"},"yoast_head":"<!-- This site is optimized with the Yoast SEO Premium plugin v21.2 (Yoast SEO v27.4) - https:\/\/yoast.com\/product\/yoast-seo-premium-wordpress\/ -->\n<title>Miniatura Ossa TR80 Amarilla Escala 1:6<\/title>\n<meta name=\"description\" content=\"Miniatura Trialreplic de la moto de Trial Ossa TR80 &quot;Amarilla&quot; de 1980 y 1981. Art\u00edculo de coleccionista en serie limitada, escala 1\/6\" \/>\n<meta name=\"robots\" content=\"index, follow, max-snippet:-1, max-image-preview:large, max-video-preview:-1\" \/>\n<link rel=\"canonical\" href=\"https:\/\/todotrial.com\/tienda\/miniatura-ossa-tr80-amarilla\/\" \/>\n<meta property=\"og:locale\" content=\"es_ES\" \/>\n<meta property=\"og:type\" content=\"article\" \/>\n<meta property=\"og:title\" content=\"Miniatura Ossa TR80 &quot;Amarilla&quot;\" \/>\n<meta property=\"og:description\" content=\"Miniatura Trialreplic de la moto de Trial Ossa TR80 &quot;Amarilla&quot; de 1980 y 1981. Art\u00edculo de coleccionista en serie limitada, escala 1\/6\" \/>\n<meta property=\"og:url\" content=\"https:\/\/todotrial.com\/tienda\/miniatura-ossa-tr80-amarilla\/\" \/>\n<meta property=\"og:site_name\" content=\"Tienda de todotrial\" \/>\n<meta property=\"article:modified_time\" content=\"2025-10-16T19:18:52+00:00\" \/>\n<meta property=\"og:image\" content=\"https:\/\/todotrial.com\/tienda\/wp-content\/uploads\/2023\/02\/ossa-tr80-amarilla-yellow-trialreplic-5.jpg\" \/>\n\t<meta property=\"og:image:width\" content=\"1200\" \/>\n\t<meta property=\"og:image:height\" content=\"800\" \/>\n\t<meta property=\"og:image:type\" content=\"image\/jpeg\" \/>\n<meta name=\"twitter:card\" content=\"summary_large_image\" \/>\n<meta name=\"twitter:label1\" content=\"Tiempo de lectura\" \/>\n\t<meta name=\"twitter:data1\" content=\"2 minutos\" \/>\n<script type=\"application\/ld+json\" class=\"yoast-schema-graph\">{\"@context\":\"https:\\\/\\\/schema.org\",\"@graph\":[{\"@type\":\"WebPage\",\"@id\":\"https:\\\/\\\/todotrial.com\\\/tienda\\\/miniatura-ossa-tr80-amarilla\\\/\",\"url\":\"https:\\\/\\\/todotrial.com\\\/tienda\\\/miniatura-ossa-tr80-amarilla\\\/\",\"name\":\"Miniatura Ossa TR80 Amarilla Escala 1:6\",\"isPartOf\":{\"@id\":\"https:\\\/\\\/todotrial.com\\\/tienda\\\/#website\"},\"primaryImageOfPage\":{\"@id\":\"https:\\\/\\\/todotrial.com\\\/tienda\\\/miniatura-ossa-tr80-amarilla\\\/#primaryimage\"},\"image\":{\"@id\":\"https:\\\/\\\/todotrial.com\\\/tienda\\\/miniatura-ossa-tr80-amarilla\\\/#primaryimage\"},\"thumbnailUrl\":\"https:\\\/\\\/todotrial.com\\\/tienda\\\/wp-content\\\/uploads\\\/2023\\\/02\\\/ossa-tr80-amarilla-yellow-trialreplic-5.jpg\",\"datePublished\":\"2023-02-21T10:37:40+00:00\",\"dateModified\":\"2025-10-16T19:18:52+00:00\",\"description\":\"Miniatura Trialreplic de la moto de Trial Ossa TR80 \\\"Amarilla\\\" de 1980 y 1981. Art\u00edculo de coleccionista en serie limitada, escala 1\\\/6\",\"breadcrumb\":{\"@id\":\"https:\\\/\\\/todotrial.com\\\/tienda\\\/miniatura-ossa-tr80-amarilla\\\/#breadcrumb\"},\"inLanguage\":\"es\",\"potentialAction\":[{\"@type\":\"ReadAction\",\"target\":[\"https:\\\/\\\/todotrial.com\\\/tienda\\\/miniatura-ossa-tr80-amarilla\\\/\"]}]},{\"@type\":\"ImageObject\",\"inLanguage\":\"es\",\"@id\":\"https:\\\/\\\/todotrial.com\\\/tienda\\\/miniatura-ossa-tr80-amarilla\\\/#primaryimage\",\"url\":\"https:\\\/\\\/todotrial.com\\\/tienda\\\/wp-content\\\/uploads\\\/2023\\\/02\\\/ossa-tr80-amarilla-yellow-trialreplic-5.jpg\",\"contentUrl\":\"https:\\\/\\\/todotrial.com\\\/tienda\\\/wp-content\\\/uploads\\\/2023\\\/02\\\/ossa-tr80-amarilla-yellow-trialreplic-5.jpg\",\"width\":1200,\"height\":800},{\"@type\":\"BreadcrumbList\",\"@id\":\"https:\\\/\\\/todotrial.com\\\/tienda\\\/miniatura-ossa-tr80-amarilla\\\/#breadcrumb\",\"itemListElement\":[{\"@type\":\"ListItem\",\"position\":1,\"name\":\"Portada\",\"item\":\"https:\\\/\\\/todotrial.com\\\/tienda\\\/\"},{\"@type\":\"ListItem\",\"position\":2,\"name\":\"Shop\",\"item\":\"https:\\\/\\\/todotrial.com\\\/tienda\\\/shop\\\/\"},{\"@type\":\"ListItem\",\"position\":3,\"name\":\"Miniatura Ossa TR80 \u00abAmarilla\u00bb\"}]},{\"@type\":\"WebSite\",\"@id\":\"https:\\\/\\\/todotrial.com\\\/tienda\\\/#website\",\"url\":\"https:\\\/\\\/todotrial.com\\\/tienda\\\/\",\"name\":\"Tienda de todotrial\",\"description\":\"\",\"potentialAction\":[{\"@type\":\"SearchAction\",\"target\":{\"@type\":\"EntryPoint\",\"urlTemplate\":\"https:\\\/\\\/todotrial.com\\\/tienda\\\/?s={search_term_string}\"},\"query-input\":{\"@type\":\"PropertyValueSpecification\",\"valueRequired\":true,\"valueName\":\"search_term_string\"}}],\"inLanguage\":\"es\"}]}<\/script>\n<!-- \/ Yoast SEO Premium plugin. -->","yoast_head_json":{"title":"Miniatura Ossa TR80 Amarilla Escala 1:6","description":"Miniatura Trialreplic de la moto de Trial Ossa TR80 \"Amarilla\" de 1980 y 1981. Art\u00edculo de coleccionista en serie limitada, escala 1\/6","robots":{"index":"index","follow":"follow","max-snippet":"max-snippet:-1","max-image-preview":"max-image-preview:large","max-video-preview":"max-video-preview:-1"},"canonical":"https:\/\/todotrial.com\/tienda\/miniatura-ossa-tr80-amarilla\/","og_locale":"es_ES","og_type":"article","og_title":"Miniatura Ossa TR80 \"Amarilla\"","og_description":"Miniatura Trialreplic de la moto de Trial Ossa TR80 \"Amarilla\" de 1980 y 1981. Art\u00edculo de coleccionista en serie limitada, escala 1\/6","og_url":"https:\/\/todotrial.com\/tienda\/miniatura-ossa-tr80-amarilla\/","og_site_name":"Tienda de todotrial","article_modified_time":"2025-10-16T19:18:52+00:00","og_image":[{"width":1200,"height":800,"url":"https:\/\/todotrial.com\/tienda\/wp-content\/uploads\/2023\/02\/ossa-tr80-amarilla-yellow-trialreplic-5.jpg","type":"image\/jpeg"}],"twitter_card":"summary_large_image","twitter_misc":{"Tiempo de lectura":"2 minutos"},"schema":{"@context":"https:\/\/schema.org","@graph":[{"@type":"WebPage","@id":"https:\/\/todotrial.com\/tienda\/miniatura-ossa-tr80-amarilla\/","url":"https:\/\/todotrial.com\/tienda\/miniatura-ossa-tr80-amarilla\/","name":"Miniatura Ossa TR80 Amarilla Escala 1:6","isPartOf":{"@id":"https:\/\/todotrial.com\/tienda\/#website"},"primaryImageOfPage":{"@id":"https:\/\/todotrial.com\/tienda\/miniatura-ossa-tr80-amarilla\/#primaryimage"},"image":{"@id":"https:\/\/todotrial.com\/tienda\/miniatura-ossa-tr80-amarilla\/#primaryimage"},"thumbnailUrl":"https:\/\/todotrial.com\/tienda\/wp-content\/uploads\/2023\/02\/ossa-tr80-amarilla-yellow-trialreplic-5.jpg","datePublished":"2023-02-21T10:37:40+00:00","dateModified":"2025-10-16T19:18:52+00:00","description":"Miniatura Trialreplic de la moto de Trial Ossa TR80 \"Amarilla\" de 1980 y 1981. Art\u00edculo de coleccionista en serie limitada, escala 1\/6","breadcrumb":{"@id":"https:\/\/todotrial.com\/tienda\/miniatura-ossa-tr80-amarilla\/#breadcrumb"},"inLanguage":"es","potentialAction":[{"@type":"ReadAction","target":["https:\/\/todotrial.com\/tienda\/miniatura-ossa-tr80-amarilla\/"]}]},{"@type":"ImageObject","inLanguage":"es","@id":"https:\/\/todotrial.com\/tienda\/miniatura-ossa-tr80-amarilla\/#primaryimage","url":"https:\/\/todotrial.com\/tienda\/wp-content\/uploads\/2023\/02\/ossa-tr80-amarilla-yellow-trialreplic-5.jpg","contentUrl":"https:\/\/todotrial.com\/tienda\/wp-content\/uploads\/2023\/02\/ossa-tr80-amarilla-yellow-trialreplic-5.jpg","width":1200,"height":800},{"@type":"BreadcrumbList","@id":"https:\/\/todotrial.com\/tienda\/miniatura-ossa-tr80-amarilla\/#breadcrumb","itemListElement":[{"@type":"ListItem","position":1,"name":"Portada","item":"https:\/\/todotrial.com\/tienda\/"},{"@type":"ListItem","position":2,"name":"Shop","item":"https:\/\/todotrial.com\/tienda\/shop\/"},{"@type":"ListItem","position":3,"name":"Miniatura Ossa TR80 \u00abAmarilla\u00bb"}]},{"@type":"WebSite","@id":"https:\/\/todotrial.com\/tienda\/#website","url":"https:\/\/todotrial.com\/tienda\/","name":"Tienda de todotrial","description":"","potentialAction":[{"@type":"SearchAction","target":{"@type":"EntryPoint","urlTemplate":"https:\/\/todotrial.com\/tienda\/?s={search_term_string}"},"query-input":{"@type":"PropertyValueSpecification","valueRequired":true,"valueName":"search_term_string"}}],"inLanguage":"es"}]}},"_links":{"self":[{"href":"https:\/\/todotrial.com\/tienda\/wp-json\/wp\/v2\/product\/38738","targetHints":{"allow":["GET"]}}],"collection":[{"href":"https:\/\/todotrial.com\/tienda\/wp-json\/wp\/v2\/product"}],"about":[{"href":"https:\/\/todotrial.com\/tienda\/wp-json\/wp\/v2\/types\/product"}],"replies":[{"embeddable":true,"href":"https:\/\/todotrial.com\/tienda\/wp-json\/wp\/v2\/comments?post=38738"}],"version-history":[{"count":0,"href":"https:\/\/todotrial.com\/tienda\/wp-json\/wp\/v2\/product\/38738\/revisions"}],"wp:featuredmedia":[{"embeddable":true,"href":"https:\/\/todotrial.com\/tienda\/wp-json\/wp\/v2\/media\/38743"}],"wp:attachment":[{"href":"https:\/\/todotrial.com\/tienda\/wp-json\/wp\/v2\/media?parent=38738"}],"wp:term":[{"taxonomy":"product_brand","embeddable":true,"href":"https:\/\/todotrial.com\/tienda\/wp-json\/wp\/v2\/product_brand?post=38738"},{"taxonomy":"product_cat","embeddable":true,"href":"https:\/\/todotrial.com\/tienda\/wp-json\/wp\/v2\/product_cat?post=38738"},{"taxonomy":"product_tag","embeddable":true,"href":"https:\/\/todotrial.com\/tienda\/wp-json\/wp\/v2\/product_tag?post=38738"}],"curies":[{"name":"wp","href":"https:\/\/api.w.org\/{rel}","templated":true}]}}