{"id":38630,"date":"2022-12-21T19:13:17","date_gmt":"2022-12-21T18:13:17","guid":{"rendered":"https:\/\/todotrial.com\/tienda\/?post_type=product&#038;p=38630"},"modified":"2025-02-20T17:18:49","modified_gmt":"2025-02-20T16:18:49","slug":"camiseta-trial-hebo-race-pro-v-2023","status":"publish","type":"product","link":"https:\/\/todotrial.com\/tienda\/camiseta-trial-hebo-race-pro-v-2023\/","title":{"rendered":"Camiseta Trial HEBO RACE PRO V 2023"},"content":{"rendered":"<p>Hebo presenta su nueva colecci\u00f3n de camiseta y pantal\u00f3n RACE PRO V. La prenda m\u00e1s deportiva de la marca usada por los pilotos de trial como Toni Bou en competici\u00f3n. Una prenda el\u00e1stica y c\u00f3moda que proporciona al piloto una gran libertad de movimiento sobre la moto.<\/p>\n<p>La camiseta RACE PRO V ha sido desarrollada siguiendo un nuevo patr\u00f3n con material de lycra. Adem\u00e1s, cuenta con paneles microperforados, tanto en la manga como en los laterales, para facilitar la correcta transpiraci\u00f3n, de modo que resulte c\u00f3moda, incluso en d\u00edas calurosos y en condiciones de uso intenso. Los materiales de esta camiseta resisten las condiciones de lavado m\u00e1s extremas, y adem\u00e1s se secan de forma r\u00e1pida.<\/p>\n<p>La nueva equipaci\u00f3n RACE PRO 2023 est\u00e1 disponible en tres colores; negro, rojo y azul.<\/p>\n","protected":false},"excerpt":{"rendered":"<p>Hebo presenta su nueva colecci\u00f3n de camiseta y pantal\u00f3n RACE PRO V. La prenda m\u00e1s deportiva de la marca usada por los pilotos de trial como Toni Bou en competici\u00f3n. Una prenda el\u00e1stica y c\u00f3moda que proporciona al piloto una gran libertad de movimiento sobre la moto. La camiseta RACE PRO V ha sido desarrollada [&hellip;]<\/p>\n","protected":false},"featured_media":38636,"comment_status":"open","ping_status":"closed","template":"","meta":[],"product_brand":[],"product_cat":[11394],"product_tag":[],"class_list":{"0":"post-38630","1":"product","2":"type-product","3":"status-publish","4":"has-post-thumbnail","6":"product_cat-camisetas-equipacion","7":"pa_color-azul","8":"pa_color-negro","9":"pa_color-rojo","11":"first","12":"instock","13":"taxable","14":"shipping-taxable","15":"purchasable","16":"product-type-simple"},"yoast_head":"<!-- This site is optimized with the Yoast SEO Premium plugin v21.2 (Yoast SEO v27.3) - https:\/\/yoast.com\/product\/yoast-seo-premium-wordpress\/ -->\n<title>Camiseta Trial HEBO RACE PRO V 2023<\/title>\n<meta name=\"description\" content=\"Camiseta de trial el\u00e1stica y c\u00f3moda que proporciona al piloto una gran libertad de movimiento sobre la moto, realizada en lycra con paneles microperforados\" \/>\n<meta name=\"robots\" content=\"index, follow, max-snippet:-1, max-image-preview:large, max-video-preview:-1\" \/>\n<link rel=\"canonical\" href=\"https:\/\/todotrial.com\/tienda\/camiseta-trial-hebo-race-pro-v-2023\/\" \/>\n<meta property=\"og:locale\" content=\"es_ES\" \/>\n<meta property=\"og:type\" content=\"article\" \/>\n<meta property=\"og:title\" content=\"Camiseta Trial HEBO RACE PRO V 2023\" \/>\n<meta property=\"og:description\" content=\"Camiseta de trial el\u00e1stica y c\u00f3moda que proporciona al piloto una gran libertad de movimiento sobre la moto, realizada en lycra con paneles microperforados\" \/>\n<meta property=\"og:url\" content=\"https:\/\/todotrial.com\/tienda\/camiseta-trial-hebo-race-pro-v-2023\/\" \/>\n<meta property=\"og:site_name\" content=\"Tienda de todotrial\" \/>\n<meta property=\"article:modified_time\" content=\"2025-02-20T16:18:49+00:00\" \/>\n<meta property=\"og:image\" content=\"https:\/\/todotrial.com\/tienda\/wp-content\/uploads\/2022\/12\/HE2175N.jpg\" \/>\n\t<meta property=\"og:image:width\" content=\"1200\" \/>\n\t<meta property=\"og:image:height\" content=\"1200\" \/>\n\t<meta property=\"og:image:type\" content=\"image\/jpeg\" \/>\n<meta name=\"twitter:card\" content=\"summary_large_image\" \/>\n<meta name=\"twitter:label1\" content=\"Tiempo de lectura\" \/>\n\t<meta name=\"twitter:data1\" content=\"1 minuto\" \/>\n<script type=\"application\/ld+json\" class=\"yoast-schema-graph\">{\"@context\":\"https:\\\/\\\/schema.org\",\"@graph\":[{\"@type\":\"WebPage\",\"@id\":\"https:\\\/\\\/todotrial.com\\\/tienda\\\/camiseta-trial-hebo-race-pro-v-2023\\\/\",\"url\":\"https:\\\/\\\/todotrial.com\\\/tienda\\\/camiseta-trial-hebo-race-pro-v-2023\\\/\",\"name\":\"Camiseta Trial HEBO RACE PRO V 2023\",\"isPartOf\":{\"@id\":\"https:\\\/\\\/todotrial.com\\\/tienda\\\/#website\"},\"primaryImageOfPage\":{\"@id\":\"https:\\\/\\\/todotrial.com\\\/tienda\\\/camiseta-trial-hebo-race-pro-v-2023\\\/#primaryimage\"},\"image\":{\"@id\":\"https:\\\/\\\/todotrial.com\\\/tienda\\\/camiseta-trial-hebo-race-pro-v-2023\\\/#primaryimage\"},\"thumbnailUrl\":\"https:\\\/\\\/todotrial.com\\\/tienda\\\/wp-content\\\/uploads\\\/2022\\\/12\\\/HE2175N.jpg\",\"datePublished\":\"2022-12-21T18:13:17+00:00\",\"dateModified\":\"2025-02-20T16:18:49+00:00\",\"description\":\"Camiseta de trial el\u00e1stica y c\u00f3moda que proporciona al piloto una gran libertad de movimiento sobre la moto, realizada en lycra con paneles microperforados\",\"breadcrumb\":{\"@id\":\"https:\\\/\\\/todotrial.com\\\/tienda\\\/camiseta-trial-hebo-race-pro-v-2023\\\/#breadcrumb\"},\"inLanguage\":\"es\",\"potentialAction\":[{\"@type\":\"ReadAction\",\"target\":[\"https:\\\/\\\/todotrial.com\\\/tienda\\\/camiseta-trial-hebo-race-pro-v-2023\\\/\"]}]},{\"@type\":\"ImageObject\",\"inLanguage\":\"es\",\"@id\":\"https:\\\/\\\/todotrial.com\\\/tienda\\\/camiseta-trial-hebo-race-pro-v-2023\\\/#primaryimage\",\"url\":\"https:\\\/\\\/todotrial.com\\\/tienda\\\/wp-content\\\/uploads\\\/2022\\\/12\\\/HE2175N.jpg\",\"contentUrl\":\"https:\\\/\\\/todotrial.com\\\/tienda\\\/wp-content\\\/uploads\\\/2022\\\/12\\\/HE2175N.jpg\",\"width\":1200,\"height\":1200},{\"@type\":\"BreadcrumbList\",\"@id\":\"https:\\\/\\\/todotrial.com\\\/tienda\\\/camiseta-trial-hebo-race-pro-v-2023\\\/#breadcrumb\",\"itemListElement\":[{\"@type\":\"ListItem\",\"position\":1,\"name\":\"Portada\",\"item\":\"https:\\\/\\\/todotrial.com\\\/tienda\\\/\"},{\"@type\":\"ListItem\",\"position\":2,\"name\":\"Shop\",\"item\":\"https:\\\/\\\/todotrial.com\\\/tienda\\\/shop\\\/\"},{\"@type\":\"ListItem\",\"position\":3,\"name\":\"Camiseta Trial HEBO RACE PRO V 2023\"}]},{\"@type\":\"WebSite\",\"@id\":\"https:\\\/\\\/todotrial.com\\\/tienda\\\/#website\",\"url\":\"https:\\\/\\\/todotrial.com\\\/tienda\\\/\",\"name\":\"Tienda de todotrial\",\"description\":\"\",\"potentialAction\":[{\"@type\":\"SearchAction\",\"target\":{\"@type\":\"EntryPoint\",\"urlTemplate\":\"https:\\\/\\\/todotrial.com\\\/tienda\\\/?s={search_term_string}\"},\"query-input\":{\"@type\":\"PropertyValueSpecification\",\"valueRequired\":true,\"valueName\":\"search_term_string\"}}],\"inLanguage\":\"es\"}]}<\/script>\n<!-- \/ Yoast SEO Premium plugin. -->","yoast_head_json":{"title":"Camiseta Trial HEBO RACE PRO V 2023","description":"Camiseta de trial el\u00e1stica y c\u00f3moda que proporciona al piloto una gran libertad de movimiento sobre la moto, realizada en lycra con paneles microperforados","robots":{"index":"index","follow":"follow","max-snippet":"max-snippet:-1","max-image-preview":"max-image-preview:large","max-video-preview":"max-video-preview:-1"},"canonical":"https:\/\/todotrial.com\/tienda\/camiseta-trial-hebo-race-pro-v-2023\/","og_locale":"es_ES","og_type":"article","og_title":"Camiseta Trial HEBO RACE PRO V 2023","og_description":"Camiseta de trial el\u00e1stica y c\u00f3moda que proporciona al piloto una gran libertad de movimiento sobre la moto, realizada en lycra con paneles microperforados","og_url":"https:\/\/todotrial.com\/tienda\/camiseta-trial-hebo-race-pro-v-2023\/","og_site_name":"Tienda de todotrial","article_modified_time":"2025-02-20T16:18:49+00:00","og_image":[{"width":1200,"height":1200,"url":"https:\/\/todotrial.com\/tienda\/wp-content\/uploads\/2022\/12\/HE2175N.jpg","type":"image\/jpeg"}],"twitter_card":"summary_large_image","twitter_misc":{"Tiempo de lectura":"1 minuto"},"schema":{"@context":"https:\/\/schema.org","@graph":[{"@type":"WebPage","@id":"https:\/\/todotrial.com\/tienda\/camiseta-trial-hebo-race-pro-v-2023\/","url":"https:\/\/todotrial.com\/tienda\/camiseta-trial-hebo-race-pro-v-2023\/","name":"Camiseta Trial HEBO RACE PRO V 2023","isPartOf":{"@id":"https:\/\/todotrial.com\/tienda\/#website"},"primaryImageOfPage":{"@id":"https:\/\/todotrial.com\/tienda\/camiseta-trial-hebo-race-pro-v-2023\/#primaryimage"},"image":{"@id":"https:\/\/todotrial.com\/tienda\/camiseta-trial-hebo-race-pro-v-2023\/#primaryimage"},"thumbnailUrl":"https:\/\/todotrial.com\/tienda\/wp-content\/uploads\/2022\/12\/HE2175N.jpg","datePublished":"2022-12-21T18:13:17+00:00","dateModified":"2025-02-20T16:18:49+00:00","description":"Camiseta de trial el\u00e1stica y c\u00f3moda que proporciona al piloto una gran libertad de movimiento sobre la moto, realizada en lycra con paneles microperforados","breadcrumb":{"@id":"https:\/\/todotrial.com\/tienda\/camiseta-trial-hebo-race-pro-v-2023\/#breadcrumb"},"inLanguage":"es","potentialAction":[{"@type":"ReadAction","target":["https:\/\/todotrial.com\/tienda\/camiseta-trial-hebo-race-pro-v-2023\/"]}]},{"@type":"ImageObject","inLanguage":"es","@id":"https:\/\/todotrial.com\/tienda\/camiseta-trial-hebo-race-pro-v-2023\/#primaryimage","url":"https:\/\/todotrial.com\/tienda\/wp-content\/uploads\/2022\/12\/HE2175N.jpg","contentUrl":"https:\/\/todotrial.com\/tienda\/wp-content\/uploads\/2022\/12\/HE2175N.jpg","width":1200,"height":1200},{"@type":"BreadcrumbList","@id":"https:\/\/todotrial.com\/tienda\/camiseta-trial-hebo-race-pro-v-2023\/#breadcrumb","itemListElement":[{"@type":"ListItem","position":1,"name":"Portada","item":"https:\/\/todotrial.com\/tienda\/"},{"@type":"ListItem","position":2,"name":"Shop","item":"https:\/\/todotrial.com\/tienda\/shop\/"},{"@type":"ListItem","position":3,"name":"Camiseta Trial HEBO RACE PRO V 2023"}]},{"@type":"WebSite","@id":"https:\/\/todotrial.com\/tienda\/#website","url":"https:\/\/todotrial.com\/tienda\/","name":"Tienda de todotrial","description":"","potentialAction":[{"@type":"SearchAction","target":{"@type":"EntryPoint","urlTemplate":"https:\/\/todotrial.com\/tienda\/?s={search_term_string}"},"query-input":{"@type":"PropertyValueSpecification","valueRequired":true,"valueName":"search_term_string"}}],"inLanguage":"es"}]}},"_links":{"self":[{"href":"https:\/\/todotrial.com\/tienda\/wp-json\/wp\/v2\/product\/38630","targetHints":{"allow":["GET"]}}],"collection":[{"href":"https:\/\/todotrial.com\/tienda\/wp-json\/wp\/v2\/product"}],"about":[{"href":"https:\/\/todotrial.com\/tienda\/wp-json\/wp\/v2\/types\/product"}],"replies":[{"embeddable":true,"href":"https:\/\/todotrial.com\/tienda\/wp-json\/wp\/v2\/comments?post=38630"}],"version-history":[{"count":0,"href":"https:\/\/todotrial.com\/tienda\/wp-json\/wp\/v2\/product\/38630\/revisions"}],"wp:featuredmedia":[{"embeddable":true,"href":"https:\/\/todotrial.com\/tienda\/wp-json\/wp\/v2\/media\/38636"}],"wp:attachment":[{"href":"https:\/\/todotrial.com\/tienda\/wp-json\/wp\/v2\/media?parent=38630"}],"wp:term":[{"taxonomy":"product_brand","embeddable":true,"href":"https:\/\/todotrial.com\/tienda\/wp-json\/wp\/v2\/product_brand?post=38630"},{"taxonomy":"product_cat","embeddable":true,"href":"https:\/\/todotrial.com\/tienda\/wp-json\/wp\/v2\/product_cat?post=38630"},{"taxonomy":"product_tag","embeddable":true,"href":"https:\/\/todotrial.com\/tienda\/wp-json\/wp\/v2\/product_tag?post=38630"}],"curies":[{"name":"wp","href":"https:\/\/api.w.org\/{rel}","templated":true}]}}