{"id":38551,"date":"2022-11-28T21:08:02","date_gmt":"2022-11-28T20:08:02","guid":{"rendered":"https:\/\/todotrial.com\/tienda\/?post_type=product&#038;p=38551"},"modified":"2022-11-28T21:46:29","modified_gmt":"2022-11-28T20:46:29","slug":"pantalon-moto-race-series-comas","status":"publish","type":"product","link":"https:\/\/todotrial.com\/tienda\/pantalon-moto-race-series-comas\/","title":{"rendered":"Pantal\u00f3n Moto Race Series COMAS"},"content":{"rendered":"<p><strong>Descripci\u00f3n<\/strong><br \/>\n&#8211; Pantal\u00f3n t\u00e9cnico para Moto Trial con nuevos patrones fabricado con tejidos el\u00e1sticos y transpirables ligeros de poli\u00e9ster y spandex.<br \/>\n&#8211; Tejidos el\u00e1sticos y transpirables ligeros de poli\u00e9ster y spandex para un uso y ajuste confortables.<br \/>\n&#8211; Protector de rodilla ligero, flexible y c\u00f3modo (homologado CE).<br \/>\n&#8211; Bolsillo delantero con cierre de cremallera y hebilla frontal en el cintur\u00f3n para un ajuste perfecto de la cintura.<br \/>\n&#8211; Materiales y tejidos de alta calidad con costuras el\u00e1sticas planas.<br \/>\n&#8211; Rejillas para aumentar el flujo de aire y la ventilaci\u00f3n.<br \/>\n&#8211; Tejido el\u00e1stico, c\u00f3modo y totalmente transpirable.<br \/>\n&#8211; Gr\u00e1fica y decoraci\u00f3n mediante sublimaci\u00f3n de alta calidad y resistencia.<br \/>\n&#8211; Disponible en 4 opciones de color: Rojo, Azul, Amarillo y Gris.<br \/>\n<strong>Material<\/strong><br \/>\n&#8211; (85%-15%) poli\u00e9ster y spandex ligero<br \/>\n<strong>Tallas<\/strong><br \/>\n&#8211; Compruebe la tabla de tallas y medidas.<br \/>\n<strong>Acabado<\/strong><br \/>\n&#8211; Color con gr\u00e1ficos COMAS<br \/>\n<strong>Informaci\u00f3n adicional<\/strong><br \/>\nSiga las instrucciones de lavado. No planchar. Lavar en fr\u00edo<\/p>\n","protected":false},"excerpt":{"rendered":"<p><strong>Color: Rojo<\/strong><\/p>\n<p><a href=\"http:\/\/nowtrial.com\/\/wp-content\/uploads\/2019\/04\/camiseta-manga-larga-r18-comas-jpg.png\"><em><strong>Consulta tu talla<\/strong><\/em><\/a><\/p>\n","protected":false},"featured_media":38558,"comment_status":"open","ping_status":"closed","template":"","meta":[],"product_brand":[],"product_cat":[11393,11384,11405,11510,11425],"product_tag":[],"class_list":{"0":"post-38551","1":"product","2":"type-product","3":"status-publish","4":"has-post-thumbnail","6":"product_cat-equipacion-moto","7":"product_cat-moto","8":"product_cat-mtb","9":"product_cat-pantalones-mtb","10":"product_cat-pantalones-equipacion","11":"pa_color-amarillo","12":"pa_color-azul","13":"pa_color-gris","14":"pa_color-rojo","16":"first","17":"instock","18":"sale","19":"taxable","20":"shipping-taxable","21":"purchasable","22":"product-type-variable","23":"has-default-attributes"},"yoast_head":"<!-- This site is optimized with the Yoast SEO Premium plugin v21.2 (Yoast SEO v27.4) - https:\/\/yoast.com\/product\/yoast-seo-premium-wordpress\/ -->\n<title>Pantal\u00f3n Trial Moto Race Series COMAS<\/title>\n<meta name=\"description\" content=\"Pantal\u00f3n t\u00e9cnico para Moto Trial con nuevos patrones fabricado con tejidos el\u00e1sticos y transpirables ligeros de poli\u00e9ster y spandex.\" \/>\n<meta name=\"robots\" content=\"index, follow, max-snippet:-1, max-image-preview:large, max-video-preview:-1\" \/>\n<link rel=\"canonical\" href=\"https:\/\/todotrial.com\/tienda\/pantalon-moto-race-series-comas\/\" \/>\n<meta property=\"og:locale\" content=\"es_ES\" \/>\n<meta property=\"og:type\" content=\"article\" \/>\n<meta property=\"og:title\" content=\"Pantal\u00f3n Moto Race Series COMAS\" \/>\n<meta property=\"og:description\" content=\"Pantal\u00f3n t\u00e9cnico para Moto Trial con nuevos patrones fabricado con tejidos el\u00e1sticos y transpirables ligeros de poli\u00e9ster y spandex.\" \/>\n<meta property=\"og:url\" content=\"https:\/\/todotrial.com\/tienda\/pantalon-moto-race-series-comas\/\" \/>\n<meta property=\"og:site_name\" content=\"Tienda de todotrial\" \/>\n<meta property=\"article:modified_time\" content=\"2022-11-28T20:46:29+00:00\" \/>\n<meta property=\"og:image\" content=\"https:\/\/todotrial.com\/tienda\/wp-content\/uploads\/2022\/11\/pantalon-moto-race-series-comas.jpg\" \/>\n\t<meta property=\"og:image:width\" content=\"800\" \/>\n\t<meta property=\"og:image:height\" content=\"800\" \/>\n\t<meta property=\"og:image:type\" content=\"image\/jpeg\" \/>\n<meta name=\"twitter:card\" content=\"summary_large_image\" \/>\n<meta name=\"twitter:label1\" content=\"Tiempo de lectura\" \/>\n\t<meta name=\"twitter:data1\" content=\"1 minuto\" \/>\n<script type=\"application\/ld+json\" class=\"yoast-schema-graph\">{\"@context\":\"https:\\\/\\\/schema.org\",\"@graph\":[{\"@type\":\"WebPage\",\"@id\":\"https:\\\/\\\/todotrial.com\\\/tienda\\\/pantalon-moto-race-series-comas\\\/\",\"url\":\"https:\\\/\\\/todotrial.com\\\/tienda\\\/pantalon-moto-race-series-comas\\\/\",\"name\":\"Pantal\u00f3n Trial Moto Race Series COMAS\",\"isPartOf\":{\"@id\":\"https:\\\/\\\/todotrial.com\\\/tienda\\\/#website\"},\"primaryImageOfPage\":{\"@id\":\"https:\\\/\\\/todotrial.com\\\/tienda\\\/pantalon-moto-race-series-comas\\\/#primaryimage\"},\"image\":{\"@id\":\"https:\\\/\\\/todotrial.com\\\/tienda\\\/pantalon-moto-race-series-comas\\\/#primaryimage\"},\"thumbnailUrl\":\"https:\\\/\\\/todotrial.com\\\/tienda\\\/wp-content\\\/uploads\\\/2022\\\/11\\\/pantalon-moto-race-series-comas.jpg\",\"datePublished\":\"2022-11-28T20:08:02+00:00\",\"dateModified\":\"2022-11-28T20:46:29+00:00\",\"description\":\"Pantal\u00f3n t\u00e9cnico para Moto Trial con nuevos patrones fabricado con tejidos el\u00e1sticos y transpirables ligeros de poli\u00e9ster y spandex.\",\"breadcrumb\":{\"@id\":\"https:\\\/\\\/todotrial.com\\\/tienda\\\/pantalon-moto-race-series-comas\\\/#breadcrumb\"},\"inLanguage\":\"es\",\"potentialAction\":[{\"@type\":\"ReadAction\",\"target\":[\"https:\\\/\\\/todotrial.com\\\/tienda\\\/pantalon-moto-race-series-comas\\\/\"]}]},{\"@type\":\"ImageObject\",\"inLanguage\":\"es\",\"@id\":\"https:\\\/\\\/todotrial.com\\\/tienda\\\/pantalon-moto-race-series-comas\\\/#primaryimage\",\"url\":\"https:\\\/\\\/todotrial.com\\\/tienda\\\/wp-content\\\/uploads\\\/2022\\\/11\\\/pantalon-moto-race-series-comas.jpg\",\"contentUrl\":\"https:\\\/\\\/todotrial.com\\\/tienda\\\/wp-content\\\/uploads\\\/2022\\\/11\\\/pantalon-moto-race-series-comas.jpg\",\"width\":800,\"height\":800},{\"@type\":\"BreadcrumbList\",\"@id\":\"https:\\\/\\\/todotrial.com\\\/tienda\\\/pantalon-moto-race-series-comas\\\/#breadcrumb\",\"itemListElement\":[{\"@type\":\"ListItem\",\"position\":1,\"name\":\"Portada\",\"item\":\"https:\\\/\\\/todotrial.com\\\/tienda\\\/\"},{\"@type\":\"ListItem\",\"position\":2,\"name\":\"Shop\",\"item\":\"https:\\\/\\\/todotrial.com\\\/tienda\\\/shop\\\/\"},{\"@type\":\"ListItem\",\"position\":3,\"name\":\"Pantal\u00f3n Moto Race Series COMAS\"}]},{\"@type\":\"WebSite\",\"@id\":\"https:\\\/\\\/todotrial.com\\\/tienda\\\/#website\",\"url\":\"https:\\\/\\\/todotrial.com\\\/tienda\\\/\",\"name\":\"Tienda de todotrial\",\"description\":\"\",\"potentialAction\":[{\"@type\":\"SearchAction\",\"target\":{\"@type\":\"EntryPoint\",\"urlTemplate\":\"https:\\\/\\\/todotrial.com\\\/tienda\\\/?s={search_term_string}\"},\"query-input\":{\"@type\":\"PropertyValueSpecification\",\"valueRequired\":true,\"valueName\":\"search_term_string\"}}],\"inLanguage\":\"es\"}]}<\/script>\n<!-- \/ Yoast SEO Premium plugin. -->","yoast_head_json":{"title":"Pantal\u00f3n Trial Moto Race Series COMAS","description":"Pantal\u00f3n t\u00e9cnico para Moto Trial con nuevos patrones fabricado con tejidos el\u00e1sticos y transpirables ligeros de poli\u00e9ster y spandex.","robots":{"index":"index","follow":"follow","max-snippet":"max-snippet:-1","max-image-preview":"max-image-preview:large","max-video-preview":"max-video-preview:-1"},"canonical":"https:\/\/todotrial.com\/tienda\/pantalon-moto-race-series-comas\/","og_locale":"es_ES","og_type":"article","og_title":"Pantal\u00f3n Moto Race Series COMAS","og_description":"Pantal\u00f3n t\u00e9cnico para Moto Trial con nuevos patrones fabricado con tejidos el\u00e1sticos y transpirables ligeros de poli\u00e9ster y spandex.","og_url":"https:\/\/todotrial.com\/tienda\/pantalon-moto-race-series-comas\/","og_site_name":"Tienda de todotrial","article_modified_time":"2022-11-28T20:46:29+00:00","og_image":[{"width":800,"height":800,"url":"https:\/\/todotrial.com\/tienda\/wp-content\/uploads\/2022\/11\/pantalon-moto-race-series-comas.jpg","type":"image\/jpeg"}],"twitter_card":"summary_large_image","twitter_misc":{"Tiempo de lectura":"1 minuto"},"schema":{"@context":"https:\/\/schema.org","@graph":[{"@type":"WebPage","@id":"https:\/\/todotrial.com\/tienda\/pantalon-moto-race-series-comas\/","url":"https:\/\/todotrial.com\/tienda\/pantalon-moto-race-series-comas\/","name":"Pantal\u00f3n Trial Moto Race Series COMAS","isPartOf":{"@id":"https:\/\/todotrial.com\/tienda\/#website"},"primaryImageOfPage":{"@id":"https:\/\/todotrial.com\/tienda\/pantalon-moto-race-series-comas\/#primaryimage"},"image":{"@id":"https:\/\/todotrial.com\/tienda\/pantalon-moto-race-series-comas\/#primaryimage"},"thumbnailUrl":"https:\/\/todotrial.com\/tienda\/wp-content\/uploads\/2022\/11\/pantalon-moto-race-series-comas.jpg","datePublished":"2022-11-28T20:08:02+00:00","dateModified":"2022-11-28T20:46:29+00:00","description":"Pantal\u00f3n t\u00e9cnico para Moto Trial con nuevos patrones fabricado con tejidos el\u00e1sticos y transpirables ligeros de poli\u00e9ster y spandex.","breadcrumb":{"@id":"https:\/\/todotrial.com\/tienda\/pantalon-moto-race-series-comas\/#breadcrumb"},"inLanguage":"es","potentialAction":[{"@type":"ReadAction","target":["https:\/\/todotrial.com\/tienda\/pantalon-moto-race-series-comas\/"]}]},{"@type":"ImageObject","inLanguage":"es","@id":"https:\/\/todotrial.com\/tienda\/pantalon-moto-race-series-comas\/#primaryimage","url":"https:\/\/todotrial.com\/tienda\/wp-content\/uploads\/2022\/11\/pantalon-moto-race-series-comas.jpg","contentUrl":"https:\/\/todotrial.com\/tienda\/wp-content\/uploads\/2022\/11\/pantalon-moto-race-series-comas.jpg","width":800,"height":800},{"@type":"BreadcrumbList","@id":"https:\/\/todotrial.com\/tienda\/pantalon-moto-race-series-comas\/#breadcrumb","itemListElement":[{"@type":"ListItem","position":1,"name":"Portada","item":"https:\/\/todotrial.com\/tienda\/"},{"@type":"ListItem","position":2,"name":"Shop","item":"https:\/\/todotrial.com\/tienda\/shop\/"},{"@type":"ListItem","position":3,"name":"Pantal\u00f3n Moto Race Series COMAS"}]},{"@type":"WebSite","@id":"https:\/\/todotrial.com\/tienda\/#website","url":"https:\/\/todotrial.com\/tienda\/","name":"Tienda de todotrial","description":"","potentialAction":[{"@type":"SearchAction","target":{"@type":"EntryPoint","urlTemplate":"https:\/\/todotrial.com\/tienda\/?s={search_term_string}"},"query-input":{"@type":"PropertyValueSpecification","valueRequired":true,"valueName":"search_term_string"}}],"inLanguage":"es"}]}},"_links":{"self":[{"href":"https:\/\/todotrial.com\/tienda\/wp-json\/wp\/v2\/product\/38551","targetHints":{"allow":["GET"]}}],"collection":[{"href":"https:\/\/todotrial.com\/tienda\/wp-json\/wp\/v2\/product"}],"about":[{"href":"https:\/\/todotrial.com\/tienda\/wp-json\/wp\/v2\/types\/product"}],"replies":[{"embeddable":true,"href":"https:\/\/todotrial.com\/tienda\/wp-json\/wp\/v2\/comments?post=38551"}],"version-history":[{"count":0,"href":"https:\/\/todotrial.com\/tienda\/wp-json\/wp\/v2\/product\/38551\/revisions"}],"wp:featuredmedia":[{"embeddable":true,"href":"https:\/\/todotrial.com\/tienda\/wp-json\/wp\/v2\/media\/38558"}],"wp:attachment":[{"href":"https:\/\/todotrial.com\/tienda\/wp-json\/wp\/v2\/media?parent=38551"}],"wp:term":[{"taxonomy":"product_brand","embeddable":true,"href":"https:\/\/todotrial.com\/tienda\/wp-json\/wp\/v2\/product_brand?post=38551"},{"taxonomy":"product_cat","embeddable":true,"href":"https:\/\/todotrial.com\/tienda\/wp-json\/wp\/v2\/product_cat?post=38551"},{"taxonomy":"product_tag","embeddable":true,"href":"https:\/\/todotrial.com\/tienda\/wp-json\/wp\/v2\/product_tag?post=38551"}],"curies":[{"name":"wp","href":"https:\/\/api.w.org\/{rel}","templated":true}]}}