{"id":38429,"date":"2022-08-01T11:40:14","date_gmt":"2022-08-01T10:40:14","guid":{"rendered":"https:\/\/todotrial.com\/tienda\/?post_type=product&#038;p=38429"},"modified":"2026-03-19T12:32:32","modified_gmt":"2026-03-19T11:32:32","slug":"amortiguadores-clasicas-trial-mxf-expert-racing","status":"publish","type":"product","link":"https:\/\/todotrial.com\/tienda\/amortiguadores-clasicas-trial-mxf-expert-racing\/","title":{"rendered":"Amortiguadores Cl\u00e1sicas Trial MxF Expert Racing"},"content":{"rendered":"<p>MxF es una nueva marca de amortiguadores para Trial de Cl\u00e1sicas, desarrollados por aut\u00e9nticos expertos en trial de cl\u00e1sicas tras muchos a\u00f1os de experiencia.<\/p>\n<p>Los MxF sin duda revolucionar\u00e1n el sector del Trial por su funcionamiento y su alta calidad, as\u00ed como por sus posibilidades de regulaci\u00f3n.<\/p>\n<p>El modelo superior MxF Racing, son amortiguadores de gas para trial de cl\u00e1sicas de competici\u00f3n, con c\u00e1mara separada de aceite-gas nitr\u00f3geno, sistema De Carbon, regulaci\u00f3n de precarga de muelle mediante rosca e hidr\u00e1ulico en extensi\u00f3n y doble muelle.<\/p>\n<p>Los muelles est\u00e1ndar vienen en combinaci\u00f3n de colores cromado y negro, pero tambi\u00e9n hay disponibles otros colores en opci\u00f3n.<\/p>\n<p>Incluye kit de llaves para ajustar la precarga del muelle y adaptadores espec\u00edficos para cada modelo.<\/p>\n<p>Disponibles ya en dos medidas de distancia entre ejes: 350mm y 360 mm, para Bultaco, Montesa, Ossa, Fantic, Honda y la mayor\u00eda de marcas de trialeras cl\u00e1sicas.<\/p>\n<p>Consultar disponibilidad indicando marca y modelo de moto y peso del piloto con equipaci\u00f3n, en el mail todotrial@todotrial.com.<\/p>\n","protected":false},"excerpt":{"rendered":"<p>MxF es una nueva marca de amortiguadores para Trial de Cl\u00e1sicas, desarrollados por aut\u00e9nticos expertos en trial de cl\u00e1sicas tras muchos a\u00f1os de experiencia. Los MxF sin duda revolucionar\u00e1n el sector del Trial por su funcionamiento y su alta calidad, as\u00ed como por sus posibilidades de regulaci\u00f3n. El modelo superior MxF Racing, son amortiguadores de [&hellip;]<\/p>\n","protected":false},"featured_media":38435,"comment_status":"open","ping_status":"closed","template":"","meta":[],"product_brand":[],"product_cat":[11607],"product_tag":[],"class_list":{"0":"post-38429","1":"product","2":"type-product","3":"status-publish","4":"has-post-thumbnail","6":"product_cat-suspension-clasicas-nowtrial","8":"first","9":"instock","10":"taxable","11":"shipping-taxable","12":"purchasable","13":"product-type-simple"},"yoast_head":"<!-- This site is optimized with the Yoast SEO Premium plugin v21.2 (Yoast SEO v27.4) - https:\/\/yoast.com\/product\/yoast-seo-premium-wordpress\/ -->\n<title>Nuevos amortiguadores para Trial de Cl\u00e1sicas MxF Shocks<\/title>\n<meta name=\"description\" content=\"MxF es la nueva marca de amortiguadores para Trial de Cl\u00e1sicas , desarrollados por aut\u00e9nticos expertos en trial de cl\u00e1sicas tras a\u00f1os de experiencia.\" \/>\n<meta name=\"robots\" content=\"index, follow, max-snippet:-1, max-image-preview:large, max-video-preview:-1\" \/>\n<link rel=\"canonical\" href=\"https:\/\/todotrial.com\/tienda\/amortiguadores-clasicas-trial-mxf-expert-racing\/\" \/>\n<meta property=\"og:locale\" content=\"es_ES\" \/>\n<meta property=\"og:type\" content=\"article\" \/>\n<meta property=\"og:title\" content=\"Amortiguadores Cl\u00e1sicas Trial MxF Expert Racing\" \/>\n<meta property=\"og:description\" content=\"MxF es la nueva marca de amortiguadores para Trial de Cl\u00e1sicas , desarrollados por aut\u00e9nticos expertos en trial de cl\u00e1sicas tras a\u00f1os de experiencia.\" \/>\n<meta property=\"og:url\" content=\"https:\/\/todotrial.com\/tienda\/amortiguadores-clasicas-trial-mxf-expert-racing\/\" \/>\n<meta property=\"og:site_name\" content=\"Tienda de todotrial\" \/>\n<meta property=\"article:modified_time\" content=\"2026-03-19T11:32:32+00:00\" \/>\n<meta property=\"og:image\" content=\"https:\/\/todotrial.com\/tienda\/wp-content\/uploads\/2022\/08\/amortiguadores-trial-clasicas-MXF-shocks-1.jpg\" \/>\n\t<meta property=\"og:image:width\" content=\"1200\" \/>\n\t<meta property=\"og:image:height\" content=\"800\" \/>\n\t<meta property=\"og:image:type\" content=\"image\/jpeg\" \/>\n<meta name=\"twitter:card\" content=\"summary_large_image\" \/>\n<meta name=\"twitter:label1\" content=\"Tiempo de lectura\" \/>\n\t<meta name=\"twitter:data1\" content=\"1 minuto\" \/>\n<script type=\"application\/ld+json\" class=\"yoast-schema-graph\">{\"@context\":\"https:\\\/\\\/schema.org\",\"@graph\":[{\"@type\":\"WebPage\",\"@id\":\"https:\\\/\\\/todotrial.com\\\/tienda\\\/amortiguadores-clasicas-trial-mxf-expert-racing\\\/\",\"url\":\"https:\\\/\\\/todotrial.com\\\/tienda\\\/amortiguadores-clasicas-trial-mxf-expert-racing\\\/\",\"name\":\"Nuevos amortiguadores para Trial de Cl\u00e1sicas MxF Shocks\",\"isPartOf\":{\"@id\":\"https:\\\/\\\/todotrial.com\\\/tienda\\\/#website\"},\"primaryImageOfPage\":{\"@id\":\"https:\\\/\\\/todotrial.com\\\/tienda\\\/amortiguadores-clasicas-trial-mxf-expert-racing\\\/#primaryimage\"},\"image\":{\"@id\":\"https:\\\/\\\/todotrial.com\\\/tienda\\\/amortiguadores-clasicas-trial-mxf-expert-racing\\\/#primaryimage\"},\"thumbnailUrl\":\"https:\\\/\\\/todotrial.com\\\/tienda\\\/wp-content\\\/uploads\\\/2022\\\/08\\\/amortiguadores-trial-clasicas-MXF-shocks-1.jpg\",\"datePublished\":\"2022-08-01T10:40:14+00:00\",\"dateModified\":\"2026-03-19T11:32:32+00:00\",\"description\":\"MxF es la nueva marca de amortiguadores para Trial de Cl\u00e1sicas , desarrollados por aut\u00e9nticos expertos en trial de cl\u00e1sicas tras a\u00f1os de experiencia.\",\"breadcrumb\":{\"@id\":\"https:\\\/\\\/todotrial.com\\\/tienda\\\/amortiguadores-clasicas-trial-mxf-expert-racing\\\/#breadcrumb\"},\"inLanguage\":\"es\",\"potentialAction\":[{\"@type\":\"ReadAction\",\"target\":[\"https:\\\/\\\/todotrial.com\\\/tienda\\\/amortiguadores-clasicas-trial-mxf-expert-racing\\\/\"]}]},{\"@type\":\"ImageObject\",\"inLanguage\":\"es\",\"@id\":\"https:\\\/\\\/todotrial.com\\\/tienda\\\/amortiguadores-clasicas-trial-mxf-expert-racing\\\/#primaryimage\",\"url\":\"https:\\\/\\\/todotrial.com\\\/tienda\\\/wp-content\\\/uploads\\\/2022\\\/08\\\/amortiguadores-trial-clasicas-MXF-shocks-1.jpg\",\"contentUrl\":\"https:\\\/\\\/todotrial.com\\\/tienda\\\/wp-content\\\/uploads\\\/2022\\\/08\\\/amortiguadores-trial-clasicas-MXF-shocks-1.jpg\",\"width\":1200,\"height\":800},{\"@type\":\"BreadcrumbList\",\"@id\":\"https:\\\/\\\/todotrial.com\\\/tienda\\\/amortiguadores-clasicas-trial-mxf-expert-racing\\\/#breadcrumb\",\"itemListElement\":[{\"@type\":\"ListItem\",\"position\":1,\"name\":\"Portada\",\"item\":\"https:\\\/\\\/todotrial.com\\\/tienda\\\/\"},{\"@type\":\"ListItem\",\"position\":2,\"name\":\"Shop\",\"item\":\"https:\\\/\\\/todotrial.com\\\/tienda\\\/shop\\\/\"},{\"@type\":\"ListItem\",\"position\":3,\"name\":\"Amortiguadores Cl\u00e1sicas Trial MxF Expert Racing\"}]},{\"@type\":\"WebSite\",\"@id\":\"https:\\\/\\\/todotrial.com\\\/tienda\\\/#website\",\"url\":\"https:\\\/\\\/todotrial.com\\\/tienda\\\/\",\"name\":\"Tienda de todotrial\",\"description\":\"\",\"potentialAction\":[{\"@type\":\"SearchAction\",\"target\":{\"@type\":\"EntryPoint\",\"urlTemplate\":\"https:\\\/\\\/todotrial.com\\\/tienda\\\/?s={search_term_string}\"},\"query-input\":{\"@type\":\"PropertyValueSpecification\",\"valueRequired\":true,\"valueName\":\"search_term_string\"}}],\"inLanguage\":\"es\"}]}<\/script>\n<!-- \/ Yoast SEO Premium plugin. -->","yoast_head_json":{"title":"Nuevos amortiguadores para Trial de Cl\u00e1sicas MxF Shocks","description":"MxF es la nueva marca de amortiguadores para Trial de Cl\u00e1sicas , desarrollados por aut\u00e9nticos expertos en trial de cl\u00e1sicas tras a\u00f1os de experiencia.","robots":{"index":"index","follow":"follow","max-snippet":"max-snippet:-1","max-image-preview":"max-image-preview:large","max-video-preview":"max-video-preview:-1"},"canonical":"https:\/\/todotrial.com\/tienda\/amortiguadores-clasicas-trial-mxf-expert-racing\/","og_locale":"es_ES","og_type":"article","og_title":"Amortiguadores Cl\u00e1sicas Trial MxF Expert Racing","og_description":"MxF es la nueva marca de amortiguadores para Trial de Cl\u00e1sicas , desarrollados por aut\u00e9nticos expertos en trial de cl\u00e1sicas tras a\u00f1os de experiencia.","og_url":"https:\/\/todotrial.com\/tienda\/amortiguadores-clasicas-trial-mxf-expert-racing\/","og_site_name":"Tienda de todotrial","article_modified_time":"2026-03-19T11:32:32+00:00","og_image":[{"width":1200,"height":800,"url":"https:\/\/todotrial.com\/tienda\/wp-content\/uploads\/2022\/08\/amortiguadores-trial-clasicas-MXF-shocks-1.jpg","type":"image\/jpeg"}],"twitter_card":"summary_large_image","twitter_misc":{"Tiempo de lectura":"1 minuto"},"schema":{"@context":"https:\/\/schema.org","@graph":[{"@type":"WebPage","@id":"https:\/\/todotrial.com\/tienda\/amortiguadores-clasicas-trial-mxf-expert-racing\/","url":"https:\/\/todotrial.com\/tienda\/amortiguadores-clasicas-trial-mxf-expert-racing\/","name":"Nuevos amortiguadores para Trial de Cl\u00e1sicas MxF Shocks","isPartOf":{"@id":"https:\/\/todotrial.com\/tienda\/#website"},"primaryImageOfPage":{"@id":"https:\/\/todotrial.com\/tienda\/amortiguadores-clasicas-trial-mxf-expert-racing\/#primaryimage"},"image":{"@id":"https:\/\/todotrial.com\/tienda\/amortiguadores-clasicas-trial-mxf-expert-racing\/#primaryimage"},"thumbnailUrl":"https:\/\/todotrial.com\/tienda\/wp-content\/uploads\/2022\/08\/amortiguadores-trial-clasicas-MXF-shocks-1.jpg","datePublished":"2022-08-01T10:40:14+00:00","dateModified":"2026-03-19T11:32:32+00:00","description":"MxF es la nueva marca de amortiguadores para Trial de Cl\u00e1sicas , desarrollados por aut\u00e9nticos expertos en trial de cl\u00e1sicas tras a\u00f1os de experiencia.","breadcrumb":{"@id":"https:\/\/todotrial.com\/tienda\/amortiguadores-clasicas-trial-mxf-expert-racing\/#breadcrumb"},"inLanguage":"es","potentialAction":[{"@type":"ReadAction","target":["https:\/\/todotrial.com\/tienda\/amortiguadores-clasicas-trial-mxf-expert-racing\/"]}]},{"@type":"ImageObject","inLanguage":"es","@id":"https:\/\/todotrial.com\/tienda\/amortiguadores-clasicas-trial-mxf-expert-racing\/#primaryimage","url":"https:\/\/todotrial.com\/tienda\/wp-content\/uploads\/2022\/08\/amortiguadores-trial-clasicas-MXF-shocks-1.jpg","contentUrl":"https:\/\/todotrial.com\/tienda\/wp-content\/uploads\/2022\/08\/amortiguadores-trial-clasicas-MXF-shocks-1.jpg","width":1200,"height":800},{"@type":"BreadcrumbList","@id":"https:\/\/todotrial.com\/tienda\/amortiguadores-clasicas-trial-mxf-expert-racing\/#breadcrumb","itemListElement":[{"@type":"ListItem","position":1,"name":"Portada","item":"https:\/\/todotrial.com\/tienda\/"},{"@type":"ListItem","position":2,"name":"Shop","item":"https:\/\/todotrial.com\/tienda\/shop\/"},{"@type":"ListItem","position":3,"name":"Amortiguadores Cl\u00e1sicas Trial MxF Expert Racing"}]},{"@type":"WebSite","@id":"https:\/\/todotrial.com\/tienda\/#website","url":"https:\/\/todotrial.com\/tienda\/","name":"Tienda de todotrial","description":"","potentialAction":[{"@type":"SearchAction","target":{"@type":"EntryPoint","urlTemplate":"https:\/\/todotrial.com\/tienda\/?s={search_term_string}"},"query-input":{"@type":"PropertyValueSpecification","valueRequired":true,"valueName":"search_term_string"}}],"inLanguage":"es"}]}},"_links":{"self":[{"href":"https:\/\/todotrial.com\/tienda\/wp-json\/wp\/v2\/product\/38429","targetHints":{"allow":["GET"]}}],"collection":[{"href":"https:\/\/todotrial.com\/tienda\/wp-json\/wp\/v2\/product"}],"about":[{"href":"https:\/\/todotrial.com\/tienda\/wp-json\/wp\/v2\/types\/product"}],"replies":[{"embeddable":true,"href":"https:\/\/todotrial.com\/tienda\/wp-json\/wp\/v2\/comments?post=38429"}],"version-history":[{"count":3,"href":"https:\/\/todotrial.com\/tienda\/wp-json\/wp\/v2\/product\/38429\/revisions"}],"predecessor-version":[{"id":56218,"href":"https:\/\/todotrial.com\/tienda\/wp-json\/wp\/v2\/product\/38429\/revisions\/56218"}],"wp:featuredmedia":[{"embeddable":true,"href":"https:\/\/todotrial.com\/tienda\/wp-json\/wp\/v2\/media\/38435"}],"wp:attachment":[{"href":"https:\/\/todotrial.com\/tienda\/wp-json\/wp\/v2\/media?parent=38429"}],"wp:term":[{"taxonomy":"product_brand","embeddable":true,"href":"https:\/\/todotrial.com\/tienda\/wp-json\/wp\/v2\/product_brand?post=38429"},{"taxonomy":"product_cat","embeddable":true,"href":"https:\/\/todotrial.com\/tienda\/wp-json\/wp\/v2\/product_cat?post=38429"},{"taxonomy":"product_tag","embeddable":true,"href":"https:\/\/todotrial.com\/tienda\/wp-json\/wp\/v2\/product_tag?post=38429"}],"curies":[{"name":"wp","href":"https:\/\/api.w.org\/{rel}","templated":true}]}}